{"id":4181,"date":"2025-11-07T20:50:49","date_gmt":"2025-11-07T20:50:49","guid":{"rendered":"https:\/\/laimbockart.nl\/politique-de-cookies\/"},"modified":"2025-11-07T20:50:49","modified_gmt":"2025-11-07T20:50:49","slug":"politique-de-cookies","status":"publish","type":"page","link":"https:\/\/laimbockart.nl\/fr\/politique-de-cookies\/","title":{"rendered":"Politique de cookies"},"content":{"rendered":"\n<!-- Legal document generated by Complianz | GDPR\/CCPA Cookie Consent https:\/\/wordpress.org\/plugins\/complianz-gdpr -->\n<div id=\"cmplz-document\" class=\"cmplz-document cookie-statement cmplz-document-eu\"><p><i>Cette politique en mati\u00e8re de cookies a \u00e9t\u00e9 mise \u00e0 jour pour la derni\u00e8re fois le 7 novembre 2025 et s\u2019applique aux citoyens et aux r\u00e9sidents permanents l\u00e9gaux de l\u2019Espace \u00e9conomique europ\u00e9en et de la Suisse.<\/i><br><\/p><h2>1. Introduction<\/h2><p>Notre site web, <a href=\"https:\/\/laimbockart.nl\/fr\/\">https:\/\/laimbockart.nl\/fr\/<\/a> (ci-apr\u00e8s\u00a0: \u00ab\u00a0le site web\u00a0\u00bb) utilise des cookies et autres technologies li\u00e9es (par simplification, toutes ces technologies sont d\u00e9sign\u00e9es par le terme \u00ab\u00a0cookies\u00a0\u00bb). Des cookies sont \u00e9galement plac\u00e9s par des tierces parties que nous avons engag\u00e9es. Dans le document ci-dessous, nous vous informons de l\u2019utilisation des cookies sur notre site web.<\/p><h2>2. Que sont les cookies&nbsp;?<\/h2><p>Un cookie est un petit fichier simple qui est envoy\u00e9 avec les pages de ce site web et stock\u00e9 par votre navigateur sur le disque dur de votre ordinateur ou d\u2019un autre appareil. Les informations qui y sont stock\u00e9es peuvent \u00eatre renvoy\u00e9es \u00e0 nos serveurs ou aux serveurs des tiers concern\u00e9s lors d\u2019une visite ult\u00e9rieure. <\/p><h2>3. Que sont les scripts&nbsp;?<\/h2><p>Un script est un morceau de code de programme qui est utilis\u00e9 pour faire fonctionner notre site web correctement et de mani\u00e8re interactive. Ce code est ex\u00e9cut\u00e9 sur notre serveur ou sur votre appareil. <\/p><h2>4. Qu\u2019est-ce qu\u2019une balise web&nbsp;?<\/h2><p>Une balise web (ou pixel espion) est un petit morceau de texte ou d\u2019image invisible sur un site web qui est utilis\u00e9 pour surveiller le trafic sur un site web. Afin de faire cela, diverses donn\u00e9es vous concernant sont stock\u00e9es \u00e0 l\u2019aide de balises web. <\/p><h2>5. Cookies<\/h2><p class=\"cmplz-subtitle\">5.1 Cookies techniques ou fonctionnels<\/p><p>Certains cookies garantissent que certaines parties du site web fonctionnent correctement et que vos pr\u00e9f\u00e9rences d\u2019utilisateur restent connues. En pla\u00e7ant des cookies fonctionnels, nous vous facilitons la visite de notre site web. De cette fa\u00e7on, vous n\u2019avez pas besoin de saisir r\u00e9p\u00e9titivement les m\u00eames informations lors de la visite de notre site web et, par exemple, les \u00e9l\u00e9ments restent dans votre panier jusqu\u2019\u00e0 ce que vous ayez pay\u00e9. Nous pouvons placer ces cookies sans votre consentement.   <\/p><p class=\"cmplz-subtitle\">5.2 Cookies de marketing\/suivi<\/p><p>Les cookies de marketing\/suivi sont des cookies ou toute autre forme de stockage local, utilis\u00e9s pour cr\u00e9er des profils d\u2019utilisateurs afin d\u2019afficher de la publicit\u00e9 ou de suivre l\u2019utilisateur sur ce site web ou sur plusieurs sites web \u00e0 des fins de marketing similaires.<\/p><h2>6. Cookies plac\u00e9s<\/h2><div id=\"cmplz-cookies-overview\"><details class=\"cmplz-dropdown cmplz-service-desc cmplz-dropdown-cookiepolicy \">\n\t<summary class=\"cmplz-service-header\"><div>\n\t\t<h3>WordPress<\/h3>\n\t\t<p>Functional<\/p>\n\t\t<label for=\"cmplz_service_wordpress\" class=\"cmplz_consent_per_service_label\"><span class=\"screen-reader-text\">Consent to service wordpress<\/span><\/label>\n\t\t<input type=\"checkbox\" id=\"cmplz_service_wordpress\" class=\"cmplz-accept-service cmplz-hidden\" data-service=\"wordpress\" data-category=\"functional\"><\/div>\n\t<\/summary>\n\t<div class=\"cmplz-service-description\">\n\t\t<h4>Utilisation<\/h4>\n\t\t<p><\/p>\n\t<\/div>\n\t<div class=\"cmplz-sharing-data\">\n\t\t<h4>Partage de donn\u00e9es<\/h4>\n\t\t<p>Ces donn\u00e9es ne sont pas partag\u00e9es avec des tiers.<\/p>\n\t<\/div>\n\t<div class=\"cookies-per-purpose\">\n    <div class=\"purpose\"><h4>Functional<\/h4><\/div>\n    <div class=\"name-header\">\n\t<h5>Nom<\/h5>\n<\/div>\n<div class=\"name\"><a target=\"_blank\" rel=\"noopener noreferrer nofollow\" href=\"https:\/\/cookiedatabase.org\/cookie\/unknown-service\/wp_preferences_user_\/\">WP_PREFERENCES_USER_*<\/a><\/div>\n<div class=\"retention-header\">\n\t<h5>Expiration<\/h5>\n<\/div>\n<div class=\"retention\">365 jours<\/div>\n<div class=\"function-header\">\n\t<h5>Fonction<\/h5>\n<\/div>\n<div class=\"function\">Store user preferences<\/div>\n<div class=\"name-header\">\n\t<h5>Nom<\/h5>\n<\/div>\n<div class=\"name\"><a target=\"_blank\" rel=\"noopener noreferrer nofollow\" href=\"https:\/\/cookiedatabase.org\/cookie\/unknown-service\/wpemojisettingssupports\/\">wpEmojiSettingsSupports<\/a><\/div>\n<div class=\"retention-header\">\n\t<h5>Expiration<\/h5>\n<\/div>\n<div class=\"retention\">365 jours<\/div>\n<div class=\"function-header\">\n\t<h5>Fonction<\/h5>\n<\/div>\n<div class=\"function\">Store browser details<\/div>\n<div class=\"name-header\">\n\t<h5>Nom<\/h5>\n<\/div>\n<div class=\"name\"><a target=\"_blank\" rel=\"noopener noreferrer nofollow\" href=\"https:\/\/cookiedatabase.org\/cookie\/unknown-service\/wp-settings\/\">wp-settings-*<\/a><\/div>\n<div class=\"retention-header\">\n\t<h5>Expiration<\/h5>\n<\/div>\n<div class=\"retention\">365 jours<\/div>\n<div class=\"function-header\">\n\t<h5>Fonction<\/h5>\n<\/div>\n<div class=\"function\">Store user preferences<\/div>\n<div class=\"name-header\">\n\t<h5>Nom<\/h5>\n<\/div>\n<div class=\"name\"><a target=\"_blank\" rel=\"noopener noreferrer nofollow\" href=\"https:\/\/cookiedatabase.org\/cookie\/unknown-service\/wordpress_test_cookie\/\">wordpress_test_cookie<\/a><\/div>\n<div class=\"retention-header\">\n\t<h5>Expiration<\/h5>\n<\/div>\n<div class=\"retention\">365 jours<\/div>\n<div class=\"function-header\">\n\t<h5>Fonction<\/h5>\n<\/div>\n<div class=\"function\">Read if cookies can be placed<\/div>\n<div class=\"name-header\">\n\t<h5>Nom<\/h5>\n<\/div>\n<div class=\"name\"><a target=\"_blank\" rel=\"noopener noreferrer nofollow\" href=\"https:\/\/cookiedatabase.org\/cookie\/unknown-service\/wordpress_logged_in_\/\">wordpress_logged_in_*<\/a><\/div>\n<div class=\"retention-header\">\n\t<h5>Expiration<\/h5>\n<\/div>\n<div class=\"retention\">365 jours<\/div>\n<div class=\"function-header\">\n\t<h5>Fonction<\/h5>\n<\/div>\n<div class=\"function\">Store logged in users<\/div>\n\n<\/div>\n<\/details>\n<details class=\"cmplz-dropdown cmplz-service-desc cmplz-dropdown-cookiepolicy \">\n\t<summary class=\"cmplz-service-header\"><div>\n\t\t<h3>Divi (Elegant Themes)<\/h3>\n\t\t<p>Functional<\/p>\n\t\t<label for=\"cmplz_service_divi-(elegant-themes)\" class=\"cmplz_consent_per_service_label\"><span class=\"screen-reader-text\">Consent to service divi-(elegant-themes)<\/span><\/label>\n\t\t<input type=\"checkbox\" id=\"cmplz_service_divi-(elegant-themes)\" class=\"cmplz-accept-service cmplz-hidden\" data-service=\"divi-(elegant-themes)\" data-category=\"functional\"><\/div>\n\t<\/summary>\n\t<div class=\"cmplz-service-description\">\n\t\t<h4>Utilisation<\/h4>\n\t\t<p><\/p>\n\t<\/div>\n\t<div class=\"cmplz-sharing-data\">\n\t\t<h4>Partage de donn\u00e9es<\/h4>\n\t\t<p>Ces donn\u00e9es ne sont pas partag\u00e9es avec des tiers.<\/p>\n\t<\/div>\n\t<div class=\"cookies-per-purpose\">\n    <div class=\"purpose\"><h4>Functional<\/h4><\/div>\n    <div class=\"name-header\">\n\t<h5>Nom<\/h5>\n<\/div>\n<div class=\"name\"><a target=\"_blank\" rel=\"noopener noreferrer nofollow\" href=\"https:\/\/cookiedatabase.org\/cookie\/unknown-service\/et-pb-recent-items-font_family\/\">et-pb-recent-items-font_family<\/a><\/div>\n<div class=\"retention-header\">\n\t<h5>Expiration<\/h5>\n<\/div>\n<div class=\"retention\">365 jours<\/div>\n<div class=\"function-header\">\n\t<h5>Fonction<\/h5>\n<\/div>\n<div class=\"function\">Provide functions across pages<\/div>\n\n<\/div>\n<\/details>\n<details class=\"cmplz-dropdown cmplz-service-desc cmplz-dropdown-cookiepolicy \">\n\t<summary class=\"cmplz-service-header\"><div>\n\t\t<h3>WPML<\/h3>\n\t\t<p>Functional<\/p>\n\t\t<label for=\"cmplz_service_wpml\" class=\"cmplz_consent_per_service_label\"><span class=\"screen-reader-text\">Consent to service wpml<\/span><\/label>\n\t\t<input type=\"checkbox\" id=\"cmplz_service_wpml\" class=\"cmplz-accept-service cmplz-hidden\" data-service=\"wpml\" data-category=\"functional\"><\/div>\n\t<\/summary>\n\t<div class=\"cmplz-service-description\">\n\t\t<h4>Utilisation<\/h4>\n\t\t<p><\/p>\n\t<\/div>\n\t<div class=\"cmplz-sharing-data\">\n\t\t<h4>Partage de donn\u00e9es<\/h4>\n\t\t<p>Ces donn\u00e9es ne sont pas partag\u00e9es avec des tiers.<\/p>\n\t<\/div>\n\t<div class=\"cookies-per-purpose\">\n    <div class=\"purpose\"><h4>Functional<\/h4><\/div>\n    <div class=\"name-header\">\n\t<h5>Nom<\/h5>\n<\/div>\n<div class=\"name\"><a target=\"_blank\" rel=\"noopener noreferrer nofollow\" href=\"https:\/\/cookiedatabase.org\/cookie\/unknown-service\/wpml_browser_redirect_test\/\">wpml_browser_redirect_test<\/a><\/div>\n<div class=\"retention-header\">\n\t<h5>Expiration<\/h5>\n<\/div>\n<div class=\"retention\">365 jours<\/div>\n<div class=\"function-header\">\n\t<h5>Fonction<\/h5>\n<\/div>\n<div class=\"function\">Read if cookies can be placed<\/div>\n<div class=\"name-header\">\n\t<h5>Nom<\/h5>\n<\/div>\n<div class=\"name\"><a target=\"_blank\" rel=\"noopener noreferrer nofollow\" href=\"https:\/\/cookiedatabase.org\/cookie\/unknown-service\/wp-wpml_current_language\/\">wp-wpml_current_language<\/a><\/div>\n<div class=\"retention-header\">\n\t<h5>Expiration<\/h5>\n<\/div>\n<div class=\"retention\">365 jours<\/div>\n<div class=\"function-header\">\n\t<h5>Fonction<\/h5>\n<\/div>\n<div class=\"function\">Store language settings<\/div>\n\n<\/div>\n<\/details>\n<details class=\"cmplz-dropdown cmplz-service-desc cmplz-dropdown-cookiepolicy \">\n\t<summary class=\"cmplz-service-header\"><div>\n\t\t<h3>Divers<\/h3>\n\t\t<p>Objectif en attente d\u2019enqu\u00eate<\/p>\n\t\t<label for=\"cmplz_service_divers\" class=\"cmplz_consent_per_service_label\"><span class=\"screen-reader-text\">Consent to service divers<\/span><\/label>\n\t\t<input type=\"checkbox\" id=\"cmplz_service_divers\" class=\"cmplz-accept-service cmplz-hidden\" data-service=\"divers\" data-category=\"functional\"><\/div>\n\t<\/summary>\n\t<div class=\"cmplz-service-description\">\n\t\t<h4>Utilisation<\/h4>\n\t\t<p><\/p>\n\t<\/div>\n\t<div class=\"cmplz-sharing-data\">\n\t\t<h4>Partage de donn\u00e9es<\/h4>\n\t\t<p>Le partage de donn\u00e9es est en attente d\u2019enqu\u00eate<\/p>\n\t<\/div>\n\t<div class=\"cookies-per-purpose\">\n    <div class=\"purpose\"><h4>Objectif en attente d\u2019enqu\u00eate<\/h4><\/div>\n    <div class=\"name-header\">\n\t<h5>Nom<\/h5>\n<\/div>\n<div class=\"name\">ate_widget_fetch_time<\/div>\n<div class=\"retention-header\">\n\t<h5>Expiration<\/h5>\n<\/div>\n<div class=\"retention\"><\/div>\n<div class=\"function-header\">\n\t<h5>Fonction<\/h5>\n<\/div>\n<div class=\"function\"><\/div>\n<div class=\"name-header\">\n\t<h5>Nom<\/h5>\n<\/div>\n<div class=\"name\">settings-store<\/div>\n<div class=\"retention-header\">\n\t<h5>Expiration<\/h5>\n<\/div>\n<div class=\"retention\"><\/div>\n<div class=\"function-header\">\n\t<h5>Fonction<\/h5>\n<\/div>\n<div class=\"function\"><\/div>\n<div class=\"name-header\">\n\t<h5>Nom<\/h5>\n<\/div>\n<div class=\"name\">wpml-translation-status-filter<\/div>\n<div class=\"retention-header\">\n\t<h5>Expiration<\/h5>\n<\/div>\n<div class=\"retention\"><\/div>\n<div class=\"function-header\">\n\t<h5>Fonction<\/h5>\n<\/div>\n<div class=\"function\"><\/div>\n<div class=\"name-header\">\n\t<h5>Nom<\/h5>\n<\/div>\n<div class=\"name\">ate-maiya-info_63636561-6664-5366-b134-363666326232<\/div>\n<div class=\"retention-header\">\n\t<h5>Expiration<\/h5>\n<\/div>\n<div class=\"retention\"><\/div>\n<div class=\"function-header\">\n\t<h5>Fonction<\/h5>\n<\/div>\n<div class=\"function\"><\/div>\n<div class=\"name-header\">\n\t<h5>Nom<\/h5>\n<\/div>\n<div class=\"name\">ate-maiya-info<\/div>\n<div class=\"retention-header\">\n\t<h5>Expiration<\/h5>\n<\/div>\n<div class=\"retention\"><\/div>\n<div class=\"function-header\">\n\t<h5>Fonction<\/h5>\n<\/div>\n<div class=\"function\"><\/div>\n<div class=\"name-header\">\n\t<h5>Nom<\/h5>\n<\/div>\n<div class=\"name\">hst_ai_blocks_added<\/div>\n<div class=\"retention-header\">\n\t<h5>Expiration<\/h5>\n<\/div>\n<div class=\"retention\"><\/div>\n<div class=\"function-header\">\n\t<h5>Fonction<\/h5>\n<\/div>\n<div class=\"function\"><\/div>\n<div class=\"name-header\">\n\t<h5>Nom<\/h5>\n<\/div>\n<div class=\"name\">ams_tq_last_ids<\/div>\n<div class=\"retention-header\">\n\t<h5>Expiration<\/h5>\n<\/div>\n<div class=\"retention\"><\/div>\n<div class=\"function-header\">\n\t<h5>Fonction<\/h5>\n<\/div>\n<div class=\"function\"><\/div>\n<div class=\"name-header\">\n\t<h5>Nom<\/h5>\n<\/div>\n<div class=\"name\">wpml-last-picked-up-translation-methods<\/div>\n<div class=\"retention-header\">\n\t<h5>Expiration<\/h5>\n<\/div>\n<div class=\"retention\"><\/div>\n<div class=\"function-header\">\n\t<h5>Fonction<\/h5>\n<\/div>\n<div class=\"function\"><\/div>\n<div class=\"name-header\">\n\t<h5>Nom<\/h5>\n<\/div>\n<div class=\"name\">general-data-store<\/div>\n<div class=\"retention-header\">\n\t<h5>Expiration<\/h5>\n<\/div>\n<div class=\"retention\"><\/div>\n<div class=\"function-header\">\n\t<h5>Fonction<\/h5>\n<\/div>\n<div class=\"function\"><\/div>\n<div class=\"name-header\">\n\t<h5>Nom<\/h5>\n<\/div>\n<div class=\"name\">continueReview<\/div>\n<div class=\"retention-header\">\n\t<h5>Expiration<\/h5>\n<\/div>\n<div class=\"retention\"><\/div>\n<div class=\"function-header\">\n\t<h5>Fonction<\/h5>\n<\/div>\n<div class=\"function\"><\/div>\n<div class=\"name-header\">\n\t<h5>Nom<\/h5>\n<\/div>\n<div class=\"name\">wpml-item-section-expanded<\/div>\n<div class=\"retention-header\">\n\t<h5>Expiration<\/h5>\n<\/div>\n<div class=\"retention\"><\/div>\n<div class=\"function-header\">\n\t<h5>Fonction<\/h5>\n<\/div>\n<div class=\"function\"><\/div>\n<div class=\"name-header\">\n\t<h5>Nom<\/h5>\n<\/div>\n<div class=\"name\">wpml-wpml-notices<\/div>\n<div class=\"retention-header\">\n\t<h5>Expiration<\/h5>\n<\/div>\n<div class=\"retention\"><\/div>\n<div class=\"function-header\">\n\t<h5>Fonction<\/h5>\n<\/div>\n<div class=\"function\"><\/div>\n<div class=\"name-header\">\n\t<h5>Nom<\/h5>\n<\/div>\n<div class=\"name\">wpml-available-translators-notice-dismissed<\/div>\n<div class=\"retention-header\">\n\t<h5>Expiration<\/h5>\n<\/div>\n<div class=\"retention\"><\/div>\n<div class=\"function-header\">\n\t<h5>Fonction<\/h5>\n<\/div>\n<div class=\"function\"><\/div>\n<div class=\"name-header\">\n\t<h5>Nom<\/h5>\n<\/div>\n<div class=\"name\">wpml-job-list-collapsed<\/div>\n<div class=\"retention-header\">\n\t<h5>Expiration<\/h5>\n<\/div>\n<div class=\"retention\"><\/div>\n<div class=\"function-header\">\n\t<h5>Fonction<\/h5>\n<\/div>\n<div class=\"function\"><\/div>\n<div class=\"name-header\">\n\t<h5>Nom<\/h5>\n<\/div>\n<div class=\"name\">ate_widget_url<\/div>\n<div class=\"retention-header\">\n\t<h5>Expiration<\/h5>\n<\/div>\n<div class=\"retention\"><\/div>\n<div class=\"function-header\">\n\t<h5>Fonction<\/h5>\n<\/div>\n<div class=\"function\"><\/div>\n<div class=\"name-header\">\n\t<h5>Nom<\/h5>\n<\/div>\n<div class=\"name\">litespeed_qc_hide_banner<\/div>\n<div class=\"retention-header\">\n\t<h5>Expiration<\/h5>\n<\/div>\n<div class=\"retention\"><\/div>\n<div class=\"function-header\">\n\t<h5>Fonction<\/h5>\n<\/div>\n<div class=\"function\"><\/div>\n<div class=\"name-header\">\n\t<h5>Nom<\/h5>\n<\/div>\n<div class=\"name\">wp-settings-time-1<\/div>\n<div class=\"retention-header\">\n\t<h5>Expiration<\/h5>\n<\/div>\n<div class=\"retention\"><\/div>\n<div class=\"function-header\">\n\t<h5>Fonction<\/h5>\n<\/div>\n<div class=\"function\"><\/div>\n<div class=\"name-header\">\n\t<h5>Nom<\/h5>\n<\/div>\n<div class=\"name\">_ate_session<\/div>\n<div class=\"retention-header\">\n\t<h5>Expiration<\/h5>\n<\/div>\n<div class=\"retention\"><\/div>\n<div class=\"function-header\">\n\t<h5>Fonction<\/h5>\n<\/div>\n<div class=\"function\"><\/div>\n<div class=\"name-header\">\n\t<h5>Nom<\/h5>\n<\/div>\n<div class=\"name\">_ams_session<\/div>\n<div class=\"retention-header\">\n\t<h5>Expiration<\/h5>\n<\/div>\n<div class=\"retention\"><\/div>\n<div class=\"function-header\">\n\t<h5>Fonction<\/h5>\n<\/div>\n<div class=\"function\"><\/div>\n<div class=\"name-header\">\n\t<h5>Nom<\/h5>\n<\/div>\n<div class=\"name\">cmplz_functional<\/div>\n<div class=\"retention-header\">\n\t<h5>Expiration<\/h5>\n<\/div>\n<div class=\"retention\">365 jours<\/div>\n<div class=\"function-header\">\n\t<h5>Fonction<\/h5>\n<\/div>\n<div class=\"function\"><\/div>\n<div class=\"name-header\">\n\t<h5>Nom<\/h5>\n<\/div>\n<div class=\"name\">cmplz_preferences<\/div>\n<div class=\"retention-header\">\n\t<h5>Expiration<\/h5>\n<\/div>\n<div class=\"retention\">365 jours<\/div>\n<div class=\"function-header\">\n\t<h5>Fonction<\/h5>\n<\/div>\n<div class=\"function\"><\/div>\n<div class=\"name-header\">\n\t<h5>Nom<\/h5>\n<\/div>\n<div class=\"name\">cmplz_marketing<\/div>\n<div class=\"retention-header\">\n\t<h5>Expiration<\/h5>\n<\/div>\n<div class=\"retention\">365 jours<\/div>\n<div class=\"function-header\">\n\t<h5>Fonction<\/h5>\n<\/div>\n<div class=\"function\"><\/div>\n<div class=\"name-header\">\n\t<h5>Nom<\/h5>\n<\/div>\n<div class=\"name\">cmplz_consented_services<\/div>\n<div class=\"retention-header\">\n\t<h5>Expiration<\/h5>\n<\/div>\n<div class=\"retention\">365 jours<\/div>\n<div class=\"function-header\">\n\t<h5>Fonction<\/h5>\n<\/div>\n<div class=\"function\"><\/div>\n<div class=\"name-header\">\n\t<h5>Nom<\/h5>\n<\/div>\n<div class=\"name\">cmplz_policy_id<\/div>\n<div class=\"retention-header\">\n\t<h5>Expiration<\/h5>\n<\/div>\n<div class=\"retention\">365 jours<\/div>\n<div class=\"function-header\">\n\t<h5>Fonction<\/h5>\n<\/div>\n<div class=\"function\"><\/div>\n<div class=\"name-header\">\n\t<h5>Nom<\/h5>\n<\/div>\n<div class=\"name\">cmplz_statistics<\/div>\n<div class=\"retention-header\">\n\t<h5>Expiration<\/h5>\n<\/div>\n<div class=\"retention\">365 jours<\/div>\n<div class=\"function-header\">\n\t<h5>Fonction<\/h5>\n<\/div>\n<div class=\"function\"><\/div>\n<div class=\"name-header\">\n\t<h5>Nom<\/h5>\n<\/div>\n<div class=\"name\">cmplz_banner-status<\/div>\n<div class=\"retention-header\">\n\t<h5>Expiration<\/h5>\n<\/div>\n<div class=\"retention\">365 jours<\/div>\n<div class=\"function-header\">\n\t<h5>Fonction<\/h5>\n<\/div>\n<div class=\"function\"><\/div>\n<div class=\"name-header\">\n\t<h5>Nom<\/h5>\n<\/div>\n<div class=\"name\">et-editor-available-post-5378-bb<\/div>\n<div class=\"retention-header\">\n\t<h5>Expiration<\/h5>\n<\/div>\n<div class=\"retention\"><\/div>\n<div class=\"function-header\">\n\t<h5>Fonction<\/h5>\n<\/div>\n<div class=\"function\"><\/div>\n\n<\/div>\n<\/details>\n<\/div><h2>7. Consentement<\/h2><p>Lorsque vous visitez notre site web pour la premi\u00e8re fois, nous vous montrerons une fen\u00eatre contextuelle avec une explication sur les cookies. D\u00e8s que vous cliquez sur \u00ab\u00a0Enregistrer les pr\u00e9f\u00e9rences\u00a0\u00bb vous nous autorisez \u00e0 utiliser les cat\u00e9gories de cookies et d\u2019extensions que vous avez s\u00e9lectionn\u00e9s dans la fen\u00eatre contextuelle, comme d\u00e9crit dans la pr\u00e9sente politique de cookies. Vous pouvez d\u00e9sactiver l\u2019utilisation des cookies via votre navigateur, mais veuillez noter que notre site web pourrait ne plus fonctionner correctement.<\/p><p class=\"cmplz-subtitle\">7.1 G\u00e9rer vos param\u00e8tres de consentement<\/p><div id=\"cmplz-manage-consent-container-nojavascript\">Vous avez charg\u00e9 la politique de cookies sans le support de javascript.&nbsp;Sur AMP, vous pouvez utiliser l\u2019onglet de gestion du consentement en bas de la page.<\/div><div id=\"cmplz-manage-consent-container\" name=\"cmplz-manage-consent-container\" class=\"cmplz-manage-consent-container\"><\/div><h2>8. Activation\/d\u00e9sactivation et suppression des cookies<\/h2><p>Vous pouvez utiliser votre navigateur internet pour supprimer automatiquement ou manuellement les cookies. Vous pouvez \u00e9galement sp\u00e9cifier que certains cookies ne peuvent pas \u00eatre plac\u00e9s. Une autre option consiste \u00e0 modifier les param\u00e8tres de votre navigateur internet afin que vous receviez un message chaque fois qu\u2019un cookie est plac\u00e9. Pour plus d\u2019informations sur ces options, veuillez vous r\u00e9f\u00e9rer aux instructions de la section Aide de votre navigateur.   <\/p><p>Veuillez noter que notre site web peut ne pas fonctionner correctement si tous les cookies sont d\u00e9sactiv\u00e9s. Si vous supprimez les cookies dans votre navigateur, ils seront replac\u00e9s apr\u00e8s votre consentement lorsque vous visiterez \u00e0 nouveau notre site web. <\/p><h2>9. Vos droits concernant les donn\u00e9es personnelles<\/h2><p>Vous disposez des droits suivants concernant vos donn\u00e9es personnelles&nbsp;:<\/p><ul>\n                    <li>Vous avez le droit de savoir pourquoi vos donn\u00e9es personnelles sont n\u00e9cessaires, ce qu\u2019il adviendra de ces donn\u00e9es et combien de temps elles seront conserv\u00e9es.<\/li>\n                    <li>Droit d\u2019acc\u00e8s&nbsp;: vous avez le droit d\u2019acc\u00e9der \u00e0 vos donn\u00e9es personnelles qui nous sont connues.<\/li>\n                    <li>Droit de rectification&nbsp;: vous avez le droit de compl\u00e9ter, corriger, faire supprimer ou bloquer vos donn\u00e9es personnelles quand vous le souhaitez.<\/li>\n                    <li>Si vous nous donnez votre consentement pour traiter vos donn\u00e9es, vous avez le droit de r\u00e9voquer ce consentement et de faire supprimer vos donn\u00e9es personnelles.<\/li>\n                    <li>Droit de transf\u00e9rer vos donn\u00e9es&nbsp;: vous avez le droit de demander toutes vos donn\u00e9es personnelles au responsable du traitement et de les transf\u00e9rer dans leur int\u00e9gralit\u00e9 \u00e0 un autre responsable du traitement.<\/li>\n                    <li>Droit d\u2019opposition&nbsp;: vous pouvez vous opposer au traitement de vos donn\u00e9es. Nous nous conformons \u00e0 cela, \u00e0 moins qu\u2019il n\u2019y ait des motifs justifi\u00e9s de traitement. <\/li>\n                <\/ul><p>Pour exercer ces droits, veuillez nous contacter. Veuillez vous r\u00e9f\u00e9rer aux coordonn\u00e9es au bas de cette politique en mati\u00e8re de cookies. Si vous avez une r\u00e9clamation concernant la fa\u00e7on dont nous traitons vos donn\u00e9es, nous aimerions en \u00eatre inform\u00e9s, mais vous avez \u00e9galement le droit de d\u00e9poser une r\u00e9clamation aupr\u00e8s de l\u2019autorit\u00e9 de surveillance (l\u2019Autorit\u00e9 de protection des donn\u00e9es).  <\/p><h2>10. Coordonn\u00e9es<\/h2><p>Pour toute question et\/ou commentaire concernant notre politique en mati\u00e8re de cookies et cette d\u00e9claration, veuillez nous contacter en utilisant les coordonn\u00e9es suivantes&nbsp;:<\/p><p><span class=\"cmplz-contact-organisation\">Laimb\u00f6ck Art<\/span><br>\n                      <span class=\"cmplz-contact-address\">Nieuwe Gouw 210, 1121GZ Landsmeer<\/span><br>\n                      <span class=\"cmplz-contact-country\">Pays-Bas<\/span><br>\n                      <span class=\"cmplz-contact-domain\">Site web&nbsp;: <a href=\"https:\/\/laimbockart.nl\/fr\/\">https:\/\/laimbockart.nl\/fr\/<\/a><\/span><br>\n                      <span class=\"cmplz-contact-email\">Courriel&nbsp;: <span class=\"cmplz-obfuscate\">ro&#108;f@<span class=\"cmplz-fmail-domain\">&#101;x.&#099;om<\/span>la&#105;mbo&#099;k&#097;&#114;t&#046;n&#108;<\/span><\/span><br>\n                    <span class=\"cmplz-contact-telephone\"><\/span><\/p><p>Cette politique en mati\u00e8re de cookies a \u00e9t\u00e9 synchronis\u00e9e avec <a href=\"https:\/\/cookiedatabase.org\/\" target=\"_blank\">cookiedatabase.org<\/a> le 10 d\u00e9cembre 2025.<\/p><\/div>","protected":false},"excerpt":{"rendered":"","protected":false},"author":1,"featured_media":0,"parent":0,"menu_order":0,"comment_status":"closed","ping_status":"closed","template":"","meta":{"_acf_changed":false,"_et_pb_use_builder":"","_et_pb_old_content":"","_et_gb_content_width":"","footnotes":""},"class_list":["post-4181","page","type-page","status-publish","hentry"],"acf":[],"_links":{"self":[{"href":"https:\/\/laimbockart.nl\/fr\/wp-json\/wp\/v2\/pages\/4181","targetHints":{"allow":["GET"]}}],"collection":[{"href":"https:\/\/laimbockart.nl\/fr\/wp-json\/wp\/v2\/pages"}],"about":[{"href":"https:\/\/laimbockart.nl\/fr\/wp-json\/wp\/v2\/types\/page"}],"author":[{"embeddable":true,"href":"https:\/\/laimbockart.nl\/fr\/wp-json\/wp\/v2\/users\/1"}],"replies":[{"embeddable":true,"href":"https:\/\/laimbockart.nl\/fr\/wp-json\/wp\/v2\/comments?post=4181"}],"version-history":[{"count":0,"href":"https:\/\/laimbockart.nl\/fr\/wp-json\/wp\/v2\/pages\/4181\/revisions"}],"wp:attachment":[{"href":"https:\/\/laimbockart.nl\/fr\/wp-json\/wp\/v2\/media?parent=4181"}],"curies":[{"name":"wp","href":"https:\/\/api.w.org\/{rel}","templated":true}]}}