{"id":3947,"date":"2025-11-06T22:19:28","date_gmt":"2025-11-06T22:19:28","guid":{"rendered":"https:\/\/laimbockart.nl\/politique-de-confidentialite\/"},"modified":"2025-11-07T20:34:12","modified_gmt":"2025-11-07T20:34:12","slug":"politique-de-confidentialite","status":"publish","type":"page","link":"https:\/\/laimbockart.nl\/fr\/politique-de-confidentialite\/","title":{"rendered":"Politique de confidentialit\u00e9"},"content":{"rendered":"<p>[et_pb_section fb_built=\u00bb1&Prime; _builder_version=\u00bb4.27.4&Prime; _module_preset=\u00bbdefault\u00bb custom_margin=\u00bb|40px||40px|false|true\u00bb custom_padding=\u00bb80px|0px|80px|0px|false|true\u00bb border_width_bottom=\u00bb1px\u00bb border_color_bottom=\u00bbrgba(26,26,64,0.12)\u00bb global_colors_info=\u00bb{}\u00bb theme_builder_area=\u00bbpost_content\u00bb][et_pb_row make_equal=\u00bbon\u00bb _builder_version=\u00bb4.27.4&Prime; _module_preset=\u00bbdefault\u00bb width=\u00bb100%\u00bb max_width=\u00bb100%\u00bb custom_padding=\u00bb0px||0px||true|false\u00bb hover_enabled=\u00bb0&Prime; global_colors_info=\u00bb{}\u00bb theme_builder_area=\u00bbpost_content\u00bb sticky_enabled=\u00bb0&Prime;][et_pb_column type=\u00bb4_4&Prime; _builder_version=\u00bb4.27.4&Prime; _module_preset=\u00bbdefault\u00bb custom_padding=\u00bb||||false|false\u00bb global_colors_info=\u00bb{}\u00bb theme_builder_area=\u00bbpost_content\u00bb][et_pb_text _builder_version=\u00bb4.27.4&Prime; _module_preset=\u00bbdefault\u00bb header_font=\u00bbAlegreya Sans|||on|||||\u00bb header_text_align=\u00bbleft\u00bb header_font_size=\u00bb80px\u00bb header_line_height=\u00bb0.8em\u00bb custom_margin=\u00bb||24px||false|false\u00bb custom_padding=\u00bb||||false|false\u00bb hover_enabled=\u00bb0&Prime; header_font_size_tablet=\u00bb80px\u00bb header_font_size_phone=\u00bb50px\u00bb header_font_size_last_edited=\u00bbon|phone\u00bb global_colors_info=\u00bb{}\u00bb theme_builder_area=\u00bbpost_content\u00bb sticky_enabled=\u00bb0&Prime;]<\/p>\n<h1>Politique de confidentialit\u00e9<\/h1>\n<p>[\/et_pb_text][et_pb_text _builder_version=\u00bb4.27.4&Prime; _module_preset=\u00bbdefault\u00bb text_font_size=\u00bb18px\u00bb text_line_height=\u00bb1.5em\u00bb hover_enabled=\u00bb0&Prime; global_colors_info=\u00bb{}\u00bb theme_builder_area=\u00bbpost_content\u00bb sticky_enabled=\u00bb0&Prime;]<\/p>\n<p>Laimb\u00f6ck Art consid\u00e8re qu&rsquo;il est important de bien prot\u00e9ger vos donn\u00e9es personnelles. Pour vous expliquer clairement et de mani\u00e8re compr\u00e9hensible comment nous traitons vos donn\u00e9es personnelles, nous avons expos\u00e9 notre politique de confidentialit\u00e9 ci-dessous. <\/p>\n<p><strong>Donn\u00e9es personnelles<\/strong><br \/>Lorsque vous vous \u00eates inscrit pour recevoir des newsletters et des invitations, ces donn\u00e9es sont trait\u00e9es dans une base de donn\u00e9es clients. Ces donn\u00e9es sont n\u00e9cessaires pour pouvoir vous informer par le biais de la newsletter et des invitations aux expositions et salons. Nous consid\u00e9rons qu&rsquo;il est de la plus haute importance que ces donn\u00e9es soient trait\u00e9es avec soin. \u00c0 cet \u00e9gard, nous respectons les exigences de la l\u00e9gislation sur la protection de la vie priv\u00e9e.   <\/p>\n<p><strong>Traitement des donn\u00e9es personnelles<\/strong><br \/>Selon les donn\u00e9es que vous avez fournies, nous pouvons traiter les donn\u00e9es personnelles suivantes vous concernant :<br \/>Donn\u00e9es personnelles<br \/>\u2013 Vos pr\u00e9nom et nom de famille<br \/>\u2013 Votre sexe (en rapport avec la formule de politesse dans le courrier postal et \u00e9lectronique)<br \/>\u2013 Vos donn\u00e9es d&rsquo;adresse<br \/>\u2013 Votre num\u00e9ro de t\u00e9l\u00e9phone<br \/>\u2013 Votre adresse e-mail<\/p>\n<p><strong>Autres donn\u00e9es (le cas \u00e9ch\u00e9ant) :<\/strong><br \/>\u2013 Les \u0153uvres d&rsquo;art que vous avez achet\u00e9es<br \/>\u2013 Votre demande d&rsquo;invitations gratuites pour des salons ou votre pr\u00e9sence lors d&rsquo;inaugurations.<br \/>\u2013 Dans certains cas, votre domaine d&rsquo;int\u00e9r\u00eat que vous avez fourni. Par exemple, votre int\u00e9r\u00eat pour certains artistes ou une p\u00e9riode d&rsquo;histoire de l&rsquo;art. <br \/>\u2013 Rapport d&rsquo;expertise ou consignation d&rsquo;\u0153uvres d&rsquo;art.<\/p>\n<p>Dans quel but et sur quelle base juridique traitons-nous les donn\u00e9es personnelles.<br \/><strong>Base juridique<\/strong><br \/>Vous nous avez indiqu\u00e9 que vous souhaitiez recevoir des newsletters et des invitations pour des salons. Vous nous avez fourni ces donn\u00e9es :<br \/>1. via le site web www.laimb\u00f6ckart.nl<br \/>2. en remplissant vos donn\u00e9es dans notre livre d&rsquo;or ou un code QR lors d&rsquo;un salon. <\/p>\n<p><strong>Objectif<\/strong><br \/>Laimb\u00f6ck Art traite vos donn\u00e9es personnelles aux fins suivantes :<br \/>\u2013 Traitement apr\u00e8s-vente : envoi de facture et contr\u00f4le du paiement<br \/>\u2013 Envoi de notre newsletter (2 \u00e0 5 fois par an)<br \/>\u2013 Envoi d&rsquo;invitations pour des salons (2 \u00e0 4 fois par an)<br \/>\u2013 Prise de contact avec vous si vous avez fourni une demande de recherche ou une demande d&rsquo;expertise.<br \/>\u2013 Ou si nous pensons qu&rsquo;une certaine \u0153uvre d&rsquo;art pourrait vous int\u00e9resser.<br \/>Combien de temps conservons-nous les donn\u00e9es personnelles<br \/>Laimb\u00f6ck Art ne conserve vos donn\u00e9es personnelles pas plus longtemps que strictement n\u00e9cessaire pour r\u00e9aliser les objectifs pour lesquels vos donn\u00e9es sont collect\u00e9es.<br \/>Nous appliquons les d\u00e9lais de conservation suivants :<br \/>\u2013 Maximum 10 ans, \u00e0 compter de notre derni\u00e8re interaction avec vous.<br \/>\u2013 Jusqu&rsquo;\u00e0 r\u00e9vocation si vous indiquez r\u00e9guli\u00e8rement vouloir \u00eatre invit\u00e9 aux expositions ou salons.<br \/>\u2013 D\u00e9lai de conservation l\u00e9gal concernant les factures<br \/>\u2013 10 ans : Rapports d&rsquo;expertise<\/p>\n<p><strong>Consulter, modifier ou supprimer des donn\u00e9es<\/strong><br \/>Vous avez le droit de consulter, corriger ou supprimer vos donn\u00e9es personnelles. De plus, vous avez le droit de retirer votre \u00e9ventuel consentement au traitement des donn\u00e9es ou de vous opposer au traitement de vos donn\u00e9es personnelles par Laimb\u00f6ck Art. Vous pouvez \u00e0 cette fin envoyer une demande de consultation, correction, suppression, transfert de vos donn\u00e9es personnelles \u00e0 rolf@laimbockart.nl.  <\/p>\n<p>Nous souhaitons vous signaler que vous avez la possibilit\u00e9 de d\u00e9poser une plainte aupr\u00e8s de l&rsquo;autorit\u00e9 de contr\u00f4le nationale, l&rsquo;Autorit\u00e9 de protection des donn\u00e9es personnelles. Cela peut se faire via le lien suivant : https:\/\/autoriteitpersoonsgegevens.nl\/nl\/contact-met-de-autoriteit-persoonsgegevens\/tip-ons <\/p>\n<p><strong>Comment nous s\u00e9curisons les donn\u00e9es personnelles.<\/strong><\/p>\n<p><strong>Fichier de relations et factures<\/strong><br \/>Laimb\u00f6ck Art prend au s\u00e9rieux la protection de vos donn\u00e9es et prend des mesures appropri\u00e9es pour pr\u00e9venir les abus, pertes, acc\u00e8s non autoris\u00e9s, divulgation ind\u00e9sirable et modification illicite. Vos donn\u00e9es se trouvent dans un fichier de relations sur un seul ordinateur Apple s\u00e9curis\u00e9. Cet ordinateur est prot\u00e9g\u00e9 par un mot de passe, un antivirus et un pare-feu. Votre propre demande d&rsquo;inclusion dans notre fichier de relations est conserv\u00e9e dans un dossier de notre administration. Ce dossier n&rsquo;est pas accessible aux personnes ext\u00e9rieures. Les factures sont stock\u00e9es sur un ordinateur s\u00e9curis\u00e9 qui n&rsquo;est pas accessible aux tiers.     <\/p>\n<p><strong>Envoi de courriers<\/strong><br \/>La discr\u00e9tion est assur\u00e9e car tous les e-mails sont envoy\u00e9s depuis notre propre syst\u00e8me.<\/p>\n<p><strong>Partage de donn\u00e9es personnelles avec des tiers<\/strong><br \/>Laimb\u00f6ck Art ne fournit aucune donn\u00e9e permettant d&rsquo;identifier des personnes \u00e0 des tiers.<\/p>\n<p><strong>Site web<\/strong><br \/>Le site web de Laimb\u00f6ck Art dispose d&rsquo;une s\u00e9curit\u00e9 https (certificat SSL). Il s&rsquo;agit d&rsquo;un protocole de chiffrement gr\u00e2ce auquel la communication entre les visiteurs et nos sites web est enti\u00e8rement chiffr\u00e9e de sorte que personne ne puisse l&rsquo;intercepter. Si vous avez l&rsquo;impression que vos donn\u00e9es ne sont pas bien s\u00e9curis\u00e9es ou s&rsquo;il y a des indices d&rsquo;abus, veuillez nous contacter.  <\/p>\n<p><strong>Coordonn\u00e9es Laimb\u00f6ck Art<\/strong><br \/>Adresse postale : Nieuwe Gouw 210, 1121 GZ Landsmeer<br \/>T\u00e9l\u00e9phone : +31 (0)6 26 17 89 77<br \/>Adresse e-mail : rolf@laimbockart.nl<br \/>Site web : https:\/\/laimbockart.nl<br \/>Num\u00e9ro d&rsquo;inscription au registre du commerce de la Chambre de commerce d&rsquo;Amsterdam : 52.95.30.84<\/p>\n<p>\u00c9tabli \u00e0 Landsmeer, le 4 novembre 2025.<\/p>\n<p>[\/et_pb_text][\/et_pb_column][\/et_pb_row][\/et_pb_section]<\/p>\n","protected":false},"excerpt":{"rendered":"<p>Politique de confidentialit\u00e9Laimb\u00f6ck Art consid\u00e8re qu&rsquo;il est important de bien prot\u00e9ger vos donn\u00e9es personnelles. Pour vous expliquer clairement et de mani\u00e8re compr\u00e9hensible comment nous traitons vos donn\u00e9es personnelles, nous avons expos\u00e9 notre politique de confidentialit\u00e9 ci-dessous. Donn\u00e9es personnellesLorsque vous vous \u00eates inscrit pour recevoir des newsletters et des invitations, ces donn\u00e9es sont trait\u00e9es dans une [&hellip;]<\/p>\n","protected":false},"author":1,"featured_media":0,"parent":0,"menu_order":0,"comment_status":"closed","ping_status":"closed","template":"","meta":{"_acf_changed":false,"_et_pb_use_builder":"on","_et_pb_old_content":"","_et_gb_content_width":"","footnotes":""},"class_list":["post-3947","page","type-page","status-publish","hentry"],"acf":[],"_links":{"self":[{"href":"https:\/\/laimbockart.nl\/fr\/wp-json\/wp\/v2\/pages\/3947","targetHints":{"allow":["GET"]}}],"collection":[{"href":"https:\/\/laimbockart.nl\/fr\/wp-json\/wp\/v2\/pages"}],"about":[{"href":"https:\/\/laimbockart.nl\/fr\/wp-json\/wp\/v2\/types\/page"}],"author":[{"embeddable":true,"href":"https:\/\/laimbockart.nl\/fr\/wp-json\/wp\/v2\/users\/1"}],"replies":[{"embeddable":true,"href":"https:\/\/laimbockart.nl\/fr\/wp-json\/wp\/v2\/comments?post=3947"}],"version-history":[{"count":5,"href":"https:\/\/laimbockart.nl\/fr\/wp-json\/wp\/v2\/pages\/3947\/revisions"}],"predecessor-version":[{"id":4167,"href":"https:\/\/laimbockart.nl\/fr\/wp-json\/wp\/v2\/pages\/3947\/revisions\/4167"}],"wp:attachment":[{"href":"https:\/\/laimbockart.nl\/fr\/wp-json\/wp\/v2\/media?parent=3947"}],"curies":[{"name":"wp","href":"https:\/\/api.w.org\/{rel}","templated":true}]}}