{"id":1450,"date":"2025-08-01T11:13:31","date_gmt":"2025-08-01T11:13:31","guid":{"rendered":"https:\/\/laimbockart.nl\/willem-lenssinck\/"},"modified":"2025-12-05T19:07:54","modified_gmt":"2025-12-05T19:07:54","slug":"willem-lenssinck","status":"publish","type":"page","link":"https:\/\/laimbockart.nl\/fr\/willem-lenssinck\/","title":{"rendered":"Willem Lenssinck"},"content":{"rendered":"<p>[et_pb_section fb_built=\u00bb1&Prime; _builder_version=\u00bb4.27.4&Prime; _module_preset=\u00bbdefault\u00bb custom_margin=\u00bb|40px||40px|false|true\u00bb custom_padding=\u00bb80px|0px|80px|0px|true|true\u00bb border_width_bottom=\u00bb1px\u00bb border_color_bottom=\u00bbrgba(26,26,64,0.12)\u00bb global_colors_info=\u00bb{}\u00bb][et_pb_row column_structure=\u00bb2_5,3_5&Prime; use_custom_gutter=\u00bbon\u00bb gutter_width=\u00bb2&Prime; make_equal=\u00bbon\u00bb _builder_version=\u00bb4.27.4&Prime; _module_preset=\u00bbdefault\u00bb width=\u00bb100%\u00bb max_width=\u00bb100%\u00bb custom_padding=\u00bb0px||0px||true|false\u00bb global_colors_info=\u00bb{}\u00bb][et_pb_column type=\u00bb2_5&Prime; _builder_version=\u00bb4.27.4&Prime; _module_preset=\u00bbdefault\u00bb global_colors_info=\u00bb{}\u00bb][et_pb_image src=\u00bbhttps:\/\/laimbockart.nl\/wp-content\/uploads\/2025\/08\/720x512_WillemLenssinck_ProfileImg.webp\u00bb title_text=\u00bb720x512_WillemLenssinck_ProfileImg\u00bb _builder_version=\u00bb4.27.4&Prime; _module_preset=\u00bbdefault\u00bb global_colors_info=\u00bb{}\u00bb][\/et_pb_image][\/et_pb_column][et_pb_column type=\u00bb3_5&Prime; _builder_version=\u00bb4.27.4&Prime; _module_preset=\u00bbdefault\u00bb global_colors_info=\u00bb{}\u00bb][et_pb_text _builder_version=\u00bb4.27.4&Prime; _module_preset=\u00bbdefault\u00bb header_2_font=\u00bb|||on|||||\u00bb header_2_font_size=\u00bb38px\u00bb header_2_letter_spacing=\u00bb2px\u00bb header_2_line_height=\u00bb1.2em\u00bb custom_margin=\u00bb||-8px||false|false\u00bb custom_padding=\u00bb||0px||false|false\u00bb global_colors_info=\u00bb{}\u00bb text_text_color__hover_enabled=\u00bbon|hover\u00bb text_text_color__hover=\u00bb#969696&Prime; header_2_text_color__hover_enabled=\u00bbon|hover\u00bb]<\/p>\n<h2>Willem Lenssinck<\/h2>\n<p>[\/et_pb_text][et_pb_text _builder_version=\u00bb4.27.4&Prime; _module_preset=\u00bbdefault\u00bb text_font=\u00bbOpen Sans|||on|||||\u00bb text_text_color=\u00bb#1A1A40&Prime; text_font_size=\u00bb20px\u00bb text_letter_spacing=\u00bb2px\u00bb text_line_height=\u00bb1.2em\u00bb custom_margin=\u00bb||20px||false|false\u00bb custom_padding=\u00bb||0px||false|false\u00bb global_colors_info=\u00bb{}\u00bb]<\/p>\n<p>C\u00e9ramiste, sculpteur et designer<\/p>\n<p>[\/et_pb_text][et_pb_text _builder_version=\u00bb4.27.4&Prime; _module_preset=\u00bbdefault\u00bb text_font_size=\u00bb18px\u00bb text_line_height=\u00bb1.5em\u00bb global_colors_info=\u00bb{}\u00bb]<\/p>\n<p>Willem Lenssinck (1947) est un sculpteur et designer n\u00e9erlandais r\u00e9put\u00e9 pour ses sculptures futuristes uniques. Apr\u00e8s l&rsquo;acad\u00e9mie d&rsquo;Utrecht, Lenssinck a commenc\u00e9 sa carri\u00e8re comme c\u00e9ramiste pour Royal Delft. Depuis 1972, il travaille de mani\u00e8re ind\u00e9pendante et est rapidement pass\u00e9 \u00e0 des mat\u00e9riaux tels que le bronze, le maillechort, l&rsquo;acier inoxydable et l&rsquo;aluminium. Ses sculptures se caract\u00e9risent par des lignes \u00e9pur\u00e9es et des surfaces polies avec des th\u00e8mes tels que les chevaux, les taureaux, les figures f\u00e9minines et les gardiens. Les surfaces lisses donnent l&rsquo;impression d&rsquo;une image facile \u00e0 r\u00e9aliser, mais il s&rsquo;agit d&rsquo;un processus tr\u00e8s laborieux et chronophage. Les surfaces \u00e9pur\u00e9es, combin\u00e9es \u00e0 une patine unique et \u00e0 de petits d\u00e9tails humoristiques, cr\u00e9ent une image int\u00e9ressante.      <o:p><\/o:p><\/p>\n<p>Un motif r\u00e9current dans son \u0153uvre est la transition de la force chevaline vers la force m\u00e9canique. Cela symbolise le progr\u00e8s technologique du XXe si\u00e8cle. Il consid\u00e8re \u00e9galement l&rsquo;automobile comme un vecteur culturel de cette \u00e9poque. Beaucoup de choses que nous trouvons aujourd&rsquo;hui techniquement normales ont souvent commenc\u00e9 chez les concepteurs automobiles. C&rsquo;est ce qu&rsquo;il montre dans son \u0153uvre. Ce qui distingue \u00e9galement Lenssinck des autres sculpteurs, c&rsquo;est son r\u00f4le de pionnier dans l&rsquo;int\u00e9gration de la technologie 3D dans la sculpture. Il fut l&rsquo;un des premiers \u00e0 appliquer ces techniques num\u00e9riques. Cela lui a permis de repousser ses limites cr\u00e9atives, d&rsquo;acc\u00e9l\u00e9rer son processus de travail et de d\u00e9couvrir de nouvelles formes.        <o:p><\/o:p><\/p>\n<p>Son \u0153uvre est pr\u00e9sente dans le monde entier dans des collections priv\u00e9es et des mus\u00e9es, notamment le British Museum \u00e0 Londres et le Mus\u00e9e Beelden aan Zee \u00e0 Scheveningen. De plus, il a \u00e9t\u00e9 repr\u00e9sent\u00e9 pendant 32 ans par Kunsthaus B\u00fchler de Stuttgart au prestigieux salon d&rsquo;art TEFAF. Une exposition tr\u00e8s remarquable a \u00e9t\u00e9 \u00ab&nbsp;Horse Power&nbsp;\u00bb au Louwman Museum de La Haye en 2016. Cette exposition comprenait neuf sculptures de grande envergure \u2013 Transformers \u2013 qui symbolisaient la transition de la force chevaline naturelle \u00e0 la force m\u00e9canique de l&rsquo;\u00e8re automobile du XXe si\u00e8cle.    <o:p><\/o:p><\/p>\n<p>L&rsquo;approche innovante et la perfection technique de Lenssinck font de lui une figure particuli\u00e8re dans le monde de l&rsquo;art. Il ne cesse de repousser les limites de la sculpture traditionnelle. Il ne garde pas ces innovations pour lui, mais les partage g\u00e9n\u00e9reusement avec tous ceux qui souhaitent les adopter. C&rsquo;est ce qui lui a valu d&rsquo;\u00eatre d\u00e9cor\u00e9 par le roi en 2024 et nomm\u00e9 officier de l&rsquo;ordre d&rsquo;Orange-Nassau.    <o:p><\/o:p><\/p>\n<p>[\/et_pb_text][\/et_pb_column][\/et_pb_row][\/et_pb_section][et_pb_section fb_built=\u00bb1&Prime; _builder_version=\u00bb4.27.4&Prime; _module_preset=\u00bbdefault\u00bb custom_margin=\u00bb0px||0px||true|false\u00bb custom_padding=\u00bb40px|40px|40px|40px|true|true\u00bb global_colors_info=\u00bb{}\u00bb][et_pb_row use_custom_gutter=\u00bbon\u00bb gutter_width=\u00bb2&Prime; make_equal=\u00bbon\u00bb _builder_version=\u00bb4.27.4&Prime; _module_preset=\u00bbdefault\u00bb width=\u00bb100%\u00bb max_width=\u00bb100%\u00bb custom_margin=\u00bb||40px||false|false\u00bb custom_padding=\u00bb0px||0px||true|false\u00bb global_colors_info=\u00bb{}\u00bb][et_pb_column type=\u00bb4_4&Prime; _builder_version=\u00bb4.27.4&Prime; _module_preset=\u00bbdefault\u00bb global_colors_info=\u00bb{}\u00bb][et_pb_text _builder_version=\u00bb4.27.4&Prime; _module_preset=\u00bbdefault\u00bb header_2_font=\u00bb|||on|||||\u00bb header_2_font_size=\u00bb38px\u00bb header_2_line_height=\u00bb1.2em\u00bb custom_margin=\u00bb||-8px||false|false\u00bb custom_padding=\u00bb||0px||false|false\u00bb global_colors_info=\u00bb{}\u00bb text_text_color__hover_enabled=\u00bbon|hover\u00bb text_text_color__hover=\u00bb#969696&Prime; header_2_text_color__hover_enabled=\u00bboff|hover\u00bb header_2_text_color__hover=\u00bb#969696&Prime;]<\/p>\n<h2>\u0152uvres d&rsquo;art<\/h2>\n<p>[\/et_pb_text][\/et_pb_column][\/et_pb_row][et_pb_row column_structure=\u00bb1_4,1_4,1_4,1_4&Prime; use_custom_gutter=\u00bbon\u00bb gutter_width=\u00bb2&Prime; make_equal=\u00bbon\u00bb _builder_version=\u00bb4.27.4&Prime; _module_preset=\u00bbdefault\u00bb width=\u00bb100%\u00bb max_width=\u00bb100%\u00bb custom_margin=\u00bb||40px||false|false\u00bb custom_padding=\u00bb0px||0px||true|false\u00bb global_colors_info=\u00bb{}\u00bb][et_pb_column type=\u00bb1_4&Prime; _builder_version=\u00bb4.27.4&Prime; _module_preset=\u00bbdefault\u00bb background_enable_image=\u00bboff\u00bb global_colors_info=\u00bb{}\u00bb background__hover_enabled=\u00bboff|desktop\u00bb background_image__hover=\u00bbhttps:\/\/laimbockart.nl\/wp-content\/uploads\/2025\/08\/Scherm_afbeelding-2025-03-30-om-16.29.46.png\u00bb background_enable_image__hover=\u00bbon\u00bb][et_pb_image src=\u00bbhttps:\/\/laimbockart.nl\/wp-content\/uploads\/2025\/11\/580x400_TransformersCat.webp\u00bb alt=\u00bbTransformers\u00bb title_text=\u00bbTransformers\u00bb url=\u00bbhttps:\/\/laimbockart.nl\/fr\/transformers\/\u00bb show_bottom_space=\u00bboff\u00bb _builder_version=\u00bb4.27.4&Prime; _module_preset=\u00bbdefault\u00bb background_color=\u00bb#969696&Prime; width=\u00bb100%\u00bb max_width=\u00bb100%\u00bb custom_margin=\u00bb||20px||false|false\u00bb hover_transition_duration=\u00bb350ms\u00bb hover_transition_speed_curve=\u00bblinear\u00bb box_shadow_style=\u00bbpreset1&Prime; box_shadow_blur=\u00bb16px\u00bb box_shadow_spread=\u00bb-2px\u00bb global_colors_info=\u00bb{}\u00bb src__hover_enabled=\u00bboff|hover\u00bb src__hover=\u00bbhttps:\/\/laimbockart.nl\/wp-content\/uploads\/2025\/08\/Willem_A-horse-called-Desire-detai.webp\u00bb filter_contrast__hover_enabled=\u00bbon|hover\u00bb filter_contrast__hover=\u00bb100%\u00bb box_shadow_blur__hover=\u00bb24px\u00bb box_shadow_blur__hover_enabled=\u00bbon|hover\u00bb box_shadow_color__hover=\u00bbrgba(0,0,0,0.5)\u00bb box_shadow_color__hover_enabled=\u00bbon|hover\u00bb background__hover_enabled=\u00bboff|desktop\u00bb][\/et_pb_image][et_pb_text _builder_version=\u00bb4.27.4&Prime; _module_preset=\u00bbdefault\u00bb text_font=\u00bbOpen Sans|||on|||||\u00bb text_text_color=\u00bb#1A1A40&Prime; text_font_size=\u00bb20px\u00bb text_letter_spacing=\u00bb2px\u00bb text_line_height=\u00bb1.2em\u00bb custom_margin=\u00bb||20px||false|false\u00bb custom_padding=\u00bb||0px||false|false\u00bb global_colors_info=\u00bb{}\u00bb]<\/p>\n<p>Transformers<\/p>\n<p>[\/et_pb_text][\/et_pb_column][et_pb_column type=\u00bb1_4&Prime; _builder_version=\u00bb4.27.4&Prime; _module_preset=\u00bbdefault\u00bb background_enable_image=\u00bboff\u00bb global_colors_info=\u00bb{}\u00bb background__hover_enabled=\u00bboff|desktop\u00bb background_image__hover=\u00bbhttps:\/\/laimbockart.nl\/wp-content\/uploads\/2025\/08\/Scherm_afbeelding-2025-03-30-om-16.29.46.png\u00bb background_enable_image__hover=\u00bbon\u00bb][et_pb_image src=\u00bbhttps:\/\/laimbockart.nl\/wp-content\/uploads\/2025\/11\/580x400_VrouwenWachtersCat.webp\u00bb alt=\u00bbFemmes&amp;Gardiens\u00bb title_text=\u00bbFemmes&amp;Gardiens\u00bb url=\u00bbhttps:\/\/laimbockart.nl\/fr\/femmes-et-gardiens\/\u00bb show_bottom_space=\u00bboff\u00bb _builder_version=\u00bb4.27.4&Prime; _module_preset=\u00bbdefault\u00bb background_color=\u00bb#969696&Prime; width=\u00bb100%\u00bb max_width=\u00bb100%\u00bb custom_margin=\u00bb||20px||false|false\u00bb hover_transition_duration=\u00bb350ms\u00bb hover_transition_speed_curve=\u00bblinear\u00bb box_shadow_style=\u00bbpreset1&Prime; box_shadow_blur=\u00bb16px\u00bb box_shadow_spread=\u00bb-2px\u00bb global_colors_info=\u00bb{}\u00bb src__hover_enabled=\u00bboff|hover\u00bb src__hover=\u00bbhttps:\/\/laimbockart.nl\/wp-content\/uploads\/2025\/08\/Willem_A-horse-called-Desire-detai.webp\u00bb filter_contrast__hover_enabled=\u00bbon|hover\u00bb filter_contrast__hover=\u00bb100%\u00bb box_shadow_blur__hover=\u00bb24px\u00bb box_shadow_blur__hover_enabled=\u00bbon|hover\u00bb box_shadow_color__hover=\u00bbrgba(0,0,0,0.5)\u00bb box_shadow_color__hover_enabled=\u00bbon|hover\u00bb background__hover_enabled=\u00bboff|desktop\u00bb][\/et_pb_image][et_pb_text _builder_version=\u00bb4.27.4&Prime; _module_preset=\u00bbdefault\u00bb text_font=\u00bbOpen Sans|||on|||||\u00bb text_text_color=\u00bb#1A1A40&Prime; text_font_size=\u00bb20px\u00bb text_letter_spacing=\u00bb2px\u00bb text_line_height=\u00bb1.2em\u00bb custom_margin=\u00bb||20px||false|false\u00bb custom_padding=\u00bb||0px||false|false\u00bb global_colors_info=\u00bb{}\u00bb]<\/p>\n<p>Femmes &amp; Gardiens<\/p>\n<p>[\/et_pb_text][\/et_pb_column][et_pb_column type=\u00bb1_4&Prime; _builder_version=\u00bb4.27.4&Prime; _module_preset=\u00bbdefault\u00bb background_enable_image=\u00bboff\u00bb global_colors_info=\u00bb{}\u00bb background__hover_enabled=\u00bboff|desktop\u00bb background_image__hover=\u00bbhttps:\/\/laimbockart.nl\/wp-content\/uploads\/2025\/08\/Scherm_afbeelding-2025-03-30-om-16.29.46.png\u00bb background_enable_image__hover=\u00bbon\u00bb][et_pb_image src=\u00bbhttps:\/\/laimbockart.nl\/wp-content\/uploads\/2025\/11\/580x400_Stierenpaarden.webp\u00bb alt=\u00bbTaureaux&amp;chevaux\u00bb title_text=\u00bbTaureaux&amp;chevaux\u00bb url=\u00bbhttps:\/\/laimbockart.nl\/fr\/taureaux-et-chevaux\/\u00bb show_bottom_space=\u00bboff\u00bb _builder_version=\u00bb4.27.4&Prime; _module_preset=\u00bbdefault\u00bb background_color=\u00bb#969696&Prime; width=\u00bb100%\u00bb max_width=\u00bb100%\u00bb custom_margin=\u00bb||20px||false|false\u00bb hover_transition_duration=\u00bb350ms\u00bb hover_transition_speed_curve=\u00bblinear\u00bb box_shadow_style=\u00bbpreset1&Prime; box_shadow_blur=\u00bb16px\u00bb box_shadow_spread=\u00bb-2px\u00bb global_colors_info=\u00bb{}\u00bb background__hover_enabled=\u00bboff|desktop\u00bb src__hover_enabled=\u00bboff|hover\u00bb src__hover=\u00bbhttps:\/\/laimbockart.nl\/wp-content\/uploads\/2025\/08\/Willem_A-horse-called-Desire-detai.webp\u00bb filter_contrast__hover_enabled=\u00bbon|hover\u00bb filter_contrast__hover=\u00bb100%\u00bb box_shadow_color__hover_enabled=\u00bbon|hover\u00bb box_shadow_color__hover=\u00bbrgba(0,0,0,0.5)\u00bb box_shadow_blur__hover_enabled=\u00bboff|hover\u00bb box_shadow_blur__hover=\u00bb24px\u00bb][\/et_pb_image][et_pb_text _builder_version=\u00bb4.27.4&Prime; _module_preset=\u00bbdefault\u00bb text_font=\u00bbOpen Sans|||on|||||\u00bb text_text_color=\u00bb#1A1A40&Prime; text_font_size=\u00bb20px\u00bb text_letter_spacing=\u00bb2px\u00bb text_line_height=\u00bb1.2em\u00bb custom_margin=\u00bb||20px||false|false\u00bb custom_padding=\u00bb||0px||false|false\u00bb link_option_url=\u00bbhttps:\/\/laimbockart.nl\/willem-lenssinck-pk-automaat\/\u00bb global_colors_info=\u00bb{}\u00bb]<\/p>\n<p>Taureaux &amp; Chevaux<\/p>\n<p>[\/et_pb_text][\/et_pb_column][et_pb_column type=\u00bb1_4&Prime; _builder_version=\u00bb4.27.4&Prime; _module_preset=\u00bbdefault\u00bb background_enable_image=\u00bboff\u00bb global_colors_info=\u00bb{}\u00bb background__hover_enabled=\u00bboff|desktop\u00bb background_image__hover=\u00bbhttps:\/\/laimbockart.nl\/wp-content\/uploads\/2025\/08\/Scherm_afbeelding-2025-03-30-om-16.29.46.png\u00bb background_enable_image__hover=\u00bbon\u00bb][et_pb_image src=\u00bbhttps:\/\/laimbockart.nl\/wp-content\/uploads\/2025\/11\/580x400_VarietyCat.webp\u00bb alt=\u00bbVari\u00e9t\u00e9\u00bb title_text=\u00bbVari\u00e9t\u00e9\u00bb url=\u00bbhttps:\/\/laimbockart.nl\/fr\/variete\/\u00bb show_bottom_space=\u00bboff\u00bb _builder_version=\u00bb4.27.4&Prime; _module_preset=\u00bbdefault\u00bb background_color=\u00bb#969696&Prime; width=\u00bb100%\u00bb max_width=\u00bb100%\u00bb custom_margin=\u00bb||20px||false|false\u00bb hover_transition_duration=\u00bb350ms\u00bb hover_transition_speed_curve=\u00bblinear\u00bb box_shadow_style=\u00bbpreset1&Prime; box_shadow_blur=\u00bb16px\u00bb box_shadow_spread=\u00bb-2px\u00bb global_colors_info=\u00bb{}\u00bb src__hover_enabled=\u00bboff|hover\u00bb src__hover=\u00bbhttps:\/\/laimbockart.nl\/wp-content\/uploads\/2025\/08\/Willem_A-horse-called-Desire-detai.webp\u00bb filter_contrast__hover_enabled=\u00bbon|hover\u00bb filter_contrast__hover=\u00bb100%\u00bb box_shadow_blur__hover=\u00bb24px\u00bb box_shadow_blur__hover_enabled=\u00bbon|hover\u00bb box_shadow_color__hover=\u00bbrgba(0,0,0,0.5)\u00bb box_shadow_color__hover_enabled=\u00bbon|hover\u00bb background__hover_enabled=\u00bboff|desktop\u00bb][\/et_pb_image][et_pb_text _builder_version=\u00bb4.27.4&Prime; _module_preset=\u00bbdefault\u00bb text_font=\u00bbOpen Sans|||on|||||\u00bb text_text_color=\u00bb#1A1A40&Prime; text_font_size=\u00bb20px\u00bb text_letter_spacing=\u00bb2px\u00bb text_line_height=\u00bb1.2em\u00bb custom_margin=\u00bb||20px||false|false\u00bb custom_padding=\u00bb||0px||false|false\u00bb global_colors_info=\u00bb{}\u00bb]<\/p>\n<p>Vari\u00e9t\u00e9<\/p>\n<p>[\/et_pb_text][\/et_pb_column][\/et_pb_row][\/et_pb_section]<\/p>\n","protected":false},"excerpt":{"rendered":"<p>Willem LenssinckC\u00e9ramiste, sculpteur et designerWillem Lenssinck (1947) est un sculpteur et designer n\u00e9erlandais r\u00e9put\u00e9 pour ses sculptures futuristes uniques. Apr\u00e8s l&rsquo;acad\u00e9mie d&rsquo;Utrecht, Lenssinck a commenc\u00e9 sa carri\u00e8re comme c\u00e9ramiste pour Royal Delft. Depuis 1972, il travaille de mani\u00e8re ind\u00e9pendante et est rapidement pass\u00e9 \u00e0 des mat\u00e9riaux tels que le bronze, le maillechort, l&rsquo;acier inoxydable et [&hellip;]<\/p>\n","protected":false},"author":1,"featured_media":0,"parent":0,"menu_order":0,"comment_status":"closed","ping_status":"closed","template":"","meta":{"_acf_changed":false,"_et_pb_use_builder":"on","_et_pb_old_content":"","_et_gb_content_width":"","footnotes":""},"class_list":["post-1450","page","type-page","status-publish","hentry"],"acf":[],"_links":{"self":[{"href":"https:\/\/laimbockart.nl\/fr\/wp-json\/wp\/v2\/pages\/1450","targetHints":{"allow":["GET"]}}],"collection":[{"href":"https:\/\/laimbockart.nl\/fr\/wp-json\/wp\/v2\/pages"}],"about":[{"href":"https:\/\/laimbockart.nl\/fr\/wp-json\/wp\/v2\/types\/page"}],"author":[{"embeddable":true,"href":"https:\/\/laimbockart.nl\/fr\/wp-json\/wp\/v2\/users\/1"}],"replies":[{"embeddable":true,"href":"https:\/\/laimbockart.nl\/fr\/wp-json\/wp\/v2\/comments?post=1450"}],"version-history":[{"count":13,"href":"https:\/\/laimbockart.nl\/fr\/wp-json\/wp\/v2\/pages\/1450\/revisions"}],"predecessor-version":[{"id":5488,"href":"https:\/\/laimbockart.nl\/fr\/wp-json\/wp\/v2\/pages\/1450\/revisions\/5488"}],"wp:attachment":[{"href":"https:\/\/laimbockart.nl\/fr\/wp-json\/wp\/v2\/media?parent=1450"}],"curies":[{"name":"wp","href":"https:\/\/api.w.org\/{rel}","templated":true}]}}