{"id":1386,"date":"2025-08-01T09:20:28","date_gmt":"2025-08-01T09:20:28","guid":{"rendered":"https:\/\/laimbockart.nl\/a-propos\/"},"modified":"2026-01-19T14:21:15","modified_gmt":"2026-01-19T14:21:15","slug":"a-propos","status":"publish","type":"page","link":"https:\/\/laimbockart.nl\/fr\/a-propos\/","title":{"rendered":"\u00c0 propos"},"content":{"rendered":"<p>[et_pb_section fb_built=\u00bb1&Prime; _builder_version=\u00bb4.27.4&Prime; _module_preset=\u00bbdefault\u00bb custom_margin=\u00bb|40px||40px|false|true\u00bb custom_padding=\u00bb80px|0px|80px|0px|false|true\u00bb border_width_bottom=\u00bb1px\u00bb border_color_bottom=\u00bbrgba(26,26,64,0.12)\u00bb global_colors_info=\u00bb{}\u00bb][et_pb_row column_structure=\u00bb1_2,1_2&Prime; make_equal=\u00bbon\u00bb _builder_version=\u00bb4.27.4&Prime; _module_preset=\u00bbdefault\u00bb width=\u00bb100%\u00bb max_width=\u00bb100%\u00bb custom_padding=\u00bb0px||0px||true|false\u00bb global_colors_info=\u00bb{}\u00bb][et_pb_column type=\u00bb1_2&Prime; _builder_version=\u00bb4.27.4&Prime; _module_preset=\u00bbdefault\u00bb background_image=\u00bbhttps:\/\/laimbockart.nl\/wp-content\/uploads\/2025\/11\/Rolf-Laimbock1080.webp\u00bb background_position=\u00bbtop_center\u00bb background_vertical_offset=\u00bb21%\u00bb global_colors_info=\u00bb{}\u00bb][et_pb_divider show_divider=\u00bboff\u00bb _builder_version=\u00bb4.27.4&Prime; _module_preset=\u00bbdefault\u00bb min_height=\u00bb600px\u00bb global_colors_info=\u00bb{}\u00bb][\/et_pb_divider][\/et_pb_column][et_pb_column type=\u00bb1_2&Prime; _builder_version=\u00bb4.27.4&Prime; _module_preset=\u00bbdefault\u00bb custom_padding=\u00bb||||false|false\u00bb global_colors_info=\u00bb{}\u00bb][et_pb_text _builder_version=\u00bb4.27.4&Prime; _module_preset=\u00bbdefault\u00bb header_font=\u00bbAlegreya Sans|||on|||||\u00bb header_text_align=\u00bbleft\u00bb header_font_size=\u00bb80px\u00bb header_line_height=\u00bb0.8em\u00bb custom_margin=\u00bb||24px||false|false\u00bb custom_padding=\u00bb||||false|false\u00bb header_font_size_tablet=\u00bb80px\u00bb header_font_size_phone=\u00bb50px\u00bb header_font_size_last_edited=\u00bbon|phone\u00bb global_colors_info=\u00bb{}\u00bb]<\/p>\n<h1>\u00c0 propos<\/h1>\n<p>[\/et_pb_text][et_pb_text _builder_version=\u00bb4.27.4&Prime; _module_preset=\u00bbdefault\u00bb text_font_size=\u00bb18px\u00bb text_line_height=\u00bb1.5em\u00bb global_colors_info=\u00bb{}\u00bb]<\/p>\n<p>Laimb\u00f6ck Art a \u00e9t\u00e9 fond\u00e9 par Rolf Laimb\u00f6ck, perp\u00e9tuant ainsi la tradition artistique de sa famille. Rolf repr\u00e9sente les sculptures imposantes de son beau-p\u00e8re Willem Lenssinck et d&rsquo;artistes renomm\u00e9s tels que Uschi Klaas &amp; Heinrich Brockmeier, Juan Ripoll\u00e9s, Eug\u00e8ne Brands, Lika Mutal et sa s\u0153ur Lia Laimb\u00f6ck. Ils rendent tangible la force de l&rsquo;imagination, chacun \u00e0 sa mani\u00e8re.<br \/>Pour Rolf Laimb\u00f6ck, l&rsquo;art est plus qu&rsquo;un objet. Une \u0153uvre d&rsquo;art en dit souvent long sur vous et sur son cr\u00e9ateur. Ce que vous trouvez beau refl\u00e8te souvent quelque chose en vous. Une \u0153uvre d&rsquo;art invite ainsi au dialogue, \u00e0 la contemplation, ou peut-\u00eatre m\u00eame \u00e0 une prise de position. C&rsquo;est une conversation entre le cr\u00e9ateur et le spectateur, entre le pr\u00e9sent et le pass\u00e9. \u00c0 travers des foires d&rsquo;art, des expositions et des \u00e9v\u00e9nements artistiques, il souhaite cr\u00e9er de v\u00e9ritables connexions entre les gens et l&rsquo;art.        <\/p>\n<p>[\/et_pb_text][et_pb_text _builder_version=\u00bb4.27.4&Prime; _module_preset=\u00bbdefault\u00bb header_font=\u00bbOpen Sans||||||||\u00bb header_2_font=\u00bbOpen Sans|||on|||||\u00bb header_2_font_size=\u00bb38px\u00bb header_2_letter_spacing=\u00bb2px\u00bb header_2_line_height=\u00bb1.2em\u00bb custom_margin=\u00bb||0px||false|false\u00bb custom_padding=\u00bb||0px||false|false\u00bb header_2_font_size_tablet=\u00bb38px\u00bb header_2_font_size_phone=\u00bb38px\u00bb header_2_font_size_last_edited=\u00bbon|phone\u00bb global_colors_info=\u00bb{}\u00bb text_text_color__hover_enabled=\u00bbon|hover\u00bb text_text_color__hover=\u00bb#969696&Prime; header_2_text_color__hover_enabled=\u00bbon|hover\u00bb]<\/p>\n<h2>Contexte<\/h2>\n<p>[\/et_pb_text][et_pb_text _builder_version=\u00bb4.27.4&Prime; _module_preset=\u00bbdefault\u00bb text_font_size=\u00bb18px\u00bb text_line_height=\u00bb1.5em\u00bb custom_margin=\u00bb||20px||false|false\u00bb global_colors_info=\u00bb{}\u00bb link_text_color__hover_enabled=\u00bbon|hover\u00bb link_text_color__hover=\u00bb#1A1A40&Prime;]<\/p>\n<p>Laimbock Art est issu d&rsquo;une histoire familiale impr\u00e9gn\u00e9e d&rsquo;art. Tout a commenc\u00e9 avec le peintre Piet Vermeulen (1908-1996), principalement connu pour ses natures mortes surr\u00e9alistes et ses paysages urbains de sa ville bien-aim\u00e9e d&rsquo;Utrecht. Sa fille <a href=\"https:\/\/nl.wikipedia.org\/wiki\/Lika_Mutal\">Lika Mutal<\/a> (1939-2016) \u00e9tait une sculptrice de renomm\u00e9e internationale qui a cr\u00e9\u00e9 de nombreuses sculptures modernes en marbre, mais aussi le monument comm\u00e9moratif national du P\u00e9rou, o\u00f9 elle r\u00e9sidait. Son \u0153uvre figure dans diverses collections mus\u00e9ales comme le mus\u00e9e <a href=\"https:\/\/krollermuller.nl\/lika-mutal-pacaric-what-is-reborn\">Kr\u00f6ller \u2013 M\u00f6ller<\/a>.   <\/p>\n<p>Catherine Lenssinck-Vermeulen, une autre fille, a offert une plateforme \u00e0 des artistes nationaux et internationaux pendant plus de 30 ans \u00e0 la <a href=\"https:\/\/galerielaimbock.com\/\">Galerie Laimb\u00f6ck<\/a>. Avec des dizaines d&rsquo;expositions remarquables, elle a donn\u00e9 vie \u00e0 l&rsquo;art \u00e0 Langbroek et bien au-del\u00e0. Elle a collabor\u00e9 pendant 32 ans avec Kunsthaus B\u00fchler au TEFAF, aux c\u00f4t\u00e9s de son mari et sculpteur Willem Lenssinck. Catherine est \u00e9galement fondatrice de la <a href=\"http:\/\/www.stichtingdok.nl\">Fondation doK<\/a> qui promeut la sculpture n\u00e9erlandaise \u00e0 travers des conf\u00e9rences. Celles-ci sont donn\u00e9es par Willem Lenssinck et les historiens de l&rsquo;art Jaap Versteegh, Bieke van der Mark et Rolf Laimb\u00f6ck. Depuis plus de vingt ans, il travaille dans la galerie de ses parents, o\u00f9 il participe aux aspects cr\u00e9atifs, ex\u00e9cutifs et commerciaux. Rolf Laimb\u00f6ck poursuit maintenant cet h\u00e9ritage familial d&rsquo;une mani\u00e8re contemporaine.<\/p>\n<p>[\/et_pb_text][et_pb_button button_url=\u00bbhttps:\/\/laimbockart.nl\/wp-content\/uploads\/2025\/11\/LaimbockArt_FairPracticeCode.pdf\u00bb button_text=\u00bbCode de Pratique \u00c9quitable\u00bb _builder_version=\u00bb4.27.4&Prime; _module_preset=\u00bbdefault\u00bb custom_button=\u00bbon\u00bb button_text_color=\u00bb#FFFFFF\u00bb button_border_color=\u00bb#1A1A40&Prime; custom_padding=\u00bb12px|40px|12px|40px|true|true\u00bb hover_transition_duration=\u00bb350ms\u00bb hover_transition_speed_curve=\u00bbease-in\u00bb global_colors_info=\u00bb{}\u00bb button_bg_color__hover_enabled=\u00bbon|hover\u00bb button_bg_color__hover=\u00bbrgba(0,0,0,0.72)\u00bb button_bg_enable_color__hover=\u00bbon\u00bb][\/et_pb_button][\/et_pb_column][\/et_pb_row][\/et_pb_section]<\/p>\n","protected":false},"excerpt":{"rendered":"<p>\u00c0 proposLaimb\u00f6ck Art a \u00e9t\u00e9 fond\u00e9 par Rolf Laimb\u00f6ck, perp\u00e9tuant ainsi la tradition artistique de sa famille. Rolf repr\u00e9sente les sculptures imposantes de son beau-p\u00e8re Willem Lenssinck et d&rsquo;artistes renomm\u00e9s tels que Uschi Klaas &amp; Heinrich Brockmeier, Juan Ripoll\u00e9s, Eug\u00e8ne Brands, Lika Mutal et sa s\u0153ur Lia Laimb\u00f6ck. Ils rendent tangible la force de l&rsquo;imagination, [&hellip;]<\/p>\n","protected":false},"author":1,"featured_media":0,"parent":0,"menu_order":0,"comment_status":"closed","ping_status":"closed","template":"","meta":{"_acf_changed":false,"_et_pb_use_builder":"on","_et_pb_old_content":"","_et_gb_content_width":"","footnotes":""},"class_list":["post-1386","page","type-page","status-publish","hentry"],"acf":[],"_links":{"self":[{"href":"https:\/\/laimbockart.nl\/fr\/wp-json\/wp\/v2\/pages\/1386","targetHints":{"allow":["GET"]}}],"collection":[{"href":"https:\/\/laimbockart.nl\/fr\/wp-json\/wp\/v2\/pages"}],"about":[{"href":"https:\/\/laimbockart.nl\/fr\/wp-json\/wp\/v2\/types\/page"}],"author":[{"embeddable":true,"href":"https:\/\/laimbockart.nl\/fr\/wp-json\/wp\/v2\/users\/1"}],"replies":[{"embeddable":true,"href":"https:\/\/laimbockart.nl\/fr\/wp-json\/wp\/v2\/comments?post=1386"}],"version-history":[{"count":15,"href":"https:\/\/laimbockart.nl\/fr\/wp-json\/wp\/v2\/pages\/1386\/revisions"}],"predecessor-version":[{"id":6387,"href":"https:\/\/laimbockart.nl\/fr\/wp-json\/wp\/v2\/pages\/1386\/revisions\/6387"}],"wp:attachment":[{"href":"https:\/\/laimbockart.nl\/fr\/wp-json\/wp\/v2\/media?parent=1386"}],"curies":[{"name":"wp","href":"https:\/\/api.w.org\/{rel}","templated":true}]}}