{"id":1346,"date":"2025-09-05T09:14:09","date_gmt":"2025-09-05T09:14:09","guid":{"rendered":"https:\/\/laimbockart.nl\/lia-laimbock\/"},"modified":"2026-04-02T16:41:05","modified_gmt":"2026-04-02T16:41:05","slug":"lia-laimbock","status":"publish","type":"page","link":"https:\/\/laimbockart.nl\/fr\/lia-laimbock\/","title":{"rendered":"Lia Laimb\u00f6ck"},"content":{"rendered":"<p>[et_pb_section fb_built=\u00bb1&Prime; _builder_version=\u00bb4.27.4&Prime; _module_preset=\u00bbdefault\u00bb custom_margin=\u00bb|40px||40px|false|true\u00bb custom_padding=\u00bb80px|0px|80px|0px|true|true\u00bb border_width_bottom=\u00bb1px\u00bb border_color_bottom=\u00bbrgba(26,26,64,0.12)\u00bb global_colors_info=\u00bb{}\u00bb][et_pb_row column_structure=\u00bb2_5,3_5&Prime; use_custom_gutter=\u00bbon\u00bb gutter_width=\u00bb2&Prime; make_equal=\u00bbon\u00bb _builder_version=\u00bb4.27.4&Prime; _module_preset=\u00bbdefault\u00bb width=\u00bb100%\u00bb max_width=\u00bb100%\u00bb custom_padding=\u00bb0px||0px||true|false\u00bb global_colors_info=\u00bb{}\u00bb][et_pb_column type=\u00bb2_5&Prime; _builder_version=\u00bb4.27.4&Prime; _module_preset=\u00bbdefault\u00bb background_image=\u00bbhttps:\/\/laimbockart.nl\/wp-content\/uploads\/2025\/10\/960LiaLaimbock.webp\u00bb global_colors_info=\u00bb{}\u00bb][et_pb_divider show_divider=\u00bboff\u00bb _builder_version=\u00bb4.27.4&Prime; _module_preset=\u00bbdefault\u00bb min_height=\u00bb300px\u00bb global_colors_info=\u00bb{}\u00bb][\/et_pb_divider][\/et_pb_column][et_pb_column type=\u00bb3_5&Prime; _builder_version=\u00bb4.27.4&Prime; _module_preset=\u00bbdefault\u00bb global_colors_info=\u00bb{}\u00bb][et_pb_text _builder_version=\u00bb4.27.4&Prime; _module_preset=\u00bbdefault\u00bb header_2_font=\u00bb|||on|||||\u00bb header_2_font_size=\u00bb38px\u00bb header_2_letter_spacing=\u00bb2px\u00bb header_2_line_height=\u00bb1.2em\u00bb custom_margin=\u00bb||-8px||false|false\u00bb custom_padding=\u00bb||0px||false|false\u00bb global_colors_info=\u00bb{}\u00bb text_text_color__hover_enabled=\u00bbon|hover\u00bb text_text_color__hover=\u00bb#969696&Prime; header_2_text_color__hover_enabled=\u00bbon|hover\u00bb header_2_text_color__hover=\u00bb#969696&Prime;]<\/p>\n<h2>Lia Laimb\u00f6ck<\/h2>\n<p>[\/et_pb_text][et_pb_text _builder_version=\u00bb4.27.4&Prime; _module_preset=\u00bbdefault\u00bb text_font=\u00bbOpen Sans|||on|||||\u00bb text_text_color=\u00bb#1A1A40&Prime; text_font_size=\u00bb20px\u00bb text_letter_spacing=\u00bb2px\u00bb text_line_height=\u00bb1.2em\u00bb custom_margin=\u00bb||20px||false|false\u00bb custom_padding=\u00bb||0px||false|false\u00bb global_colors_info=\u00bb{}\u00bb]<\/p>\n<p>Peintre<\/p>\n<p>[\/et_pb_text][et_pb_text _builder_version=\u00bb4.27.4&Prime; _module_preset=\u00bbdefault\u00bb text_font_size=\u00bb18px\u00bb text_line_height=\u00bb1.5em\u00bb global_colors_info=\u00bb{}\u00bb]<\/p>\n<p>Lia Laimb\u00f6ck (1965) est une artiste polyvalente avec une \u0153uvre internationale. Son travail est figuratif avec une grande attention aux d\u00e9tails d&rsquo;une qualit\u00e9 presque illusoire. Elle peint des paysages comme des all\u00e9gories de l&rsquo;origine : naissance, vie et mort. L&rsquo;intimit\u00e9 y est centrale. Elle commence souvent sur une grande toile blanche, laisse les formes vagues devenir progressivement nettes, et poursuit le travail jusque dans les moindres d\u00e9tails. Comme un horloger \u00e0 grande \u00e9chelle.     <\/p>\n<p>Elle a acquis une reconnaissance avec 11 portraits d&rsquo;auteurs n\u00e9erlandais de son choix et a d\u00e9velopp\u00e9 une amiti\u00e9 \u00e0 vie avec eux. La s\u00e9rie compl\u00e8te a \u00e9t\u00e9 acquise par le Mus\u00e9e de la Litt\u00e9rature \u00e0 La Haye. Dans les ann\u00e9es 2000, elle a d\u00e9velopp\u00e9 ses propres s\u00e9ries comme \u00ab The Origin \u00bb, des toiles grandeur nature repr\u00e9sentant l&rsquo;origine de la vie. Ou encore une protestation contre l&rsquo;industrie chimique \u00ab Organic versus Chemical \u00bb o\u00f9 elle place la combinaison \u00e9tonnante d&rsquo;animaux dans un complexe industriel chimique. Elle a expos\u00e9 dans des mus\u00e9es tels que De Buitenplaats (Eelde) et Markiezenhof (Bergen op Zoom). En 2004, elle a remport\u00e9 la Biennale d&rsquo;Art Figuratif \u00e0 Arnhem, suivie d&rsquo;une exposition personnelle au Mus\u00e9e Kim Whanki \u00e0 S\u00e9oul.    <\/p>\n<p>Ses voyages \u00e0 travers le monde ont inspir\u00e9 des s\u00e9ries puissantes comme \u00ab Starry Riders \u00bb o\u00f9 des enfants flottent dans l&rsquo;univers sur des poissons-lunes. En 2008, elle a poursuivi sa pr\u00e9sence internationale avec des expositions \u00e0 New York. Apr\u00e8s son d\u00e9m\u00e9nagement en Irlande, pays dont elle est tomb\u00e9e amoureuse, son travail a continu\u00e9 d&rsquo;\u00e9voluer. Elle a peint les portraits du roi Willem-Alexander et de la reine M\u00e1xima pour leur intronisation (2014), et son travail est apparu sur diverses sc\u00e8nes irlandaises. Elle a cr\u00e9\u00e9 une s\u00e9rie de pastels et des portraits impressionnants de personnages irlandais iconiques comme Sainte Brigitte qui ont re\u00e7u une grande reconnaissance.    <\/p>\n<p>Sa force artistique r\u00e9side dans la tension raffin\u00e9e entre figuration et suggestion, grandes toiles, histoires personnelles et sentiments universels. Lia Laimb\u00f6ck vous invite \u00e0 vous apaiser, \u00e0 regarder et \u00e0 vous laisser emporter dans des mondes pleins de couches plus profondes et de significations cach\u00e9es. <\/p>\n<p>[\/et_pb_text][\/et_pb_column][\/et_pb_row][\/et_pb_section][et_pb_section fb_built=\u00bb1&Prime; _builder_version=\u00bb4.27.4&Prime; _module_preset=\u00bbdefault\u00bb custom_margin=\u00bb0px||0px||true|false\u00bb custom_padding=\u00bb40px|40px|40px|40px|true|true\u00bb global_colors_info=\u00bb{}\u00bb][et_pb_row use_custom_gutter=\u00bbon\u00bb gutter_width=\u00bb2&Prime; make_equal=\u00bbon\u00bb _builder_version=\u00bb4.27.4&Prime; _module_preset=\u00bbdefault\u00bb width=\u00bb100%\u00bb max_width=\u00bb100%\u00bb custom_margin=\u00bb||40px||false|false\u00bb custom_padding=\u00bb0px||0px||true|false\u00bb global_colors_info=\u00bb{}\u00bb][et_pb_column type=\u00bb4_4&Prime; _builder_version=\u00bb4.27.4&Prime; _module_preset=\u00bbdefault\u00bb global_colors_info=\u00bb{}\u00bb][et_pb_text _builder_version=\u00bb4.27.4&Prime; _module_preset=\u00bbdefault\u00bb header_2_font=\u00bb|||on|||||\u00bb header_2_font_size=\u00bb38px\u00bb header_2_line_height=\u00bb1.2em\u00bb custom_margin=\u00bb||-8px||false|false\u00bb custom_padding=\u00bb||0px||false|false\u00bb global_colors_info=\u00bb{}\u00bb text_text_color__hover_enabled=\u00bbon|hover\u00bb text_text_color__hover=\u00bb#969696&Prime; header_2_text_color__hover_enabled=\u00bboff|hover\u00bb header_2_text_color__hover=\u00bb#969696&Prime;]<\/p>\n<h2>\u0152uvres d&rsquo;art<\/h2>\n<p>[\/et_pb_text][\/et_pb_column][\/et_pb_row][et_pb_row column_structure=\u00bb1_4,1_4,1_4,1_4&Prime; use_custom_gutter=\u00bbon\u00bb gutter_width=\u00bb2&Prime; make_equal=\u00bbon\u00bb _builder_version=\u00bb4.27.4&Prime; _module_preset=\u00bbdefault\u00bb width=\u00bb100%\u00bb max_width=\u00bb100%\u00bb custom_margin=\u00bb|auto|39px|auto|false|false\u00bb custom_padding=\u00bb0px||0px||true|false\u00bb global_colors_info=\u00bb{}\u00bb][et_pb_column type=\u00bb1_4&Prime; _builder_version=\u00bb4.27.4&Prime; _module_preset=\u00bbdefault\u00bb background_enable_image=\u00bboff\u00bb global_colors_info=\u00bb{}\u00bb background__hover_enabled=\u00bboff|desktop\u00bb background_image__hover=\u00bbhttps:\/\/laimbockart.nl\/wp-content\/uploads\/2025\/08\/Scherm_afbeelding-2025-03-30-om-16.29.46.png\u00bb background_enable_image__hover=\u00bbon\u00bb][et_pb_image src=\u00bbhttps:\/\/laimbockart.nl\/wp-content\/uploads\/2025\/10\/Lia-Laimbock-Touch.webp\u00bb alt=\u00bbTouch \u00bb title_text=\u00bbLia Laimbock \u2013 Touch\u00bb url=\u00bbhttps:\/\/laimbockart.nl\/fr\/kunstwerken\/touch\/\u00bb show_bottom_space=\u00bboff\u00bb _builder_version=\u00bb4.27.4&Prime; _module_preset=\u00bbdefault\u00bb background_color=\u00bb#969696&Prime; width=\u00bb100%\u00bb max_width=\u00bb100%\u00bb custom_margin=\u00bb||20px||false|false\u00bb hover_transition_duration=\u00bb500ms\u00bb hover_transition_speed_curve=\u00bbease-in\u00bb box_shadow_style=\u00bbpreset1&Prime; box_shadow_vertical=\u00bb0px\u00bb box_shadow_blur=\u00bb16px\u00bb box_shadow_spread=\u00bb-7px\u00bb global_colors_info=\u00bb{}\u00bb background__hover_enabled=\u00bboff|desktop\u00bb src__hover_enabled=\u00bboff|hover\u00bb src__hover=\u00bbhttps:\/\/laimbockart.nl\/wp-content\/uploads\/2025\/08\/Willem_A-horse-called-Desire-detai.webp\u00bb filter_contrast__hover_enabled=\u00bbon|hover\u00bb filter_contrast__hover=\u00bb100%\u00bb][\/et_pb_image][et_pb_text _builder_version=\u00bb4.27.4&Prime; _module_preset=\u00bbdefault\u00bb text_font=\u00bbOpen Sans|||on|||||\u00bb text_text_color=\u00bb#1A1A40&Prime; text_font_size=\u00bb20px\u00bb text_letter_spacing=\u00bb2px\u00bb text_line_height=\u00bb1.2em\u00bb custom_margin=\u00bb||20px||false|false\u00bb custom_padding=\u00bb||0px||false|false\u00bb global_colors_info=\u00bb{}\u00bb]<\/p>\n<p>Touch<\/p>\n<p>[\/et_pb_text][\/et_pb_column][et_pb_column type=\u00bb1_4&Prime; _builder_version=\u00bb4.27.4&Prime; _module_preset=\u00bbdefault\u00bb background_enable_image=\u00bboff\u00bb global_colors_info=\u00bb{}\u00bb background__hover_enabled=\u00bboff|desktop\u00bb background_image__hover=\u00bbhttps:\/\/laimbockart.nl\/wp-content\/uploads\/2025\/08\/Scherm_afbeelding-2025-03-30-om-16.29.46.png\u00bb background_enable_image__hover=\u00bbon\u00bb][et_pb_image src=\u00bbhttps:\/\/laimbockart.nl\/wp-content\/uploads\/2025\/10\/Lia-Laimbock-Christofer.webp\u00bb alt=\u00bbLia Laimbock Christofer<br \/>\n\u00bb title_text=\u00bbLia Laimbock \u2013 Christofer\u00bb url=\u00bbhttps:\/\/laimbockart.nl\/fr\/kunstwerken\/christopher\/\u00bb show_bottom_space=\u00bboff\u00bb _builder_version=\u00bb4.27.4&Prime; _module_preset=\u00bbdefault\u00bb background_color=\u00bb#969696&Prime; width=\u00bb100%\u00bb max_width=\u00bb100%\u00bb custom_margin=\u00bb||20px||false|false\u00bb hover_transition_duration=\u00bb500ms\u00bb hover_transition_speed_curve=\u00bbease-in\u00bb box_shadow_style=\u00bbpreset1&Prime; box_shadow_vertical=\u00bb0px\u00bb box_shadow_blur=\u00bb16px\u00bb box_shadow_spread=\u00bb-7px\u00bb global_colors_info=\u00bb{}\u00bb background__hover_enabled=\u00bboff|desktop\u00bb src__hover_enabled=\u00bboff|hover\u00bb src__hover=\u00bbhttps:\/\/laimbockart.nl\/wp-content\/uploads\/2025\/08\/Willem_A-horse-called-Desire-detai.webp\u00bb filter_contrast__hover_enabled=\u00bbon|hover\u00bb filter_contrast__hover=\u00bb100%\u00bb][\/et_pb_image][et_pb_text _builder_version=\u00bb4.27.4&Prime; _module_preset=\u00bbdefault\u00bb text_font=\u00bbOpen Sans|||on|||||\u00bb text_text_color=\u00bb#1A1A40&Prime; text_font_size=\u00bb20px\u00bb text_letter_spacing=\u00bb2px\u00bb text_line_height=\u00bb1.2em\u00bb custom_margin=\u00bb||20px||false|false\u00bb custom_padding=\u00bb||0px||false|false\u00bb global_colors_info=\u00bb{}\u00bb]<\/p>\n<p>Christofer<\/p>\n<p>[\/et_pb_text][\/et_pb_column][et_pb_column type=\u00bb1_4&Prime; _builder_version=\u00bb4.27.4&Prime; _module_preset=\u00bbdefault\u00bb background_enable_image=\u00bboff\u00bb global_colors_info=\u00bb{}\u00bb background__hover_enabled=\u00bboff|desktop\u00bb background_image__hover=\u00bbhttps:\/\/laimbockart.nl\/wp-content\/uploads\/2025\/08\/Scherm_afbeelding-2025-03-30-om-16.29.46.png\u00bb background_enable_image__hover=\u00bbon\u00bb][et_pb_image src=\u00bbhttps:\/\/laimbockart.nl\/wp-content\/uploads\/2025\/10\/Lia-bij-Mother-and-Son.webp\u00bb alt=\u00bbLia avec Mother and Son<br \/>\n\u00bb title_text=\u00bbLia avec Mother and Son\u00bb url=\u00bbhttps:\/\/laimbockart.nl\/fr\/kunstwerken\/mother-and-son\/\u00bb show_bottom_space=\u00bboff\u00bb _builder_version=\u00bb4.27.4&Prime; _module_preset=\u00bbdefault\u00bb background_color=\u00bb#969696&Prime; width=\u00bb100%\u00bb max_width=\u00bb100%\u00bb custom_margin=\u00bb||20px||false|false\u00bb hover_transition_duration=\u00bb500ms\u00bb hover_transition_speed_curve=\u00bbease-in\u00bb box_shadow_style=\u00bbpreset1&Prime; box_shadow_vertical=\u00bb0px\u00bb box_shadow_blur=\u00bb16px\u00bb box_shadow_spread=\u00bb-7px\u00bb global_colors_info=\u00bb{}\u00bb background__hover_enabled=\u00bboff|desktop\u00bb src__hover_enabled=\u00bboff|hover\u00bb src__hover=\u00bbhttps:\/\/laimbockart.nl\/wp-content\/uploads\/2025\/08\/Willem_A-horse-called-Desire-detai.webp\u00bb filter_contrast__hover_enabled=\u00bbon|hover\u00bb filter_contrast__hover=\u00bb100%\u00bb][\/et_pb_image][et_pb_text _builder_version=\u00bb4.27.4&Prime; _module_preset=\u00bbdefault\u00bb text_font=\u00bbOpen Sans|||on|||||\u00bb text_text_color=\u00bb#1A1A40&Prime; text_font_size=\u00bb20px\u00bb text_letter_spacing=\u00bb2px\u00bb text_line_height=\u00bb1.2em\u00bb custom_margin=\u00bb||20px||false|false\u00bb custom_padding=\u00bb||0px||false|false\u00bb global_colors_info=\u00bb{}\u00bb]Mother and Son[\/et_pb_text][\/et_pb_column][et_pb_column type=\u00bb1_4&Prime; _builder_version=\u00bb4.27.4&Prime; _module_preset=\u00bbdefault\u00bb background_enable_image=\u00bboff\u00bb global_colors_info=\u00bb{}\u00bb background__hover_enabled=\u00bboff|desktop\u00bb background_image__hover=\u00bbhttps:\/\/laimbockart.nl\/wp-content\/uploads\/2025\/08\/Scherm_afbeelding-2025-03-30-om-16.29.46.png\u00bb background_enable_image__hover=\u00bbon\u00bb][\/et_pb_column][\/et_pb_row][\/et_pb_section]<\/p>\n","protected":false},"excerpt":{"rendered":"<p>Lia Laimb\u00f6ckPeintreLia Laimb\u00f6ck (1965) est une artiste polyvalente avec une \u0153uvre internationale. Son travail est figuratif avec une grande attention aux d\u00e9tails d&rsquo;une qualit\u00e9 presque illusoire. Elle peint des paysages comme des all\u00e9gories de l&rsquo;origine : naissance, vie et mort. L&rsquo;intimit\u00e9 y est centrale. Elle commence souvent sur une grande toile blanche, laisse les formes [&hellip;]<\/p>\n","protected":false},"author":1,"featured_media":0,"parent":0,"menu_order":0,"comment_status":"closed","ping_status":"closed","template":"","meta":{"_acf_changed":false,"_et_pb_use_builder":"on","_et_pb_old_content":"","_et_gb_content_width":"","footnotes":""},"class_list":["post-1346","page","type-page","status-publish","hentry"],"acf":[],"_links":{"self":[{"href":"https:\/\/laimbockart.nl\/fr\/wp-json\/wp\/v2\/pages\/1346","targetHints":{"allow":["GET"]}}],"collection":[{"href":"https:\/\/laimbockart.nl\/fr\/wp-json\/wp\/v2\/pages"}],"about":[{"href":"https:\/\/laimbockart.nl\/fr\/wp-json\/wp\/v2\/types\/page"}],"author":[{"embeddable":true,"href":"https:\/\/laimbockart.nl\/fr\/wp-json\/wp\/v2\/users\/1"}],"replies":[{"embeddable":true,"href":"https:\/\/laimbockart.nl\/fr\/wp-json\/wp\/v2\/comments?post=1346"}],"version-history":[{"count":17,"href":"https:\/\/laimbockart.nl\/fr\/wp-json\/wp\/v2\/pages\/1346\/revisions"}],"predecessor-version":[{"id":7210,"href":"https:\/\/laimbockart.nl\/fr\/wp-json\/wp\/v2\/pages\/1346\/revisions\/7210"}],"wp:attachment":[{"href":"https:\/\/laimbockart.nl\/fr\/wp-json\/wp\/v2\/media?parent=1346"}],"curies":[{"name":"wp","href":"https:\/\/api.w.org\/{rel}","templated":true}]}}