{"id":1308,"date":"2025-10-13T08:29:49","date_gmt":"2025-10-13T08:29:49","guid":{"rendered":"https:\/\/laimbockart.nl\/klaas-brockmeier\/"},"modified":"2026-04-13T13:13:24","modified_gmt":"2026-04-13T13:13:24","slug":"klaas-brockmeier","status":"publish","type":"page","link":"https:\/\/laimbockart.nl\/fr\/klaas-brockmeier\/","title":{"rendered":"Klaas &amp; Brockmeier"},"content":{"rendered":"<p>[et_pb_section fb_built=\u00bb1&Prime; _builder_version=\u00bb4.27.4&Prime; _module_preset=\u00bbdefault\u00bb custom_margin=\u00bb|40px||40px|false|true\u00bb custom_padding=\u00bb80px|0px|80px|0px|true|true\u00bb border_width_bottom=\u00bb1px\u00bb border_color_bottom=\u00bbrgba(26,26,64,0.12)\u00bb global_colors_info=\u00bb{}\u00bb][et_pb_row column_structure=\u00bb2_5,3_5&Prime; use_custom_gutter=\u00bbon\u00bb gutter_width=\u00bb2&Prime; make_equal=\u00bbon\u00bb _builder_version=\u00bb4.27.4&Prime; _module_preset=\u00bbdefault\u00bb background_position=\u00bbtop_center\u00bb width=\u00bb100%\u00bb max_width=\u00bb100%\u00bb custom_padding=\u00bb0px||0px||true|false\u00bb global_colors_info=\u00bb{}\u00bb][et_pb_column type=\u00bb2_5&Prime; _builder_version=\u00bb4.27.4&Prime; _module_preset=\u00bbdefault\u00bb background_image=\u00bbhttps:\/\/laimbockart.nl\/wp-content\/uploads\/2025\/10\/960_Klaas-Brockmeier.webp\u00bb background_position=\u00bbtop_center\u00bb global_colors_info=\u00bb{}\u00bb][et_pb_divider show_divider=\u00bboff\u00bb _builder_version=\u00bb4.27.4&Prime; _module_preset=\u00bbdefault\u00bb min_height=\u00bb300px\u00bb global_colors_info=\u00bb{}\u00bb][\/et_pb_divider][\/et_pb_column][et_pb_column type=\u00bb3_5&Prime; _builder_version=\u00bb4.27.4&Prime; _module_preset=\u00bbdefault\u00bb global_colors_info=\u00bb{}\u00bb][et_pb_text _builder_version=\u00bb4.27.4&Prime; _module_preset=\u00bbdefault\u00bb header_2_font=\u00bb|||on|||||\u00bb header_2_font_size=\u00bb38px\u00bb header_2_letter_spacing=\u00bb2px\u00bb header_2_line_height=\u00bb1.2em\u00bb custom_margin=\u00bb||-8px||false|false\u00bb custom_padding=\u00bb||0px||false|false\u00bb global_colors_info=\u00bb{}\u00bb text_text_color__hover_enabled=\u00bbon|hover\u00bb text_text_color__hover=\u00bb#969696&Prime; header_2_text_color__hover_enabled=\u00bboff|desktop\u00bb header_2_text_color__hover=\u00bb#969696&Prime;]<\/p>\n<h2>Klaas &amp; Brockmeier<\/h2>\n<p>[\/et_pb_text][et_pb_text _builder_version=\u00bb4.27.4&Prime; _module_preset=\u00bbdefault\u00bb text_font=\u00bbOpen Sans|||on|||||\u00bb text_text_color=\u00bb#1A1A40&Prime; text_font_size=\u00bb20px\u00bb text_letter_spacing=\u00bb2px\u00bb text_line_height=\u00bb1.2em\u00bb custom_margin=\u00bb||20px||false|false\u00bb custom_padding=\u00bb||0px||false|false\u00bb global_colors_info=\u00bb{}\u00bb]deux voix, un langage visuel[\/et_pb_text][et_pb_text _builder_version=\u00bb4.27.4&Prime; _module_preset=\u00bbdefault\u00bb text_font_size=\u00bb18px\u00bb text_line_height=\u00bb1.5em\u00bb global_colors_info=\u00bb{}\u00bb]Le duo d&rsquo;artistes Uschi Klaas &amp; Heinrich Brockmeier cr\u00e9e des \u0153uvres d&rsquo;art diverses, ensemble et s\u00e9par\u00e9ment. Klaas peint des toiles puissantes avec des pigments grossiers et fins dans lesquelles elle int\u00e8gre des textes de Rainer Maria Rilke, conf\u00e9rant \u00e0 son travail une profondeur po\u00e9tique. Brockmeier r\u00e9alise des sculptures o\u00f9 forme et mat\u00e9riau s&rsquo;unissent en une entit\u00e9 apais\u00e9e mais expressive.  <\/p>\n<p>Leurs \u0153uvres sont une symbiose entre la peinture et la sculpture. Heinrich Brockmeier pr\u00e9pare la toile de mani\u00e8re \u00e0 pouvoir, dans une phase ult\u00e9rieure, fixer la sculpture en bronze au tableau. Uschi Klaas commence avec sa propre peinture et des pigments bruts. Le th\u00e8me \u00ab rendre l\u2019indicible dicible \u00bb est au c\u0153ur de leur travail.    Goethe le disait d\u00e9j\u00e0 : \u00ab L\u2019art n\u2019est-il pas par excellence le support de ce qui ne peut \u00eatre exprim\u00e9 par des mots ? \u00bb<br \/>\nEn tant que deux artistes ind\u00e9pendants avec leur propre signature, ils se retrouvent dans un langage visuel commun \u00e9tonnamment coh\u00e9rent, tout en restant stratifi\u00e9 et vivant.<\/p>\n<p>Leur collaboration est une rencontre : ils travaillent ensemble et s\u00e9par\u00e9ment, et cette tension entre autonomie et connexion rend leur travail si intriguant. Leurs \u0153uvres communes portent les traces d&rsquo;une double signature \u2014 non seulement litt\u00e9ralement, mais perceptible dans l&rsquo;interaction entre contr\u00f4le et abandon, entre raison et intuition, entre \u00e9nergie masculine et f\u00e9minine. <\/p>\n<p>Laimb\u00f6ck Art pr\u00e9sente Klaas &amp; Brockmeier exclusivement lors de foires d&rsquo;art, o\u00f9 leur travail se distingue par la puissante combinaison de deux artistes. Leurs \u0153uvres sont d\u00e9tenues par divers mus\u00e9es et collections en Allemagne, aux Pays-Bas, en France, en Suisse et aux \u00c9tats-Unis.[\/et_pb_text][\/et_pb_column][\/et_pb_row][\/et_pb_section][et_pb_section fb_built=\u00bb1&Prime; _builder_version=\u00bb4.27.4&Prime; _module_preset=\u00bbdefault\u00bb custom_margin=\u00bb0px||0px||true|false\u00bb custom_padding=\u00bb40px|40px|40px|40px|true|true\u00bb global_colors_info=\u00bb{}\u00bb][et_pb_row use_custom_gutter=\u00bbon\u00bb gutter_width=\u00bb2&Prime; make_equal=\u00bbon\u00bb _builder_version=\u00bb4.27.4&Prime; _module_preset=\u00bbdefault\u00bb width=\u00bb100%\u00bb max_width=\u00bb100%\u00bb custom_margin=\u00bb||40px||false|false\u00bb custom_padding=\u00bb0px||0px||true|false\u00bb global_colors_info=\u00bb{}\u00bb][et_pb_column type=\u00bb4_4&Prime; _builder_version=\u00bb4.27.4&Prime; _module_preset=\u00bbdefault\u00bb global_colors_info=\u00bb{}\u00bb][et_pb_text _builder_version=\u00bb4.27.4&Prime; _module_preset=\u00bbdefault\u00bb header_2_font=\u00bb|||on|||||\u00bb header_2_font_size=\u00bb38px\u00bb header_2_line_height=\u00bb1.2em\u00bb custom_margin=\u00bb||-8px||false|false\u00bb custom_padding=\u00bb||0px||false|false\u00bb global_colors_info=\u00bb{}\u00bb text_text_color__hover_enabled=\u00bbon|hover\u00bb text_text_color__hover=\u00bb#969696&Prime; header_2_text_color__hover_enabled=\u00bboff|hover\u00bb header_2_text_color__hover=\u00bb#969696&Prime;]<\/p>\n<h2>\u0152uvres d&rsquo;art<\/h2>\n<p>[\/et_pb_text][\/et_pb_column][\/et_pb_row][et_pb_row column_structure=\u00bb1_4,1_4,1_4,1_4&Prime; use_custom_gutter=\u00bbon\u00bb gutter_width=\u00bb2&Prime; make_equal=\u00bbon\u00bb _builder_version=\u00bb4.27.5&Prime; _module_preset=\u00bbdefault\u00bb width=\u00bb100%\u00bb max_width=\u00bb100%\u00bb custom_margin=\u00bb|auto|39px|auto|false|false\u00bb custom_padding=\u00bb0px||0px||true|false\u00bb global_colors_info=\u00bb{}\u00bb][et_pb_column type=\u00bb1_4&Prime; _builder_version=\u00bb4.27.4&Prime; _module_preset=\u00bbdefault\u00bb background_enable_image=\u00bboff\u00bb global_colors_info=\u00bb{}\u00bb background__hover_enabled=\u00bboff|desktop\u00bb background_image__hover=\u00bbhttps:\/\/laimbockart.nl\/wp-content\/uploads\/2025\/08\/Scherm_afbeelding-2025-03-30-om-16.29.46.png\u00bb background_enable_image__hover=\u00bbon\u00bb][et_pb_image src=\u00bbhttps:\/\/laimbockart.nl\/wp-content\/uploads\/2025\/12\/Klaas-Brockmeier-Zonder-titel.jpg\u00bb alt=\u00bbKlaas &amp; Brockmeier \u2013 Sans titre\u00bb title_text=\u00bbKlaas &amp; Brockmeier \u2013 Sans titre\u00bb url=\u00bbhttps:\/\/laimbockart.nl\/fr\/kunstwerken\/sans-titre\/\u00bb show_bottom_space=\u00bboff\u00bb _builder_version=\u00bb4.27.5&Prime; _module_preset=\u00bbdefault\u00bb background_color=\u00bb#969696&Prime; width=\u00bb100%\u00bb max_width=\u00bb100%\u00bb custom_margin=\u00bb||20px||false|false\u00bb hover_transition_duration=\u00bb500ms\u00bb hover_transition_speed_curve=\u00bbease-in\u00bb box_shadow_style=\u00bbpreset1&Prime; box_shadow_vertical=\u00bb0px\u00bb box_shadow_blur=\u00bb16px\u00bb box_shadow_spread=\u00bb-7px\u00bb global_colors_info=\u00bb{}\u00bb src__hover_enabled=\u00bboff|hover\u00bb src__hover=\u00bbhttps:\/\/laimbockart.nl\/wp-content\/uploads\/2025\/08\/Willem_A-horse-called-Desire-detai.webp\u00bb filter_contrast__hover_enabled=\u00bbon|hover\u00bb filter_contrast__hover=\u00bb100%\u00bb box_shadow_color__hover_enabled=\u00bbon|hover\u00bb box_shadow_color__hover=\u00bb#000000&Prime; box_shadow_blur__hover=\u00bb20px\u00bb box_shadow_blur__hover_enabled=\u00bbon|hover\u00bb background__hover_enabled=\u00bboff|desktop\u00bb][\/et_pb_image][et_pb_text _builder_version=\u00bb4.27.5&Prime; _module_preset=\u00bbdefault\u00bb text_font=\u00bbOpen Sans|||on|||||\u00bb text_text_color=\u00bb#1A1A40&Prime; text_font_size=\u00bb20px\u00bb text_letter_spacing=\u00bb2px\u00bb text_line_height=\u00bb1.2em\u00bb custom_margin=\u00bb||20px||false|false\u00bb custom_padding=\u00bb||0px||false|false\u00bb global_colors_info=\u00bb{}\u00bb]<\/p>\n<p>Sans titre<\/p>\n<p>[\/et_pb_text][\/et_pb_column][et_pb_column type=\u00bb1_4&Prime; _builder_version=\u00bb4.27.4&Prime; _module_preset=\u00bbdefault\u00bb background_enable_image=\u00bboff\u00bb global_colors_info=\u00bb{}\u00bb background__hover_enabled=\u00bboff|desktop\u00bb background_image__hover=\u00bbhttps:\/\/laimbockart.nl\/wp-content\/uploads\/2025\/08\/Scherm_afbeelding-2025-03-30-om-16.29.46.png\u00bb background_enable_image__hover=\u00bbon\u00bb][et_pb_image src=\u00bbhttps:\/\/laimbockart.nl\/wp-content\/uploads\/2025\/12\/Klaas-Brockmeier-Sonnenmenschen.jpg\u00bb alt=\u00bbKlaas &amp; Brockmeier \u2013 Sonnenmenschen\u00bb title_text=\u00bbKlaas &amp; Brockmeier \u2013 Sonnenmenschen\u00bb url=\u00bbhttps:\/\/laimbockart.nl\/fr\/kunstwerken\/sonnenmenschen\/\u00bb show_bottom_space=\u00bboff\u00bb _builder_version=\u00bb4.27.5&Prime; _module_preset=\u00bbdefault\u00bb background_color=\u00bb#969696&Prime; width=\u00bb100%\u00bb max_width=\u00bb100%\u00bb custom_margin=\u00bb||20px||false|false\u00bb hover_transition_duration=\u00bb500ms\u00bb hover_transition_speed_curve=\u00bbease-in\u00bb box_shadow_style=\u00bbpreset1&Prime; box_shadow_vertical=\u00bb0px\u00bb box_shadow_blur=\u00bb16px\u00bb box_shadow_spread=\u00bb-7px\u00bb global_colors_info=\u00bb{}\u00bb src__hover_enabled=\u00bboff|hover\u00bb src__hover=\u00bbhttps:\/\/laimbockart.nl\/wp-content\/uploads\/2025\/08\/Willem_A-horse-called-Desire-detai.webp\u00bb filter_contrast__hover_enabled=\u00bbon|hover\u00bb filter_contrast__hover=\u00bb100%\u00bb box_shadow_color__hover_enabled=\u00bbon|hover\u00bb box_shadow_color__hover=\u00bb#000000&Prime; box_shadow_blur__hover=\u00bb20px\u00bb box_shadow_blur__hover_enabled=\u00bbon|hover\u00bb background__hover_enabled=\u00bboff|desktop\u00bb][\/et_pb_image][et_pb_text _builder_version=\u00bb4.27.5&Prime; _module_preset=\u00bbdefault\u00bb text_font=\u00bbOpen Sans|||on|||||\u00bb text_text_color=\u00bb#1A1A40&Prime; text_font_size=\u00bb20px\u00bb text_letter_spacing=\u00bb2px\u00bb text_line_height=\u00bb1.2em\u00bb custom_margin=\u00bb||20px||false|false\u00bb custom_padding=\u00bb||0px||false|false\u00bb global_colors_info=\u00bb{}\u00bb]<\/p>\n<p>Sonnenmenschen<\/p>\n<p>[\/et_pb_text][\/et_pb_column][et_pb_column type=\u00bb1_4&Prime; _builder_version=\u00bb4.27.4&Prime; _module_preset=\u00bbdefault\u00bb background_enable_image=\u00bboff\u00bb global_colors_info=\u00bb{}\u00bb background__hover_enabled=\u00bboff|desktop\u00bb background_image__hover=\u00bbhttps:\/\/laimbockart.nl\/wp-content\/uploads\/2025\/08\/Scherm_afbeelding-2025-03-30-om-16.29.46.png\u00bb background_enable_image__hover=\u00bbon\u00bb][et_pb_image src=\u00bbhttps:\/\/laimbockart.nl\/wp-content\/uploads\/2025\/10\/420_Klaas-Brockmeier-Santanyi.webp\u00bb alt=\u00bbKlaas &amp; Brockmeier \u2013 Santanyi\u00bb title_text=\u00bbKlaas &amp; Brockmeier \u2013 Santanyi\u00bb url=\u00bbhttps:\/\/laimbockart.nl\/fr\/kunstwerken\/santanyi\/\u00bb show_bottom_space=\u00bboff\u00bb _builder_version=\u00bb4.27.4&Prime; _module_preset=\u00bbdefault\u00bb background_color=\u00bb#969696&Prime; width=\u00bb100%\u00bb max_width=\u00bb100%\u00bb custom_margin=\u00bb||20px||false|false\u00bb hover_transition_duration=\u00bb500ms\u00bb hover_transition_speed_curve=\u00bbease-in\u00bb box_shadow_style=\u00bbpreset1&Prime; box_shadow_vertical=\u00bb0px\u00bb box_shadow_blur=\u00bb16px\u00bb box_shadow_spread=\u00bb-7px\u00bb global_colors_info=\u00bb{}\u00bb src__hover_enabled=\u00bboff|hover\u00bb src__hover=\u00bbhttps:\/\/laimbockart.nl\/wp-content\/uploads\/2025\/08\/Willem_A-horse-called-Desire-detai.webp\u00bb filter_contrast__hover_enabled=\u00bbon|hover\u00bb filter_contrast__hover=\u00bb100%\u00bb box_shadow_color__hover_enabled=\u00bbon|hover\u00bb box_shadow_color__hover=\u00bb#000000&Prime; box_shadow_blur__hover=\u00bb20px\u00bb box_shadow_blur__hover_enabled=\u00bbon|hover\u00bb background__hover_enabled=\u00bboff|desktop\u00bb][\/et_pb_image][et_pb_text _builder_version=\u00bb4.27.4&Prime; _module_preset=\u00bbdefault\u00bb text_font=\u00bbOpen Sans|||on|||||\u00bb text_text_color=\u00bb#1A1A40&Prime; text_font_size=\u00bb20px\u00bb text_letter_spacing=\u00bb2px\u00bb text_line_height=\u00bb1.2em\u00bb custom_margin=\u00bb||20px||false|false\u00bb custom_padding=\u00bb||0px||false|false\u00bb global_colors_info=\u00bb{}\u00bb]<\/p>\n<p>Santanyi<\/p>\n<p>[\/et_pb_text][\/et_pb_column][et_pb_column type=\u00bb1_4&Prime; _builder_version=\u00bb4.27.4&Prime; _module_preset=\u00bbdefault\u00bb background_enable_image=\u00bboff\u00bb global_colors_info=\u00bb{}\u00bb background__hover_enabled=\u00bboff|desktop\u00bb background_image__hover=\u00bbhttps:\/\/laimbockart.nl\/wp-content\/uploads\/2025\/08\/Scherm_afbeelding-2025-03-30-om-16.29.46.png\u00bb background_enable_image__hover=\u00bbon\u00bb][et_pb_image src=\u00bbhttps:\/\/laimbockart.nl\/wp-content\/uploads\/2025\/10\/Klaas-Brockmeier-De-Opstap.jpeg\u00bb alt=\u00bbBrockmeier \u2013 Frau\u00bb title_text=\u00bbKlaas Brockmeier \u2013 De Opstap\u00bb url=\u00bbhttps:\/\/laimbockart.nl\/fr\/kunstwerken\/shape\/\u00bb show_bottom_space=\u00bboff\u00bb _builder_version=\u00bb4.27.6&Prime; _module_preset=\u00bbdefault\u00bb background_color=\u00bb#969696&Prime; width=\u00bb100%\u00bb max_width=\u00bb100%\u00bb custom_margin=\u00bb||20px||false|false\u00bb hover_transition_duration=\u00bb500ms\u00bb hover_transition_speed_curve=\u00bbease-in\u00bb box_shadow_style=\u00bbpreset1&Prime; box_shadow_vertical=\u00bb0px\u00bb box_shadow_blur=\u00bb16px\u00bb box_shadow_spread=\u00bb-7px\u00bb global_colors_info=\u00bb{}\u00bb background__hover_enabled=\u00bboff|desktop\u00bb src__hover_enabled=\u00bboff|hover\u00bb src__hover=\u00bbhttps:\/\/laimbockart.nl\/wp-content\/uploads\/2025\/08\/Willem_A-horse-called-Desire-detai.webp\u00bb filter_contrast__hover_enabled=\u00bbon|hover\u00bb filter_contrast__hover=\u00bb100%\u00bb box_shadow_color__hover_enabled=\u00bbon|hover\u00bb box_shadow_color__hover=\u00bb#000000&Prime; box_shadow_blur__hover_enabled=\u00bbon|hover\u00bb box_shadow_blur__hover=\u00bb20px\u00bb][\/et_pb_image][et_pb_text _builder_version=\u00bb4.27.6&Prime; _module_preset=\u00bbdefault\u00bb text_font=\u00bbOpen Sans|||on|||||\u00bb text_text_color=\u00bb#1A1A40&Prime; text_font_size=\u00bb20px\u00bb text_letter_spacing=\u00bb2px\u00bb text_line_height=\u00bb1.2em\u00bb custom_margin=\u00bb||20px||false|false\u00bb custom_padding=\u00bb||0px||false|false\u00bb global_colors_info=\u00bb{}\u00bb]<\/p>\n<p>L\u2019Envol<\/p>\n<p>[\/et_pb_text][\/et_pb_column][\/et_pb_row][et_pb_row column_structure=\u00bb1_4,1_4,1_4,1_4&Prime; use_custom_gutter=\u00bbon\u00bb gutter_width=\u00bb2&Prime; make_equal=\u00bbon\u00bb _builder_version=\u00bb4.27.6&Prime; _module_preset=\u00bbdefault\u00bb width=\u00bb100%\u00bb max_width=\u00bb100%\u00bb custom_margin=\u00bb|auto|39px|auto|false|false\u00bb custom_padding=\u00bb0px||0px||true|false\u00bb global_colors_info=\u00bb{}\u00bb][et_pb_column type=\u00bb1_4&Prime; _builder_version=\u00bb4.27.4&Prime; _module_preset=\u00bbdefault\u00bb background_enable_image=\u00bboff\u00bb global_colors_info=\u00bb{}\u00bb background__hover_enabled=\u00bboff|desktop\u00bb background_image__hover=\u00bbhttps:\/\/laimbockart.nl\/wp-content\/uploads\/2025\/08\/Scherm_afbeelding-2025-03-30-om-16.29.46.png\u00bb background_enable_image__hover=\u00bbon\u00bb][et_pb_image src=\u00bbhttps:\/\/laimbockart.nl\/wp-content\/uploads\/2025\/10\/DSC01370.jpeg\u00bb alt=\u00bbKlaas &amp; Brockmeier \u2013 Zusammen\u00bb title_text=\u00bbDSC01370&Prime; url=\u00bbhttps:\/\/laimbockart.nl\/fr\/kunstwerken\/zusammen\/\u00bb show_bottom_space=\u00bboff\u00bb _builder_version=\u00bb4.27.6&Prime; _module_preset=\u00bbdefault\u00bb background_color=\u00bb#969696&Prime; width=\u00bb100%\u00bb max_width=\u00bb100%\u00bb custom_margin=\u00bb||20px||false|false\u00bb hover_transition_duration=\u00bb500ms\u00bb hover_transition_speed_curve=\u00bbease-in\u00bb box_shadow_style=\u00bbpreset1&Prime; box_shadow_vertical=\u00bb0px\u00bb box_shadow_blur=\u00bb16px\u00bb box_shadow_spread=\u00bb-7px\u00bb global_colors_info=\u00bb{}\u00bb background__hover_enabled=\u00bboff|desktop\u00bb src__hover_enabled=\u00bboff|hover\u00bb src__hover=\u00bbhttps:\/\/laimbockart.nl\/wp-content\/uploads\/2025\/08\/Willem_A-horse-called-Desire-detai.webp\u00bb filter_contrast__hover_enabled=\u00bbon|hover\u00bb filter_contrast__hover=\u00bb100%\u00bb box_shadow_color__hover_enabled=\u00bbon|hover\u00bb box_shadow_color__hover=\u00bb#000000&Prime; box_shadow_blur__hover_enabled=\u00bbon|hover\u00bb box_shadow_blur__hover=\u00bb20px\u00bb][\/et_pb_image][et_pb_text _builder_version=\u00bb4.27.6&Prime; _module_preset=\u00bbdefault\u00bb text_font=\u00bbOpen Sans|||on|||||\u00bb text_text_color=\u00bb#1A1A40&Prime; text_font_size=\u00bb20px\u00bb text_letter_spacing=\u00bb2px\u00bb text_line_height=\u00bb1.2em\u00bb custom_margin=\u00bb||20px||false|false\u00bb custom_padding=\u00bb||0px||false|false\u00bb global_colors_info=\u00bb{}\u00bb]<\/p>\n<p>Le Philosophe<\/p>\n<p>[\/et_pb_text][\/et_pb_column][et_pb_column type=\u00bb1_4&Prime; _builder_version=\u00bb4.27.4&Prime; _module_preset=\u00bbdefault\u00bb background_enable_image=\u00bboff\u00bb global_colors_info=\u00bb{}\u00bb background__hover_enabled=\u00bboff|desktop\u00bb background_image__hover=\u00bbhttps:\/\/laimbockart.nl\/wp-content\/uploads\/2025\/08\/Scherm_afbeelding-2025-03-30-om-16.29.46.png\u00bb background_enable_image__hover=\u00bbon\u00bb][et_pb_image src=\u00bbhttps:\/\/laimbockart.nl\/wp-content\/uploads\/2026\/04\/Klaas-Brockmeier-Upstairs.jpeg\u00bb alt=\u00bbKlaas &amp; Brockmeier \u2013 Freiheit\u00bb title_text=\u00bbKlaas Brockmeier \u2013 Upstairs\u00bb url=\u00bbhttps:\/\/laimbockart.nl\/fr\/kunstwerken\/freiheit\/\u00bb show_bottom_space=\u00bboff\u00bb _builder_version=\u00bb4.27.6&Prime; _module_preset=\u00bbdefault\u00bb background_color=\u00bb#969696&Prime; width=\u00bb100%\u00bb max_width=\u00bb100%\u00bb custom_margin=\u00bb||20px||false|false\u00bb hover_transition_duration=\u00bb500ms\u00bb hover_transition_speed_curve=\u00bbease-in\u00bb hover_enabled=\u00bb0&Prime; box_shadow_style=\u00bbpreset1&Prime; box_shadow_vertical=\u00bb0px\u00bb box_shadow_blur=\u00bb16px\u00bb box_shadow_spread=\u00bb-7px\u00bb global_colors_info=\u00bb{}\u00bb src__hover_enabled=\u00bboff|hover\u00bb src__hover=\u00bbhttps:\/\/laimbockart.nl\/wp-content\/uploads\/2025\/08\/Willem_A-horse-called-Desire-detai.webp\u00bb filter_contrast__hover_enabled=\u00bbon|hover\u00bb filter_contrast__hover=\u00bb100%\u00bb box_shadow_color__hover_enabled=\u00bbon|hover\u00bb box_shadow_color__hover=\u00bb#000000&Prime; box_shadow_blur__hover=\u00bb20px\u00bb box_shadow_blur__hover_enabled=\u00bbon|hover\u00bb background__hover_enabled=\u00bboff|desktop\u00bb sticky_enabled=\u00bb0&Prime;][\/et_pb_image][et_pb_text _builder_version=\u00bb4.27.6&Prime; _module_preset=\u00bbdefault\u00bb text_font=\u00bbOpen Sans|||on|||||\u00bb text_text_color=\u00bb#1A1A40&Prime; text_font_size=\u00bb20px\u00bb text_letter_spacing=\u00bb2px\u00bb text_line_height=\u00bb1.2em\u00bb custom_margin=\u00bb||20px||false|false\u00bb custom_padding=\u00bb||0px||false|false\u00bb hover_enabled=\u00bb0&Prime; global_colors_info=\u00bb{}\u00bb sticky_enabled=\u00bb0&Prime;]<\/p>\n<p>Upstairs<\/p>\n<p>[\/et_pb_text][\/et_pb_column][et_pb_column type=\u00bb1_4&Prime; _builder_version=\u00bb4.27.4&Prime; _module_preset=\u00bbdefault\u00bb background_enable_image=\u00bboff\u00bb global_colors_info=\u00bb{}\u00bb background__hover_enabled=\u00bboff|desktop\u00bb background_image__hover=\u00bbhttps:\/\/laimbockart.nl\/wp-content\/uploads\/2025\/08\/Scherm_afbeelding-2025-03-30-om-16.29.46.png\u00bb background_enable_image__hover=\u00bbon\u00bb][et_pb_image src=\u00bbhttps:\/\/laimbockart.nl\/wp-content\/uploads\/2025\/10\/klaas-Brockmeier-Bienvenido.jpeg\u00bb alt=\u00bbKlaas &amp; Brockmeier \u2013 Himmel uber Dich\u00bb title_text=\u00bbKlaas Brockmeier \u2013 Bienvenido\u00bb url=\u00bbhttps:\/\/laimbockart.nl\/fr\/kunstwerken\/himmel-uber-dich\/\u00bb show_bottom_space=\u00bboff\u00bb _builder_version=\u00bb4.27.6&Prime; _module_preset=\u00bbdefault\u00bb background_color=\u00bb#969696&Prime; width=\u00bb100%\u00bb max_width=\u00bb100%\u00bb custom_margin=\u00bb||20px||false|false\u00bb hover_transition_duration=\u00bb500ms\u00bb hover_transition_speed_curve=\u00bbease-in\u00bb box_shadow_style=\u00bbpreset1&Prime; box_shadow_vertical=\u00bb0px\u00bb box_shadow_blur=\u00bb16px\u00bb box_shadow_spread=\u00bb-7px\u00bb global_colors_info=\u00bb{}\u00bb src__hover_enabled=\u00bboff|hover\u00bb src__hover=\u00bbhttps:\/\/laimbockart.nl\/wp-content\/uploads\/2025\/08\/Willem_A-horse-called-Desire-detai.webp\u00bb filter_contrast__hover_enabled=\u00bbon|hover\u00bb filter_contrast__hover=\u00bb100%\u00bb box_shadow_color__hover_enabled=\u00bbon|hover\u00bb box_shadow_color__hover=\u00bb#000000&Prime; box_shadow_blur__hover=\u00bb20px\u00bb box_shadow_blur__hover_enabled=\u00bbon|hover\u00bb background__hover_enabled=\u00bboff|desktop\u00bb][\/et_pb_image][et_pb_text _builder_version=\u00bb4.27.6&Prime; _module_preset=\u00bbdefault\u00bb text_font=\u00bbOpen Sans|||on|||||\u00bb text_text_color=\u00bb#1A1A40&Prime; text_font_size=\u00bb20px\u00bb text_letter_spacing=\u00bb2px\u00bb text_line_height=\u00bb1.2em\u00bb custom_margin=\u00bb||20px||false|false\u00bb custom_padding=\u00bb||0px||false|false\u00bb global_colors_info=\u00bb{}\u00bb]<\/p>\n<p>Bienvenido<\/p>\n<p>[\/et_pb_text][\/et_pb_column][et_pb_column type=\u00bb1_4&Prime; _builder_version=\u00bb4.27.4&Prime; _module_preset=\u00bbdefault\u00bb background_enable_image=\u00bboff\u00bb global_colors_info=\u00bb{}\u00bb background__hover_enabled=\u00bboff|desktop\u00bb background_image__hover=\u00bbhttps:\/\/laimbockart.nl\/wp-content\/uploads\/2025\/08\/Scherm_afbeelding-2025-03-30-om-16.29.46.png\u00bb background_enable_image__hover=\u00bbon\u00bb][et_pb_image src=\u00bbhttps:\/\/laimbockart.nl\/wp-content\/uploads\/2026\/04\/Klaas-Brockmeier-Happy-Hour.jpeg\u00bb alt=\u00bbKlaas &amp; Brockmeier \u2013 Freiheit\u00bb title_text=\u00bbKlaas Brockmeier \u2013 Happy Hour\u00bb url=\u00bbhttps:\/\/laimbockart.nl\/fr\/kunstwerken\/happy-hour\/\u00bb show_bottom_space=\u00bboff\u00bb _builder_version=\u00bb4.27.6&Prime; _module_preset=\u00bbdefault\u00bb background_color=\u00bb#969696&Prime; width=\u00bb100%\u00bb max_width=\u00bb100%\u00bb custom_margin=\u00bb||20px||false|false\u00bb hover_transition_duration=\u00bb500ms\u00bb hover_transition_speed_curve=\u00bbease-in\u00bb box_shadow_style=\u00bbpreset1&Prime; box_shadow_vertical=\u00bb0px\u00bb box_shadow_blur=\u00bb16px\u00bb box_shadow_spread=\u00bb-7px\u00bb global_colors_info=\u00bb{}\u00bb src__hover_enabled=\u00bboff|hover\u00bb src__hover=\u00bbhttps:\/\/laimbockart.nl\/wp-content\/uploads\/2025\/08\/Willem_A-horse-called-Desire-detai.webp\u00bb filter_contrast__hover_enabled=\u00bbon|hover\u00bb filter_contrast__hover=\u00bb100%\u00bb box_shadow_color__hover_enabled=\u00bbon|hover\u00bb box_shadow_color__hover=\u00bb#000000&Prime; box_shadow_blur__hover=\u00bb20px\u00bb box_shadow_blur__hover_enabled=\u00bbon|hover\u00bb background__hover_enabled=\u00bboff|desktop\u00bb][\/et_pb_image][et_pb_text _builder_version=\u00bb4.27.6&Prime; _module_preset=\u00bbdefault\u00bb text_font=\u00bbOpen Sans|||on|||||\u00bb text_text_color=\u00bb#1A1A40&Prime; text_font_size=\u00bb20px\u00bb text_letter_spacing=\u00bb2px\u00bb text_line_height=\u00bb1.2em\u00bb custom_margin=\u00bb||20px||false|false\u00bb custom_padding=\u00bb||0px||false|false\u00bb global_colors_info=\u00bb{}\u00bb]Happy Hour[\/et_pb_text][\/et_pb_column][\/et_pb_row][\/et_pb_section]<\/p>\n","protected":false},"excerpt":{"rendered":"<p>Klaas &amp; Brockmeierdeux voix, un langage visuelLe duo d&rsquo;artistes Uschi Klaas &amp; Heinrich Brockmeier cr\u00e9e des \u0153uvres d&rsquo;art diverses, ensemble et s\u00e9par\u00e9ment. Klaas peint des toiles puissantes avec des pigments grossiers et fins dans lesquelles elle int\u00e8gre des textes de Rainer Maria Rilke, conf\u00e9rant \u00e0 son travail une profondeur po\u00e9tique. Brockmeier r\u00e9alise des sculptures o\u00f9 [&hellip;]<\/p>\n","protected":false},"author":1,"featured_media":0,"parent":0,"menu_order":0,"comment_status":"closed","ping_status":"closed","template":"","meta":{"_acf_changed":false,"_et_pb_use_builder":"on","_et_pb_old_content":"","_et_gb_content_width":"","footnotes":""},"class_list":["post-1308","page","type-page","status-publish","hentry"],"acf":[],"_links":{"self":[{"href":"https:\/\/laimbockart.nl\/fr\/wp-json\/wp\/v2\/pages\/1308","targetHints":{"allow":["GET"]}}],"collection":[{"href":"https:\/\/laimbockart.nl\/fr\/wp-json\/wp\/v2\/pages"}],"about":[{"href":"https:\/\/laimbockart.nl\/fr\/wp-json\/wp\/v2\/types\/page"}],"author":[{"embeddable":true,"href":"https:\/\/laimbockart.nl\/fr\/wp-json\/wp\/v2\/users\/1"}],"replies":[{"embeddable":true,"href":"https:\/\/laimbockart.nl\/fr\/wp-json\/wp\/v2\/comments?post=1308"}],"version-history":[{"count":38,"href":"https:\/\/laimbockart.nl\/fr\/wp-json\/wp\/v2\/pages\/1308\/revisions"}],"predecessor-version":[{"id":7412,"href":"https:\/\/laimbockart.nl\/fr\/wp-json\/wp\/v2\/pages\/1308\/revisions\/7412"}],"wp:attachment":[{"href":"https:\/\/laimbockart.nl\/fr\/wp-json\/wp\/v2\/media?parent=1308"}],"curies":[{"name":"wp","href":"https:\/\/api.w.org\/{rel}","templated":true}]}}