{"id":1281,"date":"2025-10-10T12:54:16","date_gmt":"2025-10-10T12:54:16","guid":{"rendered":"https:\/\/laimbockart.nl\/services\/"},"modified":"2026-01-23T09:55:32","modified_gmt":"2026-01-23T09:55:32","slug":"services","status":"publish","type":"page","link":"https:\/\/laimbockart.nl\/fr\/services\/","title":{"rendered":"Services"},"content":{"rendered":"<p>[et_pb_section fb_built=\u00bb1&Prime; custom_padding_last_edited=\u00bbon|phone\u00bb _builder_version=\u00bb4.27.4&Prime; _module_preset=\u00bbdefault\u00bb custom_margin=\u00bb|40px||40px|false|true\u00bb custom_padding=\u00bb80px|0px|80px|0px|false|true\u00bb custom_padding_tablet=\u00bb80px|0px|80px|0px|false|true\u00bb custom_padding_phone=\u00bb80px|0px|0px|0px|false|true\u00bb border_width_bottom=\u00bb1px\u00bb border_color_bottom=\u00bbrgba(26,26,64,0.12)\u00bb global_colors_info=\u00bb{}\u00bb][et_pb_row column_structure=\u00bb1_2,1_2&Prime; _builder_version=\u00bb4.27.4&Prime; _module_preset=\u00bbdefault\u00bb width=\u00bb100%\u00bb max_width=\u00bb100%\u00bb custom_padding=\u00bb0px||0px||true|false\u00bb global_colors_info=\u00bb{}\u00bb][et_pb_column type=\u00bb1_2&Prime; _builder_version=\u00bb4.27.4&Prime; _module_preset=\u00bbdefault\u00bb global_colors_info=\u00bb{}\u00bb][et_pb_text _builder_version=\u00bb4.27.4&Prime; _module_preset=\u00bbdefault\u00bb header_font=\u00bbAlegreya Sans|||on|||||\u00bb header_text_align=\u00bbleft\u00bb header_font_size=\u00bb80px\u00bb header_line_height=\u00bb0.8em\u00bb custom_margin=\u00bb||0px||false|false\u00bb custom_padding=\u00bb||0px||false|false\u00bb header_font_size_tablet=\u00bb80px\u00bb header_font_size_phone=\u00bb50px\u00bb header_font_size_last_edited=\u00bbon|phone\u00bb global_colors_info=\u00bb{}\u00bb]<\/p>\n<h1>Services<\/h1>\n<p>[\/et_pb_text][\/et_pb_column][et_pb_column type=\u00bb1_2&Prime; _builder_version=\u00bb4.27.4&Prime; _module_preset=\u00bbdefault\u00bb global_colors_info=\u00bb{}\u00bb][\/et_pb_column][\/et_pb_row][\/et_pb_section][et_pb_section fb_built=\u00bb1&Prime; _builder_version=\u00bb4.27.4&Prime; _module_preset=\u00bbdefault\u00bb custom_margin=\u00bb|40px||40px|false|true\u00bb custom_padding=\u00bb80px|0px|80px|0px|true|true\u00bb border_width_bottom=\u00bb1px\u00bb border_color_bottom=\u00bbrgba(26,26,64,0.12)\u00bb global_colors_info=\u00bb{}\u00bb][et_pb_row column_structure=\u00bb1_2,1_2&Prime; use_custom_gutter=\u00bbon\u00bb gutter_width=\u00bb2&Prime; make_equal=\u00bbon\u00bb _builder_version=\u00bb4.27.4&Prime; _module_preset=\u00bbdefault\u00bb width=\u00bb100%\u00bb max_width=\u00bb100%\u00bb custom_padding=\u00bb0px||0px||true|false\u00bb global_colors_info=\u00bb{}\u00bb][et_pb_column type=\u00bb1_2&Prime; _builder_version=\u00bb4.27.4&Prime; _module_preset=\u00bbdefault\u00bb global_colors_info=\u00bb{}\u00bb][et_pb_text _builder_version=\u00bb4.27.4&Prime; _module_preset=\u00bbdefault\u00bb text_font_size=\u00bb18px\u00bb custom_margin=\u00bb||10px||false|false\u00bb global_colors_info=\u00bb{}\u00bb]<\/p>\n<p>Laimb\u00f6ck Art dispose d&rsquo;un vaste r\u00e9seau de sp\u00e9cialistes dans le monde de l&rsquo;art n\u00e9erlandais.<\/p>\n<p><strong>Nous vous assistons pour :<\/strong><\/p>\n<p>[\/et_pb_text][et_pb_blurb use_icon=\u00bbon\u00bb font_icon=\u00bb&#x4b;||divi||400&Prime; icon_color=\u00bb#000000&Prime; image_icon_background_color=\u00bbRGBA(255,255,255,0)\u00bb icon_placement=\u00bbleft\u00bb image_icon_width=\u00bb18px\u00bb content_max_width=\u00bb100%\u00bb _builder_version=\u00bb4.27.4&Prime; _module_preset=\u00bbdefault\u00bb header_font_size=\u00bb18px\u00bb header_line_height=\u00bb1.2em\u00bb body_font_size=\u00bb18px\u00bb body_line_height=\u00bb1.8em\u00bb image_icon_custom_margin=\u00bb4px||||false|false\u00bb custom_margin=\u00bb||4px||false|false\u00bb global_colors_info=\u00bb{}\u00bb]<\/p>\n<p>L&rsquo;achat et la vente d&rsquo;\u0153uvres d&rsquo;art<\/p>\n<p>[\/et_pb_blurb][et_pb_blurb use_icon=\u00bbon\u00bb font_icon=\u00bb&#x4b;||divi||400&Prime; icon_color=\u00bb#000000&Prime; image_icon_background_color=\u00bbRGBA(255,255,255,0)\u00bb icon_placement=\u00bbleft\u00bb image_icon_width=\u00bb18px\u00bb content_max_width=\u00bb100%\u00bb _builder_version=\u00bb4.27.4&Prime; _module_preset=\u00bbdefault\u00bb header_font_size=\u00bb18px\u00bb header_line_height=\u00bb1.2em\u00bb body_font_size=\u00bb18px\u00bb body_line_height=\u00bb1.8em\u00bb image_icon_custom_margin=\u00bb4px||||false|false\u00bb custom_margin=\u00bb||4px||false|false\u00bb global_colors_info=\u00bb{}\u00bb]La constitution d&rsquo;une collection[\/et_pb_blurb][et_pb_blurb use_icon=\u00bbon\u00bb font_icon=\u00bb&#x4b;||divi||400&Prime; icon_color=\u00bb#000000&Prime; image_icon_background_color=\u00bbRGBA(255,255,255,0)\u00bb icon_placement=\u00bbleft\u00bb image_icon_width=\u00bb18px\u00bb content_max_width=\u00bb100%\u00bb _builder_version=\u00bb4.27.4&Prime; _module_preset=\u00bbdefault\u00bb header_font_size=\u00bb18px\u00bb header_line_height=\u00bb1.2em\u00bb body_font_size=\u00bb18px\u00bb body_line_height=\u00bb1.8em\u00bb image_icon_custom_margin=\u00bb4px||||false|false\u00bb custom_margin=\u00bb||4px||false|false\u00bb global_colors_info=\u00bb{}\u00bb]Le conseil en ventes aux ench\u00e8res[\/et_pb_blurb][et_pb_blurb use_icon=\u00bbon\u00bb font_icon=\u00bb&#x4b;||divi||400&Prime; icon_color=\u00bb#000000&Prime; image_icon_background_color=\u00bbRGBA(255,255,255,0)\u00bb icon_placement=\u00bbleft\u00bb image_icon_width=\u00bb18px\u00bb content_max_width=\u00bb100%\u00bb _builder_version=\u00bb4.27.4&Prime; _module_preset=\u00bbdefault\u00bb header_font_size=\u00bb18px\u00bb header_line_height=\u00bb1.2em\u00bb body_font_size=\u00bb18px\u00bb body_line_height=\u00bb1.8em\u00bb image_icon_custom_margin=\u00bb4px||||false|false\u00bb custom_margin=\u00bb||4px||false|false\u00bb global_colors_info=\u00bb{}\u00bb]Le contact avec des experts-priseurs asserment\u00e9s[\/et_pb_blurb][et_pb_blurb use_icon=\u00bbon\u00bb font_icon=\u00bb&#x4b;||divi||400&Prime; icon_color=\u00bb#000000&Prime; image_icon_background_color=\u00bbRGBA(255,255,255,0)\u00bb icon_placement=\u00bbleft\u00bb image_icon_width=\u00bb18px\u00bb content_max_width=\u00bb100%\u00bb _builder_version=\u00bb4.27.4&Prime; _module_preset=\u00bbdefault\u00bb header_font_size=\u00bb18px\u00bb header_line_height=\u00bb1.2em\u00bb body_font_size=\u00bb18px\u00bb body_line_height=\u00bb1.8em\u00bb image_icon_custom_margin=\u00bb4px||||false|false\u00bb custom_margin=\u00bb||4px||false|false\u00bb global_colors_info=\u00bb{}\u00bb]La restauration d&rsquo;\u0153uvres d&rsquo;art[\/et_pb_blurb][et_pb_blurb use_icon=\u00bbon\u00bb font_icon=\u00bb&#x4b;||divi||400&Prime; icon_color=\u00bb#000000&Prime; image_icon_background_color=\u00bbRGBA(255,255,255,0)\u00bb icon_placement=\u00bbleft\u00bb image_icon_width=\u00bb18px\u00bb content_max_width=\u00bb100%\u00bb _builder_version=\u00bb4.27.4&Prime; _module_preset=\u00bbdefault\u00bb header_font_size=\u00bb18px\u00bb header_line_height=\u00bb1.2em\u00bb body_font_size=\u00bb18px\u00bb body_line_height=\u00bb1.8em\u00bb image_icon_custom_margin=\u00bb4px||||false|false\u00bb custom_margin=\u00bb||4px||false|false\u00bb global_colors_info=\u00bb{}\u00bb]<\/p>\n<p>L&rsquo;encadrement d&rsquo;\u0153uvres d&rsquo;art et le conseil en socles<\/p>\n<p>[\/et_pb_blurb][et_pb_blurb use_icon=\u00bbon\u00bb font_icon=\u00bb&#x4b;||divi||400&Prime; icon_color=\u00bb#000000&Prime; image_icon_background_color=\u00bbRGBA(255,255,255,0)\u00bb icon_placement=\u00bbleft\u00bb image_icon_width=\u00bb18px\u00bb content_max_width=\u00bb100%\u00bb _builder_version=\u00bb4.27.4&Prime; _module_preset=\u00bbdefault\u00bb header_font_size=\u00bb18px\u00bb header_line_height=\u00bb1.2em\u00bb body_font_size=\u00bb18px\u00bb body_line_height=\u00bb1.8em\u00bb image_icon_custom_margin=\u00bb4px||||false|false\u00bb custom_margin=\u00bb||20px||false|false\u00bb global_colors_info=\u00bb{}\u00bb]<\/p>\n<p>Le transport et l&rsquo;entreposage d&rsquo;\u0153uvres d&rsquo;art<\/p>\n<p>[\/et_pb_blurb][et_pb_text _builder_version=\u00bb4.27.4&Prime; _module_preset=\u00bbdefault\u00bb text_font_size=\u00bb18px\u00bb custom_margin=\u00bb||40px||false|false\u00bb global_colors_info=\u00bb{}\u00bb]<\/p>\n<p>N&rsquo;h\u00e9sitez pas \u00e0 nous contacter. Nous sommes \u00e0 votre disposition pour tout conseil. <\/p>\n<p>[\/et_pb_text][et_pb_button button_text=\u00bbContact\u00bb _builder_version=\u00bb4.27.5&Prime; _module_preset=\u00bbdefault\u00bb custom_button=\u00bbon\u00bb button_text_color=\u00bb#FFFFFF\u00bb button_border_color=\u00bb#1A1A40&Prime; custom_padding=\u00bb12px|40px|12px|40px|true|true\u00bb hover_transition_duration=\u00bb350ms\u00bb hover_transition_speed_curve=\u00bbease-in\u00bb hover_enabled=\u00bb0&Prime; global_colors_info=\u00bb{}\u00bb button_bg_color__hover_enabled=\u00bbon|hover\u00bb button_bg_color__hover=\u00bbrgba(0,0,0,0.72)\u00bb button_bg_enable_color__hover=\u00bbon\u00bb button_url=\u00bbhttps:\/\/laimbockart.nl\/fr\/contact\/\u00bb sticky_enabled=\u00bb0&Prime;][\/et_pb_button][\/et_pb_column][et_pb_column type=\u00bb1_2&Prime; _builder_version=\u00bb4.27.4&Prime; _module_preset=\u00bbdefault\u00bb background_image=\u00bbhttps:\/\/laimbockart.nl\/wp-content\/uploads\/2025\/08\/Willem2.kjpg_.jpg\u00bb global_colors_info=\u00bb{}\u00bb][et_pb_divider show_divider=\u00bboff\u00bb _builder_version=\u00bb4.27.4&Prime; _module_preset=\u00bbdefault\u00bb min_height=\u00bb500px\u00bb global_colors_info=\u00bb{}\u00bb][\/et_pb_divider][\/et_pb_column][\/et_pb_row][\/et_pb_section]<\/p>\n","protected":false},"excerpt":{"rendered":"<p>ServicesLaimb\u00f6ck Art dispose d&rsquo;un vaste r\u00e9seau de sp\u00e9cialistes dans le monde de l&rsquo;art n\u00e9erlandais. Nous vous assistons pour :L&rsquo;achat et la vente d&rsquo;\u0153uvres d&rsquo;artLa constitution d&rsquo;une collectionLe conseil en ventes aux ench\u00e8resLe contact avec des experts-priseurs asserment\u00e9sLa restauration d&rsquo;\u0153uvres d&rsquo;artL&rsquo;encadrement d&rsquo;\u0153uvres d&rsquo;art et le conseil en soclesLe transport et l&rsquo;entreposage d&rsquo;\u0153uvres d&rsquo;artN&rsquo;h\u00e9sitez pas \u00e0 nous [&hellip;]<\/p>\n","protected":false},"author":1,"featured_media":0,"parent":0,"menu_order":0,"comment_status":"closed","ping_status":"closed","template":"","meta":{"_acf_changed":false,"_et_pb_use_builder":"on","_et_pb_old_content":"","_et_gb_content_width":"","footnotes":""},"class_list":["post-1281","page","type-page","status-publish","hentry"],"acf":[],"_links":{"self":[{"href":"https:\/\/laimbockart.nl\/fr\/wp-json\/wp\/v2\/pages\/1281","targetHints":{"allow":["GET"]}}],"collection":[{"href":"https:\/\/laimbockart.nl\/fr\/wp-json\/wp\/v2\/pages"}],"about":[{"href":"https:\/\/laimbockart.nl\/fr\/wp-json\/wp\/v2\/types\/page"}],"author":[{"embeddable":true,"href":"https:\/\/laimbockart.nl\/fr\/wp-json\/wp\/v2\/users\/1"}],"replies":[{"embeddable":true,"href":"https:\/\/laimbockart.nl\/fr\/wp-json\/wp\/v2\/comments?post=1281"}],"version-history":[{"count":13,"href":"https:\/\/laimbockart.nl\/fr\/wp-json\/wp\/v2\/pages\/1281\/revisions"}],"predecessor-version":[{"id":6427,"href":"https:\/\/laimbockart.nl\/fr\/wp-json\/wp\/v2\/pages\/1281\/revisions\/6427"}],"wp:attachment":[{"href":"https:\/\/laimbockart.nl\/fr\/wp-json\/wp\/v2\/media?parent=1281"}],"curies":[{"name":"wp","href":"https:\/\/api.w.org\/{rel}","templated":true}]}}