{"id":1274,"date":"2025-10-10T13:32:34","date_gmt":"2025-10-10T13:32:34","guid":{"rendered":"https:\/\/laimbockart.nl\/eugene-brands\/"},"modified":"2025-11-10T15:48:43","modified_gmt":"2025-11-10T15:48:43","slug":"eugene-brands","status":"publish","type":"page","link":"https:\/\/laimbockart.nl\/fr\/eugene-brands\/","title":{"rendered":"Eug\u00e8ne Brands"},"content":{"rendered":"<p>[et_pb_section fb_built=\u00bb1&Prime; _builder_version=\u00bb4.27.4&Prime; _module_preset=\u00bbdefault\u00bb custom_margin=\u00bb|40px||40px|false|true\u00bb custom_padding=\u00bb80px|0px|80px|0px|true|true\u00bb border_width_bottom=\u00bb1px\u00bb border_color_bottom=\u00bbrgba(26,26,64,0.12)\u00bb global_colors_info=\u00bb{}\u00bb][et_pb_row column_structure=\u00bb2_5,3_5&Prime; use_custom_gutter=\u00bbon\u00bb gutter_width=\u00bb2&Prime; make_equal=\u00bbon\u00bb _builder_version=\u00bb4.27.4&Prime; _module_preset=\u00bbdefault\u00bb width=\u00bb100%\u00bb max_width=\u00bb100%\u00bb custom_padding=\u00bb0px||0px||true|false\u00bb global_colors_info=\u00bb{}\u00bb][et_pb_column type=\u00bb2_5&Prime; _builder_version=\u00bb4.27.4&Prime; _module_preset=\u00bbdefault\u00bb background_image=\u00bbhttps:\/\/laimbockart.nl\/wp-content\/uploads\/2025\/10\/960eugene.webp\u00bb global_colors_info=\u00bb{}\u00bb][et_pb_divider show_divider=\u00bboff\u00bb _builder_version=\u00bb4.27.4&Prime; _module_preset=\u00bbdefault\u00bb min_height=\u00bb300px\u00bb global_colors_info=\u00bb{}\u00bb][\/et_pb_divider][\/et_pb_column][et_pb_column type=\u00bb3_5&Prime; _builder_version=\u00bb4.27.4&Prime; _module_preset=\u00bbdefault\u00bb global_colors_info=\u00bb{}\u00bb][et_pb_text _builder_version=\u00bb4.27.4&Prime; _module_preset=\u00bbdefault\u00bb header_2_font=\u00bb|||on|||||\u00bb header_2_font_size=\u00bb38px\u00bb header_2_letter_spacing=\u00bb2px\u00bb header_2_line_height=\u00bb1.2em\u00bb custom_margin=\u00bb||-8px||false|false\u00bb custom_padding=\u00bb||0px||false|false\u00bb global_colors_info=\u00bb{}\u00bb text_text_color__hover_enabled=\u00bbon|hover\u00bb text_text_color__hover=\u00bb#969696&Prime; header_2_text_color__hover_enabled=\u00bbon|hover\u00bb header_2_text_color__hover=\u00bb#969696&Prime;]<\/p>\n<h2>Eug\u00e8ne Brands<\/h2>\n<p>[\/et_pb_text][et_pb_text _builder_version=\u00bb4.27.4&Prime; _module_preset=\u00bbdefault\u00bb text_font=\u00bbOpen Sans|||on|||||\u00bb text_text_color=\u00bb#1A1A40&Prime; text_font_size=\u00bb20px\u00bb text_letter_spacing=\u00bb2px\u00bb text_line_height=\u00bb1.2em\u00bb custom_margin=\u00bb||20px||false|false\u00bb custom_padding=\u00bb||0px||false|false\u00bb global_colors_info=\u00bb{}\u00bb]<\/p>\n<p>Peintre<\/p>\n<p>[\/et_pb_text][et_pb_text _builder_version=\u00bb4.27.4&Prime; _module_preset=\u00bbdefault\u00bb text_font_size=\u00bb18px\u00bb text_line_height=\u00bb1.5em\u00bb global_colors_info=\u00bb{}\u00bb]<\/p>\n<p>Eug\u00e8ne Brands \u00e9tait un peintre n\u00e9erlandais qui a consacr\u00e9 son art \u00e0 l&rsquo;imagination de la libert\u00e9, du mouvement et du cosmos. Apr\u00e8s sa formation \u00e0 l&rsquo;\u00c9cole des arts appliqu\u00e9s d&rsquo;Amsterdam (aujourd&rsquo;hui : Acad\u00e9mie Rietveld), il a commenc\u00e9 comme graphiste et dessinateur publicitaire. Cependant, son c\u0153ur \u00e9tait dans la peinture, o\u00f9 il pouvait suivre son intuition sans commanditaires.  <\/p>\n<p>En 1948, il a rejoint le mouvement exp\u00e9rimental et avant-gardiste Cobra, qui visait \u00e0 lib\u00e9rer l&rsquo;art des r\u00e8gles et des conventions. Les \u0153uvres color\u00e9es et ludiques de Brands, inspir\u00e9es entre autres par les dessins d&rsquo;enfants, s&rsquo;y int\u00e9graient parfaitement. Il admirait l&rsquo;\u00e9nergie de Cobra, mais \u00e9tait agac\u00e9 par le comportement de groupe et le dogmatisme des manifestes et des r\u00e9unions. Pour Brands, la peinture \u00e9tait une qu\u00eate intime, non une lutte collective, et il est parti peu apr\u00e8s. Il a choisi un chemin solitaire. Son leitmotiv est devenu \u00ab Panta Rhei \u00bb \u2013 tout coule, une id\u00e9e issue de la philosophie grecque d&rsquo;H\u00e9raclite : rien n&rsquo;est permanent, tout change constamment. Pour Brands, ce n&rsquo;\u00e9tait pas une pens\u00e9e abstraite, mais une attitude de vie et un principe artistique. Dans de nombreuses peintures et gouaches portant ce titre, il a fait fusionner couleur et forme en champs vibrants, comme s&rsquo;il voulait rendre visible le mouvement \u00e9ternel de l&rsquo;univers. La musique, les mythes, le cosmos et l&rsquo;imagination enfantine se sont r\u00e9unis dans ses \u0153uvres d&rsquo;art \u00e0 la fois ludiques et myst\u00e9rieuses.        <\/p>\n<p>Avec son langage visuel lyrique et cosmique, Brands est consid\u00e9r\u00e9 comme un po\u00e8te parmi les peintres. Il ne recherchait pas un style fixe ou des contours durs, mais laissait son travail respirer et couler. Il a ainsi donn\u00e9 une voix unique \u00e0 l&rsquo;art d&rsquo;apr\u00e8s-guerre aux Pays-Bas : une voix douce, po\u00e9tique et pourtant radicalement novatrice. De nombreuses peintures, dessins et gouaches de Brands font partie de la collection du Stedelijk Museum Amsterdam.   <\/p>\n<p>[\/et_pb_text][\/et_pb_column][\/et_pb_row][\/et_pb_section][et_pb_section fb_built=\u00bb1&Prime; _builder_version=\u00bb4.27.4&Prime; _module_preset=\u00bbdefault\u00bb custom_margin=\u00bb0px||0px||true|false\u00bb custom_padding=\u00bb40px|40px|40px|40px|true|true\u00bb global_colors_info=\u00bb{}\u00bb][et_pb_row use_custom_gutter=\u00bbon\u00bb gutter_width=\u00bb2&Prime; make_equal=\u00bbon\u00bb _builder_version=\u00bb4.27.4&Prime; _module_preset=\u00bbdefault\u00bb width=\u00bb100%\u00bb max_width=\u00bb100%\u00bb custom_margin=\u00bb||40px||false|false\u00bb custom_padding=\u00bb0px||0px||true|false\u00bb global_colors_info=\u00bb{}\u00bb][et_pb_column type=\u00bb4_4&Prime; _builder_version=\u00bb4.27.4&Prime; _module_preset=\u00bbdefault\u00bb global_colors_info=\u00bb{}\u00bb][et_pb_text _builder_version=\u00bb4.27.4&Prime; _module_preset=\u00bbdefault\u00bb header_2_font=\u00bb|||on|||||\u00bb header_2_font_size=\u00bb38px\u00bb header_2_line_height=\u00bb1.2em\u00bb custom_margin=\u00bb||-8px||false|false\u00bb custom_padding=\u00bb||0px||false|false\u00bb global_colors_info=\u00bb{}\u00bb text_text_color__hover_enabled=\u00bbon|hover\u00bb text_text_color__hover=\u00bb#969696&Prime; header_2_text_color__hover_enabled=\u00bboff|hover\u00bb header_2_text_color__hover=\u00bb#969696&Prime;]<\/p>\n<h2>\u0152uvres d&rsquo;art<\/h2>\n<p>[\/et_pb_text][\/et_pb_column][\/et_pb_row][et_pb_row column_structure=\u00bb1_4,1_4,1_4,1_4&Prime; use_custom_gutter=\u00bbon\u00bb gutter_width=\u00bb2&Prime; make_equal=\u00bbon\u00bb _builder_version=\u00bb4.27.4&Prime; _module_preset=\u00bbdefault\u00bb width=\u00bb100%\u00bb max_width=\u00bb100%\u00bb custom_margin=\u00bb|auto|39px|auto|false|false\u00bb custom_padding=\u00bb0px||0px||true|false\u00bb global_colors_info=\u00bb{}\u00bb][et_pb_column type=\u00bb1_4&Prime; _builder_version=\u00bb4.27.4&Prime; _module_preset=\u00bbdefault\u00bb background_enable_image=\u00bboff\u00bb global_colors_info=\u00bb{}\u00bb background__hover_enabled=\u00bboff|desktop\u00bb background_image__hover=\u00bbhttps:\/\/laimbockart.nl\/wp-content\/uploads\/2025\/08\/Scherm_afbeelding-2025-03-30-om-16.29.46.png\u00bb background_enable_image__hover=\u00bbon\u00bb][et_pb_image src=\u00bbhttps:\/\/laimbockart.nl\/wp-content\/uploads\/2025\/10\/Eugene-Brands-Panta-Rei.webp\u00bb alt=\u00bbEugene Brands Panta Rei<br \/>\n\u00bb title_text=\u00bbEugene Brands \u2013 Panta Rei\u00bb url=\u00bbhttps:\/\/laimbockart.nl\/fr\/kunstwerken\/panta-rhei\/\u00bb show_bottom_space=\u00bboff\u00bb _builder_version=\u00bb4.27.4&Prime; _module_preset=\u00bbdefault\u00bb background_color=\u00bb#969696&Prime; width=\u00bb100%\u00bb max_width=\u00bb100%\u00bb custom_margin=\u00bb||20px||false|false\u00bb hover_transition_duration=\u00bb500ms\u00bb hover_transition_speed_curve=\u00bbease-in\u00bb box_shadow_style=\u00bbpreset1&Prime; box_shadow_vertical=\u00bb0px\u00bb box_shadow_blur=\u00bb16px\u00bb box_shadow_spread=\u00bb-7px\u00bb global_colors_info=\u00bb{}\u00bb background__hover_enabled=\u00bboff|desktop\u00bb src__hover_enabled=\u00bboff|hover\u00bb src__hover=\u00bbhttps:\/\/laimbockart.nl\/wp-content\/uploads\/2025\/08\/Willem_A-horse-called-Desire-detai.webp\u00bb filter_contrast__hover_enabled=\u00bbon|hover\u00bb filter_contrast__hover=\u00bb100%\u00bb box_shadow_color__hover_enabled=\u00bbon|hover\u00bb box_shadow_color__hover=\u00bb#000000&Prime; box_shadow_blur__hover_enabled=\u00bbon|hover\u00bb box_shadow_blur__hover=\u00bb20px\u00bb][\/et_pb_image][et_pb_text _builder_version=\u00bb4.27.4&Prime; _module_preset=\u00bbdefault\u00bb text_font=\u00bbOpen Sans|||on|||||\u00bb text_text_color=\u00bb#1A1A40&Prime; text_font_size=\u00bb20px\u00bb text_letter_spacing=\u00bb2px\u00bb text_line_height=\u00bb1.2em\u00bb custom_margin=\u00bb||20px||false|false\u00bb custom_padding=\u00bb||0px||false|false\u00bb global_colors_info=\u00bb{}\u00bb]Panta Rei[\/et_pb_text][\/et_pb_column][et_pb_column type=\u00bb1_4&Prime; _builder_version=\u00bb4.27.4&Prime; _module_preset=\u00bbdefault\u00bb background_enable_image=\u00bboff\u00bb global_colors_info=\u00bb{}\u00bb background__hover_enabled=\u00bboff|desktop\u00bb background_image__hover=\u00bbhttps:\/\/laimbockart.nl\/wp-content\/uploads\/2025\/08\/Scherm_afbeelding-2025-03-30-om-16.29.46.png\u00bb background_enable_image__hover=\u00bbon\u00bb][et_pb_image src=\u00bbhttps:\/\/laimbockart.nl\/wp-content\/uploads\/2025\/10\/Eugene-Brand-Landschap-II.webp\u00bb alt=\u00bbEugene Brand Paysage II\u00bb title_text=\u00bbEug\u00e8ne Brand \u2013 Paysage II\u00bb url=\u00bbhttps:\/\/laimbockart.nl\/fr\/kunstwerken\/paysage-ii\/\u00bb show_bottom_space=\u00bboff\u00bb _builder_version=\u00bb4.27.4&Prime; _module_preset=\u00bbdefault\u00bb background_color=\u00bb#969696&Prime; width=\u00bb100%\u00bb max_width=\u00bb100%\u00bb custom_margin=\u00bb||20px||false|false\u00bb hover_transition_duration=\u00bb500ms\u00bb hover_transition_speed_curve=\u00bbease-in\u00bb hover_enabled=\u00bb0&Prime; box_shadow_style=\u00bbpreset1&Prime; box_shadow_vertical=\u00bb0px\u00bb box_shadow_blur=\u00bb16px\u00bb box_shadow_spread=\u00bb-7px\u00bb global_colors_info=\u00bb{}\u00bb src__hover_enabled=\u00bboff|hover\u00bb src__hover=\u00bbhttps:\/\/laimbockart.nl\/wp-content\/uploads\/2025\/08\/Willem_A-horse-called-Desire-detai.webp\u00bb filter_contrast__hover_enabled=\u00bbon|hover\u00bb filter_contrast__hover=\u00bb100%\u00bb box_shadow_color__hover_enabled=\u00bbon|hover\u00bb box_shadow_color__hover=\u00bb#000000&Prime; box_shadow_blur__hover=\u00bb20px\u00bb box_shadow_blur__hover_enabled=\u00bbon|hover\u00bb background__hover_enabled=\u00bboff|desktop\u00bb sticky_enabled=\u00bb0&Prime;][\/et_pb_image][et_pb_text _builder_version=\u00bb4.27.4&Prime; _module_preset=\u00bbdefault\u00bb text_font=\u00bbOpen Sans|||on|||||\u00bb text_text_color=\u00bb#1A1A40&Prime; text_font_size=\u00bb20px\u00bb text_letter_spacing=\u00bb2px\u00bb text_line_height=\u00bb1.2em\u00bb custom_margin=\u00bb||20px||false|false\u00bb custom_padding=\u00bb||0px||false|false\u00bb global_colors_info=\u00bb{}\u00bb] Paysage II[\/et_pb_text][\/et_pb_column][et_pb_column type=\u00bb1_4&Prime; _builder_version=\u00bb4.27.4&Prime; _module_preset=\u00bbdefault\u00bb background_enable_image=\u00bboff\u00bb global_colors_info=\u00bb{}\u00bb background__hover_enabled=\u00bboff|desktop\u00bb background_image__hover=\u00bbhttps:\/\/laimbockart.nl\/wp-content\/uploads\/2025\/08\/Scherm_afbeelding-2025-03-30-om-16.29.46.png\u00bb background_enable_image__hover=\u00bbon\u00bb][\/et_pb_column][et_pb_column type=\u00bb1_4&Prime; _builder_version=\u00bb4.27.4&Prime; _module_preset=\u00bbdefault\u00bb background_enable_image=\u00bboff\u00bb global_colors_info=\u00bb{}\u00bb background__hover_enabled=\u00bboff|desktop\u00bb background_image__hover=\u00bbhttps:\/\/laimbockart.nl\/wp-content\/uploads\/2025\/08\/Scherm_afbeelding-2025-03-30-om-16.29.46.png\u00bb background_enable_image__hover=\u00bbon\u00bb][\/et_pb_column][\/et_pb_row][\/et_pb_section]<\/p>\n","protected":false},"excerpt":{"rendered":"<p>Eug\u00e8ne BrandsPeintreEug\u00e8ne Brands \u00e9tait un peintre n\u00e9erlandais qui a consacr\u00e9 son art \u00e0 l&rsquo;imagination de la libert\u00e9, du mouvement et du cosmos. Apr\u00e8s sa formation \u00e0 l&rsquo;\u00c9cole des arts appliqu\u00e9s d&rsquo;Amsterdam (aujourd&rsquo;hui : Acad\u00e9mie Rietveld), il a commenc\u00e9 comme graphiste et dessinateur publicitaire. Cependant, son c\u0153ur \u00e9tait dans la peinture, o\u00f9 il pouvait suivre son [&hellip;]<\/p>\n","protected":false},"author":1,"featured_media":0,"parent":0,"menu_order":0,"comment_status":"closed","ping_status":"closed","template":"","meta":{"_acf_changed":false,"_et_pb_use_builder":"on","_et_pb_old_content":"","_et_gb_content_width":"","footnotes":""},"class_list":["post-1274","page","type-page","status-publish","hentry"],"acf":[],"_links":{"self":[{"href":"https:\/\/laimbockart.nl\/fr\/wp-json\/wp\/v2\/pages\/1274","targetHints":{"allow":["GET"]}}],"collection":[{"href":"https:\/\/laimbockart.nl\/fr\/wp-json\/wp\/v2\/pages"}],"about":[{"href":"https:\/\/laimbockart.nl\/fr\/wp-json\/wp\/v2\/types\/page"}],"author":[{"embeddable":true,"href":"https:\/\/laimbockart.nl\/fr\/wp-json\/wp\/v2\/users\/1"}],"replies":[{"embeddable":true,"href":"https:\/\/laimbockart.nl\/fr\/wp-json\/wp\/v2\/comments?post=1274"}],"version-history":[{"count":3,"href":"https:\/\/laimbockart.nl\/fr\/wp-json\/wp\/v2\/pages\/1274\/revisions"}],"predecessor-version":[{"id":4484,"href":"https:\/\/laimbockart.nl\/fr\/wp-json\/wp\/v2\/pages\/1274\/revisions\/4484"}],"wp:attachment":[{"href":"https:\/\/laimbockart.nl\/fr\/wp-json\/wp\/v2\/media?parent=1274"}],"curies":[{"name":"wp","href":"https:\/\/api.w.org\/{rel}","templated":true}]}}