{"id":1263,"date":"2025-10-10T20:21:06","date_gmt":"2025-10-10T20:21:06","guid":{"rendered":"https:\/\/laimbockart.nl\/lika-mutal\/"},"modified":"2025-11-12T21:04:21","modified_gmt":"2025-11-12T21:04:21","slug":"lika-mutal","status":"publish","type":"page","link":"https:\/\/laimbockart.nl\/fr\/lika-mutal\/","title":{"rendered":"Lika Mutal"},"content":{"rendered":"<p>[et_pb_section fb_built=\u00bb1&Prime; _builder_version=\u00bb4.27.4&Prime; _module_preset=\u00bbdefault\u00bb custom_margin=\u00bb|40px||40px|false|true\u00bb custom_padding=\u00bb80px|0px|80px|0px|true|true\u00bb border_width_bottom=\u00bb1px\u00bb border_color_bottom=\u00bbrgba(26,26,64,0.12)\u00bb global_colors_info=\u00bb{}\u00bb][et_pb_row column_structure=\u00bb2_5,3_5&Prime; use_custom_gutter=\u00bbon\u00bb gutter_width=\u00bb2&Prime; make_equal=\u00bbon\u00bb _builder_version=\u00bb4.27.4&Prime; _module_preset=\u00bbdefault\u00bb width=\u00bb100%\u00bb max_width=\u00bb100%\u00bb custom_padding=\u00bb0px||0px||true|false\u00bb global_colors_info=\u00bb{}\u00bb][et_pb_column type=\u00bb2_5&Prime; _builder_version=\u00bb4.27.4&Prime; _module_preset=\u00bbdefault\u00bb background_image=\u00bbhttps:\/\/laimbockart.nl\/wp-content\/uploads\/2025\/11\/MG_02571080.webp\u00bb background_position=\u00bbtop_center\u00bb global_colors_info=\u00bb{}\u00bb][et_pb_divider show_divider=\u00bboff\u00bb _builder_version=\u00bb4.27.4&Prime; _module_preset=\u00bbdefault\u00bb min_height=\u00bb300px\u00bb global_colors_info=\u00bb{}\u00bb][\/et_pb_divider][\/et_pb_column][et_pb_column type=\u00bb3_5&Prime; _builder_version=\u00bb4.27.4&Prime; _module_preset=\u00bbdefault\u00bb global_colors_info=\u00bb{}\u00bb][et_pb_text _builder_version=\u00bb4.27.4&Prime; _module_preset=\u00bbdefault\u00bb header_2_font=\u00bb|||on|||||\u00bb header_2_font_size=\u00bb38px\u00bb header_2_letter_spacing=\u00bb2px\u00bb header_2_line_height=\u00bb1.2em\u00bb custom_margin=\u00bb||-8px||false|false\u00bb custom_padding=\u00bb||0px||false|false\u00bb global_colors_info=\u00bb{}\u00bb text_text_color__hover_enabled=\u00bbon|hover\u00bb text_text_color__hover=\u00bb#969696&Prime; header_2_text_color__hover_enabled=\u00bbon|hover\u00bb header_2_text_color__hover=\u00bb#969696&Prime;]<\/p>\n<h2>Lika Mutal<\/h2>\n<p>[\/et_pb_text][et_pb_text _builder_version=\u00bb4.27.4&Prime; _module_preset=\u00bbdefault\u00bb text_font=\u00bbOpen Sans|||on|||||\u00bb text_text_color=\u00bb#1A1A40&Prime; text_font_size=\u00bb20px\u00bb text_letter_spacing=\u00bb2px\u00bb text_line_height=\u00bb1.2em\u00bb custom_margin=\u00bb||20px||false|false\u00bb custom_padding=\u00bb||0px||false|false\u00bb global_colors_info=\u00bb{}\u00bb]<\/p>\n<p>Sculptrice<\/p>\n<p>[\/et_pb_text][et_pb_text _builder_version=\u00bb4.27.4&Prime; _module_preset=\u00bbdefault\u00bb text_font_size=\u00bb18px\u00bb text_line_height=\u00bb1.5em\u00bb global_colors_info=\u00bb{}\u00bb]<\/p>\n<p> Lika Mutal \u2013 Vermeulen est n\u00e9e en 1936 \u00e0 Geldrop, troisi\u00e8me des douze enfants du peintre Piet Vermeulen et de la pianiste Lia Schlaghecke. Lika a grandi \u00e0 Bilthoven et a fr\u00e9quent\u00e9 le coll\u00e8ge Bonifatius \u00e0 Utrecht. D\u00e8s son plus jeune \u00e2ge, elle ressentait une grande impulsion artistique. La grande famille et le peu de contr\u00f4le qui en r\u00e9sultait lui ont donn\u00e9 la libert\u00e9 d&rsquo;explorer cela. Elle voulait aller \u00e0 l&rsquo;\u00e9cole de th\u00e9\u00e2tre mais a rejoint le cabaret ABC de Wim Kan &amp; Corry Vonk \u00e0 la fin des ann\u00e9es 50. \u00c0 la gare de Haarlem, elle a rencontr\u00e9 Sylvio Mutal, diplomate de l&rsquo;UNESCO, qui est tomb\u00e9 amoureux d&rsquo;elle. Ils se sont mari\u00e9s en 1962 et ont d\u00e9m\u00e9nag\u00e9 deux ans plus tard en Colombie avec ses deux filles, o\u00f9 elle a mont\u00e9 un th\u00e9\u00e2tre de marionnettes et suivi des cours \u00e0 l&rsquo;acad\u00e9mie des beaux-arts. Si les poup\u00e9es \u00e9taient d&rsquo;abord figuratives, elles sont devenues plus abstraites par la suite. Elle a r\u00e9alis\u00e9 que ce n&rsquo;\u00e9taient pas des poup\u00e9es mais des sculptures. Lorsque Silvio Mutal a \u00e9t\u00e9 mut\u00e9 \u00e0 Lima, au P\u00e9rou, elle est all\u00e9e \u00e0 l&rsquo;acad\u00e9mie des beaux-arts. Pour Lika, le pays a \u00e9t\u00e9 un choc avec de forts contrastes. Un pays pauvre avec une culture ancienne qui changeait rapidement. Une nature vierge avec d&rsquo;un c\u00f4t\u00e9 des for\u00eats tropicales imp\u00e9n\u00e9trables et de hautes montagnes. De l&rsquo;autre c\u00f4t\u00e9, un d\u00e9sert accident\u00e9 battu par l&rsquo;oc\u00e9an silencieux. Cela invitait \u00e0 l&rsquo;exploration et \u00e0 la croissance. En tant qu&rsquo;\u00eatre humain, mais aussi \u00e0 la recherche de nouveaux mat\u00e9riaux. Elle a d\u00e9couvert d&rsquo;anciennes techniques de pierre m\u00e9lang\u00e9es \u00e0 des techniques modernes. \u00ab Une pierre face \u00e0 une femme, mon corps comme instrument a pris vie \u00bb, a-t-elle dit \u00e0 ce sujet. Le P\u00e9rou avait le paysage qui allait plus tard impr\u00e9gner son travail.                  <\/p>\n<p>\u00c0 l&rsquo;acad\u00e9mie des beaux-arts, elle a continu\u00e9 \u00e0 se d\u00e9velopper sous la direction inspir\u00e9e de la directrice italienne Anna Maccagno et du ma\u00eetre tailleur de pierre Don Juan. Il lui a appris l&rsquo;amour de la pierre et la sculpture sans gants. Apr\u00e8s l&rsquo;acad\u00e9mie, elle s&rsquo;est mise \u00e0 son compte en 1972. Don Juan lui a appris \u00e0 \u00ab \u00e9couter \u00bb les pierres et \u00e0 les d\u00e9placer lorsqu&rsquo;elle les trouvait dans le d\u00e9sert. En raison des subtiles diff\u00e9rences de couleur dans le travertin, elle aspirait \u00e0 plus de couleur dans son travail. Entre-temps, elle a re\u00e7u des critiques \u00e9logieuses apr\u00e8s des expositions \u00e0 Amsterdam et \u00e0 Paris. Elle est rest\u00e9e \u00e0 l&rsquo;\u00e9cart de la sc\u00e8ne artistique. Trop d&rsquo;influences l&rsquo;auraient paralys\u00e9e. C&rsquo;\u00e9tait aussi la raison pour laquelle elle ne s&rsquo;est pas compl\u00e8tement plong\u00e9e dans la nature pr\u00e9colombienne. \u00c0 Cuzco, elle a \u00e9t\u00e9 submerg\u00e9e par l&rsquo;architecture et cela lui a appris une le\u00e7on pour la vie. Elle a dit : \u00ab Cuzco m&rsquo;a appris que rien dans l&rsquo;art pr\u00e9colombien n&rsquo;\u00e9tait fait par opportunisme, mais parce qu&rsquo;il fallait le faire. \u00bb          <\/p>\n<p>Apr\u00e8s la s\u00e9rie Quipus d\u00e9crite pr\u00e9c\u00e9demment, ont suivi les s\u00e9ries \u00ab The Ones \u00bb et \u00ab The Labyrinths \u00bb. Depuis 1983, elle expose \u00e0 la galerie Nohra Haime \u00e0 New York et y a v\u00e9cu alternativement pour des p\u00e9riodes de six mois. Elle a dit : \u00ab Comme le P\u00e9rou, New York a quelque chose de rugueux, d&rsquo;inachev\u00e9 et cela invite \u00e0 travailler avec. Dans les deux endroits, il y a beaucoup d&rsquo;\u00e9nergie cr\u00e9ative. Je peux m&rsquo;immerger dans la nature du P\u00e9rou mais je sens le fouet ou la pression de New York. \u00bb L&rsquo;art conceptuel \u00e9tait dominant \u00e0 NY et cela a provoqu\u00e9 une petite crise car la mati\u00e8re, si importante pour elle, \u00e9tait primordiale. Cela a donn\u00e9 \u00e0 son travail un c\u00f4t\u00e9 brut qu&rsquo;il n&rsquo;avait pas auparavant. Le choix du granit comme mat\u00e9riau a apport\u00e9 plus de couleur, une surface plus lisse et de la verticalit\u00e9 dans son travail. Cette verticalit\u00e9 se retrouve fr\u00e9quemment dans l&rsquo;architecture de NY. Un \u00e9quilibre difficilement trouv\u00e9 entre nature et culture, deux sources principales de son travail. En 2004-2005, elle a cr\u00e9\u00e9 \u00e0 Lima l&rsquo;\u0153uvre El ojo que Llora \/ L&rsquo;\u0152il qui pleure, qui contient les noms de plus de 30 000 victimes de la terreur au P\u00e9rou. Elle a re\u00e7u le prix Jose Maria Arguedas en 2007 pour cette \u0153uvre. Lika Mutal est d\u00e9c\u00e9d\u00e9e en 2016, \u00e0 l&rsquo;\u00e2ge de 80 ans. Peter de Waard a \u00e9crit une n\u00e9crologie dans le Volkskrant : \u00ab Ses sculptures se caract\u00e9risent par des bords rugueux dentel\u00e9s et des surfaces lisses polies. Elles sont l&rsquo;expression de la dualit\u00e9 du paysage p\u00e9ruvien : les belles plages versus les carcasses qu&rsquo;on y trouve. \u00bb Il n&rsquo;aurait pas pu mieux exprimer son savoir-faire et son talent.          <\/p>\n<p>[\/et_pb_text][\/et_pb_column][\/et_pb_row][\/et_pb_section][et_pb_section fb_built=\u00bb1&Prime; _builder_version=\u00bb4.27.4&Prime; _module_preset=\u00bbdefault\u00bb custom_margin=\u00bb0px||0px||true|false\u00bb custom_padding=\u00bb40px|40px|40px|40px|true|true\u00bb global_colors_info=\u00bb{}\u00bb][et_pb_row use_custom_gutter=\u00bbon\u00bb gutter_width=\u00bb2&Prime; make_equal=\u00bbon\u00bb _builder_version=\u00bb4.27.4&Prime; _module_preset=\u00bbdefault\u00bb width=\u00bb100%\u00bb max_width=\u00bb100%\u00bb custom_margin=\u00bb||40px||false|false\u00bb custom_padding=\u00bb0px||0px||true|false\u00bb global_colors_info=\u00bb{}\u00bb][et_pb_column type=\u00bb4_4&Prime; _builder_version=\u00bb4.27.4&Prime; _module_preset=\u00bbdefault\u00bb global_colors_info=\u00bb{}\u00bb][et_pb_text _builder_version=\u00bb4.27.4&Prime; _module_preset=\u00bbdefault\u00bb header_2_font=\u00bb|||on|||||\u00bb header_2_font_size=\u00bb38px\u00bb header_2_line_height=\u00bb1.2em\u00bb custom_margin=\u00bb||-8px||false|false\u00bb custom_padding=\u00bb||0px||false|false\u00bb global_colors_info=\u00bb{}\u00bb text_text_color__hover_enabled=\u00bbon|hover\u00bb text_text_color__hover=\u00bb#969696&Prime; header_2_text_color__hover_enabled=\u00bboff|hover\u00bb header_2_text_color__hover=\u00bb#969696&Prime;]<\/p>\n<h2>\u0152uvres d&rsquo;art<\/h2>\n<p>[\/et_pb_text][\/et_pb_column][\/et_pb_row][et_pb_row column_structure=\u00bb1_4,1_4,1_4,1_4&Prime; use_custom_gutter=\u00bbon\u00bb gutter_width=\u00bb2&Prime; make_equal=\u00bbon\u00bb _builder_version=\u00bb4.27.4&Prime; _module_preset=\u00bbdefault\u00bb width=\u00bb100%\u00bb max_width=\u00bb100%\u00bb custom_margin=\u00bb|auto|39px|auto|false|false\u00bb custom_padding=\u00bb0px||0px||true|false\u00bb global_colors_info=\u00bb{}\u00bb][et_pb_column type=\u00bb1_4&Prime; _builder_version=\u00bb4.27.4&Prime; _module_preset=\u00bbdefault\u00bb background_enable_image=\u00bboff\u00bb global_colors_info=\u00bb{}\u00bb background__hover_enabled=\u00bboff|desktop\u00bb background_image__hover=\u00bbhttps:\/\/laimbockart.nl\/wp-content\/uploads\/2025\/08\/Scherm_afbeelding-2025-03-30-om-16.29.46.png\u00bb background_enable_image__hover=\u00bbon\u00bb][et_pb_image src=\u00bbhttps:\/\/laimbockart.nl\/wp-content\/uploads\/2025\/10\/420_Lika-Mutal-Root-Stone.webp\u00bb alt=\u00bbLika Mutal \u2013 Root Stone\u00bb title_text=\u00bb420_Lika Mutal \u2013 Root Stone\u00bb url=\u00bbhttps:\/\/laimbockart.nl\/fr\/kunstwerken\/root-stone\/\u00bb show_bottom_space=\u00bboff\u00bb _builder_version=\u00bb4.27.4&Prime; _module_preset=\u00bbdefault\u00bb background_color=\u00bb#969696&Prime; width=\u00bb100%\u00bb max_width=\u00bb100%\u00bb custom_margin=\u00bb||20px||false|false\u00bb hover_transition_duration=\u00bb500ms\u00bb hover_transition_speed_curve=\u00bbease-in\u00bb box_shadow_style=\u00bbpreset1&Prime; box_shadow_vertical=\u00bb0px\u00bb box_shadow_blur=\u00bb16px\u00bb box_shadow_spread=\u00bb-7px\u00bb global_colors_info=\u00bb{}\u00bb background__hover_enabled=\u00bboff|desktop\u00bb src__hover_enabled=\u00bboff|hover\u00bb src__hover=\u00bbhttps:\/\/laimbockart.nl\/wp-content\/uploads\/2025\/08\/Willem_A-horse-called-Desire-detai.webp\u00bb filter_contrast__hover_enabled=\u00bbon|hover\u00bb filter_contrast__hover=\u00bb100%\u00bb box_shadow_color__hover_enabled=\u00bbon|hover\u00bb box_shadow_color__hover=\u00bb#000000&Prime; box_shadow_blur__hover_enabled=\u00bbon|hover\u00bb box_shadow_blur__hover=\u00bb20px\u00bb][\/et_pb_image][et_pb_text _builder_version=\u00bb4.27.4&Prime; _module_preset=\u00bbdefault\u00bb text_font=\u00bbOpen Sans|||on|||||\u00bb text_text_color=\u00bb#1A1A40&Prime; text_font_size=\u00bb20px\u00bb text_letter_spacing=\u00bb2px\u00bb text_line_height=\u00bb1.2em\u00bb custom_margin=\u00bb||20px||false|false\u00bb custom_padding=\u00bb||0px||false|false\u00bb global_colors_info=\u00bb{}\u00bb]<\/p>\n<p>Root Stone<\/p>\n<p>[\/et_pb_text][\/et_pb_column][et_pb_column type=\u00bb1_4&Prime; _builder_version=\u00bb4.27.4&Prime; _module_preset=\u00bbdefault\u00bb background_enable_image=\u00bboff\u00bb global_colors_info=\u00bb{}\u00bb background__hover_enabled=\u00bboff|desktop\u00bb background_image__hover=\u00bbhttps:\/\/laimbockart.nl\/wp-content\/uploads\/2025\/08\/Scherm_afbeelding-2025-03-30-om-16.29.46.png\u00bb background_enable_image__hover=\u00bbon\u00bb][et_pb_image src=\u00bbhttps:\/\/laimbockart.nl\/wp-content\/uploads\/2025\/10\/420_Lika-Mutal-Secret-de-la-Pierre.webp\u00bb alt=\u00bbLika Mutal \u2013 Secret de la Pierre\u00bb title_text=\u00bb420_Lika Mutal \u2013 Secret de la Pierre\u00bb url=\u00bbhttps:\/\/laimbockart.nl\/fr\/kunstwerken\/secret-de-la-pierre\/\u00bb show_bottom_space=\u00bboff\u00bb _builder_version=\u00bb4.27.4&Prime; _module_preset=\u00bbdefault\u00bb background_color=\u00bb#969696&Prime; width=\u00bb100%\u00bb max_width=\u00bb100%\u00bb custom_margin=\u00bb||20px||false|false\u00bb hover_transition_duration=\u00bb500ms\u00bb hover_transition_speed_curve=\u00bbease-in\u00bb box_shadow_style=\u00bbpreset1&Prime; box_shadow_vertical=\u00bb0px\u00bb box_shadow_blur=\u00bb16px\u00bb box_shadow_spread=\u00bb-7px\u00bb global_colors_info=\u00bb{}\u00bb src__hover_enabled=\u00bboff|hover\u00bb src__hover=\u00bbhttps:\/\/laimbockart.nl\/wp-content\/uploads\/2025\/08\/Willem_A-horse-called-Desire-detai.webp\u00bb filter_contrast__hover_enabled=\u00bbon|hover\u00bb filter_contrast__hover=\u00bb100%\u00bb box_shadow_color__hover_enabled=\u00bbon|hover\u00bb box_shadow_color__hover=\u00bb#000000&Prime; box_shadow_blur__hover=\u00bb20px\u00bb box_shadow_blur__hover_enabled=\u00bbon|hover\u00bb background__hover_enabled=\u00bboff|desktop\u00bb][\/et_pb_image][et_pb_text _builder_version=\u00bb4.27.4&Prime; _module_preset=\u00bbdefault\u00bb text_font=\u00bbOpen Sans|||on|||||\u00bb text_text_color=\u00bb#1A1A40&Prime; text_font_size=\u00bb20px\u00bb text_letter_spacing=\u00bb2px\u00bb text_line_height=\u00bb1.2em\u00bb custom_margin=\u00bb||20px||false|false\u00bb custom_padding=\u00bb||0px||false|false\u00bb global_colors_info=\u00bb{}\u00bb]Secret de la Pierre[\/et_pb_text][\/et_pb_column][et_pb_column type=\u00bb1_4&Prime; _builder_version=\u00bb4.27.4&Prime; _module_preset=\u00bbdefault\u00bb background_enable_image=\u00bboff\u00bb global_colors_info=\u00bb{}\u00bb background__hover_enabled=\u00bboff|desktop\u00bb background_image__hover=\u00bbhttps:\/\/laimbockart.nl\/wp-content\/uploads\/2025\/08\/Scherm_afbeelding-2025-03-30-om-16.29.46.png\u00bb background_enable_image__hover=\u00bbon\u00bb][et_pb_image src=\u00bbhttps:\/\/laimbockart.nl\/wp-content\/uploads\/2025\/10\/420_Lika-Mutal-One-Stone.webp\u00bb alt=\u00bbLika Mutal \u2013 One Stone\u00bb title_text=\u00bb420_Lika Mutal \u2013 One Stone\u00bb url=\u00bbhttps:\/\/laimbockart.nl\/fr\/kunstwerken\/one-stone\/\u00bb show_bottom_space=\u00bboff\u00bb _builder_version=\u00bb4.27.4&Prime; _module_preset=\u00bbdefault\u00bb background_color=\u00bb#969696&Prime; width=\u00bb100%\u00bb max_width=\u00bb100%\u00bb custom_margin=\u00bb||20px||false|false\u00bb hover_transition_duration=\u00bb500ms\u00bb hover_transition_speed_curve=\u00bbease-in\u00bb box_shadow_style=\u00bbpreset1&Prime; box_shadow_vertical=\u00bb0px\u00bb box_shadow_blur=\u00bb16px\u00bb box_shadow_spread=\u00bb-7px\u00bb global_colors_info=\u00bb{}\u00bb src__hover_enabled=\u00bboff|hover\u00bb src__hover=\u00bbhttps:\/\/laimbockart.nl\/wp-content\/uploads\/2025\/08\/Willem_A-horse-called-Desire-detai.webp\u00bb filter_contrast__hover_enabled=\u00bbon|hover\u00bb filter_contrast__hover=\u00bb100%\u00bb box_shadow_color__hover_enabled=\u00bbon|hover\u00bb box_shadow_color__hover=\u00bb#000000&Prime; box_shadow_blur__hover=\u00bb20px\u00bb box_shadow_blur__hover_enabled=\u00bbon|hover\u00bb background__hover_enabled=\u00bboff|desktop\u00bb][\/et_pb_image][et_pb_text _builder_version=\u00bb4.27.4&Prime; _module_preset=\u00bbdefault\u00bb text_font=\u00bbOpen Sans|||on|||||\u00bb text_text_color=\u00bb#1A1A40&Prime; text_font_size=\u00bb20px\u00bb text_letter_spacing=\u00bb2px\u00bb text_line_height=\u00bb1.2em\u00bb custom_margin=\u00bb||20px||false|false\u00bb custom_padding=\u00bb||0px||false|false\u00bb global_colors_info=\u00bb{}\u00bb]<\/p>\n<p>One Stone<\/p>\n<p>[\/et_pb_text][\/et_pb_column][et_pb_column type=\u00bb1_4&Prime; _builder_version=\u00bb4.27.4&Prime; _module_preset=\u00bbdefault\u00bb background_enable_image=\u00bboff\u00bb global_colors_info=\u00bb{}\u00bb background__hover_enabled=\u00bboff|desktop\u00bb background_image__hover=\u00bbhttps:\/\/laimbockart.nl\/wp-content\/uploads\/2025\/08\/Scherm_afbeelding-2025-03-30-om-16.29.46.png\u00bb background_enable_image__hover=\u00bbon\u00bb][et_pb_image src=\u00bbhttps:\/\/laimbockart.nl\/wp-content\/uploads\/2025\/11\/420_Lika-Mutal-from-the-earth-to-the-world.webp\u00bb alt=\u00bbLika Mutal \u2013 de-la-terre-au-monde\u00bb title_text=\u00bbLika Mutal \u2013 de-la-terre-au-monde\u00bb url=\u00bbhttps:\/\/laimbockart.nl\/fr\/kunstwerken\/de-la-terre-au-monde\/\u00bb show_bottom_space=\u00bboff\u00bb _builder_version=\u00bb4.27.4&Prime; _module_preset=\u00bbdefault\u00bb background_color=\u00bb#969696&Prime; width=\u00bb100%\u00bb max_width=\u00bb100%\u00bb custom_margin=\u00bb||20px||false|false\u00bb hover_transition_duration=\u00bb500ms\u00bb hover_transition_speed_curve=\u00bbease-in\u00bb box_shadow_style=\u00bbpreset1&Prime; box_shadow_vertical=\u00bb0px\u00bb box_shadow_blur=\u00bb16px\u00bb box_shadow_spread=\u00bb-7px\u00bb global_colors_info=\u00bb{}\u00bb background__hover_enabled=\u00bboff|desktop\u00bb src__hover_enabled=\u00bboff|hover\u00bb src__hover=\u00bbhttps:\/\/laimbockart.nl\/wp-content\/uploads\/2025\/08\/Willem_A-horse-called-Desire-detai.webp\u00bb filter_contrast__hover_enabled=\u00bbon|hover\u00bb filter_contrast__hover=\u00bb100%\u00bb box_shadow_color__hover_enabled=\u00bbon|hover\u00bb box_shadow_color__hover=\u00bb#000000&Prime; box_shadow_blur__hover_enabled=\u00bbon|hover\u00bb box_shadow_blur__hover=\u00bb20px\u00bb][\/et_pb_image][et_pb_text _builder_version=\u00bb4.27.4&Prime; _module_preset=\u00bbdefault\u00bb text_font=\u00bbOpen Sans|||on|||||\u00bb text_text_color=\u00bb#1A1A40&Prime; text_font_size=\u00bb20px\u00bb text_letter_spacing=\u00bb2px\u00bb text_line_height=\u00bb1.2em\u00bb custom_margin=\u00bb||20px||false|false\u00bb custom_padding=\u00bb||0px||false|false\u00bb global_colors_info=\u00bb{}\u00bb]<\/p>\n<p>De la Terre au Monde<\/p>\n<p>[\/et_pb_text][\/et_pb_column][\/et_pb_row][et_pb_row column_structure=\u00bb1_4,1_4,1_4,1_4&Prime; use_custom_gutter=\u00bbon\u00bb gutter_width=\u00bb2&Prime; make_equal=\u00bbon\u00bb _builder_version=\u00bb4.27.4&Prime; _module_preset=\u00bbdefault\u00bb width=\u00bb100%\u00bb max_width=\u00bb100%\u00bb custom_margin=\u00bb|auto|39px|auto|false|false\u00bb custom_padding=\u00bb0px||0px||true|false\u00bb global_colors_info=\u00bb{}\u00bb][et_pb_column type=\u00bb1_4&Prime; _builder_version=\u00bb4.27.4&Prime; _module_preset=\u00bbdefault\u00bb background_enable_image=\u00bboff\u00bb global_colors_info=\u00bb{}\u00bb background__hover_enabled=\u00bboff|desktop\u00bb background_image__hover=\u00bbhttps:\/\/laimbockart.nl\/wp-content\/uploads\/2025\/08\/Scherm_afbeelding-2025-03-30-om-16.29.46.png\u00bb background_enable_image__hover=\u00bbon\u00bb][et_pb_image src=\u00bbhttps:\/\/laimbockart.nl\/wp-content\/uploads\/2025\/11\/420_Lika-Mutal-Keeper-of-the-stone.webp\u00bb alt=\u00bbLika Mutal \u2013 Gardienne de la pierre\u00bb title_text=\u00bbLika Mutal \u2013 Gardienne de la pierre\u00bb url=\u00bbhttps:\/\/laimbockart.nl\/fr\/kunstwerken\/gardien-de-la-pierre\/\u00bb show_bottom_space=\u00bboff\u00bb _builder_version=\u00bb4.27.4&Prime; _module_preset=\u00bbdefault\u00bb background_color=\u00bb#969696&Prime; width=\u00bb100%\u00bb max_width=\u00bb100%\u00bb custom_margin=\u00bb||20px||false|false\u00bb hover_transition_duration=\u00bb500ms\u00bb hover_transition_speed_curve=\u00bbease-in\u00bb box_shadow_style=\u00bbpreset1&Prime; box_shadow_vertical=\u00bb0px\u00bb box_shadow_blur=\u00bb16px\u00bb box_shadow_spread=\u00bb-7px\u00bb global_colors_info=\u00bb{}\u00bb background__hover_enabled=\u00bboff|desktop\u00bb src__hover_enabled=\u00bboff|hover\u00bb src__hover=\u00bbhttps:\/\/laimbockart.nl\/wp-content\/uploads\/2025\/08\/Willem_A-horse-called-Desire-detai.webp\u00bb filter_contrast__hover_enabled=\u00bbon|hover\u00bb filter_contrast__hover=\u00bb100%\u00bb box_shadow_color__hover_enabled=\u00bbon|hover\u00bb box_shadow_color__hover=\u00bb#000000&Prime; box_shadow_blur__hover_enabled=\u00bbon|hover\u00bb box_shadow_blur__hover=\u00bb20px\u00bb][\/et_pb_image][et_pb_text _builder_version=\u00bb4.27.4&Prime; _module_preset=\u00bbdefault\u00bb text_font=\u00bbOpen Sans|||on|||||\u00bb text_text_color=\u00bb#1A1A40&Prime; text_font_size=\u00bb20px\u00bb text_letter_spacing=\u00bb2px\u00bb text_line_height=\u00bb1.2em\u00bb custom_margin=\u00bb||20px||false|false\u00bb custom_padding=\u00bb||0px||false|false\u00bb global_colors_info=\u00bb{}\u00bb]Gardien de la Pierre[\/et_pb_text][\/et_pb_column][et_pb_column type=\u00bb1_4&Prime; _builder_version=\u00bb4.27.4&Prime; _module_preset=\u00bbdefault\u00bb background_enable_image=\u00bboff\u00bb global_colors_info=\u00bb{}\u00bb background__hover_enabled=\u00bboff|desktop\u00bb background_image__hover=\u00bbhttps:\/\/laimbockart.nl\/wp-content\/uploads\/2025\/08\/Scherm_afbeelding-2025-03-30-om-16.29.46.png\u00bb background_enable_image__hover=\u00bbon\u00bb][\/et_pb_column][et_pb_column type=\u00bb1_4&Prime; _builder_version=\u00bb4.27.4&Prime; _module_preset=\u00bbdefault\u00bb background_enable_image=\u00bboff\u00bb global_colors_info=\u00bb{}\u00bb background__hover_enabled=\u00bboff|desktop\u00bb background_image__hover=\u00bbhttps:\/\/laimbockart.nl\/wp-content\/uploads\/2025\/08\/Scherm_afbeelding-2025-03-30-om-16.29.46.png\u00bb background_enable_image__hover=\u00bbon\u00bb][\/et_pb_column][et_pb_column type=\u00bb1_4&Prime; _builder_version=\u00bb4.27.4&Prime; _module_preset=\u00bbdefault\u00bb background_enable_image=\u00bboff\u00bb global_colors_info=\u00bb{}\u00bb background__hover_enabled=\u00bboff|desktop\u00bb background_image__hover=\u00bbhttps:\/\/laimbockart.nl\/wp-content\/uploads\/2025\/08\/Scherm_afbeelding-2025-03-30-om-16.29.46.png\u00bb background_enable_image__hover=\u00bbon\u00bb][\/et_pb_column][\/et_pb_row][\/et_pb_section]<\/p>\n","protected":false},"excerpt":{"rendered":"<p>Lika MutalSculptrice Lika Mutal \u2013 Vermeulen est n\u00e9e en 1936 \u00e0 Geldrop, troisi\u00e8me des douze enfants du peintre Piet Vermeulen et de la pianiste Lia Schlaghecke. Lika a grandi \u00e0 Bilthoven et a fr\u00e9quent\u00e9 le coll\u00e8ge Bonifatius \u00e0 Utrecht. D\u00e8s son plus jeune \u00e2ge, elle ressentait une grande impulsion artistique. La grande famille et le [&hellip;]<\/p>\n","protected":false},"author":1,"featured_media":0,"parent":0,"menu_order":0,"comment_status":"closed","ping_status":"closed","template":"","meta":{"_acf_changed":false,"_et_pb_use_builder":"on","_et_pb_old_content":"","_et_gb_content_width":"","footnotes":""},"class_list":["post-1263","page","type-page","status-publish","hentry"],"acf":[],"_links":{"self":[{"href":"https:\/\/laimbockart.nl\/fr\/wp-json\/wp\/v2\/pages\/1263","targetHints":{"allow":["GET"]}}],"collection":[{"href":"https:\/\/laimbockart.nl\/fr\/wp-json\/wp\/v2\/pages"}],"about":[{"href":"https:\/\/laimbockart.nl\/fr\/wp-json\/wp\/v2\/types\/page"}],"author":[{"embeddable":true,"href":"https:\/\/laimbockart.nl\/fr\/wp-json\/wp\/v2\/users\/1"}],"replies":[{"embeddable":true,"href":"https:\/\/laimbockart.nl\/fr\/wp-json\/wp\/v2\/comments?post=1263"}],"version-history":[{"count":49,"href":"https:\/\/laimbockart.nl\/fr\/wp-json\/wp\/v2\/pages\/1263\/revisions"}],"predecessor-version":[{"id":4902,"href":"https:\/\/laimbockart.nl\/fr\/wp-json\/wp\/v2\/pages\/1263\/revisions\/4902"}],"wp:attachment":[{"href":"https:\/\/laimbockart.nl\/fr\/wp-json\/wp\/v2\/media?parent=1263"}],"curies":[{"name":"wp","href":"https:\/\/api.w.org\/{rel}","templated":true}]}}