{"id":1278,"date":"2025-10-10T12:01:39","date_gmt":"2025-10-10T12:01:39","guid":{"rendered":"https:\/\/laimbockart.nl\/artwork-contact\/"},"modified":"2025-11-10T16:43:04","modified_gmt":"2025-11-10T16:43:04","slug":"artwork-contact","status":"publish","type":"page","link":"https:\/\/laimbockart.nl\/en\/artwork-contact\/","title":{"rendered":"Artwork Contact"},"content":{"rendered":"<p>[et_pb_section fb_built=&#8221;1&#8243; _builder_version=&#8221;4.27.4&#8243; _module_preset=&#8221;default&#8221; custom_margin=&#8221;|40px||40px|false|true&#8221; custom_padding=&#8221;80px|0px|80px|0px|false|true&#8221; border_width_bottom=&#8221;1px&#8221; border_color_bottom=&#8221;rgba(26,26,64,0.12)&#8221; global_colors_info=&#8221;{}&#8221;][et_pb_row _builder_version=&#8221;4.27.4&#8243; _module_preset=&#8221;default&#8221; width=&#8221;100%&#8221; max_width=&#8221;100%&#8221; custom_padding=&#8221;0px||0px||true|false&#8221; global_colors_info=&#8221;{}&#8221;][et_pb_column type=&#8221;4_4&#8243; _builder_version=&#8221;4.27.4&#8243; _module_preset=&#8221;default&#8221; global_colors_info=&#8221;{}&#8221;][et_pb_text _builder_version=&#8221;4.27.4&#8243; _module_preset=&#8221;default&#8221; header_font=&#8221;Alegreya Sans|||on|||||&#8221; header_text_align=&#8221;left&#8221; header_font_size=&#8221;80px&#8221; header_line_height=&#8221;0.8em&#8221; custom_margin=&#8221;||0px||false|false&#8221; custom_padding=&#8221;||0px||false|false&#8221; global_colors_info=&#8221;{}&#8221;]<\/p>\n<h1>Inquire<\/h1>\n<p>[\/et_pb_text][\/et_pb_column][\/et_pb_row][\/et_pb_section][et_pb_section fb_built=&#8221;1&#8243; _builder_version=&#8221;4.27.4&#8243; _module_preset=&#8221;default&#8221; global_colors_info=&#8221;{}&#8221;][et_pb_row column_structure=&#8221;1_5,3_5,1_5&#8243; _builder_version=&#8221;4.27.4&#8243; _module_preset=&#8221;default&#8221; global_colors_info=&#8221;{}&#8221;][et_pb_column type=&#8221;1_5&#8243; _builder_version=&#8221;4.27.4&#8243; _module_preset=&#8221;default&#8221; global_colors_info=&#8221;{}&#8221;][\/et_pb_column][et_pb_column type=&#8221;3_5&#8243; _builder_version=&#8221;4.27.4&#8243; _module_preset=&#8221;default&#8221; global_colors_info=&#8221;{}&#8221;][et_pb_code admin_label=&#8221;Artwork info&#8221; _builder_version=&#8221;4.27.4&#8243; _module_preset=&#8221;default&#8221; global_colors_info=&#8221;{}&#8221;]<!-- Kunstwerk samenvattingsblok \u2014 plaats boven het contactformulier --><!-- [et_pb_line_break_holder] --><\/p>\n<div id=\"artwork-summary\" class=\"artwork-summary\" role=\"region\" aria-labelledby=\"artwork-summary-h\" hidden=\"\"><!-- [et_pb_line_break_holder] -->  <\/p>\n<div class=\"artwork-summary__media\" id=\"artwork-summary-media\"><!-- [et_pb_line_break_holder] -->    <img id=\"artwork-summary-img\" alt=\"\"><!-- [et_pb_line_break_holder] -->  <\/div>\n<p><!-- [et_pb_line_break_holder] -->  <\/p>\n<div class=\"artwork-summary__content\"><!-- [et_pb_line_break_holder] -->    <\/p>\n<div class=\"artwork-summary__eyebrow\" id=\"artwork-summary-eyebrow\">Selected artwork<\/div>\n<p><!-- [et_pb_line_break_holder] -->    <\/p>\n<h3 class=\"artwork-summary__title\" id=\"artwork-summary-h\"><\/h3>\n<p><!-- [et_pb_line_break_holder] -->    <pee class=\"artwork-summary__link\"><!-- [et_pb_line_break_holder] -->      <a id=\"artwork-summary-link\" href=\"#\" target=\"_blank\" rel=\"noopener\">View artwork<\/a><!-- [et_pb_line_break_holder] -->    <\/pee><!-- [et_pb_line_break_holder] -->  <\/div>\n<p><!-- [et_pb_line_break_holder] --><\/div>\n<p><!-- [et_pb_line_break_holder] --><!-- [et_pb_line_break_holder] --><\/p>\n<style><!-- [et_pb_line_break_holder] -->\/* Layout & stijl van het blok *\/<!-- [et_pb_line_break_holder] -->.artwork-summary{<!-- [et_pb_line_break_holder] -->  border:1px solid#0A0A0A;      <!-- [et_pb_line_break_holder] -->  background:#ffffFF;                <!-- [et_pb_line_break_holder] -->  padding:16px;<!-- [et_pb_line_break_holder] -->  display:grid;<!-- [et_pb_line_break_holder] -->  grid-template-columns:120px 1fr;<!-- [et_pb_line_break_holder] -->  gap:16px;<!-- [et_pb_line_break_holder] -->  align-items:center;<!-- [et_pb_line_break_holder] -->}<!-- [et_pb_line_break_holder] -->.artwork-summary__media img{<!-- [et_pb_line_break_holder] -->  display:block;<!-- [et_pb_line_break_holder] -->  width:100%;<!-- [et_pb_line_break_holder] -->  height:auto;<!-- [et_pb_line_break_holder] -->  object-fit:cover;<!-- [et_pb_line_break_holder] -->  border-radius:8px;<!-- [et_pb_line_break_holder] -->}<!-- [et_pb_line_break_holder] -->.artwork-summary__eyebrow{<!-- [et_pb_line_break_holder] -->  font-size:12px;<!-- [et_pb_line_break_holder] -->  letter-spacing:.08em;<!-- [et_pb_line_break_holder] -->  text-transform:uppercase;<!-- [et_pb_line_break_holder] -->  opacity:.8;<!-- [et_pb_line_break_holder] -->  margin:0 0 4px 0;<!-- [et_pb_line_break_holder] -->}<!-- [et_pb_line_break_holder] -->.artwork-summary__title{<!-- [et_pb_line_break_holder] -->  font-size:20px;<!-- [et_pb_line_break_holder] -->  line-height:1.3;<!-- [et_pb_line_break_holder] -->  margin:0 0 6px 0;<!-- [et_pb_line_break_holder] -->}<!-- [et_pb_line_break_holder] -->.artwork-summary__link a{<!-- [et_pb_line_break_holder] -->  text-decoration:underline;<!-- [et_pb_line_break_holder] -->  word-break:break-word;<!-- [et_pb_line_break_holder] -->}<!-- [et_pb_line_break_holder] -->@media (max-width: 768px){<!-- [et_pb_line_break_holder] -->  .artwork-summary{ grid-template-columns:1fr; }<!-- [et_pb_line_break_holder] -->  .artwork-summary__media{ order:2; }<!-- [et_pb_line_break_holder] -->  .artwork-summary__content{ order:1; }<!-- [et_pb_line_break_holder] -->}<!-- [et_pb_line_break_holder] --><\/style>\n<p><!-- [et_pb_line_break_holder] --><!-- [et_pb_line_break_holder] --><script><!-- [et_pb_line_break_holder] -->\/* Vult het blok vanuit de URL-parameters die we al meesturen vanaf de Inquire-knop *\/<!-- [et_pb_line_break_holder] -->(function(){<!-- [et_pb_line_break_holder] -->  function $(s, c=document){ return c.querySelector(s); }<!-- [et_pb_line_break_holder] -->  function text(el, val){ if(el) el.textContent = val || ''; }<!-- [et_pb_line_break_holder] -->  function show(el){ if(el) el.hidden = false; }<!-- [et_pb_line_break_holder] -->  function hide(el){ if(el) el.hidden = true; }<!-- [et_pb_line_break_holder] --><!-- [et_pb_line_break_holder] -->  function run(){<!-- [et_pb_line_break_holder] -->    const params = new URLSearchParams(location.search);<!-- [et_pb_line_break_holder] -->    if(!params.toString()) return;<!-- [et_pb_line_break_holder] --><!-- [et_pb_line_break_holder] -->    \/\/ Haal waarden op (komen uit je bestaande link\/shortcode)<!-- [et_pb_line_break_holder] -->    const title = (params.get('artwork') || '').trim()<!-- [et_pb_line_break_holder] -->               || (params.get('subject') || '').replace(\/^(Inquiry:|Aanvraag:)\\s*\/,'').trim();<!-- [et_pb_line_break_holder] -->    const link  = (params.get('artwork_url') || params.get('url') || '').trim();<!-- [et_pb_line_break_holder] -->    const img   = (params.get('image') || '').trim();<!-- [et_pb_line_break_holder] --><!-- [et_pb_line_break_holder] -->    \/\/ Elementen<!-- [et_pb_line_break_holder] -->    const wrap   = $('#artwork-summary');<!-- [et_pb_line_break_holder] -->    const h      = $('#artwork-summary-h');<!-- [et_pb_line_break_holder] -->    const a      = $('#artwork-summary-link');<!-- [et_pb_line_break_holder] -->    const media  = $('#artwork-summary-media');<!-- [et_pb_line_break_holder] -->    const imgEl  = $('#artwork-summary-img');<!-- [et_pb_line_break_holder] -->    const eyebrow= $('#artwork-summary-eyebrow');<!-- [et_pb_line_break_holder] --><!-- [et_pb_line_break_holder] -->    \/\/ Taal (voor subtitel\/linktekst, WPML-ready)<!-- [et_pb_line_break_holder] -->    const lang = (document.documentElement.lang || '').toLowerCase();<!-- [et_pb_line_break_holder] -->    if (lang.startsWith('en')) {<!-- [et_pb_line_break_holder] -->      text(eyebrow, 'Selected artwork');<!-- [et_pb_line_break_holder] -->      if(a) a.textContent = 'View artwork';<!-- [et_pb_line_break_holder] -->    } else if (lang.startsWith('de')) {<!-- [et_pb_line_break_holder] -->      text(eyebrow, 'Ausgew\u00e4hltes Kunstwerk');<!-- [et_pb_line_break_holder] -->      if(a) a.textContent = 'Kunstwerk ansehen';<!-- [et_pb_line_break_holder] -->    } else if (lang.startsWith('fr')) {<!-- [et_pb_line_break_holder] -->      text(eyebrow, '\u0152uvre s\u00e9lectionn\u00e9e');<!-- [et_pb_line_break_holder] -->      if(a) a.textContent = 'Voir l\u2019\u0153uvre';<!-- [et_pb_line_break_holder] -->    } else {<!-- [et_pb_line_break_holder] -->      \/\/ NL als default<!-- [et_pb_line_break_holder] -->      text(eyebrow, 'Geselecteerd kunstwerk');<!-- [et_pb_line_break_holder] -->      if(a) a.textContent = 'Bekijk kunstwerk';<!-- [et_pb_line_break_holder] -->    }<!-- [et_pb_line_break_holder] --><!-- [et_pb_line_break_holder] -->    \/\/ Vul titel en link<!-- [et_pb_line_break_holder] -->    if (title) text(h, title);<!-- [et_pb_line_break_holder] -->    if (link && a) a.href = link;<!-- [et_pb_line_break_holder] --><!-- [et_pb_line_break_holder] -->    \/\/ Afbeelding tonen (als meegegeven)<!-- [et_pb_line_break_holder] -->    if (img && imgEl) {<!-- [et_pb_line_break_holder] -->      imgEl.src = img;<!-- [et_pb_line_break_holder] -->      imgEl.alt = title ? `Afbeelding van ${title}` : 'Afbeelding van het kunstwerk';<!-- [et_pb_line_break_holder] -->      show(media);<!-- [et_pb_line_break_holder] -->    } else {<!-- [et_pb_line_break_holder] -->      hide(media);<!-- [et_pb_line_break_holder] -->    }<!-- [et_pb_line_break_holder] --><!-- [et_pb_line_break_holder] -->    \/\/ Blok tonen als we \u00edets zinnigs hebben<!-- [et_pb_line_break_holder] -->    if (title || link || img) show(wrap);<!-- [et_pb_line_break_holder] -->  }<!-- [et_pb_line_break_holder] --><!-- [et_pb_line_break_holder] -->  if(document.readyState === 'loading'){<!-- [et_pb_line_break_holder] -->    document.addEventListener('DOMContentLoaded', run, {once:true});<!-- [et_pb_line_break_holder] -->  } else {<!-- [et_pb_line_break_holder] -->    run();<!-- [et_pb_line_break_holder] -->  }<!-- [et_pb_line_break_holder] -->})();<!-- [et_pb_line_break_holder] --><\/script><!-- [et_pb_line_break_holder] -->[\/et_pb_code][et_pb_contact_form captcha=&#8221;off&#8221; email=&#8221;rolf@laimbockart.nl&#8221; custom_message=&#8221;*Artwork details*||et_pb_line_break_holder||Image: %%image%%||et_pb_line_break_holder||Subject: %%subject%%||et_pb_line_break_holder||Artwork: %%artwork%%||et_pb_line_break_holder||Artwork URL: %%artwork_url%%||et_pb_line_break_holder||||et_pb_line_break_holder||||et_pb_line_break_holder||*Customer details*||et_pb_line_break_holder||Name: %%naam%%||et_pb_line_break_holder||Email: %%email%%||et_pb_line_break_holder||Message: %%bericht%%&#8221; submit_button_text=&#8221;Inquire&#8221; module_id=&#8221;c&#8221; _builder_version=&#8221;4.27.4&#8243; _module_preset=&#8221;f4e0c5b5-fa02-413e-93dd-adb0a6ba6b93&#8243; hover_enabled=&#8221;0&#8243; global_colors_info=&#8221;{}&#8221; sticky_enabled=&#8221;0&#8243;][et_pb_contact_field field_id=&#8221;image&#8221; field_title=&#8221;Image&#8221; required_mark=&#8221;off&#8221; fullwidth_field=&#8221;on&#8221; _builder_version=&#8221;4.27.4&#8243; _module_preset=&#8221;default&#8221; global_colors_info=&#8221;{}&#8221;][\/et_pb_contact_field][et_pb_contact_field field_id=&#8221;subject&#8221; field_title=&#8221;Subject&#8221; required_mark=&#8221;off&#8221; fullwidth_field=&#8221;on&#8221; _builder_version=&#8221;4.27.4&#8243; _module_preset=&#8221;default&#8221; global_colors_info=&#8221;{}&#8221;][\/et_pb_contact_field][et_pb_contact_field field_id=&#8221;artwork&#8221; field_title=&#8221;Artwork&#8221; required_mark=&#8221;off&#8221; fullwidth_field=&#8221;on&#8221; _builder_version=&#8221;4.27.4&#8243; _module_preset=&#8221;default&#8221; global_colors_info=&#8221;{}&#8221;][\/et_pb_contact_field][et_pb_contact_field field_id=&#8221;artwork_url&#8221; field_title=&#8221;Artwork url&#8221; required_mark=&#8221;off&#8221; fullwidth_field=&#8221;on&#8221; _builder_version=&#8221;4.27.4&#8243; _module_preset=&#8221;default&#8221; global_colors_info=&#8221;{}&#8221;][\/et_pb_contact_field][et_pb_contact_field field_id=&#8221;naam&#8221; field_title=&#8221;Name&#8221; fullwidth_field=&#8221;on&#8221; _builder_version=&#8221;4.27.4&#8243; global_colors_info=&#8221;{}&#8221; button_text_size__hover_enabled=&#8221;off&#8221; button_one_text_size__hover_enabled=&#8221;off&#8221; button_two_text_size__hover_enabled=&#8221;off&#8221; button_text_color__hover_enabled=&#8221;off&#8221; button_one_text_color__hover_enabled=&#8221;off&#8221; button_two_text_color__hover_enabled=&#8221;off&#8221; button_border_width__hover_enabled=&#8221;off&#8221; button_one_border_width__hover_enabled=&#8221;off&#8221; button_two_border_width__hover_enabled=&#8221;off&#8221; button_border_color__hover_enabled=&#8221;off&#8221; button_one_border_color__hover_enabled=&#8221;off&#8221; button_two_border_color__hover_enabled=&#8221;off&#8221; button_border_radius__hover_enabled=&#8221;off&#8221; button_one_border_radius__hover_enabled=&#8221;off&#8221; button_two_border_radius__hover_enabled=&#8221;off&#8221; button_letter_spacing__hover_enabled=&#8221;off&#8221; button_one_letter_spacing__hover_enabled=&#8221;off&#8221; button_two_letter_spacing__hover_enabled=&#8221;off&#8221; button_bg_color__hover_enabled=&#8221;off&#8221; button_one_bg_color__hover_enabled=&#8221;off&#8221; button_two_bg_color__hover_enabled=&#8221;off&#8221;][\/et_pb_contact_field][et_pb_contact_field field_id=&#8221;email&#8221; field_title=&#8221;Email&#8221; field_type=&#8221;email&#8221; fullwidth_field=&#8221;on&#8221; _builder_version=&#8221;4.27.4&#8243; global_colors_info=&#8221;{}&#8221; button_text_size__hover_enabled=&#8221;off&#8221; button_one_text_size__hover_enabled=&#8221;off&#8221; button_two_text_size__hover_enabled=&#8221;off&#8221; button_text_color__hover_enabled=&#8221;off&#8221; button_one_text_color__hover_enabled=&#8221;off&#8221; button_two_text_color__hover_enabled=&#8221;off&#8221; button_border_width__hover_enabled=&#8221;off&#8221; button_one_border_width__hover_enabled=&#8221;off&#8221; button_two_border_width__hover_enabled=&#8221;off&#8221; button_border_color__hover_enabled=&#8221;off&#8221; button_one_border_color__hover_enabled=&#8221;off&#8221; button_two_border_color__hover_enabled=&#8221;off&#8221; button_border_radius__hover_enabled=&#8221;off&#8221; button_one_border_radius__hover_enabled=&#8221;off&#8221; button_two_border_radius__hover_enabled=&#8221;off&#8221; button_letter_spacing__hover_enabled=&#8221;off&#8221; button_one_letter_spacing__hover_enabled=&#8221;off&#8221; button_two_letter_spacing__hover_enabled=&#8221;off&#8221; button_bg_color__hover_enabled=&#8221;off&#8221; button_one_bg_color__hover_enabled=&#8221;off&#8221; button_two_bg_color__hover_enabled=&#8221;off&#8221;][\/et_pb_contact_field][et_pb_contact_field field_id=&#8221;telefoon&#8221; field_title=&#8221;Phone number&#8221; allowed_symbols=&#8221;numbers&#8221; required_mark=&#8221;off&#8221; fullwidth_field=&#8221;on&#8221; _builder_version=&#8221;4.27.4&#8243; global_colors_info=&#8221;{}&#8221; button_text_size__hover_enabled=&#8221;off&#8221; button_one_text_size__hover_enabled=&#8221;off&#8221; button_two_text_size__hover_enabled=&#8221;off&#8221; button_text_color__hover_enabled=&#8221;off&#8221; button_one_text_color__hover_enabled=&#8221;off&#8221; button_two_text_color__hover_enabled=&#8221;off&#8221; button_border_width__hover_enabled=&#8221;off&#8221; button_one_border_width__hover_enabled=&#8221;off&#8221; button_two_border_width__hover_enabled=&#8221;off&#8221; button_border_color__hover_enabled=&#8221;off&#8221; button_one_border_color__hover_enabled=&#8221;off&#8221; button_two_border_color__hover_enabled=&#8221;off&#8221; button_border_radius__hover_enabled=&#8221;off&#8221; button_one_border_radius__hover_enabled=&#8221;off&#8221; button_two_border_radius__hover_enabled=&#8221;off&#8221; button_letter_spacing__hover_enabled=&#8221;off&#8221; button_one_letter_spacing__hover_enabled=&#8221;off&#8221; button_two_letter_spacing__hover_enabled=&#8221;off&#8221; button_bg_color__hover_enabled=&#8221;off&#8221; button_one_bg_color__hover_enabled=&#8221;off&#8221; button_two_bg_color__hover_enabled=&#8221;off&#8221;][\/et_pb_contact_field][et_pb_contact_field field_id=&#8221;bericht&#8221; field_title=&#8221;Message&#8221; field_type=&#8221;text&#8221; fullwidth_field=&#8221;on&#8221; _builder_version=&#8221;4.27.4&#8243; global_colors_info=&#8221;{}&#8221; button_text_size__hover_enabled=&#8221;off&#8221; button_one_text_size__hover_enabled=&#8221;off&#8221; button_two_text_size__hover_enabled=&#8221;off&#8221; button_text_color__hover_enabled=&#8221;off&#8221; button_one_text_color__hover_enabled=&#8221;off&#8221; button_two_text_color__hover_enabled=&#8221;off&#8221; button_border_width__hover_enabled=&#8221;off&#8221; button_one_border_width__hover_enabled=&#8221;off&#8221; button_two_border_width__hover_enabled=&#8221;off&#8221; button_border_color__hover_enabled=&#8221;off&#8221; button_one_border_color__hover_enabled=&#8221;off&#8221; button_two_border_color__hover_enabled=&#8221;off&#8221; button_border_radius__hover_enabled=&#8221;off&#8221; button_one_border_radius__hover_enabled=&#8221;off&#8221; button_two_border_radius__hover_enabled=&#8221;off&#8221; button_letter_spacing__hover_enabled=&#8221;off&#8221; button_one_letter_spacing__hover_enabled=&#8221;off&#8221; button_two_letter_spacing__hover_enabled=&#8221;off&#8221; button_bg_color__hover_enabled=&#8221;off&#8221; button_one_bg_color__hover_enabled=&#8221;off&#8221; button_two_bg_color__hover_enabled=&#8221;off&#8221;][\/et_pb_contact_field][\/et_pb_contact_form][et_pb_code _builder_version=&#8221;4.27.4&#8243; _module_preset=&#8221;default&#8221; hover_enabled=&#8221;0&#8243; global_colors_info=&#8221;{}&#8221; sticky_enabled=&#8221;0&#8243;]<!-- Prefill + verberg kunstwerk-velden als er URL-params zijn --><!-- [et_pb_line_break_holder] --><script><!-- [et_pb_line_break_holder] -->(function () {<!-- [et_pb_line_break_holder] -->  function run(){<!-- [et_pb_line_break_holder] -->    const p = new URLSearchParams(location.search);<!-- [et_pb_line_break_holder] -->    \/\/ Alleen iets doen als er prefill-params zijn<!-- [et_pb_line_break_holder] -->    const hasPrefill = p.has('artwork') || p.has('subject') || p.has('artwork_url') || p.has('url') || p.has('image');<!-- [et_pb_line_break_holder] -->    if (!hasPrefill) return;<!-- [et_pb_line_break_holder] --><!-- [et_pb_line_break_holder] -->    \/\/ Zet vlag op <html> zodat CSS kan verbergen<!-- [et_pb_line_break_holder] -->    document.documentElement.classList.add('has-artwork-prefill');<!-- [et_pb_line_break_holder] --><!-- [et_pb_line_break_holder] -->    const ROOT = document; \/\/ evt.: document.getElementById('contact-form') als je de sectie een ID geeft<!-- [et_pb_line_break_holder] -->    function setDivi(id, val){<!-- [et_pb_line_break_holder] -->      const wrap = ROOT.querySelector(`.et_pb_contact_field[data-id=\"${CSS.escape(id)}\"]`);<!-- [et_pb_line_break_holder] -->      const el = wrap && wrap.querySelector('input, textarea, select');<!-- [et_pb_line_break_holder] -->      if (!el) return;<!-- [et_pb_line_break_holder] -->      el.value = val || '';<!-- [et_pb_line_break_holder] -->      el.readOnly = true;<!-- [et_pb_line_break_holder] -->      el.setAttribute('aria-readonly','true');<!-- [et_pb_line_break_holder] -->    }<!-- [et_pb_line_break_holder] --><!-- [et_pb_line_break_holder] -->    \/\/ Vul de velden<!-- [et_pb_line_break_holder] -->    setDivi('subject', p.get('subject'));<!-- [et_pb_line_break_holder] -->    setDivi('artwork', p.get('artwork'));<!-- [et_pb_line_break_holder] -->    setDivi('artwork_url', p.get('artwork_url') || p.get('url'));<!-- [et_pb_line_break_holder] -->    if (p.get('image')) setDivi('image', p.get('image'));<!-- [et_pb_line_break_holder] -->  }<!-- [et_pb_line_break_holder] --><!-- [et_pb_line_break_holder] -->  if (document.readyState === 'loading') {<!-- [et_pb_line_break_holder] -->    document.addEventListener('DOMContentLoaded', run, {once:true});<!-- [et_pb_line_break_holder] -->  } else { run(); }<!-- [et_pb_line_break_holder] -->})();<!-- [et_pb_line_break_holder] --><\/script><!-- [et_pb_line_break_holder] --><!-- [et_pb_line_break_holder] --><\/p>\n<style><!-- [et_pb_line_break_holder] -->\/* Verberg de prefilled velden zodra de vlag op <html> staat *\/<!-- [et_pb_line_break_holder] -->html.has-artwork-prefill .et_pb_contact_field[data-id=\"subject\"],<!-- [et_pb_line_break_holder] -->html.has-artwork-prefill .et_pb_contact_field[data-id=\"artwork\"],<!-- [et_pb_line_break_holder] -->html.has-artwork-prefill .et_pb_contact_field[data-id=\"artwork_url\"],<!-- [et_pb_line_break_holder] -->html.has-artwork-prefill .et_pb_contact_field[data-id=\"image\"]{<!-- [et_pb_line_break_holder] -->  display: none !important;<!-- [et_pb_line_break_holder] -->}<!-- [et_pb_line_break_holder] --><\/style>\n<p><!-- [et_pb_line_break_holder] -->[\/et_pb_code][\/et_pb_column][et_pb_column type=&#8221;1_5&#8243; _builder_version=&#8221;4.27.4&#8243; _module_preset=&#8221;default&#8221; global_colors_info=&#8221;{}&#8221;][\/et_pb_column][\/et_pb_row][\/et_pb_section]<\/p>\n","protected":false},"excerpt":{"rendered":"<p>Inquire<\/p>\n","protected":false},"author":1,"featured_media":0,"parent":0,"menu_order":0,"comment_status":"closed","ping_status":"closed","template":"","meta":{"_acf_changed":false,"_et_pb_use_builder":"on","_et_pb_old_content":"","_et_gb_content_width":"","footnotes":""},"class_list":["post-1278","page","type-page","status-publish","hentry"],"acf":[],"_links":{"self":[{"href":"https:\/\/laimbockart.nl\/en\/wp-json\/wp\/v2\/pages\/1278","targetHints":{"allow":["GET"]}}],"collection":[{"href":"https:\/\/laimbockart.nl\/en\/wp-json\/wp\/v2\/pages"}],"about":[{"href":"https:\/\/laimbockart.nl\/en\/wp-json\/wp\/v2\/types\/page"}],"author":[{"embeddable":true,"href":"https:\/\/laimbockart.nl\/en\/wp-json\/wp\/v2\/users\/1"}],"replies":[{"embeddable":true,"href":"https:\/\/laimbockart.nl\/en\/wp-json\/wp\/v2\/comments?post=1278"}],"version-history":[{"count":5,"href":"https:\/\/laimbockart.nl\/en\/wp-json\/wp\/v2\/pages\/1278\/revisions"}],"predecessor-version":[{"id":4608,"href":"https:\/\/laimbockart.nl\/en\/wp-json\/wp\/v2\/pages\/1278\/revisions\/4608"}],"wp:attachment":[{"href":"https:\/\/laimbockart.nl\/en\/wp-json\/wp\/v2\/media?parent=1278"}],"curies":[{"name":"wp","href":"https:\/\/api.w.org\/{rel}","templated":true}]}}