{"id":4180,"date":"2025-11-07T20:50:49","date_gmt":"2025-11-07T20:50:49","guid":{"rendered":"https:\/\/laimbockart.nl\/cookie-richtlinie\/"},"modified":"2025-11-07T20:50:49","modified_gmt":"2025-11-07T20:50:49","slug":"cookie-richtlinie","status":"publish","type":"page","link":"https:\/\/laimbockart.nl\/de\/cookie-richtlinie\/","title":{"rendered":"Cookie-Richtlinie"},"content":{"rendered":"\n<!-- Legal document generated by Complianz | GDPR\/CCPA Cookie Consent https:\/\/wordpress.org\/plugins\/complianz-gdpr -->\n<div id=\"cmplz-document\" class=\"cmplz-document cookie-statement cmplz-document-eu\"><p><i>Diese Cookie-Richtlinie wurde zuletzt am 7. November 2025 aktualisiert und gilt f\u00fcr B\u00fcrger und rechtm\u00e4\u00dfig dauerhaft ans\u00e4ssige Personen des Europ\u00e4ischen Wirtschaftsraums und der Schweiz.<\/i><br><\/p><h2>1. Einf\u00fchrung<\/h2><p>Unsere Website, <a href=\"https:\/\/laimbockart.nl\/de\/\">https:\/\/laimbockart.nl\/de\/<\/a> (im folgenden: \u201eDie Website\u201c) verwendet Cookies und \u00e4hnliche Technologien (der Einfachheit halber werden all diese unter \u201eCookies\u201c zusammengefasst). Cookies werden au\u00dferdem von uns beauftragten Drittparteien platziert. In dem unten stehendem Dokument informieren wir dich \u00fcber die Verwendung von Cookies auf unserer Website.<\/p><h2>2. Was sind Cookies?<\/h2><p>Ein Cookie ist eine kleine, einfache Datei, die zusammen mit Seiten dieser Website gesendet und von Ihrem Browser auf der Festplatte Ihres Computers oder eines anderen Ger\u00e4ts gespeichert wird. Die darin gespeicherten Informationen k\u00f6nnen bei einem sp\u00e4teren Besuch an unsere Server oder an die Server der entsprechenden Drittparteien zur\u00fcckgesendet werden. <\/p><h2>3. Was sind Skripte?<\/h2><p>Ein Skript ist ein St\u00fcck Programmcode, das verwendet wird, um unsere Website ordnungsgem\u00e4\u00df und interaktiv funktionieren zu lassen. Dieser Code wird auf unserem Server oder auf Ihrem Ger\u00e4t ausgef\u00fchrt. <\/p><h2>4. Was ist ein Web Beacon?<\/h2><p>Ein Web Beacon (oder ein Pixel-Tag) ist ein kleines, unsichtbares St\u00fcck Text oder Bild auf einer Website, das verwendet wird, um den Traffic auf einer Website zu \u00fcberwachen. Um dies zu tun, werden verschiedene Daten \u00fcber Sie mithilfe von Web Beacons gespeichert. <\/p><h2>5. Cookies<\/h2><p class=\"cmplz-subtitle\">5.1 Technische oder funktionale Cookies<\/p><p>Einige Cookies stellen sicher, dass bestimmte Teile der Website ordnungsgem\u00e4\u00df funktionieren und dass Ihre Benutzereinstellungen bekannt bleiben. Durch das Setzen von funktionalen Cookies erleichtern wir Ihnen den Besuch unserer Website. Auf diese Weise m\u00fcssen Sie nicht wiederholt die gleichen Informationen eingeben, wenn Sie unsere Website besuchen, und beispielsweise bleiben die Artikel in Ihrem Warenkorb, bis Sie bezahlt haben. Wir k\u00f6nnen diese Cookies ohne Ihre Zustimmung setzen.   <\/p><p class=\"cmplz-subtitle\">5.2 Marketing- \/ Tracking-Cookies<\/p><p>Marketing-\/Tracking-Cookies sind Cookies oder jede andere Form von lokaler Speicherung, die verwendet werden, um Benutzerprofile zu erstellen, um Werbung anzuzeigen oder um den Benutzer auf dieser Website oder \u00fcber mehrere Websites f\u00fcr \u00e4hnliche Marketingzwecke zu verfolgen.<\/p><h2>6. Platzierte Cookies<\/h2><div id=\"cmplz-cookies-overview\"><details class=\"cmplz-dropdown cmplz-service-desc cmplz-dropdown-cookiepolicy \">\n\t<summary class=\"cmplz-service-header\"><div>\n\t\t<h3>WordPress<\/h3>\n\t\t<p>Functional<\/p>\n\t\t<label for=\"cmplz_service_wordpress\" class=\"cmplz_consent_per_service_label\"><span class=\"screen-reader-text\">Consent to service wordpress<\/span><\/label>\n\t\t<input type=\"checkbox\" id=\"cmplz_service_wordpress\" class=\"cmplz-accept-service cmplz-hidden\" data-service=\"wordpress\" data-category=\"functional\"><\/div>\n\t<\/summary>\n\t<div class=\"cmplz-service-description\">\n\t\t<h4>Nutzung<\/h4>\n\t\t<p><\/p>\n\t<\/div>\n\t<div class=\"cmplz-sharing-data\">\n\t\t<h4>Datenweitergabe<\/h4>\n\t\t<p>Diese Daten werden nicht an Dritte weitergegeben.<\/p>\n\t<\/div>\n\t<div class=\"cookies-per-purpose\">\n    <div class=\"purpose\"><h4>Functional<\/h4><\/div>\n    <div class=\"name-header\">\n\t<h5>Name<\/h5>\n<\/div>\n<div class=\"name\"><a target=\"_blank\" rel=\"noopener noreferrer nofollow\" href=\"https:\/\/cookiedatabase.org\/cookie\/unknown-service\/wp_preferences_user_\/\">WP_PREFERENCES_USER_*<\/a><\/div>\n<div class=\"retention-header\">\n\t<h5>Ablauf<\/h5>\n<\/div>\n<div class=\"retention\">365 Tage<\/div>\n<div class=\"function-header\">\n\t<h5>Funktion<\/h5>\n<\/div>\n<div class=\"function\">Store user preferences<\/div>\n<div class=\"name-header\">\n\t<h5>Name<\/h5>\n<\/div>\n<div class=\"name\"><a target=\"_blank\" rel=\"noopener noreferrer nofollow\" href=\"https:\/\/cookiedatabase.org\/cookie\/unknown-service\/wpemojisettingssupports\/\">wpEmojiSettingsSupports<\/a><\/div>\n<div class=\"retention-header\">\n\t<h5>Ablauf<\/h5>\n<\/div>\n<div class=\"retention\">365 Tage<\/div>\n<div class=\"function-header\">\n\t<h5>Funktion<\/h5>\n<\/div>\n<div class=\"function\">Store browser details<\/div>\n<div class=\"name-header\">\n\t<h5>Name<\/h5>\n<\/div>\n<div class=\"name\"><a target=\"_blank\" rel=\"noopener noreferrer nofollow\" href=\"https:\/\/cookiedatabase.org\/cookie\/unknown-service\/wp-settings\/\">wp-settings-*<\/a><\/div>\n<div class=\"retention-header\">\n\t<h5>Ablauf<\/h5>\n<\/div>\n<div class=\"retention\">365 Tage<\/div>\n<div class=\"function-header\">\n\t<h5>Funktion<\/h5>\n<\/div>\n<div class=\"function\">Store user preferences<\/div>\n<div class=\"name-header\">\n\t<h5>Name<\/h5>\n<\/div>\n<div class=\"name\"><a target=\"_blank\" rel=\"noopener noreferrer nofollow\" href=\"https:\/\/cookiedatabase.org\/cookie\/unknown-service\/wordpress_test_cookie\/\">wordpress_test_cookie<\/a><\/div>\n<div class=\"retention-header\">\n\t<h5>Ablauf<\/h5>\n<\/div>\n<div class=\"retention\">365 Tage<\/div>\n<div class=\"function-header\">\n\t<h5>Funktion<\/h5>\n<\/div>\n<div class=\"function\">Read if cookies can be placed<\/div>\n<div class=\"name-header\">\n\t<h5>Name<\/h5>\n<\/div>\n<div class=\"name\"><a target=\"_blank\" rel=\"noopener noreferrer nofollow\" href=\"https:\/\/cookiedatabase.org\/cookie\/unknown-service\/wordpress_logged_in_\/\">wordpress_logged_in_*<\/a><\/div>\n<div class=\"retention-header\">\n\t<h5>Ablauf<\/h5>\n<\/div>\n<div class=\"retention\">365 Tage<\/div>\n<div class=\"function-header\">\n\t<h5>Funktion<\/h5>\n<\/div>\n<div class=\"function\">Store logged in users<\/div>\n\n<\/div>\n<\/details>\n<details class=\"cmplz-dropdown cmplz-service-desc cmplz-dropdown-cookiepolicy \">\n\t<summary class=\"cmplz-service-header\"><div>\n\t\t<h3>Divi (Elegant Themes)<\/h3>\n\t\t<p>Functional<\/p>\n\t\t<label for=\"cmplz_service_divi-(elegant-themes)\" class=\"cmplz_consent_per_service_label\"><span class=\"screen-reader-text\">Consent to service divi-(elegant-themes)<\/span><\/label>\n\t\t<input type=\"checkbox\" id=\"cmplz_service_divi-(elegant-themes)\" class=\"cmplz-accept-service cmplz-hidden\" data-service=\"divi-(elegant-themes)\" data-category=\"functional\"><\/div>\n\t<\/summary>\n\t<div class=\"cmplz-service-description\">\n\t\t<h4>Nutzung<\/h4>\n\t\t<p><\/p>\n\t<\/div>\n\t<div class=\"cmplz-sharing-data\">\n\t\t<h4>Datenweitergabe<\/h4>\n\t\t<p>Diese Daten werden nicht an Dritte weitergegeben.<\/p>\n\t<\/div>\n\t<div class=\"cookies-per-purpose\">\n    <div class=\"purpose\"><h4>Functional<\/h4><\/div>\n    <div class=\"name-header\">\n\t<h5>Name<\/h5>\n<\/div>\n<div class=\"name\"><a target=\"_blank\" rel=\"noopener noreferrer nofollow\" href=\"https:\/\/cookiedatabase.org\/cookie\/unknown-service\/et-pb-recent-items-font_family\/\">et-pb-recent-items-font_family<\/a><\/div>\n<div class=\"retention-header\">\n\t<h5>Ablauf<\/h5>\n<\/div>\n<div class=\"retention\">365 Tage<\/div>\n<div class=\"function-header\">\n\t<h5>Funktion<\/h5>\n<\/div>\n<div class=\"function\">Provide functions across pages<\/div>\n\n<\/div>\n<\/details>\n<details class=\"cmplz-dropdown cmplz-service-desc cmplz-dropdown-cookiepolicy \">\n\t<summary class=\"cmplz-service-header\"><div>\n\t\t<h3>WPML<\/h3>\n\t\t<p>Functional<\/p>\n\t\t<label for=\"cmplz_service_wpml\" class=\"cmplz_consent_per_service_label\"><span class=\"screen-reader-text\">Consent to service wpml<\/span><\/label>\n\t\t<input type=\"checkbox\" id=\"cmplz_service_wpml\" class=\"cmplz-accept-service cmplz-hidden\" data-service=\"wpml\" data-category=\"functional\"><\/div>\n\t<\/summary>\n\t<div class=\"cmplz-service-description\">\n\t\t<h4>Nutzung<\/h4>\n\t\t<p><\/p>\n\t<\/div>\n\t<div class=\"cmplz-sharing-data\">\n\t\t<h4>Datenweitergabe<\/h4>\n\t\t<p>Diese Daten werden nicht an Dritte weitergegeben.<\/p>\n\t<\/div>\n\t<div class=\"cookies-per-purpose\">\n    <div class=\"purpose\"><h4>Functional<\/h4><\/div>\n    <div class=\"name-header\">\n\t<h5>Name<\/h5>\n<\/div>\n<div class=\"name\"><a target=\"_blank\" rel=\"noopener noreferrer nofollow\" href=\"https:\/\/cookiedatabase.org\/cookie\/unknown-service\/wpml_browser_redirect_test\/\">wpml_browser_redirect_test<\/a><\/div>\n<div class=\"retention-header\">\n\t<h5>Ablauf<\/h5>\n<\/div>\n<div class=\"retention\">365 Tage<\/div>\n<div class=\"function-header\">\n\t<h5>Funktion<\/h5>\n<\/div>\n<div class=\"function\">Read if cookies can be placed<\/div>\n<div class=\"name-header\">\n\t<h5>Name<\/h5>\n<\/div>\n<div class=\"name\"><a target=\"_blank\" rel=\"noopener noreferrer nofollow\" href=\"https:\/\/cookiedatabase.org\/cookie\/unknown-service\/wp-wpml_current_language\/\">wp-wpml_current_language<\/a><\/div>\n<div class=\"retention-header\">\n\t<h5>Ablauf<\/h5>\n<\/div>\n<div class=\"retention\">365 Tage<\/div>\n<div class=\"function-header\">\n\t<h5>Funktion<\/h5>\n<\/div>\n<div class=\"function\">Store language settings<\/div>\n\n<\/div>\n<\/details>\n<details class=\"cmplz-dropdown cmplz-service-desc cmplz-dropdown-cookiepolicy \">\n\t<summary class=\"cmplz-service-header\"><div>\n\t\t<h3>Sonstiges<\/h3>\n\t\t<p>Zweck wird noch untersucht<\/p>\n\t\t<label for=\"cmplz_service_sonstiges\" class=\"cmplz_consent_per_service_label\"><span class=\"screen-reader-text\">Consent to service sonstiges<\/span><\/label>\n\t\t<input type=\"checkbox\" id=\"cmplz_service_sonstiges\" class=\"cmplz-accept-service cmplz-hidden\" data-service=\"sonstiges\" data-category=\"functional\"><\/div>\n\t<\/summary>\n\t<div class=\"cmplz-service-description\">\n\t\t<h4>Nutzung<\/h4>\n\t\t<p><\/p>\n\t<\/div>\n\t<div class=\"cmplz-sharing-data\">\n\t\t<h4>Datenweitergabe<\/h4>\n\t\t<p>Weitergabe von Daten wird noch untersucht<\/p>\n\t<\/div>\n\t<div class=\"cookies-per-purpose\">\n    <div class=\"purpose\"><h4>Zweck wird noch untersucht<\/h4><\/div>\n    <div class=\"name-header\">\n\t<h5>Name<\/h5>\n<\/div>\n<div class=\"name\">ate_widget_fetch_time<\/div>\n<div class=\"retention-header\">\n\t<h5>Ablauf<\/h5>\n<\/div>\n<div class=\"retention\"><\/div>\n<div class=\"function-header\">\n\t<h5>Funktion<\/h5>\n<\/div>\n<div class=\"function\"><\/div>\n<div class=\"name-header\">\n\t<h5>Name<\/h5>\n<\/div>\n<div class=\"name\">settings-store<\/div>\n<div class=\"retention-header\">\n\t<h5>Ablauf<\/h5>\n<\/div>\n<div class=\"retention\"><\/div>\n<div class=\"function-header\">\n\t<h5>Funktion<\/h5>\n<\/div>\n<div class=\"function\"><\/div>\n<div class=\"name-header\">\n\t<h5>Name<\/h5>\n<\/div>\n<div class=\"name\">wpml-translation-status-filter<\/div>\n<div class=\"retention-header\">\n\t<h5>Ablauf<\/h5>\n<\/div>\n<div class=\"retention\"><\/div>\n<div class=\"function-header\">\n\t<h5>Funktion<\/h5>\n<\/div>\n<div class=\"function\"><\/div>\n<div class=\"name-header\">\n\t<h5>Name<\/h5>\n<\/div>\n<div class=\"name\">ate-maiya-info_63636561-6664-5366-b134-363666326232<\/div>\n<div class=\"retention-header\">\n\t<h5>Ablauf<\/h5>\n<\/div>\n<div class=\"retention\"><\/div>\n<div class=\"function-header\">\n\t<h5>Funktion<\/h5>\n<\/div>\n<div class=\"function\"><\/div>\n<div class=\"name-header\">\n\t<h5>Name<\/h5>\n<\/div>\n<div class=\"name\">ate-maiya-info<\/div>\n<div class=\"retention-header\">\n\t<h5>Ablauf<\/h5>\n<\/div>\n<div class=\"retention\"><\/div>\n<div class=\"function-header\">\n\t<h5>Funktion<\/h5>\n<\/div>\n<div class=\"function\"><\/div>\n<div class=\"name-header\">\n\t<h5>Name<\/h5>\n<\/div>\n<div class=\"name\">hst_ai_blocks_added<\/div>\n<div class=\"retention-header\">\n\t<h5>Ablauf<\/h5>\n<\/div>\n<div class=\"retention\"><\/div>\n<div class=\"function-header\">\n\t<h5>Funktion<\/h5>\n<\/div>\n<div class=\"function\"><\/div>\n<div class=\"name-header\">\n\t<h5>Name<\/h5>\n<\/div>\n<div class=\"name\">ams_tq_last_ids<\/div>\n<div class=\"retention-header\">\n\t<h5>Ablauf<\/h5>\n<\/div>\n<div class=\"retention\"><\/div>\n<div class=\"function-header\">\n\t<h5>Funktion<\/h5>\n<\/div>\n<div class=\"function\"><\/div>\n<div class=\"name-header\">\n\t<h5>Name<\/h5>\n<\/div>\n<div class=\"name\">wpml-last-picked-up-translation-methods<\/div>\n<div class=\"retention-header\">\n\t<h5>Ablauf<\/h5>\n<\/div>\n<div class=\"retention\"><\/div>\n<div class=\"function-header\">\n\t<h5>Funktion<\/h5>\n<\/div>\n<div class=\"function\"><\/div>\n<div class=\"name-header\">\n\t<h5>Name<\/h5>\n<\/div>\n<div class=\"name\">general-data-store<\/div>\n<div class=\"retention-header\">\n\t<h5>Ablauf<\/h5>\n<\/div>\n<div class=\"retention\"><\/div>\n<div class=\"function-header\">\n\t<h5>Funktion<\/h5>\n<\/div>\n<div class=\"function\"><\/div>\n<div class=\"name-header\">\n\t<h5>Name<\/h5>\n<\/div>\n<div class=\"name\">continueReview<\/div>\n<div class=\"retention-header\">\n\t<h5>Ablauf<\/h5>\n<\/div>\n<div class=\"retention\"><\/div>\n<div class=\"function-header\">\n\t<h5>Funktion<\/h5>\n<\/div>\n<div class=\"function\"><\/div>\n<div class=\"name-header\">\n\t<h5>Name<\/h5>\n<\/div>\n<div class=\"name\">wpml-item-section-expanded<\/div>\n<div class=\"retention-header\">\n\t<h5>Ablauf<\/h5>\n<\/div>\n<div class=\"retention\"><\/div>\n<div class=\"function-header\">\n\t<h5>Funktion<\/h5>\n<\/div>\n<div class=\"function\"><\/div>\n<div class=\"name-header\">\n\t<h5>Name<\/h5>\n<\/div>\n<div class=\"name\">wpml-wpml-notices<\/div>\n<div class=\"retention-header\">\n\t<h5>Ablauf<\/h5>\n<\/div>\n<div class=\"retention\"><\/div>\n<div class=\"function-header\">\n\t<h5>Funktion<\/h5>\n<\/div>\n<div class=\"function\"><\/div>\n<div class=\"name-header\">\n\t<h5>Name<\/h5>\n<\/div>\n<div class=\"name\">wpml-available-translators-notice-dismissed<\/div>\n<div class=\"retention-header\">\n\t<h5>Ablauf<\/h5>\n<\/div>\n<div class=\"retention\"><\/div>\n<div class=\"function-header\">\n\t<h5>Funktion<\/h5>\n<\/div>\n<div class=\"function\"><\/div>\n<div class=\"name-header\">\n\t<h5>Name<\/h5>\n<\/div>\n<div class=\"name\">wpml-job-list-collapsed<\/div>\n<div class=\"retention-header\">\n\t<h5>Ablauf<\/h5>\n<\/div>\n<div class=\"retention\"><\/div>\n<div class=\"function-header\">\n\t<h5>Funktion<\/h5>\n<\/div>\n<div class=\"function\"><\/div>\n<div class=\"name-header\">\n\t<h5>Name<\/h5>\n<\/div>\n<div class=\"name\">ate_widget_url<\/div>\n<div class=\"retention-header\">\n\t<h5>Ablauf<\/h5>\n<\/div>\n<div class=\"retention\"><\/div>\n<div class=\"function-header\">\n\t<h5>Funktion<\/h5>\n<\/div>\n<div class=\"function\"><\/div>\n<div class=\"name-header\">\n\t<h5>Name<\/h5>\n<\/div>\n<div class=\"name\">litespeed_qc_hide_banner<\/div>\n<div class=\"retention-header\">\n\t<h5>Ablauf<\/h5>\n<\/div>\n<div class=\"retention\"><\/div>\n<div class=\"function-header\">\n\t<h5>Funktion<\/h5>\n<\/div>\n<div class=\"function\"><\/div>\n<div class=\"name-header\">\n\t<h5>Name<\/h5>\n<\/div>\n<div class=\"name\">wp-settings-time-1<\/div>\n<div class=\"retention-header\">\n\t<h5>Ablauf<\/h5>\n<\/div>\n<div class=\"retention\"><\/div>\n<div class=\"function-header\">\n\t<h5>Funktion<\/h5>\n<\/div>\n<div class=\"function\"><\/div>\n<div class=\"name-header\">\n\t<h5>Name<\/h5>\n<\/div>\n<div class=\"name\">_ate_session<\/div>\n<div class=\"retention-header\">\n\t<h5>Ablauf<\/h5>\n<\/div>\n<div class=\"retention\"><\/div>\n<div class=\"function-header\">\n\t<h5>Funktion<\/h5>\n<\/div>\n<div class=\"function\"><\/div>\n<div class=\"name-header\">\n\t<h5>Name<\/h5>\n<\/div>\n<div class=\"name\">_ams_session<\/div>\n<div class=\"retention-header\">\n\t<h5>Ablauf<\/h5>\n<\/div>\n<div class=\"retention\"><\/div>\n<div class=\"function-header\">\n\t<h5>Funktion<\/h5>\n<\/div>\n<div class=\"function\"><\/div>\n<div class=\"name-header\">\n\t<h5>Name<\/h5>\n<\/div>\n<div class=\"name\">cmplz_functional<\/div>\n<div class=\"retention-header\">\n\t<h5>Ablauf<\/h5>\n<\/div>\n<div class=\"retention\">365 Tage<\/div>\n<div class=\"function-header\">\n\t<h5>Funktion<\/h5>\n<\/div>\n<div class=\"function\"><\/div>\n<div class=\"name-header\">\n\t<h5>Name<\/h5>\n<\/div>\n<div class=\"name\">cmplz_preferences<\/div>\n<div class=\"retention-header\">\n\t<h5>Ablauf<\/h5>\n<\/div>\n<div class=\"retention\">365 Tage<\/div>\n<div class=\"function-header\">\n\t<h5>Funktion<\/h5>\n<\/div>\n<div class=\"function\"><\/div>\n<div class=\"name-header\">\n\t<h5>Name<\/h5>\n<\/div>\n<div class=\"name\">cmplz_marketing<\/div>\n<div class=\"retention-header\">\n\t<h5>Ablauf<\/h5>\n<\/div>\n<div class=\"retention\">365 Tage<\/div>\n<div class=\"function-header\">\n\t<h5>Funktion<\/h5>\n<\/div>\n<div class=\"function\"><\/div>\n<div class=\"name-header\">\n\t<h5>Name<\/h5>\n<\/div>\n<div class=\"name\">cmplz_consented_services<\/div>\n<div class=\"retention-header\">\n\t<h5>Ablauf<\/h5>\n<\/div>\n<div class=\"retention\">365 Tage<\/div>\n<div class=\"function-header\">\n\t<h5>Funktion<\/h5>\n<\/div>\n<div class=\"function\"><\/div>\n<div class=\"name-header\">\n\t<h5>Name<\/h5>\n<\/div>\n<div class=\"name\">cmplz_policy_id<\/div>\n<div class=\"retention-header\">\n\t<h5>Ablauf<\/h5>\n<\/div>\n<div class=\"retention\">365 Tage<\/div>\n<div class=\"function-header\">\n\t<h5>Funktion<\/h5>\n<\/div>\n<div class=\"function\"><\/div>\n<div class=\"name-header\">\n\t<h5>Name<\/h5>\n<\/div>\n<div class=\"name\">cmplz_statistics<\/div>\n<div class=\"retention-header\">\n\t<h5>Ablauf<\/h5>\n<\/div>\n<div class=\"retention\">365 Tage<\/div>\n<div class=\"function-header\">\n\t<h5>Funktion<\/h5>\n<\/div>\n<div class=\"function\"><\/div>\n<div class=\"name-header\">\n\t<h5>Name<\/h5>\n<\/div>\n<div class=\"name\">cmplz_banner-status<\/div>\n<div class=\"retention-header\">\n\t<h5>Ablauf<\/h5>\n<\/div>\n<div class=\"retention\">365 Tage<\/div>\n<div class=\"function-header\">\n\t<h5>Funktion<\/h5>\n<\/div>\n<div class=\"function\"><\/div>\n<div class=\"name-header\">\n\t<h5>Name<\/h5>\n<\/div>\n<div class=\"name\">et-editor-available-post-5378-bb<\/div>\n<div class=\"retention-header\">\n\t<h5>Ablauf<\/h5>\n<\/div>\n<div class=\"retention\"><\/div>\n<div class=\"function-header\">\n\t<h5>Funktion<\/h5>\n<\/div>\n<div class=\"function\"><\/div>\n\n<\/div>\n<\/details>\n<\/div><h2>7. Einwilligung<\/h2><p>Wenn du unsere Website das erste Mal besuchst, zeigen wir dir ein Pop-Up mit einer Erkl\u00e4rung \u00fcber Cookies. Sobald du auf \u201eEinstellungen speichern\u201c klickst, gibst du uns deine Einwilligung alle von dir gew\u00e4hlten Kategorien von Cookies und Plugins wie in dieser Cookie-Erkl\u00e4rung beschrieben zu verwenden. Du kannst die Verwendung von Cookies \u00fcber deinen Browser deaktivieren, aber bitte beachte, dass unsere Website dann unter Umst\u00e4nden nicht richtig funktioniert.<\/p><p class=\"cmplz-subtitle\">7.1 Verwalten Sie Ihre Zustimmungseinstellungen<\/p><div id=\"cmplz-manage-consent-container-nojavascript\">Du hast die Cookie-Richtlinie ohne Javascript-Unterst\u00fctzung geladen.&nbsp;Unter AMP kannst du den Button zum Zustimmen der Einwilligung unten auf der Seite verwenden.<\/div><div id=\"cmplz-manage-consent-container\" name=\"cmplz-manage-consent-container\" class=\"cmplz-manage-consent-container\"><\/div><h2>8. Aktivieren\/Deaktivieren und L\u00f6schen von Cookies<\/h2><p>Sie k\u00f6nnen Ihren Internetbrowser verwenden, um Cookies automatisch oder manuell zu l\u00f6schen. Sie k\u00f6nnen auch festlegen, dass bestimmte Cookies nicht platziert werden d\u00fcrfen. Eine weitere Option ist, die Einstellungen Ihres Internetbrowsers so zu \u00e4ndern, dass Sie jedes Mal eine Nachricht erhalten, wenn ein Cookie platziert wird. Weitere Informationen zu diesen Optionen finden Sie in den Anweisungen im Hilfebereich Ihres Browsers.   <\/p><p>Bitte beachten Sie, dass unsere Website m\u00f6glicherweise nicht ordnungsgem\u00e4\u00df funktioniert, wenn alle Cookies deaktiviert sind. Wenn Sie die Cookies in Ihrem Browser l\u00f6schen, werden sie nach Ihrer Zustimmung erneut platziert, wenn Sie unsere Website erneut besuchen. <\/p><h2>9. Ihre Rechte in Bezug auf personenbezogene Daten<\/h2><p>Sie haben die folgenden Rechte in Bezug auf Ihre personenbezogenen Daten:<\/p><ul>\n                    <li>Sie haben das Recht zu erfahren, warum Ihre personenbezogenen Daten ben\u00f6tigt werden, was mit ihnen geschehen wird und wie lange sie aufbewahrt werden.<\/li>\n                    <li>Recht auf Auskunft: Sie haben das Recht auf Auskunft \u00fcber Ihre personenbezogenen Daten, die uns bekannt sind.<\/li>\n                    <li>Recht auf Berichtigung: Sie haben das Recht, Ihre personenbezogenen Daten zu erg\u00e4nzen, zu korrigieren, l\u00f6schen oder sperren zu lassen, wann immer Sie dies w\u00fcnschen.<\/li>\n                    <li>Wenn Sie uns Ihre Einwilligung zur Verarbeitung Ihrer Daten geben, haben Sie das Recht, diese Einwilligung zu widerrufen und Ihre personenbezogenen Daten l\u00f6schen zu lassen.<\/li>\n                    <li>Recht auf Daten\u00fcbertragbarkeit: Sie haben das Recht, alle Ihre personenbezogenen Daten vom Verantwortlichen anzufordern und vollst\u00e4ndig an einen anderen Verantwortlichen zu \u00fcbertragen.<\/li>\n                    <li>Recht auf Widerspruch: Sie k\u00f6nnen der Verarbeitung Ihrer Daten widersprechen. Wir kommen dem nach, es sei denn, es liegen berechtigte Gr\u00fcnde f\u00fcr die Verarbeitung vor. <\/li>\n                <\/ul><p>Um diese Rechte auszu\u00fcben, kontaktieren Sie uns bitte. Bitte beachten Sie die Kontaktdaten am Ende dieser Cookie-Richtlinie. Wenn Sie eine Beschwerde dar\u00fcber haben, wie wir mit Ihren Daten umgehen, w\u00fcrden wir uns freuen, von Ihnen zu h\u00f6ren, aber Sie haben auch das Recht, eine Beschwerde bei der Aufsichtsbeh\u00f6rde (der Datenschutzbeh\u00f6rde) einzureichen.  <\/p><h2>10. Kontaktdaten<\/h2><p>F\u00fcr Fragen und\/oder Kommentare zu unserer Cookie-Richtlinie und dieser Erkl\u00e4rung kontaktieren Sie uns bitte unter den folgenden Kontaktdaten:<\/p><p><span class=\"cmplz-contact-organisation\">Laimb\u00f6ck Art<\/span><br>\n                      <span class=\"cmplz-contact-address\">Nieuwe Gouw 210, 1121GZ Landsmeer<\/span><br>\n                      <span class=\"cmplz-contact-country\">Niederlande<\/span><br>\n                      <span class=\"cmplz-contact-domain\">Webseite: <a href=\"https:\/\/laimbockart.nl\/de\/\">https:\/\/laimbockart.nl\/de\/<\/a><\/span><br>\n                      <span class=\"cmplz-contact-email\">E-Mail: <span class=\"cmplz-obfuscate\">&#114;olf@<span class=\"cmplz-fmail-domain\">&#101;x.com<\/span>la&#105;&#109;b&#111;&#099;&#107;art&#046;&#110;&#108;<\/span><\/span><br>\n                    <span class=\"cmplz-contact-telephone\"><\/span><\/p><p>Diese Cookie-Richtlinie wurde mit <a href=\"https:\/\/cookiedatabase.org\/\" target=\"_blank\">cookiedatabase.org<\/a> am 10. Dezember 2025 synchronisiert.<\/p><\/div>","protected":false},"excerpt":{"rendered":"","protected":false},"author":1,"featured_media":0,"parent":0,"menu_order":0,"comment_status":"closed","ping_status":"closed","template":"","meta":{"_acf_changed":false,"_et_pb_use_builder":"","_et_pb_old_content":"","_et_gb_content_width":"","footnotes":""},"class_list":["post-4180","page","type-page","status-publish","hentry"],"acf":[],"_links":{"self":[{"href":"https:\/\/laimbockart.nl\/de\/wp-json\/wp\/v2\/pages\/4180","targetHints":{"allow":["GET"]}}],"collection":[{"href":"https:\/\/laimbockart.nl\/de\/wp-json\/wp\/v2\/pages"}],"about":[{"href":"https:\/\/laimbockart.nl\/de\/wp-json\/wp\/v2\/types\/page"}],"author":[{"embeddable":true,"href":"https:\/\/laimbockart.nl\/de\/wp-json\/wp\/v2\/users\/1"}],"replies":[{"embeddable":true,"href":"https:\/\/laimbockart.nl\/de\/wp-json\/wp\/v2\/comments?post=4180"}],"version-history":[{"count":0,"href":"https:\/\/laimbockart.nl\/de\/wp-json\/wp\/v2\/pages\/4180\/revisions"}],"wp:attachment":[{"href":"https:\/\/laimbockart.nl\/de\/wp-json\/wp\/v2\/media?parent=4180"}],"curies":[{"name":"wp","href":"https:\/\/api.w.org\/{rel}","templated":true}]}}