{"id":4155,"date":"2025-11-06T22:19:28","date_gmt":"2025-11-06T22:19:28","guid":{"rendered":"https:\/\/laimbockart.nl\/datenschutzerklaerung\/"},"modified":"2025-11-07T20:34:12","modified_gmt":"2025-11-07T20:34:12","slug":"datenschutzerklaerung","status":"publish","type":"page","link":"https:\/\/laimbockart.nl\/de\/datenschutzerklaerung\/","title":{"rendered":"Datenschutzerkl\u00e4rung"},"content":{"rendered":"<p>[et_pb_section fb_built=\u201c1&#8243; _builder_version=\u201c4.27.4&#8243; _module_preset=\u201cdefault\u201c custom_margin=\u201c|40px||40px|false|true\u201c custom_padding=\u201c80px|0px|80px|0px|false|true\u201c border_width_bottom=\u201c1px\u201c border_color_bottom=\u201crgba(26,26,64,0.12)\u201c global_colors_info=\u201c{}\u201c theme_builder_area=\u201cpost_content\u201c][et_pb_row make_equal=\u201con\u201c _builder_version=\u201c4.27.4&#8243; _module_preset=\u201cdefault\u201c width=\u201c100%\u201c max_width=\u201c100%\u201c custom_padding=\u201c0px||0px||true|false\u201c hover_enabled=\u201c0&#8243; global_colors_info=\u201c{}\u201c theme_builder_area=\u201cpost_content\u201c sticky_enabled=\u201c0&#8243;][et_pb_column type=\u201c4_4&#8243; _builder_version=\u201c4.27.4&#8243; _module_preset=\u201cdefault\u201c custom_padding=\u201c||||false|false\u201c global_colors_info=\u201c{}\u201c theme_builder_area=\u201cpost_content\u201c][et_pb_text _builder_version=\u201c4.27.4&#8243; _module_preset=\u201cdefault\u201c header_font=\u201cAlegreya Sans|||on|||||\u201c header_text_align=\u201cleft\u201c header_font_size=\u201c80px\u201c header_line_height=\u201c0.8em\u201c custom_margin=\u201c||24px||false|false\u201c custom_padding=\u201c||||false|false\u201c hover_enabled=\u201c0&#8243; header_font_size_tablet=\u201c80px\u201c header_font_size_phone=\u201c50px\u201c header_font_size_last_edited=\u201con|phone\u201c global_colors_info=\u201c{}\u201c theme_builder_area=\u201cpost_content\u201c sticky_enabled=\u201c0&#8243;]<\/p>\n<h1>Datenschutzerkl\u00e4rung<\/h1>\n<p>[\/et_pb_text][et_pb_text _builder_version=\u201c4.27.4&#8243; _module_preset=\u201cdefault\u201c text_font_size=\u201c18px\u201c text_line_height=\u201c1.5em\u201c hover_enabled=\u201c0&#8243; global_colors_info=\u201c{}\u201c theme_builder_area=\u201cpost_content\u201c sticky_enabled=\u201c0&#8243;]<\/p>\n<p>Laimb\u00f6ck Art legt gro\u00dfen Wert auf den Schutz Ihrer personenbezogenen Daten. Um Ihnen transparent und verst\u00e4ndlich darzulegen, wie wir mit Ihren personenbezogenen Daten umgehen, haben wir unsere Datenschutzrichtlinie nachfolgend erl\u00e4utert. <\/p>\n<p><strong>Personenbezogene Daten<\/strong><br \/>Wenn Sie sich f\u00fcr Newsletter und Einladungen angemeldet haben, werden diese Daten in einer Kundendatenbank verarbeitet. Diese Daten sind erforderlich, um Sie mittels des Newsletters sowie der Einladungen zu Ausstellungen und Messen informieren zu k\u00f6nnen. Wir legen gro\u00dfen Wert auf einen sorgf\u00e4ltigen Umgang mit diesen Daten. Dabei halten wir uns an die Anforderungen der Datenschutzgesetzgebung.   <\/p>\n<p><strong>Verarbeitung personenbezogener Daten<\/strong><br \/>Je nachdem, welche Daten Sie angegeben haben, k\u00f6nnen wir folgende personenbezogene Daten von Ihnen verarbeiten:<br \/>Personenbezogene Daten<br \/>\u2013 Ihr Vor- und Nachname<br \/>\u2013 Ihr Geschlecht (zwecks Anrede in Post und E-Mails)<br \/>\u2013 Ihre Adressdaten<br \/>\u2013 Ihre Telefonnummer<br \/>\u2013 Ihre E-Mail-Adresse<\/p>\n<p><strong>Sonstige Daten (falls zutreffend):<\/strong><br \/>\u2013 Von Ihnen erworbene(s) Kunstwerk(e)<br \/>\u2013 Ihr Antrag auf Freikarten f\u00fcr Messen oder die Teilnahme an Vernissagen.<br \/>\u2013 In einigen F\u00e4llen Ihr angegebenes Interessengebiet. Zum Beispiel Ihr Interesse an bestimmten K\u00fcnstlern oder kunsthistorischen Epochen. <br \/>\u2013 Gutachten oder Konsignation von Kunstwerken.<\/p>\n<p>Zu welchem Zweck und auf welcher Rechtsgrundlage verarbeiten wir personenbezogene Daten?<br \/><strong>Rechtsgrundlage<\/strong><br \/>Sie haben uns gegen\u00fcber den Wunsch ge\u00e4u\u00dfert, Newsletter und Einladungen zu Messen zu erhalten. Diese Daten haben Sie uns zur Verf\u00fcgung gestellt:<br \/>1. \u00fcber die Website www.laimb\u00f6ckart.nl<br \/>2. durch Eingabe Ihrer Daten in unser G\u00e4stebuch oder \u00fcber einen QR-Code auf einer Messe. <\/p>\n<p><strong>Zweck<\/strong><br \/>Laimb\u00f6ck Art verarbeitet Ihre personenbezogenen Daten zu folgenden Zwecken:<br \/>\u2013 Abwicklung nach dem Verkauf: Rechnungsstellung und Zahlungskontrolle<br \/>\u2013 Versand unseres Newsletters (2 \u2013 5 Mal pro Jahr)<br \/>\u2013 Versand von Einladungen zu Messen (2 \u2013 4 Mal pro Jahr)<br \/>\u2013 Kontaktaufnahme mit Ihnen, falls Sie einen Suchauftrag oder eine Sch\u00e4tzungsanfrage gestellt haben.<br \/>\u2013 Oder wenn wir der Meinung sind, dass ein bestimmtes Kunstwerk f\u00fcr Sie von Interesse sein k\u00f6nnte.<br \/>Wie lange speichern wir personenbezogene Daten<br \/>Laimb\u00f6ck Art speichert Ihre personenbezogenen Daten nicht l\u00e4nger, als es zur Erreichung der Zwecke, f\u00fcr die Ihre Daten erhoben werden, unbedingt erforderlich ist.<br \/>Wir wenden folgende Aufbewahrungsfristen an:<br \/>\u2013 Maximal 10 Jahre, gerechnet ab unserer letzten Interaktion mit Ihnen.<br \/>\u2013 Bis auf Widerruf, wenn Sie regelm\u00e4\u00dfig angeben, zu Ausstellungen oder Messen eingeladen werden zu wollen.<br \/>\u2013 Gesetzliche Aufbewahrungsfrist f\u00fcr Rechnungen<br \/>\u2013 10 Jahre: Gutachten<\/p>\n<p><strong>Daten einsehen, anpassen oder l\u00f6schen<\/strong><br \/>Sie haben das Recht, Ihre personenbezogenen Daten einzusehen, zu korrigieren oder zu l\u00f6schen. Dar\u00fcber hinaus haben Sie das Recht, eine eventuell erteilte Einwilligung zur Datenverarbeitung zu widerrufen oder Widerspruch gegen die Verarbeitung Ihrer personenbezogenen Daten durch Laimb\u00f6ck Art einzulegen. Dazu k\u00f6nnen Sie einen Antrag auf Einsicht, Korrektur, L\u00f6schung oder Daten\u00fcbertragung Ihrer personenbezogenen Daten an rolf@laimbockart.nl senden.  <\/p>\n<p>Wir m\u00f6chten Sie darauf hinweisen, dass Sie die M\u00f6glichkeit haben, eine Beschwerde bei der nationalen Aufsichtsbeh\u00f6rde, der Autoriteit Persoonsgegevens (niederl\u00e4ndische Datenschutzbeh\u00f6rde), einzureichen. Dies ist \u00fcber den folgenden Link m\u00f6glich: https:\/\/autoriteitpersoonsgegevens.nl\/nl\/contact-met-de-autoriteit-persoonsgegevens\/tip-ons <\/p>\n<p><strong>Wie wir personenbezogene Daten sch\u00fctzen.<\/strong><\/p>\n<p><strong>Kundenstamm und Rechnungen<\/strong><br \/>Laimb\u00f6ck Art nimmt den Schutz Ihrer Daten ernst und ergreift geeignete Ma\u00dfnahmen, um Missbrauch, Verlust, unbefugten Zugriff, unerw\u00fcnschte Offenlegung und unbefugte \u00c4nderungen zu verhindern. Ihre Daten befinden sich in einem Kundenstamm auf nur einem gesicherten Apple-Computer. Dieser Computer ist mit einem Passwort, einem Virenscanner und einer Firewall gesch\u00fctzt. Ihre eigene Anfrage, in unseren Kundenstamm aufgenommen zu werden, bewahren wir in einem Ordner in unserer Verwaltung auf. Dieser Ordner ist f\u00fcr Au\u00dfenstehende nicht zug\u00e4nglich. Rechnungen befinden sich auf einem gesicherten Computer, der f\u00fcr Dritte nicht zug\u00e4nglich ist.     <\/p>\n<p><strong>E-Mail-Versand<\/strong><br \/>Diskretion ist gew\u00e4hrleistet, da alle E-Mails \u00fcber unser eigenes System versendet werden.<\/p>\n<p><strong>Weitergabe personenbezogener Daten an Dritte<\/strong><br \/>Laimb\u00f6ck Art gibt keine personenbezogenen Daten an Dritte weiter.<\/p>\n<p><strong>Website<\/strong><br \/>Die Website von Laimb\u00f6ck Art verf\u00fcgt \u00fcber eine HTTPS-Sicherung (SSL-Zertifikat). Dies ist ein Verschl\u00fcsselungsprotokoll, mit dem die Kommunikation zwischen Besuchern und unseren Websites vollst\u00e4ndig verschl\u00fcsselt wird, sodass niemand mitlesen kann. Wenn Sie den Eindruck haben, dass Ihre Daten nicht ausreichend gesch\u00fctzt sind oder es Anzeichen f\u00fcr Missbrauch gibt, nehmen Sie bitte Kontakt mit uns auf.  <\/p>\n<p><strong>Kontaktdaten Laimb\u00f6ck Art<\/strong><br \/>Postanschrift: Nieuwe Gouw 210, 1121 GZ Landsmeer<br \/>Telefon: +31 (0)6 26 17 89 77<br \/>E-Mail-Adresse: rolf@laimbockart.nl<br \/>Website: https:\/\/laimbockart.nl<br \/>Handelsregisternummer der Handelskammer Amsterdam: 52.95.30.84<\/p>\n<p>Erstellt in Landsmeer, 4. November 2025.<\/p>\n<p>[\/et_pb_text][\/et_pb_column][\/et_pb_row][\/et_pb_section]<\/p>\n","protected":false},"excerpt":{"rendered":"<p>Datenschutzerkl\u00e4rungLaimb\u00f6ck Art legt gro\u00dfen Wert auf den Schutz Ihrer personenbezogenen Daten. Um Ihnen transparent und verst\u00e4ndlich darzulegen, wie wir mit Ihren personenbezogenen Daten umgehen, haben wir unsere Datenschutzrichtlinie nachfolgend erl\u00e4utert. Personenbezogene DatenWenn Sie sich f\u00fcr Newsletter und Einladungen angemeldet haben, werden diese Daten in einer Kundendatenbank verarbeitet. Diese Daten sind erforderlich, um Sie mittels des [&hellip;]<\/p>\n","protected":false},"author":1,"featured_media":0,"parent":0,"menu_order":0,"comment_status":"closed","ping_status":"closed","template":"","meta":{"_acf_changed":false,"_et_pb_use_builder":"on","_et_pb_old_content":"","_et_gb_content_width":"","footnotes":""},"class_list":["post-4155","page","type-page","status-publish","hentry"],"acf":[],"_links":{"self":[{"href":"https:\/\/laimbockart.nl\/de\/wp-json\/wp\/v2\/pages\/4155","targetHints":{"allow":["GET"]}}],"collection":[{"href":"https:\/\/laimbockart.nl\/de\/wp-json\/wp\/v2\/pages"}],"about":[{"href":"https:\/\/laimbockart.nl\/de\/wp-json\/wp\/v2\/types\/page"}],"author":[{"embeddable":true,"href":"https:\/\/laimbockart.nl\/de\/wp-json\/wp\/v2\/users\/1"}],"replies":[{"embeddable":true,"href":"https:\/\/laimbockart.nl\/de\/wp-json\/wp\/v2\/comments?post=4155"}],"version-history":[{"count":6,"href":"https:\/\/laimbockart.nl\/de\/wp-json\/wp\/v2\/pages\/4155\/revisions"}],"predecessor-version":[{"id":4166,"href":"https:\/\/laimbockart.nl\/de\/wp-json\/wp\/v2\/pages\/4155\/revisions\/4166"}],"wp:attachment":[{"href":"https:\/\/laimbockart.nl\/de\/wp-json\/wp\/v2\/media?parent=4155"}],"curies":[{"name":"wp","href":"https:\/\/api.w.org\/{rel}","templated":true}]}}