{"id":1411,"date":"2025-08-01T09:20:28","date_gmt":"2025-08-01T09:20:28","guid":{"rendered":"https:\/\/laimbockart.nl\/ueber\/"},"modified":"2026-01-19T14:21:15","modified_gmt":"2026-01-19T14:21:15","slug":"ueber","status":"publish","type":"page","link":"https:\/\/laimbockart.nl\/de\/ueber\/","title":{"rendered":"\u00dcber"},"content":{"rendered":"<p>[et_pb_section fb_built=\u201c1&#8243; _builder_version=\u201c4.27.4&#8243; _module_preset=\u201cdefault\u201c custom_margin=\u201c|40px||40px|false|true\u201c custom_padding=\u201c80px|0px|80px|0px|false|true\u201c border_width_bottom=\u201c1px\u201c border_color_bottom=\u201crgba(26,26,64,0.12)\u201c global_colors_info=\u201c{}\u201c][et_pb_row column_structure=\u201c1_2,1_2&#8243; make_equal=\u201con\u201c _builder_version=\u201c4.27.4&#8243; _module_preset=\u201cdefault\u201c width=\u201c100%\u201c max_width=\u201c100%\u201c custom_padding=\u201c0px||0px||true|false\u201c global_colors_info=\u201c{}\u201c][et_pb_column type=\u201c1_2&#8243; _builder_version=\u201c4.27.4&#8243; _module_preset=\u201cdefault\u201c background_image=\u201chttps:\/\/laimbockart.nl\/wp-content\/uploads\/2025\/11\/Rolf-Laimbock1080.webp\u201c background_position=\u201ctop_center\u201c background_vertical_offset=\u201c21%\u201c global_colors_info=\u201c{}\u201c][et_pb_divider show_divider=\u201coff\u201c _builder_version=\u201c4.27.4&#8243; _module_preset=\u201cdefault\u201c min_height=\u201c600px\u201c global_colors_info=\u201c{}\u201c][\/et_pb_divider][\/et_pb_column][et_pb_column type=\u201c1_2&#8243; _builder_version=\u201c4.27.4&#8243; _module_preset=\u201cdefault\u201c custom_padding=\u201c||||false|false\u201c global_colors_info=\u201c{}\u201c][et_pb_text _builder_version=\u201c4.27.4&#8243; _module_preset=\u201cdefault\u201c header_font=\u201cAlegreya Sans|||on|||||\u201c header_text_align=\u201cleft\u201c header_font_size=\u201c80px\u201c header_line_height=\u201c0.8em\u201c custom_margin=\u201c||24px||false|false\u201c custom_padding=\u201c||||false|false\u201c header_font_size_tablet=\u201c80px\u201c header_font_size_phone=\u201c50px\u201c header_font_size_last_edited=\u201con|phone\u201c global_colors_info=\u201c{}\u201c]<\/p>\n<h1>\u00dcber<\/h1>\n<p>[\/et_pb_text][et_pb_text _builder_version=\u201c4.27.4&#8243; _module_preset=\u201cdefault\u201c text_font_size=\u201c18px\u201c text_line_height=\u201c1.5em\u201c global_colors_info=\u201c{}\u201c]<\/p>\n<p>Laimb\u00f6ck Art wurde von Rolf Laimb\u00f6ck gegr\u00fcndet. Damit setzt er die Kunsttradition seiner Familie fort. Rolf vertritt die imposanten Skulpturen seines Stiefvaters Willem Lenssinck und renommierter K\u00fcnstler wie Uschi Klaas &amp; Heinrich Brockmeier, Juan Ripoll\u00e9s, Eug\u00e8ne Brands, Lika Mutal und seiner Schwester Lia Laimb\u00f6ck. Die Kraft der Fantasie machen sie auf ihre eigene Weise greifbar.<br \/>F\u00fcr Rolf Laimb\u00f6ck ist Kunst mehr als ein Objekt. Ein Kunstwerk sagt oft etwas \u00fcber Sie und den Sch\u00f6pfer aus. Was Ihnen gef\u00e4llt, spiegelt oft etwas in Ihnen wider. Ein Kunstwerk l\u00e4dt daher zu einem Dialog, einer Kontemplation oder vielleicht sogar einem Statement ein. Es ist ein Gespr\u00e4ch zwischen Sch\u00f6pfer und Betrachter, zwischen Gegenwart und Vergangenheit. \u00dcber Kunstmessen, Ausstellungen und Kunstveranstaltungen m\u00f6chte er Menschen und Kunst wirklich miteinander verbinden.        <\/p>\n<p>[\/et_pb_text][et_pb_text _builder_version=\u201c4.27.4&#8243; _module_preset=\u201cdefault\u201c header_font=\u201cOpen Sans||||||||\u201c header_2_font=\u201cOpen Sans|||on|||||\u201c header_2_font_size=\u201c38px\u201c header_2_letter_spacing=\u201c2px\u201c header_2_line_height=\u201c1.2em\u201c custom_margin=\u201c||0px||false|false\u201c custom_padding=\u201c||0px||false|false\u201c header_2_font_size_tablet=\u201c38px\u201c header_2_font_size_phone=\u201c38px\u201c header_2_font_size_last_edited=\u201con|phone\u201c global_colors_info=\u201c{}\u201c text_text_color__hover_enabled=\u201con|hover\u201c text_text_color__hover=\u201c#969696&#8243; header_2_text_color__hover_enabled=\u201con|hover\u201c]<\/p>\n<h2>Hintergrund<\/h2>\n<p>[\/et_pb_text][et_pb_text _builder_version=\u201c4.27.4&#8243; _module_preset=\u201cdefault\u201c text_font_size=\u201c18px\u201c text_line_height=\u201c1.5em\u201c custom_margin=\u201c||20px||false|false\u201c global_colors_info=\u201c{}\u201c link_text_color__hover_enabled=\u201con|hover\u201c link_text_color__hover=\u201c#1A1A40&#8243;]<\/p>\n<p>Laimbock Art entspringt einer Familiengeschichte, die von Kunst durchdrungen ist. Es begann mit dem Kunstmaler Piet Vermeulen (1908-1996), der vor allem durch surrealistische Stillleben und Stadtansichten seiner geliebten Stadt Utrecht bekannt wurde. Seine Tochter <a href=\"https:\/\/nl.wikipedia.org\/wiki\/Lika_Mutal\">Lika Mutal<\/a> (1939-2016) war eine international bekannte Bildhauerin, die viele moderne Marmorskulpturen schuf, aber auch das nationale Gedenkmonument f\u00fcr Peru, wo sie lebte. Ihre Werke befinden sich in verschiedenen Museumssammlungen wie dem <a href=\"https:\/\/krollermuller.nl\/lika-mutal-pacaric-what-is-reborn\">Kr\u00f6ller \u2013 M\u00f6lller<\/a> Museum.   <\/p>\n<p>Catherine Lenssinck-Vermeulen, eine weitere Tochter, gab nationalen und internationalen K\u00fcnstlern \u00fcber 30 Jahre lang eine B\u00fchne in der <a href=\"https:\/\/galerielaimbock.com\/\">Galerie Laimb\u00f6ck<\/a>. Mit Dutzenden von aufsehenerregenden Ausstellungen erweckte sie die Kunst in Langbroek und weit dar\u00fcber hinaus zum Leben. Mit dem Kunsthaus B\u00fchler arbeitete sie 32 Jahre lang auf der TEFAF zusammen mit ihrem Mann und Bildhauer Willem Lenssinck. Catherine ist auch Gr\u00fcnderin der <a href=\"http:\/\/www.stichtingdok.nl\">Stichting doK<\/a>, die die niederl\u00e4ndische Bildhauerkunst durch Vortr\u00e4ge f\u00f6rdert. Diese werden von Willem Lenssinck und den Kunsthistorikern Jaap Versteegh, Bieke van der Mark und Rolf Laimb\u00f6ck gehalten. Seit mehr als zwanzig Jahren ist er in der Galerie seiner Eltern t\u00e4tig, wo er auf kreativer, ausf\u00fchrender und gesch\u00e4ftlicher Ebene mitwirkt. Rolf Laimb\u00f6ck f\u00fchrt dieses Familienerbe nun auf zeitgem\u00e4\u00dfe Weise fort.<\/p>\n<p>[\/et_pb_text][et_pb_button button_url=\u201chttps:\/\/laimbockart.nl\/wp-content\/uploads\/2025\/11\/LaimbockArt_FairPracticeCode.pdf\u201c button_text=\u201cFair Practice Code\u201c _builder_version=\u201c4.27.4&#8243; _module_preset=\u201cdefault\u201c custom_button=\u201con\u201c button_text_color=\u201c#FFFFFF\u201c button_border_color=\u201c#1A1A40&#8243; custom_padding=\u201c12px|40px|12px|40px|true|true\u201c hover_transition_duration=\u201c350ms\u201c hover_transition_speed_curve=\u201cease-in\u201c global_colors_info=\u201c{}\u201c button_bg_color__hover_enabled=\u201con|hover\u201c button_bg_color__hover=\u201crgba(0,0,0,0.72)\u201c button_bg_enable_color__hover=\u201con\u201c][\/et_pb_button][\/et_pb_column][\/et_pb_row][\/et_pb_section]<\/p>\n","protected":false},"excerpt":{"rendered":"<p>\u00dcberLaimb\u00f6ck Art wurde von Rolf Laimb\u00f6ck gegr\u00fcndet. Damit setzt er die Kunsttradition seiner Familie fort. Rolf vertritt die imposanten Skulpturen seines Stiefvaters Willem Lenssinck und renommierter K\u00fcnstler wie Uschi Klaas &amp; Heinrich Brockmeier, Juan Ripoll\u00e9s, Eug\u00e8ne Brands, Lika Mutal und seiner Schwester Lia Laimb\u00f6ck. Die Kraft der Fantasie machen sie auf ihre eigene Weise greifbar.F\u00fcr [&hellip;]<\/p>\n","protected":false},"author":1,"featured_media":0,"parent":0,"menu_order":0,"comment_status":"closed","ping_status":"closed","template":"","meta":{"_acf_changed":false,"_et_pb_use_builder":"on","_et_pb_old_content":"","_et_gb_content_width":"","footnotes":""},"class_list":["post-1411","page","type-page","status-publish","hentry"],"acf":[],"_links":{"self":[{"href":"https:\/\/laimbockart.nl\/de\/wp-json\/wp\/v2\/pages\/1411","targetHints":{"allow":["GET"]}}],"collection":[{"href":"https:\/\/laimbockart.nl\/de\/wp-json\/wp\/v2\/pages"}],"about":[{"href":"https:\/\/laimbockart.nl\/de\/wp-json\/wp\/v2\/types\/page"}],"author":[{"embeddable":true,"href":"https:\/\/laimbockart.nl\/de\/wp-json\/wp\/v2\/users\/1"}],"replies":[{"embeddable":true,"href":"https:\/\/laimbockart.nl\/de\/wp-json\/wp\/v2\/comments?post=1411"}],"version-history":[{"count":19,"href":"https:\/\/laimbockart.nl\/de\/wp-json\/wp\/v2\/pages\/1411\/revisions"}],"predecessor-version":[{"id":6386,"href":"https:\/\/laimbockart.nl\/de\/wp-json\/wp\/v2\/pages\/1411\/revisions\/6386"}],"wp:attachment":[{"href":"https:\/\/laimbockart.nl\/de\/wp-json\/wp\/v2\/media?parent=1411"}],"curies":[{"name":"wp","href":"https:\/\/api.w.org\/{rel}","templated":true}]}}