{"id":1377,"date":"2025-08-01T09:20:45","date_gmt":"2025-08-01T09:20:45","guid":{"rendered":"https:\/\/laimbockart.nl\/neuigkeiten-veranstaltungen\/"},"modified":"2026-02-26T13:56:35","modified_gmt":"2026-02-26T13:56:35","slug":"neuigkeiten-veranstaltungen","status":"publish","type":"page","link":"https:\/\/laimbockart.nl\/de\/neuigkeiten-veranstaltungen\/","title":{"rendered":"Neuigkeiten\/Veranstaltungen"},"content":{"rendered":"<p>[et_pb_section fb_built=\u201c1&#8243; _builder_version=\u201c4.27.4&#8243; _module_preset=\u201cdefault\u201c custom_margin=\u201c|40px||40px|false|true\u201c custom_padding=\u201c80px|0px|80px|0px|false|true\u201c border_width_bottom=\u201c1px\u201c border_color_bottom=\u201crgba(26,26,64,0.12)\u201c global_colors_info=\u201c{}\u201c][et_pb_row _builder_version=\u201c4.27.4&#8243; _module_preset=\u201cdefault\u201c width=\u201c100%\u201c max_width=\u201c100%\u201c custom_padding=\u201c0px||0px||true|false\u201c global_colors_info=\u201c{}\u201c][et_pb_column type=\u201c4_4&#8243; _builder_version=\u201c4.27.4&#8243; _module_preset=\u201cdefault\u201c global_colors_info=\u201c{}\u201c][et_pb_text _builder_version=\u201c4.27.4&#8243; _module_preset=\u201cdefault\u201c header_font=\u201cAlegreya Sans|||on|||||\u201c header_text_align=\u201cleft\u201c header_font_size=\u201c80px\u201c header_line_height=\u201c0.8em\u201c custom_margin=\u201c||0px||false|false\u201c custom_padding=\u201c||0px||false|false\u201c header_font_size_tablet=\u201c80px\u201c header_font_size_phone=\u201c50px\u201c header_font_size_last_edited=\u201con|phone\u201c global_colors_info=\u201c{}\u201c]<\/p>\n<h1>Veranstaltungen<\/h1>\n<p>[\/et_pb_text][\/et_pb_column][\/et_pb_row][\/et_pb_section][et_pb_section fb_built=\u201c1&#8243; _builder_version=\u201c4.27.4&#8243; _module_preset=\u201cdefault\u201c custom_margin=\u201c0px||0px||true|false\u201c custom_padding=\u201c40px|40px|40px|40px|true|true\u201c global_colors_info=\u201c{}\u201c][et_pb_row column_structure=\u201c2_5,3_5&#8243; use_custom_gutter=\u201con\u201c gutter_width=\u201c2&#8243; make_equal=\u201con\u201c _builder_version=\u201c4.27.4&#8243; _module_preset=\u201cdefault\u201c width=\u201c100%\u201c max_width=\u201c100%\u201c custom_margin=\u201c||40px||false|false\u201c custom_padding=\u201c0px||20px||false|false\u201c border_width_bottom=\u201c1px\u201c border_color_bottom=\u201crgba(26,26,64,0.12)\u201c global_colors_info=\u201c{}\u201c][et_pb_column type=\u201c2_5&#8243; _builder_version=\u201c4.27.4&#8243; _module_preset=\u201cdefault\u201c background_enable_image=\u201coff\u201c global_colors_info=\u201c{}\u201c background__hover_enabled=\u201coff|desktop\u201c background_image__hover=\u201chttps:\/\/laimbockart.nl\/wp-content\/uploads\/2025\/08\/Scherm_afbeelding-2025-03-30-om-16.29.46.png\u201c background_enable_image__hover=\u201con\u201c][et_pb_text _builder_version=\u201c4.27.5&#8243; _module_preset=\u201cdefault\u201c header_2_font=\u201c|||on|||||\u201c header_2_font_size=\u201c24px\u201c header_2_letter_spacing=\u201c2px\u201c header_2_line_height=\u201c1.2em\u201c custom_margin=\u201c||-8px||false|false\u201c custom_padding=\u201c||0px||false|false\u201c link_option_url=\u201chttps:\/\/laimbockart.nl\/de\/willem-lenssinck\/\u201c hover_enabled=\u201c0&#8243; global_colors_info=\u201c{}\u201c text_text_color__hover_enabled=\u201con|hover\u201c text_text_color__hover=\u201c#969696&#8243; header_2_text_color__hover_enabled=\u201con|hover\u201c header_2_text_color__hover=\u201c#969696&#8243; sticky_enabled=\u201c0&#8243;]<\/p>\n<h2>22.\u201326. April 2026<\/h2>\n<p>[\/et_pb_text][et_pb_text _builder_version=\u201c4.27.4&#8243; _module_preset=\u201cdefault\u201c text_font=\u201cOpen Sans|||on|||||\u201c text_text_color=\u201c#1A1A40&#8243; text_font_size=\u201c14px\u201c text_letter_spacing=\u201c2px\u201c text_line_height=\u201c1.2em\u201c custom_margin=\u201c||4px||false|false\u201c custom_padding=\u201c||0px||false|false\u201c global_colors_info=\u201c{}\u201c]<\/p>\n<p>Amsterdam, Niederlande<\/p>\n<p>[\/et_pb_text][et_pb_text _builder_version=\u201c4.27.4&#8243; _module_preset=\u201cdefault\u201c text_font=\u201cOpen Sans||||||||\u201c text_text_color=\u201c#3f3f3f\u201c text_font_size=\u201c14px\u201c text_letter_spacing=\u201c2px\u201c text_line_height=\u201c1.4em\u201c global_colors_info=\u201c{}\u201c][\/et_pb_text][\/et_pb_column][et_pb_column type=\u201c3_5&#8243; _builder_version=\u201c4.27.4&#8243; _module_preset=\u201cdefault\u201c background_enable_image=\u201coff\u201c global_colors_info=\u201c{}\u201c background__hover_enabled=\u201coff|desktop\u201c background_image__hover=\u201chttps:\/\/laimbockart.nl\/wp-content\/uploads\/2025\/08\/Scherm_afbeelding-2025-03-30-om-16.29.46.png\u201c background_enable_image__hover=\u201con\u201c][et_pb_text _builder_version=\u201c4.27.5&#8243; _module_preset=\u201cdefault\u201c header_2_font=\u201c|||on|||||\u201c header_2_font_size=\u201c24px\u201c header_2_letter_spacing=\u201c2px\u201c header_2_line_height=\u201c1.2em\u201c custom_margin=\u201c||0px||false|false\u201c custom_padding=\u201c||0px||false|false\u201c hover_enabled=\u201c0&#8243; global_colors_info=\u201c{}\u201c text_text_color__hover_enabled=\u201con|hover\u201c text_text_color__hover=\u201c#969696&#8243; header_2_text_color__hover_enabled=\u201con|hover\u201c header_2_text_color__hover=\u201c#969696&#8243; sticky_enabled=\u201c0&#8243;]<\/p>\n<h2><a href=\"https:\/\/kunstrai.nl\/\"><strong>Kunst RAI 2026<\/strong><\/a><\/h2>\n<h4>Er\u00f6ffnung der Art Amsterdam<\/h4>\n<p>[\/et_pb_text][et_pb_text _builder_version=\u201c4.27.5&#8243; _module_preset=\u201cdefault\u201c text_font=\u201cOpen Sans||||||||\u201c text_text_color=\u201c#3f3f3f\u201c width=\u201c720px\u201c width_tablet=\u201c100%\u201c width_phone=\u201c\u201c width_last_edited=\u201con|phone\u201c custom_margin=\u201c||20px||false|false\u201c custom_padding=\u201c||0px||false|false\u201c hover_enabled=\u201c0&#8243; global_colors_info=\u201c{}\u201c sticky_enabled=\u201c0&#8243;]<\/p>\n<p>Laimb\u00f6ck Art stellt Gem\u00e4lde und Skulpturen von international bekannten K\u00fcnstlern aus.<\/p>\n<p>[\/et_pb_text][et_pb_button button_text=\u201cReservieren\u201c button_alignment=\u201cleft\u201c disabled_on=\u201con|on|on\u201c _builder_version=\u201c4.27.4&#8243; _module_preset=\u201cdefault\u201c custom_button=\u201con\u201c button_text_color=\u201c#1A1A40&#8243; button_bg_color=\u201cRGBA(255,255,255,0)\u201c button_border_width=\u201c0px\u201c button_font=\u201c||||||||\u201c button_icon=\u201c&#x45;||divi||400&#8243; button_icon_color=\u201c#1A1A40&#8243; button_on_hover=\u201coff\u201c custom_padding=\u201c10px|0px|6px|0px|false|true\u201c disabled=\u201con\u201c global_colors_info=\u201c{}\u201c button_border_color__hover_enabled=\u201coff|hover\u201c button_text_color__hover_enabled=\u201con|hover\u201c button_text_color__hover=\u201c#686868&#8243;][\/et_pb_button][\/et_pb_column][\/et_pb_row][\/et_pb_section]<\/p>\n","protected":false},"excerpt":{"rendered":"<p>Veranstaltungen22.\u201326. April 2026Amsterdam, NiederlandeKunst RAI 2026 Er\u00f6ffnung der Art AmsterdamLaimb\u00f6ck Art stellt Gem\u00e4lde und Skulpturen von international bekannten K\u00fcnstlern aus.<\/p>\n","protected":false},"author":1,"featured_media":0,"parent":0,"menu_order":0,"comment_status":"closed","ping_status":"closed","template":"","meta":{"_acf_changed":false,"_et_pb_use_builder":"on","_et_pb_old_content":"","_et_gb_content_width":"","footnotes":""},"class_list":["post-1377","page","type-page","status-publish","hentry"],"acf":[],"_links":{"self":[{"href":"https:\/\/laimbockart.nl\/de\/wp-json\/wp\/v2\/pages\/1377","targetHints":{"allow":["GET"]}}],"collection":[{"href":"https:\/\/laimbockart.nl\/de\/wp-json\/wp\/v2\/pages"}],"about":[{"href":"https:\/\/laimbockart.nl\/de\/wp-json\/wp\/v2\/types\/page"}],"author":[{"embeddable":true,"href":"https:\/\/laimbockart.nl\/de\/wp-json\/wp\/v2\/users\/1"}],"replies":[{"embeddable":true,"href":"https:\/\/laimbockart.nl\/de\/wp-json\/wp\/v2\/comments?post=1377"}],"version-history":[{"count":21,"href":"https:\/\/laimbockart.nl\/de\/wp-json\/wp\/v2\/pages\/1377\/revisions"}],"predecessor-version":[{"id":6925,"href":"https:\/\/laimbockart.nl\/de\/wp-json\/wp\/v2\/pages\/1377\/revisions\/6925"}],"wp:attachment":[{"href":"https:\/\/laimbockart.nl\/de\/wp-json\/wp\/v2\/media?parent=1377"}],"curies":[{"name":"wp","href":"https:\/\/api.w.org\/{rel}","templated":true}]}}