{"id":1362,"date":"2025-08-01T11:13:31","date_gmt":"2025-08-01T11:13:31","guid":{"rendered":"https:\/\/laimbockart.nl\/willem-lenssinck\/"},"modified":"2025-12-05T19:07:49","modified_gmt":"2025-12-05T19:07:49","slug":"willem-lenssinck","status":"publish","type":"page","link":"https:\/\/laimbockart.nl\/de\/willem-lenssinck\/","title":{"rendered":"Willem Lenssinck"},"content":{"rendered":"<p>[et_pb_section fb_built=\u201c1&#8243; _builder_version=\u201c4.27.4&#8243; _module_preset=\u201cdefault\u201c custom_margin=\u201c|40px||40px|false|true\u201c custom_padding=\u201c80px|0px|80px|0px|true|true\u201c border_width_bottom=\u201c1px\u201c border_color_bottom=\u201crgba(26,26,64,0.12)\u201c global_colors_info=\u201c{}\u201c][et_pb_row column_structure=\u201c2_5,3_5&#8243; use_custom_gutter=\u201con\u201c gutter_width=\u201c2&#8243; make_equal=\u201con\u201c _builder_version=\u201c4.27.4&#8243; _module_preset=\u201cdefault\u201c width=\u201c100%\u201c max_width=\u201c100%\u201c custom_padding=\u201c0px||0px||true|false\u201c global_colors_info=\u201c{}\u201c][et_pb_column type=\u201c2_5&#8243; _builder_version=\u201c4.27.4&#8243; _module_preset=\u201cdefault\u201c global_colors_info=\u201c{}\u201c][et_pb_image src=\u201chttps:\/\/laimbockart.nl\/wp-content\/uploads\/2025\/08\/720x512_WillemLenssinck_ProfileImg.webp\u201c title_text=\u201c720x512_WillemLenssinck_ProfileImg\u201c _builder_version=\u201c4.27.4&#8243; _module_preset=\u201cdefault\u201c global_colors_info=\u201c{}\u201c][\/et_pb_image][\/et_pb_column][et_pb_column type=\u201c3_5&#8243; _builder_version=\u201c4.27.4&#8243; _module_preset=\u201cdefault\u201c global_colors_info=\u201c{}\u201c][et_pb_text _builder_version=\u201c4.27.4&#8243; _module_preset=\u201cdefault\u201c header_2_font=\u201c|||on|||||\u201c header_2_font_size=\u201c38px\u201c header_2_letter_spacing=\u201c2px\u201c header_2_line_height=\u201c1.2em\u201c custom_margin=\u201c||-8px||false|false\u201c custom_padding=\u201c||0px||false|false\u201c global_colors_info=\u201c{}\u201c text_text_color__hover_enabled=\u201con|hover\u201c text_text_color__hover=\u201c#969696&#8243; header_2_text_color__hover_enabled=\u201con|hover\u201c]<\/p>\n<h2>Willem Lenssinck<\/h2>\n<p>[\/et_pb_text][et_pb_text _builder_version=\u201c4.27.4&#8243; _module_preset=\u201cdefault\u201c text_font=\u201cOpen Sans|||on|||||\u201c text_text_color=\u201c#1A1A40&#8243; text_font_size=\u201c20px\u201c text_letter_spacing=\u201c2px\u201c text_line_height=\u201c1.2em\u201c custom_margin=\u201c||20px||false|false\u201c custom_padding=\u201c||0px||false|false\u201c global_colors_info=\u201c{}\u201c]<\/p>\n<p>Keramiker, Bildhauer und Designer<\/p>\n<p>[\/et_pb_text][et_pb_text _builder_version=\u201c4.27.4&#8243; _module_preset=\u201cdefault\u201c text_font_size=\u201c18px\u201c text_line_height=\u201c1.5em\u201c global_colors_info=\u201c{}\u201c]<\/p>\n<p>Willem Lenssinck (* 1947) ist ein niederl\u00e4ndischer Bildhauer und Designer, der f\u00fcr seine einzigartigen futuristischen Skulpturen bekannt ist. Nach seinem Studium an der Akademie in Utrecht begann Lenssinck seine Karriere als Keramiker f\u00fcr Royal Delft. Seit 1972 arbeitet er selbstst\u00e4ndig und wechselte bald zu Materialien wie Bronze, Neusilber, Edelstahl und Aluminium. Seine Skulpturen zeichnen sich durch klare Linien und polierte Oberfl\u00e4chen mit Themen wie Pferde, Stiere, weibliche Figuren und W\u00e4chter aus. Die glatten Oberfl\u00e4chen scheinen ein einfach dargestelltes Bild zu sein, sind aber ein sehr arbeitsintensiver, zeitaufwendiger Prozess. Die klaren Fl\u00e4chen in Kombination mit einer einzigartigen Patina und kleinen humorvollen Details sorgen f\u00fcr ein interessantes Bild.      <o:p><\/o:p><\/p>\n<p>Ein wiederkehrendes Motiv in seinem Werk ist der \u00dcbergang von Pferdest\u00e4rke zu mechanischer Kraft. Dies symbolisiert den technologischen Fortschritt des 20. Jahrhunderts. Er sieht das Auto auch als Kulturtr\u00e4ger dieser Zeit. Viele Dinge, die wir heute technisch gesehen als normal empfinden, haben oft bei den Automobildesignern ihren Anfang genommen. Das ist es, was er in seiner Arbeit zeigt. Was Lenssinck auch von anderen Bildhauern unterscheidet, ist seine Pionierrolle bei der Integration von 3D-Technologie in die Bildhauerei. Er war einer der Ersten, der diese digitalen Techniken anwandte. Es erm\u00f6glichte ihm, seine kreativen Grenzen zu erweitern, seinen Arbeitsprozess zu beschleunigen und neue Formen zu entdecken.        <o:p><\/o:p><\/p>\n<p>Seine Werke sind weltweit in Privatsammlungen und Museen zu finden, darunter das British Museum in London und das Museum Beelden aan Zee in Scheveningen. Dar\u00fcber hinaus wurde er 32 Jahre lang vom Kunsthaus B\u00fchler aus Stuttgart auf der renommierten Kunstmesse TEFAF vertreten. Eine sehr bemerkenswerte Ausstellung war &#8218;Horse Power&#8216; im Louwman Museum in Den Haag im Jahr 2016. Diese Ausstellung bestand aus neun umfangreichen Skulpturen \u2013 Transformers -, die den \u00dcbergang von nat\u00fcrlicher Pferdest\u00e4rke zu mechanischer Kraft aus dem Automobilzeitalter des 20. Jahrhunderts symbolisierten.    <o:p><\/o:p><\/p>\n<p>Lenssincks innovativer Ansatz und seine technische Perfektion machen ihn zu einer besonderen Figur in der Kunstwelt. Er wei\u00df, die Grenzen der traditionellen Bildhauerei immer wieder zu verschieben. Diese Innovationen beh\u00e4lt er nicht f\u00fcr sich, sondern teilt sie gro\u00dfz\u00fcgig mit allen, die sie aufnehmen m\u00f6chten. Dies hat dazu gef\u00fchrt, dass er 2024 zum Offizier im Orden von Oranien-Nassau ernannt wurde.    <o:p><\/o:p><\/p>\n<p>[\/et_pb_text][\/et_pb_column][\/et_pb_row][\/et_pb_section][et_pb_section fb_built=\u201c1&#8243; _builder_version=\u201c4.27.4&#8243; _module_preset=\u201cdefault\u201c custom_margin=\u201c0px||0px||true|false\u201c custom_padding=\u201c40px|40px|40px|40px|true|true\u201c global_colors_info=\u201c{}\u201c][et_pb_row use_custom_gutter=\u201con\u201c gutter_width=\u201c2&#8243; make_equal=\u201con\u201c _builder_version=\u201c4.27.4&#8243; _module_preset=\u201cdefault\u201c width=\u201c100%\u201c max_width=\u201c100%\u201c custom_margin=\u201c||40px||false|false\u201c custom_padding=\u201c0px||0px||true|false\u201c global_colors_info=\u201c{}\u201c][et_pb_column type=\u201c4_4&#8243; _builder_version=\u201c4.27.4&#8243; _module_preset=\u201cdefault\u201c global_colors_info=\u201c{}\u201c][et_pb_text _builder_version=\u201c4.27.4&#8243; _module_preset=\u201cdefault\u201c header_2_font=\u201c|||on|||||\u201c header_2_font_size=\u201c38px\u201c header_2_line_height=\u201c1.2em\u201c custom_margin=\u201c||-8px||false|false\u201c custom_padding=\u201c||0px||false|false\u201c global_colors_info=\u201c{}\u201c text_text_color__hover_enabled=\u201con|hover\u201c text_text_color__hover=\u201c#969696&#8243; header_2_text_color__hover_enabled=\u201coff|hover\u201c header_2_text_color__hover=\u201c#969696&#8243;]<\/p>\n<h2>Kunstwerke<\/h2>\n<p>[\/et_pb_text][\/et_pb_column][\/et_pb_row][et_pb_row column_structure=\u201c1_4,1_4,1_4,1_4&#8243; use_custom_gutter=\u201con\u201c gutter_width=\u201c2&#8243; make_equal=\u201con\u201c _builder_version=\u201c4.27.4&#8243; _module_preset=\u201cdefault\u201c width=\u201c100%\u201c max_width=\u201c100%\u201c custom_margin=\u201c||40px||false|false\u201c custom_padding=\u201c0px||0px||true|false\u201c global_colors_info=\u201c{}\u201c][et_pb_column type=\u201c1_4&#8243; _builder_version=\u201c4.27.4&#8243; _module_preset=\u201cdefault\u201c background_enable_image=\u201coff\u201c global_colors_info=\u201c{}\u201c background__hover_enabled=\u201coff|desktop\u201c background_image__hover=\u201chttps:\/\/laimbockart.nl\/wp-content\/uploads\/2025\/08\/Scherm_afbeelding-2025-03-30-om-16.29.46.png\u201c background_enable_image__hover=\u201con\u201c][et_pb_image src=\u201chttps:\/\/laimbockart.nl\/wp-content\/uploads\/2025\/11\/580x400_TransformersCat.webp\u201c alt=\u201cTransformers\u201c title_text=\u201cTransformers\u201c url=\u201chttps:\/\/laimbockart.nl\/de\/transformers\/\u201c show_bottom_space=\u201coff\u201c _builder_version=\u201c4.27.4&#8243; _module_preset=\u201cdefault\u201c background_color=\u201c#969696&#8243; width=\u201c100%\u201c max_width=\u201c100%\u201c custom_margin=\u201c||20px||false|false\u201c hover_transition_duration=\u201c350ms\u201c hover_transition_speed_curve=\u201clinear\u201c box_shadow_style=\u201cpreset1&#8243; box_shadow_blur=\u201c16px\u201c box_shadow_spread=\u201c-2px\u201c global_colors_info=\u201c{}\u201c src__hover_enabled=\u201coff|hover\u201c src__hover=\u201chttps:\/\/laimbockart.nl\/wp-content\/uploads\/2025\/08\/Willem_A-horse-called-Desire-detai.webp\u201c filter_contrast__hover_enabled=\u201con|hover\u201c filter_contrast__hover=\u201c100%\u201c box_shadow_blur__hover=\u201c24px\u201c box_shadow_blur__hover_enabled=\u201con|hover\u201c box_shadow_color__hover=\u201crgba(0,0,0,0.5)\u201c box_shadow_color__hover_enabled=\u201con|hover\u201c background__hover_enabled=\u201coff|desktop\u201c][\/et_pb_image][et_pb_text _builder_version=\u201c4.27.4&#8243; _module_preset=\u201cdefault\u201c text_font=\u201cOpen Sans|||on|||||\u201c text_text_color=\u201c#1A1A40&#8243; text_font_size=\u201c20px\u201c text_letter_spacing=\u201c2px\u201c text_line_height=\u201c1.2em\u201c custom_margin=\u201c||20px||false|false\u201c custom_padding=\u201c||0px||false|false\u201c global_colors_info=\u201c{}\u201c]<\/p>\n<p>Transformers<\/p>\n<p>[\/et_pb_text][\/et_pb_column][et_pb_column type=\u201c1_4&#8243; _builder_version=\u201c4.27.4&#8243; _module_preset=\u201cdefault\u201c background_enable_image=\u201coff\u201c global_colors_info=\u201c{}\u201c background__hover_enabled=\u201coff|desktop\u201c background_image__hover=\u201chttps:\/\/laimbockart.nl\/wp-content\/uploads\/2025\/08\/Scherm_afbeelding-2025-03-30-om-16.29.46.png\u201c background_enable_image__hover=\u201con\u201c][et_pb_image src=\u201chttps:\/\/laimbockart.nl\/wp-content\/uploads\/2025\/11\/580x400_VrouwenWachtersCat.webp\u201c alt=\u201cFrauen&amp;W\u00e4chter\u201c title_text=\u201cFrauen&amp;W\u00e4chter\u201c url=\u201chttps:\/\/laimbockart.nl\/de\/frauen-und-waechter\/\u201c show_bottom_space=\u201coff\u201c _builder_version=\u201c4.27.4&#8243; _module_preset=\u201cdefault\u201c background_color=\u201c#969696&#8243; width=\u201c100%\u201c max_width=\u201c100%\u201c custom_margin=\u201c||20px||false|false\u201c hover_transition_duration=\u201c350ms\u201c hover_transition_speed_curve=\u201clinear\u201c box_shadow_style=\u201cpreset1&#8243; box_shadow_blur=\u201c16px\u201c box_shadow_spread=\u201c-2px\u201c global_colors_info=\u201c{}\u201c src__hover_enabled=\u201coff|hover\u201c src__hover=\u201chttps:\/\/laimbockart.nl\/wp-content\/uploads\/2025\/08\/Willem_A-horse-called-Desire-detai.webp\u201c filter_contrast__hover_enabled=\u201con|hover\u201c filter_contrast__hover=\u201c100%\u201c box_shadow_blur__hover=\u201c24px\u201c box_shadow_blur__hover_enabled=\u201con|hover\u201c box_shadow_color__hover=\u201crgba(0,0,0,0.5)\u201c box_shadow_color__hover_enabled=\u201con|hover\u201c background__hover_enabled=\u201coff|desktop\u201c][\/et_pb_image][et_pb_text _builder_version=\u201c4.27.4&#8243; _module_preset=\u201cdefault\u201c text_font=\u201cOpen Sans|||on|||||\u201c text_text_color=\u201c#1A1A40&#8243; text_font_size=\u201c20px\u201c text_letter_spacing=\u201c2px\u201c text_line_height=\u201c1.2em\u201c custom_margin=\u201c||20px||false|false\u201c custom_padding=\u201c||0px||false|false\u201c global_colors_info=\u201c{}\u201c]<\/p>\n<p>Frauen &amp; W\u00e4chter<\/p>\n<p>[\/et_pb_text][\/et_pb_column][et_pb_column type=\u201c1_4&#8243; _builder_version=\u201c4.27.4&#8243; _module_preset=\u201cdefault\u201c background_enable_image=\u201coff\u201c global_colors_info=\u201c{}\u201c background__hover_enabled=\u201coff|desktop\u201c background_image__hover=\u201chttps:\/\/laimbockart.nl\/wp-content\/uploads\/2025\/08\/Scherm_afbeelding-2025-03-30-om-16.29.46.png\u201c background_enable_image__hover=\u201con\u201c][et_pb_image src=\u201chttps:\/\/laimbockart.nl\/wp-content\/uploads\/2025\/11\/580x400_Stierenpaarden.webp\u201c alt=\u201cStiere&amp;Pferde\u201c title_text=\u201cStiere&amp;Pferde\u201c url=\u201chttps:\/\/laimbockart.nl\/de\/stiere-und-pferde\/\u201c show_bottom_space=\u201coff\u201c _builder_version=\u201c4.27.4&#8243; _module_preset=\u201cdefault\u201c background_color=\u201c#969696&#8243; width=\u201c100%\u201c max_width=\u201c100%\u201c custom_margin=\u201c||20px||false|false\u201c hover_transition_duration=\u201c350ms\u201c hover_transition_speed_curve=\u201clinear\u201c box_shadow_style=\u201cpreset1&#8243; box_shadow_blur=\u201c16px\u201c box_shadow_spread=\u201c-2px\u201c global_colors_info=\u201c{}\u201c background__hover_enabled=\u201coff|desktop\u201c src__hover_enabled=\u201coff|hover\u201c src__hover=\u201chttps:\/\/laimbockart.nl\/wp-content\/uploads\/2025\/08\/Willem_A-horse-called-Desire-detai.webp\u201c filter_contrast__hover_enabled=\u201con|hover\u201c filter_contrast__hover=\u201c100%\u201c box_shadow_color__hover_enabled=\u201con|hover\u201c box_shadow_color__hover=\u201crgba(0,0,0,0.5)\u201c box_shadow_blur__hover_enabled=\u201coff|hover\u201c box_shadow_blur__hover=\u201c24px\u201c][\/et_pb_image][et_pb_text _builder_version=\u201c4.27.4&#8243; _module_preset=\u201cdefault\u201c text_font=\u201cOpen Sans|||on|||||\u201c text_text_color=\u201c#1A1A40&#8243; text_font_size=\u201c20px\u201c text_letter_spacing=\u201c2px\u201c text_line_height=\u201c1.2em\u201c custom_margin=\u201c||20px||false|false\u201c custom_padding=\u201c||0px||false|false\u201c link_option_url=\u201chttps:\/\/laimbockart.nl\/de\/kunstwerken\/1-pk-automatik\/\u201c global_colors_info=\u201c{}\u201c]<\/p>\n<p>Stiere &amp; Pferde<\/p>\n<p>[\/et_pb_text][\/et_pb_column][et_pb_column type=\u201c1_4&#8243; _builder_version=\u201c4.27.4&#8243; _module_preset=\u201cdefault\u201c background_enable_image=\u201coff\u201c global_colors_info=\u201c{}\u201c background__hover_enabled=\u201coff|desktop\u201c background_image__hover=\u201chttps:\/\/laimbockart.nl\/wp-content\/uploads\/2025\/08\/Scherm_afbeelding-2025-03-30-om-16.29.46.png\u201c background_enable_image__hover=\u201con\u201c][et_pb_image src=\u201chttps:\/\/laimbockart.nl\/wp-content\/uploads\/2025\/11\/580x400_VarietyCat.webp\u201c alt=\u201cVielfalt\u201c title_text=\u201cVielfalt\u201c url=\u201chttps:\/\/laimbockart.nl\/de\/vielfalt\/\u201c show_bottom_space=\u201coff\u201c _builder_version=\u201c4.27.4&#8243; _module_preset=\u201cdefault\u201c background_color=\u201c#969696&#8243; width=\u201c100%\u201c max_width=\u201c100%\u201c custom_margin=\u201c||20px||false|false\u201c hover_transition_duration=\u201c350ms\u201c hover_transition_speed_curve=\u201clinear\u201c box_shadow_style=\u201cpreset1&#8243; box_shadow_blur=\u201c16px\u201c box_shadow_spread=\u201c-2px\u201c global_colors_info=\u201c{}\u201c src__hover_enabled=\u201coff|hover\u201c src__hover=\u201chttps:\/\/laimbockart.nl\/wp-content\/uploads\/2025\/08\/Willem_A-horse-called-Desire-detai.webp\u201c filter_contrast__hover_enabled=\u201con|hover\u201c filter_contrast__hover=\u201c100%\u201c box_shadow_blur__hover=\u201c24px\u201c box_shadow_blur__hover_enabled=\u201con|hover\u201c box_shadow_color__hover=\u201crgba(0,0,0,0.5)\u201c box_shadow_color__hover_enabled=\u201con|hover\u201c background__hover_enabled=\u201coff|desktop\u201c][\/et_pb_image][et_pb_text _builder_version=\u201c4.27.4&#8243; _module_preset=\u201cdefault\u201c text_font=\u201cOpen Sans|||on|||||\u201c text_text_color=\u201c#1A1A40&#8243; text_font_size=\u201c20px\u201c text_letter_spacing=\u201c2px\u201c text_line_height=\u201c1.2em\u201c custom_margin=\u201c||20px||false|false\u201c custom_padding=\u201c||0px||false|false\u201c global_colors_info=\u201c{}\u201c]<\/p>\n<p>Vielfalt<\/p>\n<p>[\/et_pb_text][\/et_pb_column][\/et_pb_row][\/et_pb_section]<\/p>\n","protected":false},"excerpt":{"rendered":"<p>Willem LenssinckKeramiker, Bildhauer und DesignerWillem Lenssinck (* 1947) ist ein niederl\u00e4ndischer Bildhauer und Designer, der f\u00fcr seine einzigartigen futuristischen Skulpturen bekannt ist. Nach seinem Studium an der Akademie in Utrecht begann Lenssinck seine Karriere als Keramiker f\u00fcr Royal Delft. Seit 1972 arbeitet er selbstst\u00e4ndig und wechselte bald zu Materialien wie Bronze, Neusilber, Edelstahl und Aluminium. [&hellip;]<\/p>\n","protected":false},"author":1,"featured_media":0,"parent":0,"menu_order":0,"comment_status":"closed","ping_status":"closed","template":"","meta":{"_acf_changed":false,"_et_pb_use_builder":"on","_et_pb_old_content":"","_et_gb_content_width":"","footnotes":""},"class_list":["post-1362","page","type-page","status-publish","hentry"],"acf":[],"_links":{"self":[{"href":"https:\/\/laimbockart.nl\/de\/wp-json\/wp\/v2\/pages\/1362","targetHints":{"allow":["GET"]}}],"collection":[{"href":"https:\/\/laimbockart.nl\/de\/wp-json\/wp\/v2\/pages"}],"about":[{"href":"https:\/\/laimbockart.nl\/de\/wp-json\/wp\/v2\/types\/page"}],"author":[{"embeddable":true,"href":"https:\/\/laimbockart.nl\/de\/wp-json\/wp\/v2\/users\/1"}],"replies":[{"embeddable":true,"href":"https:\/\/laimbockart.nl\/de\/wp-json\/wp\/v2\/comments?post=1362"}],"version-history":[{"count":8,"href":"https:\/\/laimbockart.nl\/de\/wp-json\/wp\/v2\/pages\/1362\/revisions"}],"predecessor-version":[{"id":5473,"href":"https:\/\/laimbockart.nl\/de\/wp-json\/wp\/v2\/pages\/1362\/revisions\/5473"}],"wp:attachment":[{"href":"https:\/\/laimbockart.nl\/de\/wp-json\/wp\/v2\/media?parent=1362"}],"curies":[{"name":"wp","href":"https:\/\/api.w.org\/{rel}","templated":true}]}}