{"id":1351,"date":"2025-09-05T09:07:17","date_gmt":"2025-09-05T09:07:17","guid":{"rendered":"https:\/\/laimbockart.nl\/juan-garcia-ripolles\/"},"modified":"2026-01-19T14:15:30","modified_gmt":"2026-01-19T14:15:30","slug":"juan-garcia-ripolles","status":"publish","type":"page","link":"https:\/\/laimbockart.nl\/de\/juan-garcia-ripolles\/","title":{"rendered":"Juan Garcia Ripoll\u00e9s"},"content":{"rendered":"<p>[et_pb_section fb_built=\u201c1&#8243; _builder_version=\u201c4.27.4&#8243; _module_preset=\u201cdefault\u201c custom_margin=\u201c|40px||40px|false|true\u201c custom_padding=\u201c80px|0px|80px|0px|true|true\u201c border_width_bottom=\u201c1px\u201c border_color_bottom=\u201crgba(26,26,64,0.12)\u201c global_colors_info=\u201c{}\u201c][et_pb_row column_structure=\u201c2_5,3_5&#8243; use_custom_gutter=\u201con\u201c gutter_width=\u201c2&#8243; make_equal=\u201con\u201c _builder_version=\u201c4.27.4&#8243; _module_preset=\u201cdefault\u201c background_enable_image=\u201coff\u201c width=\u201c100%\u201c max_width=\u201c100%\u201c custom_padding=\u201c0px||0px||true|false\u201c global_colors_info=\u201c{}\u201c][et_pb_column type=\u201c2_5&#8243; _builder_version=\u201c4.27.4&#8243; _module_preset=\u201cdefault\u201c background_image=\u201chttps:\/\/laimbockart.nl\/wp-content\/uploads\/2025\/09\/720x512_Ripolles.webp\u201c global_colors_info=\u201c{}\u201c][et_pb_divider show_divider=\u201coff\u201c _builder_version=\u201c4.27.4&#8243; _module_preset=\u201cdefault\u201c min_height=\u201c300px\u201c global_colors_info=\u201c{}\u201c][\/et_pb_divider][\/et_pb_column][et_pb_column type=\u201c3_5&#8243; _builder_version=\u201c4.27.4&#8243; _module_preset=\u201cdefault\u201c global_colors_info=\u201c{}\u201c][et_pb_text _builder_version=\u201c4.27.4&#8243; _module_preset=\u201cdefault\u201c header_2_font=\u201c|||on|||||\u201c header_2_font_size=\u201c38px\u201c header_2_letter_spacing=\u201c2px\u201c header_2_line_height=\u201c1.2em\u201c custom_margin=\u201c||-8px||false|false\u201c custom_padding=\u201c||0px||false|false\u201c global_colors_info=\u201c{}\u201c text_text_color__hover_enabled=\u201con|hover\u201c text_text_color__hover=\u201c#969696&#8243; header_2_text_color__hover_enabled=\u201coff|desktop\u201c header_2_text_color__hover=\u201c#969696&#8243;]<\/p>\n<h2>Juan Garcia Ripoll\u00e9s (1932)<\/h2>\n<p>[\/et_pb_text][et_pb_text _builder_version=\u201c4.27.4&#8243; _module_preset=\u201cdefault\u201c text_font=\u201cOpen Sans|||on|||||\u201c text_text_color=\u201c#1A1A40&#8243; text_font_size=\u201c20px\u201c text_letter_spacing=\u201c2px\u201c text_line_height=\u201c1.2em\u201c custom_margin=\u201c||20px||false|false\u201c custom_padding=\u201c||0px||false|false\u201c global_colors_info=\u201c{}\u201c]<\/p>\n<p>Bildhauer und Maler<\/p>\n<p>[\/et_pb_text][et_pb_text _builder_version=\u201c4.27.4&#8243; _module_preset=\u201cdefault\u201c text_font_size=\u201c18px\u201c text_line_height=\u201c1.5em\u201c global_colors_info=\u201c{}\u201c]<\/p>\n<p>Juan Garcia Ripoll\u00e9s geh\u00f6rt mit seinem frivolen, humorvollen Werk zur Spitze der zeitgen\u00f6ssischen spanischen K\u00fcnstler. Das Werk l\u00e4sst sich einfach als \u201eJoie de Vivre\u201c beschreiben. Es entspringt einem gro\u00dfen Bed\u00fcrfnis nach Freiheit. Nicht intellektuell, sondern aus dem Inneren heraus.<br \/>Diese Materie-Radierungen werden noch von Ripoll\u00e9s selbst aus gesch\u00f6pftem Leinenpulpepapier hergestellt.   <\/p>\n<p>Diese werden in der hei\u00dfen spanischen Sonne getrocknet und erhalten dadurch ihre raue Form mit den ausgefransten R\u00e4ndern. Danach werden die Darstellungen hergestellt, indem Material wie Eisen- und Bronzest\u00fccke in das Leinenpapier gepresst werden. Manchmal vermischt mit einer speziellen Glanzfarbe. Eine moderne Form der Radierung, die von Ripoll\u00e9s erfunden wurde und weltweit einzigartig ist. Die speziellen Schattenfugenrahmen und Passepartouts sorgen daf\u00fcr, dass die Radierung noch besser zur Geltung kommt.    <\/p>\n<p>Neben Gem\u00e4lden, Radierungen und Bronzeskulpturen fertigt Ripoll\u00e9s auch wundersch\u00f6ne Skulpturen aus farbigem Glas. Sehr typisch f\u00fcr seine Skulpturen ist, dass beide Seiten des Kopfes eine andere \u00fcberraschende Darstellung haben. Dies nennt man &#8218;Doble Cara&#8216;, also zwei Gesichter. Ripoll\u00e9s hatte einen Zwillingsbruder, der leider in jungen Jahren verstarb. Die zwei Gesichter sind ein Spiegelbild der beiden Br\u00fcder. In den letzten Jahren konzentriert sich Ripoll\u00e9s mehr auf die Herstellung von Gem\u00e4lden und gro\u00dfen monumentalen Skulpturen, die im \u00f6ffentlichen Raum von Spanien, Frankreich und den Niederlanden (Den Bosch \/ Ede) stehen.     <\/p>\n<p>[\/et_pb_text][\/et_pb_column][\/et_pb_row][\/et_pb_section][et_pb_section fb_built=\u201c1&#8243; _builder_version=\u201c4.27.4&#8243; _module_preset=\u201cdefault\u201c custom_margin=\u201c0px||0px||true|false\u201c custom_padding=\u201c40px|40px|40px|40px|true|true\u201c global_colors_info=\u201c{}\u201c][et_pb_row use_custom_gutter=\u201con\u201c gutter_width=\u201c2&#8243; make_equal=\u201con\u201c _builder_version=\u201c4.27.4&#8243; _module_preset=\u201cdefault\u201c width=\u201c100%\u201c max_width=\u201c100%\u201c custom_margin=\u201c||40px||false|false\u201c custom_padding=\u201c0px||0px||true|false\u201c global_colors_info=\u201c{}\u201c][et_pb_column type=\u201c4_4&#8243; _builder_version=\u201c4.27.4&#8243; _module_preset=\u201cdefault\u201c global_colors_info=\u201c{}\u201c][et_pb_text _builder_version=\u201c4.27.4&#8243; _module_preset=\u201cdefault\u201c header_2_font=\u201c|||on|||||\u201c header_2_font_size=\u201c38px\u201c header_2_line_height=\u201c1.2em\u201c custom_margin=\u201c||-8px||false|false\u201c custom_padding=\u201c||0px||false|false\u201c global_colors_info=\u201c{}\u201c text_text_color__hover_enabled=\u201con|hover\u201c text_text_color__hover=\u201c#969696&#8243; header_2_text_color__hover_enabled=\u201coff|hover\u201c header_2_text_color__hover=\u201c#969696&#8243;]<\/p>\n<h2>Kunstwerke<\/h2>\n<p>[\/et_pb_text][\/et_pb_column][\/et_pb_row][et_pb_row column_structure=\u201c1_4,1_4,1_4,1_4&#8243; use_custom_gutter=\u201con\u201c gutter_width=\u201c2&#8243; make_equal=\u201con\u201c _builder_version=\u201c4.27.5&#8243; _module_preset=\u201cdefault\u201c width=\u201c100%\u201c max_width=\u201c100%\u201c custom_margin=\u201c||40px||false|false\u201c custom_padding=\u201c0px||0px||true|false\u201c hover_enabled=\u201c0&#8243; global_colors_info=\u201c{}\u201c sticky_enabled=\u201c0&#8243;][et_pb_column type=\u201c1_4&#8243; _builder_version=\u201c4.27.4&#8243; _module_preset=\u201cdefault\u201c background_enable_image=\u201coff\u201c global_colors_info=\u201c{}\u201c background__hover_enabled=\u201coff|desktop\u201c background_image__hover=\u201chttps:\/\/laimbockart.nl\/wp-content\/uploads\/2025\/08\/Scherm_afbeelding-2025-03-30-om-16.29.46.png\u201c background_enable_image__hover=\u201con\u201c][et_pb_image src=\u201chttps:\/\/laimbockart.nl\/wp-content\/uploads\/2025\/10\/Guerrero_512.webp\u201c alt=\u201cJuan Garcia Ripoll\u00e9s \u2013 Guerrero\u201c title_text=\u201cJuan Garcia Ripoll\u00e9s \u2013 Guerrero\u201c url=\u201chttps:\/\/laimbockart.nl\/de\/kunstwerken\/guerrero\/\u201c show_bottom_space=\u201coff\u201c _builder_version=\u201c4.27.4&#8243; _module_preset=\u201cdefault\u201c background_color=\u201c#FFFFFF\u201c width=\u201c100%\u201c max_width=\u201c100%\u201c max_height=\u201c512px\u201c custom_margin=\u201c||20px||false|false\u201c hover_transition_duration=\u201c500ms\u201c hover_transition_speed_curve=\u201cease-in\u201c box_shadow_style=\u201cpreset1&#8243; box_shadow_vertical=\u201c0px\u201c box_shadow_blur=\u201c16px\u201c box_shadow_spread=\u201c-7px\u201c global_colors_info=\u201c{}\u201c src__hover_enabled=\u201coff|hover\u201c src__hover=\u201chttps:\/\/laimbockart.nl\/wp-content\/uploads\/2025\/08\/Willem_A-horse-called-Desire-detai.webp\u201c filter_contrast__hover_enabled=\u201con|hover\u201c filter_contrast__hover=\u201c100%\u201c box_shadow_color__hover_enabled=\u201con|hover\u201c box_shadow_color__hover=\u201c#000000&#8243; box_shadow_spread__hover_enabled=\u201coff|hover\u201c box_shadow_spread__hover=\u201c-7px\u201c box_shadow_blur__hover_enabled=\u201con|hover\u201c box_shadow_blur__hover=\u201c20px\u201c background__hover_enabled=\u201coff|desktop\u201c][\/et_pb_image][et_pb_text _builder_version=\u201c4.27.4&#8243; _module_preset=\u201cdefault\u201c text_font=\u201cOpen Sans|||on|||||\u201c text_text_color=\u201c#1A1A40&#8243; text_font_size=\u201c20px\u201c text_letter_spacing=\u201c2px\u201c text_line_height=\u201c1.2em\u201c custom_margin=\u201c||20px||false|false\u201c custom_padding=\u201c||0px||false|false\u201c global_colors_info=\u201c{}\u201c]Guerrero[\/et_pb_text][\/et_pb_column][et_pb_column type=\u201c1_4&#8243; _builder_version=\u201c4.27.4&#8243; _module_preset=\u201cdefault\u201c background_enable_image=\u201coff\u201c global_colors_info=\u201c{}\u201c background__hover_enabled=\u201coff|desktop\u201c background_image__hover=\u201chttps:\/\/laimbockart.nl\/wp-content\/uploads\/2025\/08\/Scherm_afbeelding-2025-03-30-om-16.29.46.png\u201c background_enable_image__hover=\u201con\u201c][et_pb_image src=\u201chttps:\/\/laimbockart.nl\/wp-content\/uploads\/2025\/10\/Nina-con-tres-Brazos_512.webp\u201c alt=\u201cJuan Garcia Ripoll\u00e9s \u2013 Nina con tres Brazos\u201c title_text=\u201cJuan Garcia Ripoll\u00e9s \u2013 Nina con tres Brazos\u201c url=\u201chttps:\/\/laimbockart.nl\/de\/kunstwerken\/bailarina-mit-drei-armen\/\u201c show_bottom_space=\u201coff\u201c align=\u201ccenter\u201c _builder_version=\u201c4.27.4&#8243; _module_preset=\u201cdefault\u201c background_color=\u201c#FFFFFF\u201c width=\u201c100%\u201c max_width=\u201c100%\u201c max_height=\u201c512px\u201c custom_margin=\u201c||20px||false|false\u201c hover_transition_duration=\u201c500ms\u201c hover_transition_speed_curve=\u201cease-in\u201c box_shadow_style=\u201cpreset1&#8243; box_shadow_vertical=\u201c0px\u201c box_shadow_blur=\u201c16px\u201c box_shadow_spread=\u201c-7px\u201c global_colors_info=\u201c{}\u201c src__hover_enabled=\u201coff|hover\u201c src__hover=\u201chttps:\/\/laimbockart.nl\/wp-content\/uploads\/2025\/08\/Willem_A-horse-called-Desire-detai.webp\u201c filter_contrast__hover_enabled=\u201con|hover\u201c filter_contrast__hover=\u201c100%\u201c box_shadow_color__hover_enabled=\u201con|hover\u201c box_shadow_color__hover=\u201c#000000&#8243; box_shadow_spread__hover_enabled=\u201coff|hover\u201c box_shadow_spread__hover=\u201c-7px\u201c box_shadow_blur__hover_enabled=\u201con|hover\u201c box_shadow_blur__hover=\u201c20px\u201c background__hover_enabled=\u201coff|desktop\u201c][\/et_pb_image][et_pb_text _builder_version=\u201c4.27.4&#8243; _module_preset=\u201cdefault\u201c text_font=\u201cOpen Sans|||on|||||\u201c text_text_color=\u201c#1A1A40&#8243; text_font_size=\u201c20px\u201c text_letter_spacing=\u201c2px\u201c text_line_height=\u201c1.2em\u201c custom_margin=\u201c||20px||false|false\u201c custom_padding=\u201c||0px||false|false\u201c global_colors_info=\u201c{}\u201c]Bailarina con tres Brazos[\/et_pb_text][\/et_pb_column][et_pb_column type=\u201c1_4&#8243; _builder_version=\u201c4.27.4&#8243; _module_preset=\u201cdefault\u201c background_enable_image=\u201coff\u201c global_colors_info=\u201c{}\u201c background__hover_enabled=\u201coff|desktop\u201c background_image__hover=\u201chttps:\/\/laimbockart.nl\/wp-content\/uploads\/2025\/08\/Scherm_afbeelding-2025-03-30-om-16.29.46.png\u201c background_enable_image__hover=\u201con\u201c][et_pb_image src=\u201chttps:\/\/laimbockart.nl\/wp-content\/uploads\/2025\/10\/512_Nina-Elegra.lijst_.webp\u201c alt=\u201cRippolles<br \/>\n\u201c title_text=\u201c512_Nina Elegra.lijst\u201c url=\u201chttps:\/\/laimbockart.nl\/de\/kunstwerken\/nina-alegre\/\u201c show_bottom_space=\u201coff\u201c align=\u201ccenter\u201c _builder_version=\u201c4.27.4&#8243; _module_preset=\u201cdefault\u201c background_color=\u201c#FFFFFF\u201c width=\u201c100%\u201c max_width=\u201c100%\u201c max_height=\u201c512px\u201c custom_margin=\u201c||20px||false|false\u201c hover_transition_duration=\u201c500ms\u201c hover_transition_speed_curve=\u201cease-in\u201c box_shadow_style=\u201cpreset1&#8243; box_shadow_vertical=\u201c0px\u201c box_shadow_blur=\u201c16px\u201c box_shadow_spread=\u201c-7px\u201c global_colors_info=\u201c{}\u201c src__hover_enabled=\u201coff|hover\u201c src__hover=\u201chttps:\/\/laimbockart.nl\/wp-content\/uploads\/2025\/08\/Willem_A-horse-called-Desire-detai.webp\u201c filter_contrast__hover_enabled=\u201con|hover\u201c filter_contrast__hover=\u201c100%\u201c box_shadow_color__hover_enabled=\u201con|hover\u201c box_shadow_color__hover=\u201c#000000&#8243; box_shadow_blur__hover=\u201c20px\u201c box_shadow_blur__hover_enabled=\u201con|hover\u201c background__hover_enabled=\u201coff|desktop\u201c][\/et_pb_image][et_pb_text _builder_version=\u201c4.27.4&#8243; _module_preset=\u201cdefault\u201c text_font=\u201cOpen Sans|||on|||||\u201c text_text_color=\u201c#1A1A40&#8243; text_font_size=\u201c20px\u201c text_letter_spacing=\u201c2px\u201c text_line_height=\u201c1.2em\u201c custom_margin=\u201c||20px||false|false\u201c custom_padding=\u201c||0px||false|false\u201c global_colors_info=\u201c{}\u201c]Nina Alegre[\/et_pb_text][\/et_pb_column][et_pb_column type=\u201c1_4&#8243; _builder_version=\u201c4.27.4&#8243; _module_preset=\u201cdefault\u201c background_enable_image=\u201coff\u201c global_colors_info=\u201c{}\u201c background__hover_enabled=\u201coff|desktop\u201c background_image__hover=\u201chttps:\/\/laimbockart.nl\/wp-content\/uploads\/2025\/08\/Scherm_afbeelding-2025-03-30-om-16.29.46.png\u201c background_enable_image__hover=\u201con\u201c][et_pb_image src=\u201chttps:\/\/laimbockart.nl\/wp-content\/uploads\/2025\/10\/512_1240.lijst_.webp\u201c alt=\u201cRipolles\u201c title_text=\u201c512_1240.lijst\u201c url=\u201chttps:\/\/laimbockart.nl\/de\/kunstwerken\/cara-luna\/\u201c show_bottom_space=\u201coff\u201c _builder_version=\u201c4.27.4&#8243; _module_preset=\u201cdefault\u201c background_color=\u201c#FFFFFF\u201c width=\u201c100%\u201c max_width=\u201c100%\u201c max_height=\u201c512px\u201c custom_margin=\u201c||20px||false|false\u201c hover_transition_duration=\u201c500ms\u201c hover_transition_speed_curve=\u201cease-in\u201c box_shadow_style=\u201cpreset1&#8243; box_shadow_vertical=\u201c0px\u201c box_shadow_blur=\u201c16px\u201c box_shadow_spread=\u201c-7px\u201c global_colors_info=\u201c{}\u201c src__hover_enabled=\u201coff|hover\u201c src__hover=\u201chttps:\/\/laimbockart.nl\/wp-content\/uploads\/2025\/08\/Willem_A-horse-called-Desire-detai.webp\u201c filter_contrast__hover_enabled=\u201con|hover\u201c filter_contrast__hover=\u201c100%\u201c box_shadow_color__hover_enabled=\u201con|hover\u201c box_shadow_color__hover=\u201c#000000&#8243; box_shadow_blur__hover=\u201c20px\u201c box_shadow_blur__hover_enabled=\u201con|hover\u201c background__hover_enabled=\u201coff|desktop\u201c][\/et_pb_image][et_pb_text _builder_version=\u201c4.27.4&#8243; _module_preset=\u201cdefault\u201c text_font=\u201cOpen Sans|||on|||||\u201c text_text_color=\u201c#1A1A40&#8243; text_font_size=\u201c20px\u201c text_letter_spacing=\u201c2px\u201c text_line_height=\u201c1.2em\u201c custom_margin=\u201c||20px||false|false\u201c custom_padding=\u201c||0px||false|false\u201c global_colors_info=\u201c{}\u201c]Cara Luna[\/et_pb_text][\/et_pb_column][\/et_pb_row][et_pb_row column_structure=\u201c1_4,1_4,1_4,1_4&#8243; use_custom_gutter=\u201con\u201c gutter_width=\u201c2&#8243; make_equal=\u201con\u201c _builder_version=\u201c4.27.4&#8243; _module_preset=\u201cdefault\u201c width=\u201c100%\u201c max_width=\u201c100%\u201c custom_margin=\u201c||40px||false|false\u201c custom_padding=\u201c0px||0px||true|false\u201c global_colors_info=\u201c{}\u201c][et_pb_column type=\u201c1_4&#8243; _builder_version=\u201c4.27.4&#8243; _module_preset=\u201cdefault\u201c background_enable_image=\u201coff\u201c global_colors_info=\u201c{}\u201c background__hover_enabled=\u201coff|desktop\u201c background_image__hover=\u201chttps:\/\/laimbockart.nl\/wp-content\/uploads\/2025\/08\/Scherm_afbeelding-2025-03-30-om-16.29.46.png\u201c background_enable_image__hover=\u201con\u201c][et_pb_image src=\u201chttps:\/\/laimbockart.nl\/wp-content\/uploads\/2025\/10\/Form_Ripolles.1209.webp\u201c alt=\u201cRipolle\u201c title_text=\u201cForm_Ripolles.1209&#8243; url=\u201chttps:\/\/laimbockart.nl\/de\/kunstwerken\/guerrero-verde\/\u201c show_bottom_space=\u201coff\u201c align=\u201ccenter\u201c _builder_version=\u201c4.27.4&#8243; _module_preset=\u201cdefault\u201c background_color=\u201c#FFFFFF\u201c width=\u201c100%\u201c max_width=\u201c100%\u201c max_height=\u201c512px\u201c custom_margin=\u201c||20px||false|false\u201c hover_transition_duration=\u201c500ms\u201c hover_transition_speed_curve=\u201cease-in\u201c box_shadow_style=\u201cpreset1&#8243; box_shadow_vertical=\u201c0px\u201c box_shadow_blur=\u201c16px\u201c box_shadow_spread=\u201c-7px\u201c global_colors_info=\u201c{}\u201c src__hover_enabled=\u201coff|hover\u201c src__hover=\u201chttps:\/\/laimbockart.nl\/wp-content\/uploads\/2025\/08\/Willem_A-horse-called-Desire-detai.webp\u201c filter_contrast__hover_enabled=\u201con|hover\u201c filter_contrast__hover=\u201c100%\u201c box_shadow_color__hover_enabled=\u201con|hover\u201c box_shadow_color__hover=\u201c#000000&#8243; box_shadow_spread__hover_enabled=\u201coff|hover\u201c box_shadow_spread__hover=\u201c-7px\u201c box_shadow_blur__hover_enabled=\u201con|hover\u201c box_shadow_blur__hover=\u201c20px\u201c background__hover_enabled=\u201coff|desktop\u201c][\/et_pb_image][et_pb_text _builder_version=\u201c4.27.4&#8243; _module_preset=\u201cdefault\u201c text_font=\u201cOpen Sans|||on|||||\u201c text_text_color=\u201c#1A1A40&#8243; text_font_size=\u201c20px\u201c text_letter_spacing=\u201c2px\u201c text_line_height=\u201c1.2em\u201c custom_margin=\u201c||20px||false|false\u201c custom_padding=\u201c||0px||false|false\u201c global_colors_info=\u201c{}\u201c]Guerrero Verde[\/et_pb_text][\/et_pb_column][et_pb_column type=\u201c1_4&#8243; _builder_version=\u201c4.27.4&#8243; _module_preset=\u201cdefault\u201c background_enable_image=\u201coff\u201c global_colors_info=\u201c{}\u201c background__hover_enabled=\u201coff|desktop\u201c background_image__hover=\u201chttps:\/\/laimbockart.nl\/wp-content\/uploads\/2025\/08\/Scherm_afbeelding-2025-03-30-om-16.29.46.png\u201c background_enable_image__hover=\u201con\u201c][et_pb_image src=\u201chttps:\/\/laimbockart.nl\/wp-content\/uploads\/2025\/10\/512_1230.lijst_.webp\u201c alt=\u201cRipolles\u201c title_text=\u201c512_1230.lijst\u201c url=\u201chttps:\/\/laimbockart.nl\/de\/kunstwerken\/nina-amarillo\/\u201c show_bottom_space=\u201coff\u201c align=\u201ccenter\u201c _builder_version=\u201c4.27.4&#8243; _module_preset=\u201cdefault\u201c background_color=\u201c#FFFFFF\u201c width=\u201c100%\u201c max_width=\u201c100%\u201c max_height=\u201c512px\u201c custom_margin=\u201c||20px||false|false\u201c hover_transition_duration=\u201c500ms\u201c hover_transition_speed_curve=\u201cease-in\u201c box_shadow_style=\u201cpreset1&#8243; box_shadow_vertical=\u201c0px\u201c box_shadow_blur=\u201c16px\u201c box_shadow_spread=\u201c-7px\u201c global_colors_info=\u201c{}\u201c src__hover_enabled=\u201coff|hover\u201c src__hover=\u201chttps:\/\/laimbockart.nl\/wp-content\/uploads\/2025\/08\/Willem_A-horse-called-Desire-detai.webp\u201c filter_contrast__hover_enabled=\u201con|hover\u201c filter_contrast__hover=\u201c100%\u201c box_shadow_color__hover_enabled=\u201con|hover\u201c box_shadow_color__hover=\u201c#000000&#8243; box_shadow_blur__hover=\u201c20px\u201c box_shadow_blur__hover_enabled=\u201con|hover\u201c background__hover_enabled=\u201coff|desktop\u201c][\/et_pb_image][et_pb_text _builder_version=\u201c4.27.4&#8243; _module_preset=\u201cdefault\u201c text_font=\u201cOpen Sans|||on|||||\u201c text_text_color=\u201c#1A1A40&#8243; text_font_size=\u201c20px\u201c text_letter_spacing=\u201c2px\u201c text_line_height=\u201c1.2em\u201c custom_margin=\u201c||20px||false|false\u201c custom_padding=\u201c||0px||false|false\u201c global_colors_info=\u201c{}\u201c]Totem Baby[\/et_pb_text][\/et_pb_column][et_pb_column type=\u201c1_4&#8243; _builder_version=\u201c4.27.4&#8243; _module_preset=\u201cdefault\u201c background_enable_image=\u201coff\u201c global_colors_info=\u201c{}\u201c background__hover_enabled=\u201coff|desktop\u201c background_image__hover=\u201chttps:\/\/laimbockart.nl\/wp-content\/uploads\/2025\/08\/Scherm_afbeelding-2025-03-30-om-16.29.46.png\u201c background_enable_image__hover=\u201con\u201c][et_pb_image src=\u201chttps:\/\/laimbockart.nl\/wp-content\/uploads\/2025\/10\/512_1237.lijst_.webp\u201c alt=\u201cRipolles\u201c title_text=\u201c512_1237.lijst\u201c url=\u201chttps:\/\/laimbockart.nl\/de\/kunstwerken\/nina-con-lazo-azul\/\u201c show_bottom_space=\u201coff\u201c align=\u201ccenter\u201c _builder_version=\u201c4.27.4&#8243; _module_preset=\u201cdefault\u201c background_color=\u201c#FFFFFF\u201c width=\u201c100%\u201c max_width=\u201c100%\u201c max_height=\u201c512px\u201c custom_margin=\u201c||20px||false|false\u201c hover_transition_duration=\u201c500ms\u201c hover_transition_speed_curve=\u201cease-in\u201c box_shadow_style=\u201cpreset1&#8243; box_shadow_vertical=\u201c0px\u201c box_shadow_blur=\u201c16px\u201c box_shadow_spread=\u201c-7px\u201c global_colors_info=\u201c{}\u201c src__hover_enabled=\u201coff|hover\u201c src__hover=\u201chttps:\/\/laimbockart.nl\/wp-content\/uploads\/2025\/08\/Willem_A-horse-called-Desire-detai.webp\u201c filter_contrast__hover_enabled=\u201con|hover\u201c filter_contrast__hover=\u201c100%\u201c box_shadow_color__hover_enabled=\u201con|hover\u201c box_shadow_color__hover=\u201c#000000&#8243; box_shadow_blur__hover=\u201c20px\u201c box_shadow_blur__hover_enabled=\u201con|hover\u201c background__hover_enabled=\u201coff|desktop\u201c][\/et_pb_image][et_pb_text _builder_version=\u201c4.27.4&#8243; _module_preset=\u201cdefault\u201c text_font=\u201cOpen Sans|||on|||||\u201c text_text_color=\u201c#1A1A40&#8243; text_font_size=\u201c20px\u201c text_letter_spacing=\u201c2px\u201c text_line_height=\u201c1.2em\u201c custom_margin=\u201c||20px||false|false\u201c custom_padding=\u201c||0px||false|false\u201c global_colors_info=\u201c{}\u201c]<\/p>\n<p>Nina con lazo Azul<\/p>\n<p>[\/et_pb_text][\/et_pb_column][et_pb_column type=\u201c1_4&#8243; _builder_version=\u201c4.27.4&#8243; _module_preset=\u201cdefault\u201c background_enable_image=\u201coff\u201c global_colors_info=\u201c{}\u201c background__hover_enabled=\u201coff|desktop\u201c background_image__hover=\u201chttps:\/\/laimbockart.nl\/wp-content\/uploads\/2025\/08\/Scherm_afbeelding-2025-03-30-om-16.29.46.png\u201c background_enable_image__hover=\u201con\u201c][et_pb_image src=\u201chttps:\/\/laimbockart.nl\/wp-content\/uploads\/2025\/10\/512_1220_lijst.webp\u201c alt=\u201cRipolle\u201c title_text=\u201c512_1220_lijst\u201c url=\u201chttps:\/\/laimbockart.nl\/de\/kunstwerken\/nina-marron\/\u201c show_bottom_space=\u201coff\u201c align=\u201ccenter\u201c _builder_version=\u201c4.27.4&#8243; _module_preset=\u201cdefault\u201c background_color=\u201c#FFFFFF\u201c width=\u201c100%\u201c max_width=\u201c100%\u201c max_height=\u201c512px\u201c custom_margin=\u201c||20px||false|false\u201c hover_transition_duration=\u201c500ms\u201c hover_transition_speed_curve=\u201cease-in\u201c box_shadow_style=\u201cpreset1&#8243; box_shadow_vertical=\u201c0px\u201c box_shadow_blur=\u201c16px\u201c box_shadow_spread=\u201c-7px\u201c global_colors_info=\u201c{}\u201c src__hover_enabled=\u201coff|hover\u201c src__hover=\u201chttps:\/\/laimbockart.nl\/wp-content\/uploads\/2025\/08\/Willem_A-horse-called-Desire-detai.webp\u201c filter_contrast__hover_enabled=\u201con|hover\u201c filter_contrast__hover=\u201c100%\u201c box_shadow_color__hover_enabled=\u201con|hover\u201c box_shadow_color__hover=\u201c#000000&#8243; box_shadow_blur__hover=\u201c20px\u201c box_shadow_blur__hover_enabled=\u201con|hover\u201c background__hover_enabled=\u201coff|desktop\u201c][\/et_pb_image][et_pb_text _builder_version=\u201c4.27.4&#8243; _module_preset=\u201cdefault\u201c text_font=\u201cOpen Sans|||on|||||\u201c text_text_color=\u201c#1A1A40&#8243; text_font_size=\u201c20px\u201c text_letter_spacing=\u201c2px\u201c text_line_height=\u201c1.2em\u201c custom_margin=\u201c||20px||false|false\u201c custom_padding=\u201c||0px||false|false\u201c global_colors_info=\u201c{}\u201c]Ni\u00f1a Marron[\/et_pb_text][\/et_pb_column][\/et_pb_row][\/et_pb_section]<\/p>\n","protected":false},"excerpt":{"rendered":"<p>Juan Garcia Ripoll\u00e9s (1932)Bildhauer und MalerJuan Garcia Ripoll\u00e9s geh\u00f6rt mit seinem frivolen, humorvollen Werk zur Spitze der zeitgen\u00f6ssischen spanischen K\u00fcnstler. Das Werk l\u00e4sst sich einfach als \u201eJoie de Vivre\u201c beschreiben. Es entspringt einem gro\u00dfen Bed\u00fcrfnis nach Freiheit. Nicht intellektuell, sondern aus dem Inneren heraus.Diese Materie-Radierungen werden noch von Ripoll\u00e9s selbst aus gesch\u00f6pftem Leinenpulpepapier hergestellt. Diese [&hellip;]<\/p>\n","protected":false},"author":1,"featured_media":0,"parent":0,"menu_order":0,"comment_status":"closed","ping_status":"closed","template":"","meta":{"_acf_changed":false,"_et_pb_use_builder":"on","_et_pb_old_content":"","_et_gb_content_width":"","footnotes":""},"class_list":["post-1351","page","type-page","status-publish","hentry"],"acf":[],"_links":{"self":[{"href":"https:\/\/laimbockart.nl\/de\/wp-json\/wp\/v2\/pages\/1351","targetHints":{"allow":["GET"]}}],"collection":[{"href":"https:\/\/laimbockart.nl\/de\/wp-json\/wp\/v2\/pages"}],"about":[{"href":"https:\/\/laimbockart.nl\/de\/wp-json\/wp\/v2\/types\/page"}],"author":[{"embeddable":true,"href":"https:\/\/laimbockart.nl\/de\/wp-json\/wp\/v2\/users\/1"}],"replies":[{"embeddable":true,"href":"https:\/\/laimbockart.nl\/de\/wp-json\/wp\/v2\/comments?post=1351"}],"version-history":[{"count":30,"href":"https:\/\/laimbockart.nl\/de\/wp-json\/wp\/v2\/pages\/1351\/revisions"}],"predecessor-version":[{"id":6363,"href":"https:\/\/laimbockart.nl\/de\/wp-json\/wp\/v2\/pages\/1351\/revisions\/6363"}],"wp:attachment":[{"href":"https:\/\/laimbockart.nl\/de\/wp-json\/wp\/v2\/media?parent=1351"}],"curies":[{"name":"wp","href":"https:\/\/api.w.org\/{rel}","templated":true}]}}