{"id":1343,"date":"2025-09-05T09:14:09","date_gmt":"2025-09-05T09:14:09","guid":{"rendered":"https:\/\/laimbockart.nl\/lia-laimbock\/"},"modified":"2026-04-02T16:41:05","modified_gmt":"2026-04-02T16:41:05","slug":"lia-laimbock","status":"publish","type":"page","link":"https:\/\/laimbockart.nl\/de\/lia-laimbock\/","title":{"rendered":"Lia Laimb\u00f6ck"},"content":{"rendered":"<p>[et_pb_section fb_built=\u201c1&#8243; _builder_version=\u201c4.27.4&#8243; _module_preset=\u201cdefault\u201c custom_margin=\u201c|40px||40px|false|true\u201c custom_padding=\u201c80px|0px|80px|0px|true|true\u201c border_width_bottom=\u201c1px\u201c border_color_bottom=\u201crgba(26,26,64,0.12)\u201c global_colors_info=\u201c{}\u201c][et_pb_row column_structure=\u201c2_5,3_5&#8243; use_custom_gutter=\u201con\u201c gutter_width=\u201c2&#8243; make_equal=\u201con\u201c _builder_version=\u201c4.27.4&#8243; _module_preset=\u201cdefault\u201c width=\u201c100%\u201c max_width=\u201c100%\u201c custom_padding=\u201c0px||0px||true|false\u201c global_colors_info=\u201c{}\u201c][et_pb_column type=\u201c2_5&#8243; _builder_version=\u201c4.27.4&#8243; _module_preset=\u201cdefault\u201c background_image=\u201chttps:\/\/laimbockart.nl\/wp-content\/uploads\/2025\/10\/960LiaLaimbock.webp\u201c global_colors_info=\u201c{}\u201c][et_pb_divider show_divider=\u201coff\u201c _builder_version=\u201c4.27.4&#8243; _module_preset=\u201cdefault\u201c min_height=\u201c300px\u201c global_colors_info=\u201c{}\u201c][\/et_pb_divider][\/et_pb_column][et_pb_column type=\u201c3_5&#8243; _builder_version=\u201c4.27.4&#8243; _module_preset=\u201cdefault\u201c global_colors_info=\u201c{}\u201c][et_pb_text _builder_version=\u201c4.27.4&#8243; _module_preset=\u201cdefault\u201c header_2_font=\u201c|||on|||||\u201c header_2_font_size=\u201c38px\u201c header_2_letter_spacing=\u201c2px\u201c header_2_line_height=\u201c1.2em\u201c custom_margin=\u201c||-8px||false|false\u201c custom_padding=\u201c||0px||false|false\u201c global_colors_info=\u201c{}\u201c text_text_color__hover_enabled=\u201con|hover\u201c text_text_color__hover=\u201c#969696&#8243; header_2_text_color__hover_enabled=\u201con|hover\u201c header_2_text_color__hover=\u201c#969696&#8243;]<\/p>\n<h2>Lia Laimb\u00f6ck<\/h2>\n<p>[\/et_pb_text][et_pb_text _builder_version=\u201c4.27.4&#8243; _module_preset=\u201cdefault\u201c text_font=\u201cOpen Sans|||on|||||\u201c text_text_color=\u201c#1A1A40&#8243; text_font_size=\u201c20px\u201c text_letter_spacing=\u201c2px\u201c text_line_height=\u201c1.2em\u201c custom_margin=\u201c||20px||false|false\u201c custom_padding=\u201c||0px||false|false\u201c global_colors_info=\u201c{}\u201c]<\/p>\n<p>Maler<\/p>\n<p>[\/et_pb_text][et_pb_text _builder_version=\u201c4.27.4&#8243; _module_preset=\u201cdefault\u201c text_font_size=\u201c18px\u201c text_line_height=\u201c1.5em\u201c global_colors_info=\u201c{}\u201c]<\/p>\n<p>Lia Laimb\u00f6ck (1965) ist eine vielseitige K\u00fcnstlerin mit einem internationalen \u0152uvre. Ihre Arbeit ist figurativ mit einem gro\u00dfen Auge f\u00fcr Details von einer fast illusorischen Qualit\u00e4t. Sie malt Landschaften als Allegorien des Ursprungs: Geburt, Leben und Tod. Intimit\u00e4t steht hierbei zentral. Sie beginnt oft auf einer gro\u00dfen, wei\u00dfen Leinwand, l\u00e4sst vage Formen langsam scharf werden und arbeitet bis ins Detail weiter. Wie ein Uhrmacher im gro\u00dfen Ma\u00dfstab.     <\/p>\n<p>Sie erwarb Anerkennung mit 11 Portr\u00e4ts niederl\u00e4ndischer Autoren nach eigener Wahl und baute eine lebenslange Freundschaft mit ihnen auf. Die gesamte Serie wurde vom Literaturmuseum in Den Haag angekauft. In den 2000er Jahren entwickelte sie eigene Serien wie \u201eThe Origin\u201c, lebensgro\u00dfe Leinw\u00e4nde, die den Ursprung des Lebens wiedergeben. Oder eine Anklage gegen die chemische Industrie \u201eOrganic versus Chemical\u201c, in der sie die wunderbare Kombination von Tieren in einem chemisch-industriellen Komplex platziert. Sie stellte in Museen wie De Buitenplaats (Eelde) und Markiezenhof (Bergen op Zoom) aus. Im Jahr 2004 gewann sie die Biennale Figuratieve Kunst in Arnheim, gefolgt von einer Einzelausstellung im Kim Whanki Museum in Seoul.    <\/p>\n<p>Ihre Reisen um die ganze Welt inspirierten starke Serien wie \u201eStarry Riders\u201c, in denen Kinder auf Mondfischen durch das Universum schweben. Im Jahr 2008 setzte sie ihre internationale Pr\u00e4senz mit Ausstellungen in New York fort. Nach dem Umzug nach Irland, dem Land, in das sie sich verliebte, entwickelte sich ihre Arbeit weiter. Sie malte Portr\u00e4ts von K\u00f6nig Willem\u2011Alexander und K\u00f6nigin M\u00e1xima f\u00fcr ihre Inthronisation (2014), und ihre Arbeit erschien auf verschiedenen irischen B\u00fchnen. Sie schuf eine Serie von Pastellen und beeindruckenden Portr\u00e4ts von ikonischen irischen Charakteren wie Saint Bridget, die gro\u00dfe Wertsch\u00e4tzung ernteten.    <\/p>\n<p>Ihre k\u00fcnstlerische Kraft liegt in dem raffinierten Spannungsfeld zwischen Figuration und Suggestion, grandiosen Leinw\u00e4nden, pers\u00f6nlichen Geschichten und universellen Gef\u00fchlen. Lia Laimb\u00f6ck l\u00e4dt Sie ein, still zu werden, zu schauen und sich in Welten voller tieferer Schichten und verborgener Bedeutungen entf\u00fchren zu lassen. <\/p>\n<p>[\/et_pb_text][\/et_pb_column][\/et_pb_row][\/et_pb_section][et_pb_section fb_built=\u201c1&#8243; _builder_version=\u201c4.27.4&#8243; _module_preset=\u201cdefault\u201c custom_margin=\u201c0px||0px||true|false\u201c custom_padding=\u201c40px|40px|40px|40px|true|true\u201c global_colors_info=\u201c{}\u201c][et_pb_row use_custom_gutter=\u201con\u201c gutter_width=\u201c2&#8243; make_equal=\u201con\u201c _builder_version=\u201c4.27.4&#8243; _module_preset=\u201cdefault\u201c width=\u201c100%\u201c max_width=\u201c100%\u201c custom_margin=\u201c||40px||false|false\u201c custom_padding=\u201c0px||0px||true|false\u201c global_colors_info=\u201c{}\u201c][et_pb_column type=\u201c4_4&#8243; _builder_version=\u201c4.27.4&#8243; _module_preset=\u201cdefault\u201c global_colors_info=\u201c{}\u201c][et_pb_text _builder_version=\u201c4.27.4&#8243; _module_preset=\u201cdefault\u201c header_2_font=\u201c|||on|||||\u201c header_2_font_size=\u201c38px\u201c header_2_line_height=\u201c1.2em\u201c custom_margin=\u201c||-8px||false|false\u201c custom_padding=\u201c||0px||false|false\u201c global_colors_info=\u201c{}\u201c text_text_color__hover_enabled=\u201con|hover\u201c text_text_color__hover=\u201c#969696&#8243; header_2_text_color__hover_enabled=\u201coff|hover\u201c header_2_text_color__hover=\u201c#969696&#8243;]<\/p>\n<h2>Kunstwerke<\/h2>\n<p>[\/et_pb_text][\/et_pb_column][\/et_pb_row][et_pb_row column_structure=\u201c1_4,1_4,1_4,1_4&#8243; use_custom_gutter=\u201con\u201c gutter_width=\u201c2&#8243; make_equal=\u201con\u201c _builder_version=\u201c4.27.4&#8243; _module_preset=\u201cdefault\u201c width=\u201c100%\u201c max_width=\u201c100%\u201c custom_margin=\u201c|auto|39px|auto|false|false\u201c custom_padding=\u201c0px||0px||true|false\u201c global_colors_info=\u201c{}\u201c][et_pb_column type=\u201c1_4&#8243; _builder_version=\u201c4.27.4&#8243; _module_preset=\u201cdefault\u201c background_enable_image=\u201coff\u201c global_colors_info=\u201c{}\u201c background__hover_enabled=\u201coff|desktop\u201c background_image__hover=\u201chttps:\/\/laimbockart.nl\/wp-content\/uploads\/2025\/08\/Scherm_afbeelding-2025-03-30-om-16.29.46.png\u201c background_enable_image__hover=\u201con\u201c][et_pb_image src=\u201chttps:\/\/laimbockart.nl\/wp-content\/uploads\/2025\/10\/Lia-Laimbock-Touch.webp\u201c alt=\u201cTouch \u201c title_text=\u201cLia Laimbock \u2013 Touch\u201c url=\u201chttps:\/\/laimbockart.nl\/de\/kunstwerken\/touch\/\u201c show_bottom_space=\u201coff\u201c _builder_version=\u201c4.27.4&#8243; _module_preset=\u201cdefault\u201c background_color=\u201c#969696&#8243; width=\u201c100%\u201c max_width=\u201c100%\u201c custom_margin=\u201c||20px||false|false\u201c hover_transition_duration=\u201c500ms\u201c hover_transition_speed_curve=\u201cease-in\u201c box_shadow_style=\u201cpreset1&#8243; box_shadow_vertical=\u201c0px\u201c box_shadow_blur=\u201c16px\u201c box_shadow_spread=\u201c-7px\u201c global_colors_info=\u201c{}\u201c background__hover_enabled=\u201coff|desktop\u201c src__hover_enabled=\u201coff|hover\u201c src__hover=\u201chttps:\/\/laimbockart.nl\/wp-content\/uploads\/2025\/08\/Willem_A-horse-called-Desire-detai.webp\u201c filter_contrast__hover_enabled=\u201con|hover\u201c filter_contrast__hover=\u201c100%\u201c][\/et_pb_image][et_pb_text _builder_version=\u201c4.27.4&#8243; _module_preset=\u201cdefault\u201c text_font=\u201cOpen Sans|||on|||||\u201c text_text_color=\u201c#1A1A40&#8243; text_font_size=\u201c20px\u201c text_letter_spacing=\u201c2px\u201c text_line_height=\u201c1.2em\u201c custom_margin=\u201c||20px||false|false\u201c custom_padding=\u201c||0px||false|false\u201c global_colors_info=\u201c{}\u201c]<\/p>\n<p>Touch<\/p>\n<p>[\/et_pb_text][\/et_pb_column][et_pb_column type=\u201c1_4&#8243; _builder_version=\u201c4.27.4&#8243; _module_preset=\u201cdefault\u201c background_enable_image=\u201coff\u201c global_colors_info=\u201c{}\u201c background__hover_enabled=\u201coff|desktop\u201c background_image__hover=\u201chttps:\/\/laimbockart.nl\/wp-content\/uploads\/2025\/08\/Scherm_afbeelding-2025-03-30-om-16.29.46.png\u201c background_enable_image__hover=\u201con\u201c][et_pb_image src=\u201chttps:\/\/laimbockart.nl\/wp-content\/uploads\/2025\/10\/Lia-Laimbock-Christofer.webp\u201c alt=\u201cLia laimbock Christofer<br \/>\n\u201c title_text=\u201cLia Laimbock -Christofer\u201c url=\u201chttps:\/\/laimbockart.nl\/de\/kunstwerken\/christopher\/\u201c show_bottom_space=\u201coff\u201c _builder_version=\u201c4.27.4&#8243; _module_preset=\u201cdefault\u201c background_color=\u201c#969696&#8243; width=\u201c100%\u201c max_width=\u201c100%\u201c custom_margin=\u201c||20px||false|false\u201c hover_transition_duration=\u201c500ms\u201c hover_transition_speed_curve=\u201cease-in\u201c box_shadow_style=\u201cpreset1&#8243; box_shadow_vertical=\u201c0px\u201c box_shadow_blur=\u201c16px\u201c box_shadow_spread=\u201c-7px\u201c global_colors_info=\u201c{}\u201c background__hover_enabled=\u201coff|desktop\u201c src__hover_enabled=\u201coff|hover\u201c src__hover=\u201chttps:\/\/laimbockart.nl\/wp-content\/uploads\/2025\/08\/Willem_A-horse-called-Desire-detai.webp\u201c filter_contrast__hover_enabled=\u201con|hover\u201c filter_contrast__hover=\u201c100%\u201c][\/et_pb_image][et_pb_text _builder_version=\u201c4.27.4&#8243; _module_preset=\u201cdefault\u201c text_font=\u201cOpen Sans|||on|||||\u201c text_text_color=\u201c#1A1A40&#8243; text_font_size=\u201c20px\u201c text_letter_spacing=\u201c2px\u201c text_line_height=\u201c1.2em\u201c custom_margin=\u201c||20px||false|false\u201c custom_padding=\u201c||0px||false|false\u201c global_colors_info=\u201c{}\u201c]<\/p>\n<p>Christofer<\/p>\n<p>[\/et_pb_text][\/et_pb_column][et_pb_column type=\u201c1_4&#8243; _builder_version=\u201c4.27.4&#8243; _module_preset=\u201cdefault\u201c background_enable_image=\u201coff\u201c global_colors_info=\u201c{}\u201c background__hover_enabled=\u201coff|desktop\u201c background_image__hover=\u201chttps:\/\/laimbockart.nl\/wp-content\/uploads\/2025\/08\/Scherm_afbeelding-2025-03-30-om-16.29.46.png\u201c background_enable_image__hover=\u201con\u201c][et_pb_image src=\u201chttps:\/\/laimbockart.nl\/wp-content\/uploads\/2025\/10\/Lia-bij-Mother-and-Son.webp\u201c alt=\u201cLia bei Mutter und Sohn<br \/>\n\u201c title_text=\u201cLia bei Mutter und Sohn\u201c url=\u201chttps:\/\/laimbockart.nl\/de\/kunstwerken\/mutter-und-sohn\/\u201c show_bottom_space=\u201coff\u201c _builder_version=\u201c4.27.4&#8243; _module_preset=\u201cdefault\u201c background_color=\u201c#969696&#8243; width=\u201c100%\u201c max_width=\u201c100%\u201c custom_margin=\u201c||20px||false|false\u201c hover_transition_duration=\u201c500ms\u201c hover_transition_speed_curve=\u201cease-in\u201c box_shadow_style=\u201cpreset1&#8243; box_shadow_vertical=\u201c0px\u201c box_shadow_blur=\u201c16px\u201c box_shadow_spread=\u201c-7px\u201c global_colors_info=\u201c{}\u201c background__hover_enabled=\u201coff|desktop\u201c src__hover_enabled=\u201coff|hover\u201c src__hover=\u201chttps:\/\/laimbockart.nl\/wp-content\/uploads\/2025\/08\/Willem_A-horse-called-Desire-detai.webp\u201c filter_contrast__hover_enabled=\u201con|hover\u201c filter_contrast__hover=\u201c100%\u201c][\/et_pb_image][et_pb_text _builder_version=\u201c4.27.4&#8243; _module_preset=\u201cdefault\u201c text_font=\u201cOpen Sans|||on|||||\u201c text_text_color=\u201c#1A1A40&#8243; text_font_size=\u201c20px\u201c text_letter_spacing=\u201c2px\u201c text_line_height=\u201c1.2em\u201c custom_margin=\u201c||20px||false|false\u201c custom_padding=\u201c||0px||false|false\u201c global_colors_info=\u201c{}\u201c]Mutter und Sohn[\/et_pb_text][\/et_pb_column][et_pb_column type=\u201c1_4&#8243; _builder_version=\u201c4.27.4&#8243; _module_preset=\u201cdefault\u201c background_enable_image=\u201coff\u201c global_colors_info=\u201c{}\u201c background__hover_enabled=\u201coff|desktop\u201c background_image__hover=\u201chttps:\/\/laimbockart.nl\/wp-content\/uploads\/2025\/08\/Scherm_afbeelding-2025-03-30-om-16.29.46.png\u201c background_enable_image__hover=\u201con\u201c][\/et_pb_column][\/et_pb_row][\/et_pb_section]<\/p>\n","protected":false},"excerpt":{"rendered":"<p>Lia Laimb\u00f6ckMalerLia Laimb\u00f6ck (1965) ist eine vielseitige K\u00fcnstlerin mit einem internationalen \u0152uvre. Ihre Arbeit ist figurativ mit einem gro\u00dfen Auge f\u00fcr Details von einer fast illusorischen Qualit\u00e4t. Sie malt Landschaften als Allegorien des Ursprungs: Geburt, Leben und Tod. Intimit\u00e4t steht hierbei zentral. Sie beginnt oft auf einer gro\u00dfen, wei\u00dfen Leinwand, l\u00e4sst vage Formen langsam scharf [&hellip;]<\/p>\n","protected":false},"author":1,"featured_media":0,"parent":0,"menu_order":0,"comment_status":"closed","ping_status":"closed","template":"","meta":{"_acf_changed":false,"_et_pb_use_builder":"on","_et_pb_old_content":"","_et_gb_content_width":"","footnotes":""},"class_list":["post-1343","page","type-page","status-publish","hentry"],"acf":[],"_links":{"self":[{"href":"https:\/\/laimbockart.nl\/de\/wp-json\/wp\/v2\/pages\/1343","targetHints":{"allow":["GET"]}}],"collection":[{"href":"https:\/\/laimbockart.nl\/de\/wp-json\/wp\/v2\/pages"}],"about":[{"href":"https:\/\/laimbockart.nl\/de\/wp-json\/wp\/v2\/types\/page"}],"author":[{"embeddable":true,"href":"https:\/\/laimbockart.nl\/de\/wp-json\/wp\/v2\/users\/1"}],"replies":[{"embeddable":true,"href":"https:\/\/laimbockart.nl\/de\/wp-json\/wp\/v2\/comments?post=1343"}],"version-history":[{"count":21,"href":"https:\/\/laimbockart.nl\/de\/wp-json\/wp\/v2\/pages\/1343\/revisions"}],"predecessor-version":[{"id":7209,"href":"https:\/\/laimbockart.nl\/de\/wp-json\/wp\/v2\/pages\/1343\/revisions\/7209"}],"wp:attachment":[{"href":"https:\/\/laimbockart.nl\/de\/wp-json\/wp\/v2\/media?parent=1343"}],"curies":[{"name":"wp","href":"https:\/\/api.w.org\/{rel}","templated":true}]}}