{"id":1331,"date":"2025-10-10T12:01:39","date_gmt":"2025-10-10T12:01:39","guid":{"rendered":"https:\/\/laimbockart.nl\/kontakt-zum-kunstwerk\/"},"modified":"2025-11-10T16:43:05","modified_gmt":"2025-11-10T16:43:05","slug":"kontakt-zum-kunstwerk","status":"publish","type":"page","link":"https:\/\/laimbockart.nl\/de\/kontakt-zum-kunstwerk\/","title":{"rendered":"Kontakt zum Kunstwerk"},"content":{"rendered":"<p>[et_pb_section fb_built=\u201c1&#8243; _builder_version=\u201c4.27.4&#8243; _module_preset=\u201cdefault\u201c custom_margin=\u201c|40px||40px|false|true\u201c custom_padding=\u201c80px|0px|80px|0px|false|true\u201c border_width_bottom=\u201c1px\u201c border_color_bottom=\u201crgba(26,26,64,0.12)\u201c global_colors_info=\u201c{}\u201c][et_pb_row _builder_version=\u201c4.27.4&#8243; _module_preset=\u201cdefault\u201c width=\u201c100%\u201c max_width=\u201c100%\u201c custom_padding=\u201c0px||0px||true|false\u201c global_colors_info=\u201c{}\u201c][et_pb_column type=\u201c4_4&#8243; _builder_version=\u201c4.27.4&#8243; _module_preset=\u201cdefault\u201c global_colors_info=\u201c{}\u201c][et_pb_text _builder_version=\u201c4.27.4&#8243; _module_preset=\u201cdefault\u201c header_font=\u201cAlegreya Sans|||on|||||\u201c header_text_align=\u201cleft\u201c header_font_size=\u201c80px\u201c header_line_height=\u201c0.8em\u201c custom_margin=\u201c||0px||false|false\u201c custom_padding=\u201c||0px||false|false\u201c global_colors_info=\u201c{}\u201c]<\/p>\n<h1>Anfragen<\/h1>\n<p>[\/et_pb_text][\/et_pb_column][\/et_pb_row][\/et_pb_section][et_pb_section fb_built=\u201c1&#8243; _builder_version=\u201c4.27.4&#8243; _module_preset=\u201cdefault\u201c global_colors_info=\u201c{}\u201c][et_pb_row column_structure=\u201c1_5,3_5,1_5&#8243; _builder_version=\u201c4.27.4&#8243; _module_preset=\u201cdefault\u201c global_colors_info=\u201c{}\u201c][et_pb_column type=\u201c1_5&#8243; _builder_version=\u201c4.27.4&#8243; _module_preset=\u201cdefault\u201c global_colors_info=\u201c{}\u201c][\/et_pb_column][et_pb_column type=\u201c3_5&#8243; _builder_version=\u201c4.27.4&#8243; _module_preset=\u201cdefault\u201c global_colors_info=\u201c{}\u201c][et_pb_code admin_label=\u201cInformationen zum Kunstwerk\u201c _builder_version=\u201c4.27.4&#8243; _module_preset=\u201cdefault\u201c global_colors_info=\u201c{}\u201c]<!-- Kunstwerk samenvattingsblok \u2014 plaats boven het contactformulier --><!-- [et_pb_line_break_holder] --><\/p>\n<div id=\"artwork-summary\" class=\"artwork-summary\" role=\"region\" aria-labelledby=\"artwork-summary-h\" hidden=\"\"><!-- [et_pb_line_break_holder] -->  <\/p>\n<div class=\"artwork-summary__media\" id=\"artwork-summary-media\"><!-- [et_pb_line_break_holder] -->    <img id=\"artwork-summary-img\" alt=\"\"><!-- [et_pb_line_break_holder] -->  <\/div>\n<p><!-- [et_pb_line_break_holder] -->  <\/p>\n<div class=\"artwork-summary__content\"><!-- [et_pb_line_break_holder] -->    <\/p>\n<div class=\"artwork-summary__eyebrow\" id=\"artwork-summary-eyebrow\">Ausgew\u00e4hltes Kunstwerk<\/div>\n<p><!-- [et_pb_line_break_holder] -->    <\/p>\n<h3 class=\"artwork-summary__title\" id=\"artwork-summary-h\"><\/h3>\n<p><!-- [et_pb_line_break_holder] -->    <pee class=\"artwork-summary__link\"><!-- [et_pb_line_break_holder] -->      <a id=\"artwork-summary-link\" href=\"#\" target=\"_blank\" rel=\"noopener\">Kunstwerk ansehen<\/a><!-- [et_pb_line_break_holder] -->    <\/pee><!-- [et_pb_line_break_holder] -->  <\/div>\n<p><!-- [et_pb_line_break_holder] --><\/div>\n<p><!-- [et_pb_line_break_holder] --><!-- [et_pb_line_break_holder] --><\/p>\n<style><!-- [et_pb_line_break_holder] -->\/* Layout & stijl van het blok *\/<!-- [et_pb_line_break_holder] -->.artwork-summary{<!-- [et_pb_line_break_holder] -->  border:1px solid#0A0A0A;      <!-- [et_pb_line_break_holder] -->  background:#ffffFF;                <!-- [et_pb_line_break_holder] -->  padding:16px;<!-- [et_pb_line_break_holder] -->  display:grid;<!-- [et_pb_line_break_holder] -->  grid-template-columns:120px 1fr;<!-- [et_pb_line_break_holder] -->  gap:16px;<!-- [et_pb_line_break_holder] -->  align-items:center;<!-- [et_pb_line_break_holder] -->}<!-- [et_pb_line_break_holder] -->.artwork-summary__media img{<!-- [et_pb_line_break_holder] -->  display:block;<!-- [et_pb_line_break_holder] -->  width:100%;<!-- [et_pb_line_break_holder] -->  height:auto;<!-- [et_pb_line_break_holder] -->  object-fit:cover;<!-- [et_pb_line_break_holder] -->  border-radius:8px;<!-- [et_pb_line_break_holder] -->}<!-- [et_pb_line_break_holder] -->.artwork-summary__eyebrow{<!-- [et_pb_line_break_holder] -->  font-size:12px;<!-- [et_pb_line_break_holder] -->  letter-spacing:.08em;<!-- [et_pb_line_break_holder] -->  text-transform:uppercase;<!-- [et_pb_line_break_holder] -->  opacity:.8;<!-- [et_pb_line_break_holder] -->  margin:0 0 4px 0;<!-- [et_pb_line_break_holder] -->}<!-- [et_pb_line_break_holder] -->.artwork-summary__title{<!-- [et_pb_line_break_holder] -->  font-size:20px;<!-- [et_pb_line_break_holder] -->  line-height:1.3;<!-- [et_pb_line_break_holder] -->  margin:0 0 6px 0;<!-- [et_pb_line_break_holder] -->}<!-- [et_pb_line_break_holder] -->.artwork-summary__link a{<!-- [et_pb_line_break_holder] -->  text-decoration:underline;<!-- [et_pb_line_break_holder] -->  word-break:break-word;<!-- [et_pb_line_break_holder] -->}<!-- [et_pb_line_break_holder] -->@media (max-width: 768px){<!-- [et_pb_line_break_holder] -->  .artwork-summary{ grid-template-columns:1fr; }<!-- [et_pb_line_break_holder] -->  .artwork-summary__media{ order:2; }<!-- [et_pb_line_break_holder] -->  .artwork-summary__content{ order:1; }<!-- [et_pb_line_break_holder] -->}<!-- [et_pb_line_break_holder] --><\/style>\n<p><!-- [et_pb_line_break_holder] --><!-- [et_pb_line_break_holder] --><script><!-- [et_pb_line_break_holder] -->\/* Vult het blok vanuit de URL-parameters die we al meesturen vanaf de Inquire-knop *\/<!-- [et_pb_line_break_holder] -->(function(){<!-- [et_pb_line_break_holder] -->  function $(s, c=document){ return c.querySelector(s); }<!-- [et_pb_line_break_holder] -->  function text(el, val){ if(el) el.textContent = val || ''; }<!-- [et_pb_line_break_holder] -->  function show(el){ if(el) el.hidden = false; }<!-- [et_pb_line_break_holder] -->  function hide(el){ if(el) el.hidden = true; }<!-- [et_pb_line_break_holder] --><!-- [et_pb_line_break_holder] -->  function run(){<!-- [et_pb_line_break_holder] -->    const params = new URLSearchParams(location.search);<!-- [et_pb_line_break_holder] -->    if(!params.toString()) return;<!-- [et_pb_line_break_holder] --><!-- [et_pb_line_break_holder] -->    \/\/ Haal waarden op (komen uit je bestaande link\/shortcode)<!-- [et_pb_line_break_holder] -->    const title = (params.get('artwork') || '').trim()<!-- [et_pb_line_break_holder] -->               || (params.get('subject') || '').replace(\/^(Inquiry:|Aanvraag:)\\s*\/,'').trim();<!-- [et_pb_line_break_holder] -->    const link  = (params.get('artwork_url') || params.get('url') || '').trim();<!-- [et_pb_line_break_holder] -->    const img   = (params.get('image') || '').trim();<!-- [et_pb_line_break_holder] --><!-- [et_pb_line_break_holder] -->    \/\/ Elementen<!-- [et_pb_line_break_holder] -->    const wrap   = $('#artwork-summary');<!-- [et_pb_line_break_holder] -->    const h      = $('#artwork-summary-h');<!-- [et_pb_line_break_holder] -->    const a      = $('#artwork-summary-link');<!-- [et_pb_line_break_holder] -->    const media  = $('#artwork-summary-media');<!-- [et_pb_line_break_holder] -->    const imgEl  = $('#artwork-summary-img');<!-- [et_pb_line_break_holder] -->    const eyebrow= $('#artwork-summary-eyebrow');<!-- [et_pb_line_break_holder] --><!-- [et_pb_line_break_holder] -->    \/\/ Taal (voor subtitel\/linktekst, WPML-ready)<!-- [et_pb_line_break_holder] -->    const lang = (document.documentElement.lang || '').toLowerCase();<!-- [et_pb_line_break_holder] -->    if (lang.startsWith('en')) {<!-- [et_pb_line_break_holder] -->      text(eyebrow, 'Selected artwork');<!-- [et_pb_line_break_holder] -->      if(a) a.textContent = 'View artwork';<!-- [et_pb_line_break_holder] -->    } else if (lang.startsWith('de')) {<!-- [et_pb_line_break_holder] -->      text(eyebrow, 'Ausgew\u00e4hltes Kunstwerk');<!-- [et_pb_line_break_holder] -->      if(a) a.textContent = 'Kunstwerk ansehen';<!-- [et_pb_line_break_holder] -->    } else if (lang.startsWith('fr')) {<!-- [et_pb_line_break_holder] -->      text(eyebrow, '\u0152uvre s\u00e9lectionn\u00e9e');<!-- [et_pb_line_break_holder] -->      if(a) a.textContent = 'Voir l\u2019\u0153uvre';<!-- [et_pb_line_break_holder] -->    } else {<!-- [et_pb_line_break_holder] -->      \/\/ NL als default<!-- [et_pb_line_break_holder] -->      text(eyebrow, 'Geselecteerd kunstwerk');<!-- [et_pb_line_break_holder] -->      if(a) a.textContent = 'Bekijk kunstwerk';<!-- [et_pb_line_break_holder] -->    }<!-- [et_pb_line_break_holder] --><!-- [et_pb_line_break_holder] -->    \/\/ Vul titel en link<!-- [et_pb_line_break_holder] -->    if (title) text(h, title);<!-- [et_pb_line_break_holder] -->    if (link && a) a.href = link;<!-- [et_pb_line_break_holder] --><!-- [et_pb_line_break_holder] -->    \/\/ Afbeelding tonen (als meegegeven)<!-- [et_pb_line_break_holder] -->    if (img && imgEl) {<!-- [et_pb_line_break_holder] -->      imgEl.src = img;<!-- [et_pb_line_break_holder] -->      imgEl.alt = title ? `Afbeelding van ${title}` : 'Afbeelding van het kunstwerk';<!-- [et_pb_line_break_holder] -->      show(media);<!-- [et_pb_line_break_holder] -->    } else {<!-- [et_pb_line_break_holder] -->      hide(media);<!-- [et_pb_line_break_holder] -->    }<!-- [et_pb_line_break_holder] --><!-- [et_pb_line_break_holder] -->    \/\/ Blok tonen als we \u00edets zinnigs hebben<!-- [et_pb_line_break_holder] -->    if (title || link || img) show(wrap);<!-- [et_pb_line_break_holder] -->  }<!-- [et_pb_line_break_holder] --><!-- [et_pb_line_break_holder] -->  if(document.readyState === 'loading'){<!-- [et_pb_line_break_holder] -->    document.addEventListener('DOMContentLoaded', run, {once:true});<!-- [et_pb_line_break_holder] -->  } else {<!-- [et_pb_line_break_holder] -->    run();<!-- [et_pb_line_break_holder] -->  }<!-- [et_pb_line_break_holder] -->})();<!-- [et_pb_line_break_holder] --><\/script><!-- [et_pb_line_break_holder] -->[\/et_pb_code][et_pb_contact_form captcha=\u201coff\u201c email=\u201crolf@laimbockart.nl\u201c custom_message=\u201c*Kunstwerkdaten*||et_pb_line_break_holder||Abbildung: %%image%%||et_pb_line_break_holder||Betreff: %%subject%%||et_pb_line_break_holder||Kunstwerk: %%artwork%%||et_pb_line_break_holder||Kunstwerk-URL: %%artwork_url%%||et_pb_line_break_holder||||et_pb_line_break_holder||||et_pb_line_break_holder||*Kundendaten*||et_pb_line_break_holder||Name: %%naam%%||et_pb_line_break_holder||E-Mail: %%email%%||et_pb_line_break_holder||Nachricht: %%bericht%%\u201c submit_button_text=\u201cAnfragen\u201c module_id=\u201cc\u201c _builder_version=\u201c4.27.4&#8243; _module_preset=\u201cf4e0c5b5-fa02-413e-93dd-adb0a6ba6b93&#8243; hover_enabled=\u201c0&#8243; global_colors_info=\u201c{}\u201c sticky_enabled=\u201c0&#8243;][et_pb_contact_field field_id=\u201cimage\u201c field_title=\u201cAbbildung\u201c required_mark=\u201coff\u201c fullwidth_field=\u201con\u201c _builder_version=\u201c4.27.4&#8243; _module_preset=\u201cdefault\u201c global_colors_info=\u201c{}\u201c][\/et_pb_contact_field][et_pb_contact_field field_id=\u201csubject\u201c field_title=\u201cBetreff\u201c required_mark=\u201coff\u201c fullwidth_field=\u201con\u201c _builder_version=\u201c4.27.4&#8243; _module_preset=\u201cdefault\u201c global_colors_info=\u201c{}\u201c][\/et_pb_contact_field][et_pb_contact_field field_id=\u201cartwork\u201c field_title=\u201cKunstwerk\u201c required_mark=\u201coff\u201c fullwidth_field=\u201con\u201c _builder_version=\u201c4.27.4&#8243; _module_preset=\u201cdefault\u201c global_colors_info=\u201c{}\u201c][\/et_pb_contact_field][et_pb_contact_field field_id=\u201cartwork_url\u201c field_title=\u201cKunstwerk-URL\u201c required_mark=\u201coff\u201c fullwidth_field=\u201con\u201c _builder_version=\u201c4.27.4&#8243; _module_preset=\u201cdefault\u201c global_colors_info=\u201c{}\u201c][\/et_pb_contact_field][et_pb_contact_field field_id=\u201cnaam\u201c field_title=\u201cName\u201c fullwidth_field=\u201con\u201c _builder_version=\u201c4.27.4&#8243; global_colors_info=\u201c{}\u201c button_text_size__hover_enabled=\u201coff\u201c button_one_text_size__hover_enabled=\u201coff\u201c button_two_text_size__hover_enabled=\u201coff\u201c button_text_color__hover_enabled=\u201coff\u201c button_one_text_color__hover_enabled=\u201coff\u201c button_two_text_color__hover_enabled=\u201coff\u201c button_border_width__hover_enabled=\u201coff\u201c button_one_border_width__hover_enabled=\u201coff\u201c button_two_border_width__hover_enabled=\u201coff\u201c button_border_color__hover_enabled=\u201coff\u201c button_one_border_color__hover_enabled=\u201coff\u201c button_two_border_color__hover_enabled=\u201coff\u201c button_border_radius__hover_enabled=\u201coff\u201c button_one_border_radius__hover_enabled=\u201coff\u201c button_two_border_radius__hover_enabled=\u201coff\u201c button_letter_spacing__hover_enabled=\u201coff\u201c button_one_letter_spacing__hover_enabled=\u201coff\u201c button_two_letter_spacing__hover_enabled=\u201coff\u201c button_bg_color__hover_enabled=\u201coff\u201c button_one_bg_color__hover_enabled=\u201coff\u201c button_two_bg_color__hover_enabled=\u201coff\u201c][\/et_pb_contact_field][et_pb_contact_field field_id=\u201cemail\u201c field_title=\u201cE-Mail\u201c field_type=\u201cemail\u201c fullwidth_field=\u201con\u201c _builder_version=\u201c4.27.4&#8243; global_colors_info=\u201c{}\u201c button_text_size__hover_enabled=\u201coff\u201c button_one_text_size__hover_enabled=\u201coff\u201c button_two_text_size__hover_enabled=\u201coff\u201c button_text_color__hover_enabled=\u201coff\u201c button_one_text_color__hover_enabled=\u201coff\u201c button_two_text_color__hover_enabled=\u201coff\u201c button_border_width__hover_enabled=\u201coff\u201c button_one_border_width__hover_enabled=\u201coff\u201c button_two_border_width__hover_enabled=\u201coff\u201c button_border_color__hover_enabled=\u201coff\u201c button_one_border_color__hover_enabled=\u201coff\u201c button_two_border_color__hover_enabled=\u201coff\u201c button_border_radius__hover_enabled=\u201coff\u201c button_one_border_radius__hover_enabled=\u201coff\u201c button_two_border_radius__hover_enabled=\u201coff\u201c button_letter_spacing__hover_enabled=\u201coff\u201c button_one_letter_spacing__hover_enabled=\u201coff\u201c button_two_letter_spacing__hover_enabled=\u201coff\u201c button_bg_color__hover_enabled=\u201coff\u201c button_one_bg_color__hover_enabled=\u201coff\u201c button_two_bg_color__hover_enabled=\u201coff\u201c][\/et_pb_contact_field][et_pb_contact_field field_id=\u201ctelefoon\u201c field_title=\u201cTelefonnummer\u201c allowed_symbols=\u201cnumbers\u201c required_mark=\u201coff\u201c fullwidth_field=\u201con\u201c _builder_version=\u201c4.27.4&#8243; global_colors_info=\u201c{}\u201c button_text_size__hover_enabled=\u201coff\u201c button_one_text_size__hover_enabled=\u201coff\u201c button_two_text_size__hover_enabled=\u201coff\u201c button_text_color__hover_enabled=\u201coff\u201c button_one_text_color__hover_enabled=\u201coff\u201c button_two_text_color__hover_enabled=\u201coff\u201c button_border_width__hover_enabled=\u201coff\u201c button_one_border_width__hover_enabled=\u201coff\u201c button_two_border_width__hover_enabled=\u201coff\u201c button_border_color__hover_enabled=\u201coff\u201c button_one_border_color__hover_enabled=\u201coff\u201c button_two_border_color__hover_enabled=\u201coff\u201c button_border_radius__hover_enabled=\u201coff\u201c button_one_border_radius__hover_enabled=\u201coff\u201c button_two_border_radius__hover_enabled=\u201coff\u201c button_letter_spacing__hover_enabled=\u201coff\u201c button_one_letter_spacing__hover_enabled=\u201coff\u201c button_two_letter_spacing__hover_enabled=\u201coff\u201c button_bg_color__hover_enabled=\u201coff\u201c button_one_bg_color__hover_enabled=\u201coff\u201c button_two_bg_color__hover_enabled=\u201coff\u201c][\/et_pb_contact_field][et_pb_contact_field field_id=\u201cbericht\u201c field_title=\u201cNachricht\u201c field_type=\u201ctext\u201c fullwidth_field=\u201con\u201c _builder_version=\u201c4.27.4&#8243; global_colors_info=\u201c{}\u201c button_text_size__hover_enabled=\u201coff\u201c button_one_text_size__hover_enabled=\u201coff\u201c button_two_text_size__hover_enabled=\u201coff\u201c button_text_color__hover_enabled=\u201coff\u201c button_one_text_color__hover_enabled=\u201coff\u201c button_two_text_color__hover_enabled=\u201coff\u201c button_border_width__hover_enabled=\u201coff\u201c button_one_border_width__hover_enabled=\u201coff\u201c button_two_border_width__hover_enabled=\u201coff\u201c button_border_color__hover_enabled=\u201coff\u201c button_one_border_color__hover_enabled=\u201coff\u201c button_two_border_color__hover_enabled=\u201coff\u201c button_border_radius__hover_enabled=\u201coff\u201c button_one_border_radius__hover_enabled=\u201coff\u201c button_two_border_radius__hover_enabled=\u201coff\u201c button_letter_spacing__hover_enabled=\u201coff\u201c button_one_letter_spacing__hover_enabled=\u201coff\u201c button_two_letter_spacing__hover_enabled=\u201coff\u201c button_bg_color__hover_enabled=\u201coff\u201c button_one_bg_color__hover_enabled=\u201coff\u201c button_two_bg_color__hover_enabled=\u201coff\u201c][\/et_pb_contact_field][\/et_pb_contact_form][et_pb_code _builder_version=\u201c4.27.4&#8243; _module_preset=\u201cdefault\u201c hover_enabled=\u201c0&#8243; global_colors_info=\u201c{}\u201c sticky_enabled=\u201c0&#8243;]<!-- Prefill + verberg kunstwerk-velden als er URL-params zijn --><!-- [et_pb_line_break_holder] --><script><!-- [et_pb_line_break_holder] -->(function () {<!-- [et_pb_line_break_holder] -->  function run(){<!-- [et_pb_line_break_holder] -->    const p = new URLSearchParams(location.search);<!-- [et_pb_line_break_holder] -->    \/\/ Alleen iets doen als er prefill-params zijn<!-- [et_pb_line_break_holder] -->    const hasPrefill = p.has('artwork') || p.has('subject') || p.has('artwork_url') || p.has('url') || p.has('image');<!-- [et_pb_line_break_holder] -->    if (!hasPrefill) return;<!-- [et_pb_line_break_holder] --><!-- [et_pb_line_break_holder] -->    \/\/ Zet vlag op <html> zodat CSS kan verbergen<!-- [et_pb_line_break_holder] -->    document.documentElement.classList.add('has-artwork-prefill');<!-- [et_pb_line_break_holder] --><!-- [et_pb_line_break_holder] -->    const ROOT = document; \/\/ evt.: document.getElementById('contact-form') als je de sectie een ID geeft<!-- [et_pb_line_break_holder] -->    function setDivi(id, val){<!-- [et_pb_line_break_holder] -->      const wrap = ROOT.querySelector(`.et_pb_contact_field[data-id=\"${CSS.escape(id)}\"]`);<!-- [et_pb_line_break_holder] -->      const el = wrap && wrap.querySelector('input, textarea, select');<!-- [et_pb_line_break_holder] -->      if (!el) return;<!-- [et_pb_line_break_holder] -->      el.value = val || '';<!-- [et_pb_line_break_holder] -->      el.readOnly = true;<!-- [et_pb_line_break_holder] -->      el.setAttribute('aria-readonly','true');<!-- [et_pb_line_break_holder] -->    }<!-- [et_pb_line_break_holder] --><!-- [et_pb_line_break_holder] -->    \/\/ Vul de velden<!-- [et_pb_line_break_holder] -->    setDivi('subject', p.get('subject'));<!-- [et_pb_line_break_holder] -->    setDivi('artwork', p.get('artwork'));<!-- [et_pb_line_break_holder] -->    setDivi('artwork_url', p.get('artwork_url') || p.get('url'));<!-- [et_pb_line_break_holder] -->    if (p.get('image')) setDivi('image', p.get('image'));<!-- [et_pb_line_break_holder] -->  }<!-- [et_pb_line_break_holder] --><!-- [et_pb_line_break_holder] -->  if (document.readyState === 'loading') {<!-- [et_pb_line_break_holder] -->    document.addEventListener('DOMContentLoaded', run, {once:true});<!-- [et_pb_line_break_holder] -->  } else { run(); }<!-- [et_pb_line_break_holder] -->})();<!-- [et_pb_line_break_holder] --><\/script><!-- [et_pb_line_break_holder] --><!-- [et_pb_line_break_holder] --><\/p>\n<style><!-- [et_pb_line_break_holder] -->\/* Verberg de prefilled velden zodra de vlag op <html> staat *\/<!-- [et_pb_line_break_holder] -->html.has-artwork-prefill .et_pb_contact_field[data-id=\"subject\"],<!-- [et_pb_line_break_holder] -->html.has-artwork-prefill .et_pb_contact_field[data-id=\"artwork\"],<!-- [et_pb_line_break_holder] -->html.has-artwork-prefill .et_pb_contact_field[data-id=\"artwork_url\"],<!-- [et_pb_line_break_holder] -->html.has-artwork-prefill .et_pb_contact_field[data-id=\"image\"]{<!-- [et_pb_line_break_holder] -->  display: none !important;<!-- [et_pb_line_break_holder] -->}<!-- [et_pb_line_break_holder] --><\/style>\n<p><!-- [et_pb_line_break_holder] -->[\/et_pb_code][\/et_pb_column][et_pb_column type=\u201c1_5&#8243; _builder_version=\u201c4.27.4&#8243; _module_preset=\u201cdefault\u201c global_colors_info=\u201c{}\u201c][\/et_pb_column][\/et_pb_row][\/et_pb_section]<\/p>\n","protected":false},"excerpt":{"rendered":"<p>Anfragen<\/p>\n","protected":false},"author":1,"featured_media":0,"parent":0,"menu_order":0,"comment_status":"closed","ping_status":"closed","template":"","meta":{"_acf_changed":false,"_et_pb_use_builder":"on","_et_pb_old_content":"","_et_gb_content_width":"","footnotes":""},"class_list":["post-1331","page","type-page","status-publish","hentry"],"acf":[],"_links":{"self":[{"href":"https:\/\/laimbockart.nl\/de\/wp-json\/wp\/v2\/pages\/1331","targetHints":{"allow":["GET"]}}],"collection":[{"href":"https:\/\/laimbockart.nl\/de\/wp-json\/wp\/v2\/pages"}],"about":[{"href":"https:\/\/laimbockart.nl\/de\/wp-json\/wp\/v2\/types\/page"}],"author":[{"embeddable":true,"href":"https:\/\/laimbockart.nl\/de\/wp-json\/wp\/v2\/users\/1"}],"replies":[{"embeddable":true,"href":"https:\/\/laimbockart.nl\/de\/wp-json\/wp\/v2\/comments?post=1331"}],"version-history":[{"count":2,"href":"https:\/\/laimbockart.nl\/de\/wp-json\/wp\/v2\/pages\/1331\/revisions"}],"predecessor-version":[{"id":4609,"href":"https:\/\/laimbockart.nl\/de\/wp-json\/wp\/v2\/pages\/1331\/revisions\/4609"}],"wp:attachment":[{"href":"https:\/\/laimbockart.nl\/de\/wp-json\/wp\/v2\/media?parent=1331"}],"curies":[{"name":"wp","href":"https:\/\/api.w.org\/{rel}","templated":true}]}}