{"id":1270,"date":"2025-10-10T13:32:34","date_gmt":"2025-10-10T13:32:34","guid":{"rendered":"https:\/\/laimbockart.nl\/eugene-brands\/"},"modified":"2025-11-10T15:49:09","modified_gmt":"2025-11-10T15:49:09","slug":"eugene-brands","status":"publish","type":"page","link":"https:\/\/laimbockart.nl\/de\/eugene-brands\/","title":{"rendered":"Eug\u00e8ne Brands"},"content":{"rendered":"<p>[et_pb_section fb_built=\u201c1&#8243; _builder_version=\u201c4.27.4&#8243; _module_preset=\u201cdefault\u201c custom_margin=\u201c|40px||40px|false|true\u201c custom_padding=\u201c80px|0px|80px|0px|true|true\u201c border_width_bottom=\u201c1px\u201c border_color_bottom=\u201crgba(26,26,64,0.12)\u201c global_colors_info=\u201c{}\u201c][et_pb_row column_structure=\u201c2_5,3_5&#8243; use_custom_gutter=\u201con\u201c gutter_width=\u201c2&#8243; make_equal=\u201con\u201c _builder_version=\u201c4.27.4&#8243; _module_preset=\u201cdefault\u201c width=\u201c100%\u201c max_width=\u201c100%\u201c custom_padding=\u201c0px||0px||true|false\u201c global_colors_info=\u201c{}\u201c][et_pb_column type=\u201c2_5&#8243; _builder_version=\u201c4.27.4&#8243; _module_preset=\u201cdefault\u201c background_image=\u201chttps:\/\/laimbockart.nl\/wp-content\/uploads\/2025\/10\/960eugene.webp\u201c global_colors_info=\u201c{}\u201c][et_pb_divider show_divider=\u201coff\u201c _builder_version=\u201c4.27.4&#8243; _module_preset=\u201cdefault\u201c min_height=\u201c300px\u201c global_colors_info=\u201c{}\u201c][\/et_pb_divider][\/et_pb_column][et_pb_column type=\u201c3_5&#8243; _builder_version=\u201c4.27.4&#8243; _module_preset=\u201cdefault\u201c global_colors_info=\u201c{}\u201c][et_pb_text _builder_version=\u201c4.27.4&#8243; _module_preset=\u201cdefault\u201c header_2_font=\u201c|||on|||||\u201c header_2_font_size=\u201c38px\u201c header_2_letter_spacing=\u201c2px\u201c header_2_line_height=\u201c1.2em\u201c custom_margin=\u201c||-8px||false|false\u201c custom_padding=\u201c||0px||false|false\u201c global_colors_info=\u201c{}\u201c text_text_color__hover_enabled=\u201con|hover\u201c text_text_color__hover=\u201c#969696&#8243; header_2_text_color__hover_enabled=\u201con|hover\u201c header_2_text_color__hover=\u201c#969696&#8243;]<\/p>\n<h2>Eug\u00e8ne Brands<\/h2>\n<p>[\/et_pb_text][et_pb_text _builder_version=\u201c4.27.4&#8243; _module_preset=\u201cdefault\u201c text_font=\u201cOpen Sans|||on|||||\u201c text_text_color=\u201c#1A1A40&#8243; text_font_size=\u201c20px\u201c text_letter_spacing=\u201c2px\u201c text_line_height=\u201c1.2em\u201c custom_margin=\u201c||20px||false|false\u201c custom_padding=\u201c||0px||false|false\u201c global_colors_info=\u201c{}\u201c]<\/p>\n<p>Maler<\/p>\n<p>[\/et_pb_text][et_pb_text _builder_version=\u201c4.27.4&#8243; _module_preset=\u201cdefault\u201c text_font_size=\u201c18px\u201c text_line_height=\u201c1.5em\u201c global_colors_info=\u201c{}\u201c]<\/p>\n<p>Eug\u00e8ne Brands war ein niederl\u00e4ndischer Maler, der sein k\u00fcnstlerisches Schaffen der Veranschaulichung von Freiheit, Bewegung und Kosmos widmete. Nach seiner Ausbildung an der Kunstnijverheidsschool in Amsterdam (heute: Rietveld Academie) begann er als Grafiker und Werbezeichner. Sein Herz schlug jedoch f\u00fcr die Malerei, wo er ohne Auftraggeber seiner Intuition folgen konnte.  <\/p>\n<p>Im Jahr 1948 schloss er sich der experimentellen und avantgardistischen Cobra-Bewegung an, die die Kunst von Regeln und Konventionen befreien wollte. Brands\u2019 farbenfrohe und verspielte Werke, die u. a. von Kinderzeichnungen inspiriert waren, passten perfekt dazu. Er bewunderte die Energie von Cobra, \u00e4rgerte sich aber \u00fcber das Gruppenverhalten und die Dogmatik von Manifesten und Versammlungen. F\u00fcr Brands war das Malen eine intime Suche, kein kollektiver Kampf, und er verlie\u00df die Gruppe nach kurzer Zeit. Er w\u00e4hlte einen einsamen Weg. Sein Leitmotiv wurde \u2018Panta Rhei\u2019 \u2013 alles flie\u00dft, eine Idee aus der griechischen Philosophie von Heraklit: Nichts ist von Dauer, alles ver\u00e4ndert sich st\u00e4ndig. F\u00fcr Brands war dies kein abstrakter Gedanke, sondern eine Lebenseinstellung und ein k\u00fcnstlerisches Prinzip. In unz\u00e4hligen Gem\u00e4lden und Gouachen mit diesem Titel lie\u00df er Farbe und Form zu vibrierenden Feldern verschmelzen, als wollte er die ewige Bewegung des Universums sichtbar machen. Musik, Mythen, Kosmos und kindliche Vorstellungskraft vereinten sich in seinen Kunstwerken, die sowohl spielerisch als auch geheimnisvoll wirken.        <\/p>\n<p>Mit seiner lyrischen und kosmischen Bildsprache gilt Brands als ein Dichter unter den Malern. Er suchte keinen festen Stil oder harte Konturen, sondern lie\u00df sein Werk atmen und flie\u00dfen. Damit verlieh er der Nachkriegskunst in den Niederlanden eine ganz eigene Stimme: eine Stimme, die sanft, poetisch und doch radikal erneuernd war. Viele Gem\u00e4lde, Zeichnungen und Gouachen von Brands sind in der Sammlung des Stedelijk Museum Amsterdam enthalten.   <\/p>\n<p>[\/et_pb_text][\/et_pb_column][\/et_pb_row][\/et_pb_section][et_pb_section fb_built=\u201c1&#8243; _builder_version=\u201c4.27.4&#8243; _module_preset=\u201cdefault\u201c custom_margin=\u201c0px||0px||true|false\u201c custom_padding=\u201c40px|40px|40px|40px|true|true\u201c global_colors_info=\u201c{}\u201c][et_pb_row use_custom_gutter=\u201con\u201c gutter_width=\u201c2&#8243; make_equal=\u201con\u201c _builder_version=\u201c4.27.4&#8243; _module_preset=\u201cdefault\u201c width=\u201c100%\u201c max_width=\u201c100%\u201c custom_margin=\u201c||40px||false|false\u201c custom_padding=\u201c0px||0px||true|false\u201c global_colors_info=\u201c{}\u201c][et_pb_column type=\u201c4_4&#8243; _builder_version=\u201c4.27.4&#8243; _module_preset=\u201cdefault\u201c global_colors_info=\u201c{}\u201c][et_pb_text _builder_version=\u201c4.27.4&#8243; _module_preset=\u201cdefault\u201c header_2_font=\u201c|||on|||||\u201c header_2_font_size=\u201c38px\u201c header_2_line_height=\u201c1.2em\u201c custom_margin=\u201c||-8px||false|false\u201c custom_padding=\u201c||0px||false|false\u201c global_colors_info=\u201c{}\u201c text_text_color__hover_enabled=\u201con|hover\u201c text_text_color__hover=\u201c#969696&#8243; header_2_text_color__hover_enabled=\u201coff|hover\u201c header_2_text_color__hover=\u201c#969696&#8243;]<\/p>\n<h2>Kunstwerke<\/h2>\n<p>[\/et_pb_text][\/et_pb_column][\/et_pb_row][et_pb_row column_structure=\u201c1_4,1_4,1_4,1_4&#8243; use_custom_gutter=\u201con\u201c gutter_width=\u201c2&#8243; make_equal=\u201con\u201c _builder_version=\u201c4.27.4&#8243; _module_preset=\u201cdefault\u201c width=\u201c100%\u201c max_width=\u201c100%\u201c custom_margin=\u201c|auto|39px|auto|false|false\u201c custom_padding=\u201c0px||0px||true|false\u201c global_colors_info=\u201c{}\u201c][et_pb_column type=\u201c1_4&#8243; _builder_version=\u201c4.27.4&#8243; _module_preset=\u201cdefault\u201c background_enable_image=\u201coff\u201c global_colors_info=\u201c{}\u201c background__hover_enabled=\u201coff|desktop\u201c background_image__hover=\u201chttps:\/\/laimbockart.nl\/wp-content\/uploads\/2025\/08\/Scherm_afbeelding-2025-03-30-om-16.29.46.png\u201c background_enable_image__hover=\u201con\u201c][et_pb_image src=\u201chttps:\/\/laimbockart.nl\/wp-content\/uploads\/2025\/10\/Eugene-Brands-Panta-Rei.webp\u201c alt=\u201cEugene Brands Panta Rei<br \/>\n\u201c title_text=\u201cEugene Brands \u2013 Panta Rei\u201c url=\u201chttps:\/\/laimbockart.nl\/de\/kunstwerken\/panta-rhei\/\u201c show_bottom_space=\u201coff\u201c _builder_version=\u201c4.27.4&#8243; _module_preset=\u201cdefault\u201c background_color=\u201c#969696&#8243; width=\u201c100%\u201c max_width=\u201c100%\u201c custom_margin=\u201c||20px||false|false\u201c hover_transition_duration=\u201c500ms\u201c hover_transition_speed_curve=\u201cease-in\u201c box_shadow_style=\u201cpreset1&#8243; box_shadow_vertical=\u201c0px\u201c box_shadow_blur=\u201c16px\u201c box_shadow_spread=\u201c-7px\u201c global_colors_info=\u201c{}\u201c background__hover_enabled=\u201coff|desktop\u201c src__hover_enabled=\u201coff|hover\u201c src__hover=\u201chttps:\/\/laimbockart.nl\/wp-content\/uploads\/2025\/08\/Willem_A-horse-called-Desire-detai.webp\u201c filter_contrast__hover_enabled=\u201con|hover\u201c filter_contrast__hover=\u201c100%\u201c box_shadow_color__hover_enabled=\u201con|hover\u201c box_shadow_color__hover=\u201c#000000&#8243; box_shadow_blur__hover_enabled=\u201con|hover\u201c box_shadow_blur__hover=\u201c20px\u201c][\/et_pb_image][et_pb_text _builder_version=\u201c4.27.4&#8243; _module_preset=\u201cdefault\u201c text_font=\u201cOpen Sans|||on|||||\u201c text_text_color=\u201c#1A1A40&#8243; text_font_size=\u201c20px\u201c text_letter_spacing=\u201c2px\u201c text_line_height=\u201c1.2em\u201c custom_margin=\u201c||20px||false|false\u201c custom_padding=\u201c||0px||false|false\u201c global_colors_info=\u201c{}\u201c]Panta Rei[\/et_pb_text][\/et_pb_column][et_pb_column type=\u201c1_4&#8243; _builder_version=\u201c4.27.4&#8243; _module_preset=\u201cdefault\u201c background_enable_image=\u201coff\u201c global_colors_info=\u201c{}\u201c background__hover_enabled=\u201coff|desktop\u201c background_image__hover=\u201chttps:\/\/laimbockart.nl\/wp-content\/uploads\/2025\/08\/Scherm_afbeelding-2025-03-30-om-16.29.46.png\u201c background_enable_image__hover=\u201con\u201c][et_pb_image src=\u201chttps:\/\/laimbockart.nl\/wp-content\/uploads\/2025\/10\/Eugene-Brand-Landschap-II.webp\u201c alt=\u201cEugene Brand Landschaft II\u201c title_text=\u201cEuge\u0300ne Brand \u2013 Landschaft II\u201c url=\u201chttps:\/\/laimbockart.nl\/de\/kunstwerken\/landschaft-ii\/\u201c show_bottom_space=\u201coff\u201c _builder_version=\u201c4.27.4&#8243; _module_preset=\u201cdefault\u201c background_color=\u201c#969696&#8243; width=\u201c100%\u201c max_width=\u201c100%\u201c custom_margin=\u201c||20px||false|false\u201c hover_transition_duration=\u201c500ms\u201c hover_transition_speed_curve=\u201cease-in\u201c hover_enabled=\u201c0&#8243; box_shadow_style=\u201cpreset1&#8243; box_shadow_vertical=\u201c0px\u201c box_shadow_blur=\u201c16px\u201c box_shadow_spread=\u201c-7px\u201c global_colors_info=\u201c{}\u201c src__hover_enabled=\u201coff|hover\u201c src__hover=\u201chttps:\/\/laimbockart.nl\/wp-content\/uploads\/2025\/08\/Willem_A-horse-called-Desire-detai.webp\u201c filter_contrast__hover_enabled=\u201con|hover\u201c filter_contrast__hover=\u201c100%\u201c box_shadow_color__hover_enabled=\u201con|hover\u201c box_shadow_color__hover=\u201c#000000&#8243; box_shadow_blur__hover=\u201c20px\u201c box_shadow_blur__hover_enabled=\u201con|hover\u201c background__hover_enabled=\u201coff|desktop\u201c sticky_enabled=\u201c0&#8243;][\/et_pb_image][et_pb_text _builder_version=\u201c4.27.4&#8243; _module_preset=\u201cdefault\u201c text_font=\u201cOpen Sans|||on|||||\u201c text_text_color=\u201c#1A1A40&#8243; text_font_size=\u201c20px\u201c text_letter_spacing=\u201c2px\u201c text_line_height=\u201c1.2em\u201c custom_margin=\u201c||20px||false|false\u201c custom_padding=\u201c||0px||false|false\u201c global_colors_info=\u201c{}\u201c] Landschaft II[\/et_pb_text][\/et_pb_column][et_pb_column type=\u201c1_4&#8243; _builder_version=\u201c4.27.4&#8243; _module_preset=\u201cdefault\u201c background_enable_image=\u201coff\u201c global_colors_info=\u201c{}\u201c background__hover_enabled=\u201coff|desktop\u201c background_image__hover=\u201chttps:\/\/laimbockart.nl\/wp-content\/uploads\/2025\/08\/Scherm_afbeelding-2025-03-30-om-16.29.46.png\u201c background_enable_image__hover=\u201con\u201c][\/et_pb_column][et_pb_column type=\u201c1_4&#8243; _builder_version=\u201c4.27.4&#8243; _module_preset=\u201cdefault\u201c background_enable_image=\u201coff\u201c global_colors_info=\u201c{}\u201c background__hover_enabled=\u201coff|desktop\u201c background_image__hover=\u201chttps:\/\/laimbockart.nl\/wp-content\/uploads\/2025\/08\/Scherm_afbeelding-2025-03-30-om-16.29.46.png\u201c background_enable_image__hover=\u201con\u201c][\/et_pb_column][\/et_pb_row][\/et_pb_section]<\/p>\n","protected":false},"excerpt":{"rendered":"<p>Eug\u00e8ne BrandsMalerEug\u00e8ne Brands war ein niederl\u00e4ndischer Maler, der sein k\u00fcnstlerisches Schaffen der Veranschaulichung von Freiheit, Bewegung und Kosmos widmete. Nach seiner Ausbildung an der Kunstnijverheidsschool in Amsterdam (heute: Rietveld Academie) begann er als Grafiker und Werbezeichner. Sein Herz schlug jedoch f\u00fcr die Malerei, wo er ohne Auftraggeber seiner Intuition folgen konnte. Im Jahr 1948 schloss [&hellip;]<\/p>\n","protected":false},"author":1,"featured_media":0,"parent":0,"menu_order":0,"comment_status":"closed","ping_status":"closed","template":"","meta":{"_acf_changed":false,"_et_pb_use_builder":"on","_et_pb_old_content":"","_et_gb_content_width":"","footnotes":""},"class_list":["post-1270","page","type-page","status-publish","hentry"],"acf":[],"_links":{"self":[{"href":"https:\/\/laimbockart.nl\/de\/wp-json\/wp\/v2\/pages\/1270","targetHints":{"allow":["GET"]}}],"collection":[{"href":"https:\/\/laimbockart.nl\/de\/wp-json\/wp\/v2\/pages"}],"about":[{"href":"https:\/\/laimbockart.nl\/de\/wp-json\/wp\/v2\/types\/page"}],"author":[{"embeddable":true,"href":"https:\/\/laimbockart.nl\/de\/wp-json\/wp\/v2\/users\/1"}],"replies":[{"embeddable":true,"href":"https:\/\/laimbockart.nl\/de\/wp-json\/wp\/v2\/comments?post=1270"}],"version-history":[{"count":4,"href":"https:\/\/laimbockart.nl\/de\/wp-json\/wp\/v2\/pages\/1270\/revisions"}],"predecessor-version":[{"id":4486,"href":"https:\/\/laimbockart.nl\/de\/wp-json\/wp\/v2\/pages\/1270\/revisions\/4486"}],"wp:attachment":[{"href":"https:\/\/laimbockart.nl\/de\/wp-json\/wp\/v2\/media?parent=1270"}],"curies":[{"name":"wp","href":"https:\/\/api.w.org\/{rel}","templated":true}]}}