{"id":1267,"date":"2025-10-10T12:54:16","date_gmt":"2025-10-10T12:54:16","guid":{"rendered":"https:\/\/laimbockart.nl\/dienstleistungen\/"},"modified":"2026-01-23T09:55:32","modified_gmt":"2026-01-23T09:55:32","slug":"dienstleistungen","status":"publish","type":"page","link":"https:\/\/laimbockart.nl\/de\/dienstleistungen\/","title":{"rendered":"Dienstleistungen"},"content":{"rendered":"<p>[et_pb_section fb_built=\u201c1&#8243; custom_padding_last_edited=\u201con|phone\u201c _builder_version=\u201c4.27.4&#8243; _module_preset=\u201cdefault\u201c custom_margin=\u201c|40px||40px|false|true\u201c custom_padding=\u201c80px|0px|80px|0px|false|true\u201c custom_padding_tablet=\u201c80px|0px|80px|0px|false|true\u201c custom_padding_phone=\u201c80px|0px|0px|0px|false|true\u201c border_width_bottom=\u201c1px\u201c border_color_bottom=\u201crgba(26,26,64,0.12)\u201c global_colors_info=\u201c{}\u201c][et_pb_row column_structure=\u201c1_2,1_2&#8243; _builder_version=\u201c4.27.4&#8243; _module_preset=\u201cdefault\u201c width=\u201c100%\u201c max_width=\u201c100%\u201c custom_padding=\u201c0px||0px||true|false\u201c global_colors_info=\u201c{}\u201c][et_pb_column type=\u201c1_2&#8243; _builder_version=\u201c4.27.4&#8243; _module_preset=\u201cdefault\u201c global_colors_info=\u201c{}\u201c][et_pb_text _builder_version=\u201c4.27.4&#8243; _module_preset=\u201cdefault\u201c header_font=\u201cAlegreya Sans|||on|||||\u201c header_text_align=\u201cleft\u201c header_font_size=\u201c80px\u201c header_line_height=\u201c0.8em\u201c custom_margin=\u201c||0px||false|false\u201c custom_padding=\u201c||0px||false|false\u201c header_font_size_tablet=\u201c80px\u201c header_font_size_phone=\u201c50px\u201c header_font_size_last_edited=\u201con|phone\u201c global_colors_info=\u201c{}\u201c]<\/p>\n<h1>Dienstleistungen<\/h1>\n<p>[\/et_pb_text][\/et_pb_column][et_pb_column type=\u201c1_2&#8243; _builder_version=\u201c4.27.4&#8243; _module_preset=\u201cdefault\u201c global_colors_info=\u201c{}\u201c][\/et_pb_column][\/et_pb_row][\/et_pb_section][et_pb_section fb_built=\u201c1&#8243; _builder_version=\u201c4.27.4&#8243; _module_preset=\u201cdefault\u201c custom_margin=\u201c|40px||40px|false|true\u201c custom_padding=\u201c80px|0px|80px|0px|true|true\u201c border_width_bottom=\u201c1px\u201c border_color_bottom=\u201crgba(26,26,64,0.12)\u201c global_colors_info=\u201c{}\u201c][et_pb_row column_structure=\u201c1_2,1_2&#8243; use_custom_gutter=\u201con\u201c gutter_width=\u201c2&#8243; make_equal=\u201con\u201c _builder_version=\u201c4.27.4&#8243; _module_preset=\u201cdefault\u201c width=\u201c100%\u201c max_width=\u201c100%\u201c custom_padding=\u201c0px||0px||true|false\u201c global_colors_info=\u201c{}\u201c][et_pb_column type=\u201c1_2&#8243; _builder_version=\u201c4.27.4&#8243; _module_preset=\u201cdefault\u201c global_colors_info=\u201c{}\u201c][et_pb_text _builder_version=\u201c4.27.4&#8243; _module_preset=\u201cdefault\u201c text_font_size=\u201c18px\u201c custom_margin=\u201c||10px||false|false\u201c global_colors_info=\u201c{}\u201c]<\/p>\n<p>Laimb\u00f6ck Art verf\u00fcgt \u00fcber ein umfangreiches Netzwerk von Spezialisten in der niederl\u00e4ndischen Kunstwelt.<\/p>\n<p><strong>Gerne helfen wir Ihnen bei:<\/strong><\/p>\n<p>[\/et_pb_text][et_pb_blurb use_icon=\u201con\u201c font_icon=\u201c&#x4b;||divi||400&#8243; icon_color=\u201c#000000&#8243; image_icon_background_color=\u201cRGBA(255,255,255,0)\u201c icon_placement=\u201cleft\u201c image_icon_width=\u201c18px\u201c content_max_width=\u201c100%\u201c _builder_version=\u201c4.27.4&#8243; _module_preset=\u201cdefault\u201c header_font_size=\u201c18px\u201c header_line_height=\u201c1.2em\u201c body_font_size=\u201c18px\u201c body_line_height=\u201c1.8em\u201c image_icon_custom_margin=\u201c4px||||false|false\u201c custom_margin=\u201c||4px||false|false\u201c global_colors_info=\u201c{}\u201c]<\/p>\n<p>An- und Verkauf von Kunst<\/p>\n<p>[\/et_pb_blurb][et_pb_blurb use_icon=\u201con\u201c font_icon=\u201c&#x4b;||divi||400&#8243; icon_color=\u201c#000000&#8243; image_icon_background_color=\u201cRGBA(255,255,255,0)\u201c icon_placement=\u201cleft\u201c image_icon_width=\u201c18px\u201c content_max_width=\u201c100%\u201c _builder_version=\u201c4.27.4&#8243; _module_preset=\u201cdefault\u201c header_font_size=\u201c18px\u201c header_line_height=\u201c1.2em\u201c body_font_size=\u201c18px\u201c body_line_height=\u201c1.8em\u201c image_icon_custom_margin=\u201c4px||||false|false\u201c custom_margin=\u201c||4px||false|false\u201c global_colors_info=\u201c{}\u201c]Aufbau einer Sammlung[\/et_pb_blurb][et_pb_blurb use_icon=\u201con\u201c font_icon=\u201c&#x4b;||divi||400&#8243; icon_color=\u201c#000000&#8243; image_icon_background_color=\u201cRGBA(255,255,255,0)\u201c icon_placement=\u201cleft\u201c image_icon_width=\u201c18px\u201c content_max_width=\u201c100%\u201c _builder_version=\u201c4.27.4&#8243; _module_preset=\u201cdefault\u201c header_font_size=\u201c18px\u201c header_line_height=\u201c1.2em\u201c body_font_size=\u201c18px\u201c body_line_height=\u201c1.8em\u201c image_icon_custom_margin=\u201c4px||||false|false\u201c custom_margin=\u201c||4px||false|false\u201c global_colors_info=\u201c{}\u201c]Auktionsberatung[\/et_pb_blurb][et_pb_blurb use_icon=\u201con\u201c font_icon=\u201c&#x4b;||divi||400&#8243; icon_color=\u201c#000000&#8243; image_icon_background_color=\u201cRGBA(255,255,255,0)\u201c icon_placement=\u201cleft\u201c image_icon_width=\u201c18px\u201c content_max_width=\u201c100%\u201c _builder_version=\u201c4.27.4&#8243; _module_preset=\u201cdefault\u201c header_font_size=\u201c18px\u201c header_line_height=\u201c1.2em\u201c body_font_size=\u201c18px\u201c body_line_height=\u201c1.8em\u201c image_icon_custom_margin=\u201c4px||||false|false\u201c custom_margin=\u201c||4px||false|false\u201c global_colors_info=\u201c{}\u201c]Kontakt zu vereidigten Gutachtern[\/et_pb_blurb][et_pb_blurb use_icon=\u201con\u201c font_icon=\u201c&#x4b;||divi||400&#8243; icon_color=\u201c#000000&#8243; image_icon_background_color=\u201cRGBA(255,255,255,0)\u201c icon_placement=\u201cleft\u201c image_icon_width=\u201c18px\u201c content_max_width=\u201c100%\u201c _builder_version=\u201c4.27.4&#8243; _module_preset=\u201cdefault\u201c header_font_size=\u201c18px\u201c header_line_height=\u201c1.2em\u201c body_font_size=\u201c18px\u201c body_line_height=\u201c1.8em\u201c image_icon_custom_margin=\u201c4px||||false|false\u201c custom_margin=\u201c||4px||false|false\u201c global_colors_info=\u201c{}\u201c]Restaurierung von Kunstwerken[\/et_pb_blurb][et_pb_blurb use_icon=\u201con\u201c font_icon=\u201c&#x4b;||divi||400&#8243; icon_color=\u201c#000000&#8243; image_icon_background_color=\u201cRGBA(255,255,255,0)\u201c icon_placement=\u201cleft\u201c image_icon_width=\u201c18px\u201c content_max_width=\u201c100%\u201c _builder_version=\u201c4.27.4&#8243; _module_preset=\u201cdefault\u201c header_font_size=\u201c18px\u201c header_line_height=\u201c1.2em\u201c body_font_size=\u201c18px\u201c body_line_height=\u201c1.8em\u201c image_icon_custom_margin=\u201c4px||||false|false\u201c custom_margin=\u201c||4px||false|false\u201c global_colors_info=\u201c{}\u201c]<\/p>\n<p>Einrahmung von Kunstwerken und Sockelberatung<\/p>\n<p>[\/et_pb_blurb][et_pb_blurb use_icon=\u201con\u201c font_icon=\u201c&#x4b;||divi||400&#8243; icon_color=\u201c#000000&#8243; image_icon_background_color=\u201cRGBA(255,255,255,0)\u201c icon_placement=\u201cleft\u201c image_icon_width=\u201c18px\u201c content_max_width=\u201c100%\u201c _builder_version=\u201c4.27.4&#8243; _module_preset=\u201cdefault\u201c header_font_size=\u201c18px\u201c header_line_height=\u201c1.2em\u201c body_font_size=\u201c18px\u201c body_line_height=\u201c1.8em\u201c image_icon_custom_margin=\u201c4px||||false|false\u201c custom_margin=\u201c||20px||false|false\u201c global_colors_info=\u201c{}\u201c]<\/p>\n<p>Transport &amp; Lagerung von Kunstwerken<\/p>\n<p>[\/et_pb_blurb][et_pb_text _builder_version=\u201c4.27.4&#8243; _module_preset=\u201cdefault\u201c text_font_size=\u201c18px\u201c custom_margin=\u201c||40px||false|false\u201c global_colors_info=\u201c{}\u201c]<\/p>\n<p>Nehmen Sie unverbindlich Kontakt mit uns auf. Wir stehen Ihnen gerne f\u00fcr Fragen\/Beratung zur Verf\u00fcgung. <\/p>\n<p>[\/et_pb_text][et_pb_button button_text=\u201cKontakt\u201c _builder_version=\u201c4.27.5&#8243; _module_preset=\u201cdefault\u201c custom_button=\u201con\u201c button_text_color=\u201c#FFFFFF\u201c button_border_color=\u201c#1A1A40&#8243; custom_padding=\u201c12px|40px|12px|40px|true|true\u201c hover_transition_duration=\u201c350ms\u201c hover_transition_speed_curve=\u201cease-in\u201c hover_enabled=\u201c0&#8243; global_colors_info=\u201c{}\u201c button_bg_color__hover_enabled=\u201con|hover\u201c button_bg_color__hover=\u201crgba(0,0,0,0.72)\u201c button_bg_enable_color__hover=\u201con\u201c button_url=\u201chttps:\/\/laimbockart.nl\/de\/kontakt\/\u201c sticky_enabled=\u201c0&#8243;][\/et_pb_button][\/et_pb_column][et_pb_column type=\u201c1_2&#8243; _builder_version=\u201c4.27.4&#8243; _module_preset=\u201cdefault\u201c background_image=\u201chttps:\/\/laimbockart.nl\/wp-content\/uploads\/2025\/08\/Willem2.kjpg_.jpg\u201c global_colors_info=\u201c{}\u201c][et_pb_divider show_divider=\u201coff\u201c _builder_version=\u201c4.27.4&#8243; _module_preset=\u201cdefault\u201c min_height=\u201c500px\u201c global_colors_info=\u201c{}\u201c][\/et_pb_divider][\/et_pb_column][\/et_pb_row][\/et_pb_section]<\/p>\n","protected":false},"excerpt":{"rendered":"<p>DienstleistungenLaimb\u00f6ck Art verf\u00fcgt \u00fcber ein umfangreiches Netzwerk von Spezialisten in der niederl\u00e4ndischen Kunstwelt. Gerne helfen wir Ihnen bei:An- und Verkauf von KunstAufbau einer SammlungAuktionsberatungKontakt zu vereidigten GutachternRestaurierung von KunstwerkenEinrahmung von Kunstwerken und SockelberatungTransport &amp; Lagerung von KunstwerkenNehmen Sie unverbindlich Kontakt mit uns auf. Wir stehen Ihnen gerne f\u00fcr Fragen\/Beratung zur Verf\u00fcgung.<\/p>\n","protected":false},"author":1,"featured_media":0,"parent":0,"menu_order":0,"comment_status":"closed","ping_status":"closed","template":"","meta":{"_acf_changed":false,"_et_pb_use_builder":"on","_et_pb_old_content":"","_et_gb_content_width":"","footnotes":""},"class_list":["post-1267","page","type-page","status-publish","hentry"],"acf":[],"_links":{"self":[{"href":"https:\/\/laimbockart.nl\/de\/wp-json\/wp\/v2\/pages\/1267","targetHints":{"allow":["GET"]}}],"collection":[{"href":"https:\/\/laimbockart.nl\/de\/wp-json\/wp\/v2\/pages"}],"about":[{"href":"https:\/\/laimbockart.nl\/de\/wp-json\/wp\/v2\/types\/page"}],"author":[{"embeddable":true,"href":"https:\/\/laimbockart.nl\/de\/wp-json\/wp\/v2\/users\/1"}],"replies":[{"embeddable":true,"href":"https:\/\/laimbockart.nl\/de\/wp-json\/wp\/v2\/comments?post=1267"}],"version-history":[{"count":17,"href":"https:\/\/laimbockart.nl\/de\/wp-json\/wp\/v2\/pages\/1267\/revisions"}],"predecessor-version":[{"id":6426,"href":"https:\/\/laimbockart.nl\/de\/wp-json\/wp\/v2\/pages\/1267\/revisions\/6426"}],"wp:attachment":[{"href":"https:\/\/laimbockart.nl\/de\/wp-json\/wp\/v2\/media?parent=1267"}],"curies":[{"name":"wp","href":"https:\/\/api.w.org\/{rel}","templated":true}]}}