{"id":1259,"date":"2025-10-10T20:21:06","date_gmt":"2025-10-10T20:21:06","guid":{"rendered":"https:\/\/laimbockart.nl\/lika-mutal\/"},"modified":"2025-11-12T20:51:08","modified_gmt":"2025-11-12T20:51:08","slug":"lika-mutal","status":"publish","type":"page","link":"https:\/\/laimbockart.nl\/de\/lika-mutal\/","title":{"rendered":"Lika Mutal"},"content":{"rendered":"<p>[et_pb_section fb_built=\u201c1&#8243; _builder_version=\u201c4.27.4&#8243; _module_preset=\u201cdefault\u201c custom_margin=\u201c|40px||40px|false|true\u201c custom_padding=\u201c80px|0px|80px|0px|true|true\u201c border_width_bottom=\u201c1px\u201c border_color_bottom=\u201crgba(26,26,64,0.12)\u201c global_colors_info=\u201c{}\u201c][et_pb_row column_structure=\u201c2_5,3_5&#8243; use_custom_gutter=\u201con\u201c gutter_width=\u201c2&#8243; make_equal=\u201con\u201c _builder_version=\u201c4.27.4&#8243; _module_preset=\u201cdefault\u201c width=\u201c100%\u201c max_width=\u201c100%\u201c custom_padding=\u201c0px||0px||true|false\u201c global_colors_info=\u201c{}\u201c][et_pb_column type=\u201c2_5&#8243; _builder_version=\u201c4.27.4&#8243; _module_preset=\u201cdefault\u201c background_image=\u201chttps:\/\/laimbockart.nl\/wp-content\/uploads\/2025\/11\/MG_02571080.webp\u201c background_position=\u201ctop_center\u201c global_colors_info=\u201c{}\u201c][et_pb_divider show_divider=\u201coff\u201c _builder_version=\u201c4.27.4&#8243; _module_preset=\u201cdefault\u201c min_height=\u201c300px\u201c global_colors_info=\u201c{}\u201c][\/et_pb_divider][\/et_pb_column][et_pb_column type=\u201c3_5&#8243; _builder_version=\u201c4.27.4&#8243; _module_preset=\u201cdefault\u201c global_colors_info=\u201c{}\u201c][et_pb_text _builder_version=\u201c4.27.4&#8243; _module_preset=\u201cdefault\u201c header_2_font=\u201c|||on|||||\u201c header_2_font_size=\u201c38px\u201c header_2_letter_spacing=\u201c2px\u201c header_2_line_height=\u201c1.2em\u201c custom_margin=\u201c||-8px||false|false\u201c custom_padding=\u201c||0px||false|false\u201c global_colors_info=\u201c{}\u201c text_text_color__hover_enabled=\u201con|hover\u201c text_text_color__hover=\u201c#969696&#8243; header_2_text_color__hover_enabled=\u201con|hover\u201c header_2_text_color__hover=\u201c#969696&#8243;]<\/p>\n<h2>Lika Mutal<\/h2>\n<p>[\/et_pb_text][et_pb_text _builder_version=\u201c4.27.4&#8243; _module_preset=\u201cdefault\u201c text_font=\u201cOpen Sans|||on|||||\u201c text_text_color=\u201c#1A1A40&#8243; text_font_size=\u201c20px\u201c text_letter_spacing=\u201c2px\u201c text_line_height=\u201c1.2em\u201c custom_margin=\u201c||20px||false|false\u201c custom_padding=\u201c||0px||false|false\u201c global_colors_info=\u201c{}\u201c]<\/p>\n<p>Bildhauerin<\/p>\n<p>[\/et_pb_text][et_pb_text _builder_version=\u201c4.27.4&#8243; _module_preset=\u201cdefault\u201c text_font_size=\u201c18px\u201c text_line_height=\u201c1.5em\u201c global_colors_info=\u201c{}\u201c]<\/p>\n<p> Lika Mutal \u2013 Vermeulen wurde 1936 in Geldrop als drittes von zw\u00f6lf Kindern des Kunstmalers Piet Vermeulen und der Pianistin Lia Schlaghecke geboren. Lika wuchs in Bilthoven auf und besuchte das Bonifatius-Kolleg in Utrecht. Von klein auf versp\u00fcrte sie einen starken k\u00fcnstlerischen Drang. Die gro\u00dfe Familie und die damit einhergehende geringe Kontrolle gaben ihr die Freiheit, dies zu erkunden. Sie wollte zur Schauspielschule, schloss sich aber Ende der 50er Jahre dem ABC-Kabarett von Wim Kan &amp; Corry Vonk an. Am Bahnhof in Haarlem traf sie Sylvio Mutal, einen UNESCO-Diplomaten, der sich sofort in sie verliebte. Sie heirateten 1962 und zogen zwei Jahre sp\u00e4ter mit ihren beiden T\u00f6chtern nach Kolumbien, wo sie ein Puppentheater gr\u00fcndete und die Kunstakademie besuchte. Waren die Puppen zun\u00e4chst figurativ, wurden sie sp\u00e4ter abstrakter. Sie erkannte, dass es keine Puppen, sondern Skulpturen waren. Als Silvio Mutal nach Lima, Peru, versetzt wurde, ging sie an die Kunstakademie. F\u00fcr Lika war das Land ein Schock mit starken Kontrasten. Ein armes Land mit einer alten Kultur, das sich schnell ver\u00e4nderte. Eine unber\u00fchrte Natur mit undurchdringlichen Regenw\u00e4ldern und hohen Bergen auf der einen Seite. Auf der anderen Seite eine raue W\u00fcste, an die der Pazifische Ozean brandet. Es lud zu Forschung und Wachstum ein. Als Mensch, aber auch als Suche nach neuem Material. Sie entdeckte alte Steinbearbeitungstechniken, die mit modernen Techniken vermischt wurden. \u201eEin Stein gegen\u00fcber einer Frau, mein K\u00f6rper als Instrument erwachte zum Leben\u201c, sagte sie dazu. Peru hatte die Landschaft, die sich sp\u00e4ter in ihrem Werk widerspiegelte.                  <\/p>\n<p>An der Kunstakademie entwickelte sie sich unter der inspirierten Leitung der italienischen Direktorin Anna Maccagno und des Meistersteinmetzen Don Juan weiter. Er lehrte sie die Liebe zum Stein und das Bildhauern ohne Handschuhe. Nach der Akademie machte sie sich 1972 selbstst\u00e4ndig. Don Juan lehrte sie, den Steinen \u201ezuzuh\u00f6ren\u201c und sie zu versetzen, wenn sie diese in der W\u00fcste fand. Aufgrund der subtilen Farbunterschiede im Travertin sehnte sie sich nach mehr Farbe in ihrem Werk. Inzwischen erhielt sie nach Ausstellungen in Amsterdam und Paris begeisterte Kritiken. Sie hielt Abstand zur Kunstszene. Zu viele Einfl\u00fcsse w\u00fcrden sie l\u00e4hmen. Das war auch der Grund, nicht vollst\u00e4ndig in die pr\u00e4kolumbianische Natur einzutauchen. In Cuzco war sie von der Architektur \u00fcberw\u00e4ltigt und lernte eine lebenslange Lektion. Sie sagte: \u201eCuzco hat mich gelehrt, dass in der pr\u00e4kolumbianischen Kunst nichts aus Opportunismus getan wurde, sondern weil es getan werden musste.\u201c          <\/p>\n<p>Nach der zuvor beschriebenen Quipus-Serie folgten die Serien \u201eThe Ones\u201c und \u201eThe Labyrinths\u201c. Seit 1983 stellt sie in der Nohra Haime Gallery in New York aus und lebte dort abwechselnd f\u00fcr jeweils ein halbes Jahr. Sie sagte: \u201eGenau wie Peru hat New York etwas Raues, Unfertiges, und das l\u00e4dt dazu ein, damit zu arbeiten. An beiden Orten gibt es sehr viel kreative Energie. Ich kann in der Natur Perus versinken, aber ich sp\u00fcre die Peitsche oder den Druck New Yorks.\u201c Konzeptkunst war in New York f\u00fchrend, und dies f\u00fchrte zu einer kleinen Krise, da die Materie, die f\u00fcr sie so wichtig war, im Vordergrund stand. Es verlieh ihrem Werk eine raue Kante, die es zuvor nicht hatte. Die Wahl von Granit als Material sorgte f\u00fcr mehr Farbe, eine glattere Oberfl\u00e4che und Vertikalit\u00e4t in ihrem Werk. Diese Vertikalit\u00e4t findet man in der Architektur New Yorks h\u00e4ufig. Eine m\u00fchsam gefundene Balance zwischen Natur und Kultur, zwei Hauptquellen ihres Werks. In den Jahren 2004-2005 schuf sie in Lima das Werk El ojo que Llora \/ The Eye that Cries, das die Namen von \u00fcber 30.000 Opfern des Terrors in Peru enth\u00e4lt. Daf\u00fcr erhielt sie 2007 den Jose Maria Arguedas-Preis.         Lika Mutal verstarb 2016 im Alter von 80 Jahren. Peter de Waard schrieb eine Nekrologie in der Volkskrant: \u201eIhre Skulpturen zeichnen sich durch raue, gezackte Kanten und glatt polierte Fl\u00e4chen aus. Sie sind Ausdruck der Dualit\u00e4t der peruanischen Landschaft: die sch\u00f6nen Str\u00e4nde versus die dort zu findenden Kadaver.\u201c Besser h\u00e4tte er ihr handwerkliches K\u00f6nnen und ihre Kunstfertigkeit nicht ausdr\u00fccken k\u00f6nnen.<\/p>\n<p>[\/et_pb_text][\/et_pb_column][\/et_pb_row][\/et_pb_section][et_pb_section fb_built=\u201c1&#8243; _builder_version=\u201c4.27.4&#8243; _module_preset=\u201cdefault\u201c custom_margin=\u201c0px||0px||true|false\u201c custom_padding=\u201c40px|40px|40px|40px|true|true\u201c global_colors_info=\u201c{}\u201c][et_pb_row use_custom_gutter=\u201con\u201c gutter_width=\u201c2&#8243; make_equal=\u201con\u201c _builder_version=\u201c4.27.4&#8243; _module_preset=\u201cdefault\u201c width=\u201c100%\u201c max_width=\u201c100%\u201c custom_margin=\u201c||40px||false|false\u201c custom_padding=\u201c0px||0px||true|false\u201c global_colors_info=\u201c{}\u201c][et_pb_column type=\u201c4_4&#8243; _builder_version=\u201c4.27.4&#8243; _module_preset=\u201cdefault\u201c global_colors_info=\u201c{}\u201c][et_pb_text _builder_version=\u201c4.27.4&#8243; _module_preset=\u201cdefault\u201c header_2_font=\u201c|||on|||||\u201c header_2_font_size=\u201c38px\u201c header_2_line_height=\u201c1.2em\u201c custom_margin=\u201c||-8px||false|false\u201c custom_padding=\u201c||0px||false|false\u201c global_colors_info=\u201c{}\u201c text_text_color__hover_enabled=\u201con|hover\u201c text_text_color__hover=\u201c#969696&#8243; header_2_text_color__hover_enabled=\u201coff|hover\u201c header_2_text_color__hover=\u201c#969696&#8243;]<\/p>\n<h2>Kunstwerke<\/h2>\n<p>[\/et_pb_text][\/et_pb_column][\/et_pb_row][et_pb_row column_structure=\u201c1_4,1_4,1_4,1_4&#8243; use_custom_gutter=\u201con\u201c gutter_width=\u201c2&#8243; make_equal=\u201con\u201c _builder_version=\u201c4.27.4&#8243; _module_preset=\u201cdefault\u201c width=\u201c100%\u201c max_width=\u201c100%\u201c custom_margin=\u201c|auto|39px|auto|false|false\u201c custom_padding=\u201c0px||0px||true|false\u201c global_colors_info=\u201c{}\u201c][et_pb_column type=\u201c1_4&#8243; _builder_version=\u201c4.27.4&#8243; _module_preset=\u201cdefault\u201c background_enable_image=\u201coff\u201c global_colors_info=\u201c{}\u201c background__hover_enabled=\u201coff|desktop\u201c background_image__hover=\u201chttps:\/\/laimbockart.nl\/wp-content\/uploads\/2025\/08\/Scherm_afbeelding-2025-03-30-om-16.29.46.png\u201c background_enable_image__hover=\u201con\u201c][et_pb_image src=\u201chttps:\/\/laimbockart.nl\/wp-content\/uploads\/2025\/10\/420_Lika-Mutal-Root-Stone.webp\u201c alt=\u201cLika Mutal \u2013 Root Stone\u201c title_text=\u201c420_Lika Mutal \u2013 Root Stone\u201c url=\u201chttps:\/\/laimbockart.nl\/de\/kunstwerken\/root-stone\/\u201c show_bottom_space=\u201coff\u201c _builder_version=\u201c4.27.4&#8243; _module_preset=\u201cdefault\u201c background_color=\u201c#969696&#8243; width=\u201c100%\u201c max_width=\u201c100%\u201c custom_margin=\u201c||20px||false|false\u201c hover_transition_duration=\u201c500ms\u201c hover_transition_speed_curve=\u201cease-in\u201c box_shadow_style=\u201cpreset1&#8243; box_shadow_vertical=\u201c0px\u201c box_shadow_blur=\u201c16px\u201c box_shadow_spread=\u201c-7px\u201c global_colors_info=\u201c{}\u201c background__hover_enabled=\u201coff|desktop\u201c src__hover_enabled=\u201coff|hover\u201c src__hover=\u201chttps:\/\/laimbockart.nl\/wp-content\/uploads\/2025\/08\/Willem_A-horse-called-Desire-detai.webp\u201c filter_contrast__hover_enabled=\u201con|hover\u201c filter_contrast__hover=\u201c100%\u201c box_shadow_color__hover_enabled=\u201con|hover\u201c box_shadow_color__hover=\u201c#000000&#8243; box_shadow_blur__hover_enabled=\u201con|hover\u201c box_shadow_blur__hover=\u201c20px\u201c][\/et_pb_image][et_pb_text _builder_version=\u201c4.27.4&#8243; _module_preset=\u201cdefault\u201c text_font=\u201cOpen Sans|||on|||||\u201c text_text_color=\u201c#1A1A40&#8243; text_font_size=\u201c20px\u201c text_letter_spacing=\u201c2px\u201c text_line_height=\u201c1.2em\u201c custom_margin=\u201c||20px||false|false\u201c custom_padding=\u201c||0px||false|false\u201c global_colors_info=\u201c{}\u201c]<\/p>\n<p>Root Stone<\/p>\n<p>[\/et_pb_text][\/et_pb_column][et_pb_column type=\u201c1_4&#8243; _builder_version=\u201c4.27.4&#8243; _module_preset=\u201cdefault\u201c background_enable_image=\u201coff\u201c global_colors_info=\u201c{}\u201c background__hover_enabled=\u201coff|desktop\u201c background_image__hover=\u201chttps:\/\/laimbockart.nl\/wp-content\/uploads\/2025\/08\/Scherm_afbeelding-2025-03-30-om-16.29.46.png\u201c background_enable_image__hover=\u201con\u201c][et_pb_image src=\u201chttps:\/\/laimbockart.nl\/wp-content\/uploads\/2025\/10\/420_Lika-Mutal-Secret-de-la-Pierre.webp\u201c alt=\u201cLika Mutal \u2013 Secret de la Pierre\u201c title_text=\u201c420_Lika Mutal \u2013 Secret de la Pierre\u201c url=\u201chttps:\/\/laimbockart.nl\/de\/kunstwerken\/secret-de-la-pierre\/\u201c show_bottom_space=\u201coff\u201c _builder_version=\u201c4.27.4&#8243; _module_preset=\u201cdefault\u201c background_color=\u201c#969696&#8243; width=\u201c100%\u201c max_width=\u201c100%\u201c custom_margin=\u201c||20px||false|false\u201c hover_transition_duration=\u201c500ms\u201c hover_transition_speed_curve=\u201cease-in\u201c box_shadow_style=\u201cpreset1&#8243; box_shadow_vertical=\u201c0px\u201c box_shadow_blur=\u201c16px\u201c box_shadow_spread=\u201c-7px\u201c global_colors_info=\u201c{}\u201c src__hover_enabled=\u201coff|hover\u201c src__hover=\u201chttps:\/\/laimbockart.nl\/wp-content\/uploads\/2025\/08\/Willem_A-horse-called-Desire-detai.webp\u201c filter_contrast__hover_enabled=\u201con|hover\u201c filter_contrast__hover=\u201c100%\u201c box_shadow_color__hover_enabled=\u201con|hover\u201c box_shadow_color__hover=\u201c#000000&#8243; box_shadow_blur__hover=\u201c20px\u201c box_shadow_blur__hover_enabled=\u201con|hover\u201c background__hover_enabled=\u201coff|desktop\u201c][\/et_pb_image][et_pb_text _builder_version=\u201c4.27.4&#8243; _module_preset=\u201cdefault\u201c text_font=\u201cOpen Sans|||on|||||\u201c text_text_color=\u201c#1A1A40&#8243; text_font_size=\u201c20px\u201c text_letter_spacing=\u201c2px\u201c text_line_height=\u201c1.2em\u201c custom_margin=\u201c||20px||false|false\u201c custom_padding=\u201c||0px||false|false\u201c global_colors_info=\u201c{}\u201c]Secret de la Pierre[\/et_pb_text][\/et_pb_column][et_pb_column type=\u201c1_4&#8243; _builder_version=\u201c4.27.4&#8243; _module_preset=\u201cdefault\u201c background_enable_image=\u201coff\u201c global_colors_info=\u201c{}\u201c background__hover_enabled=\u201coff|desktop\u201c background_image__hover=\u201chttps:\/\/laimbockart.nl\/wp-content\/uploads\/2025\/08\/Scherm_afbeelding-2025-03-30-om-16.29.46.png\u201c background_enable_image__hover=\u201con\u201c][et_pb_image src=\u201chttps:\/\/laimbockart.nl\/wp-content\/uploads\/2025\/10\/420_Lika-Mutal-One-Stone.webp\u201c alt=\u201cLika Mutal \u2013 One Stone\u201c title_text=\u201c420_Lika Mutal \u2013 One Stone\u201c url=\u201chttps:\/\/laimbockart.nl\/de\/kunstwerken\/one-stone\/\u201c show_bottom_space=\u201coff\u201c _builder_version=\u201c4.27.4&#8243; _module_preset=\u201cdefault\u201c background_color=\u201c#969696&#8243; width=\u201c100%\u201c max_width=\u201c100%\u201c custom_margin=\u201c||20px||false|false\u201c hover_transition_duration=\u201c500ms\u201c hover_transition_speed_curve=\u201cease-in\u201c box_shadow_style=\u201cpreset1&#8243; box_shadow_vertical=\u201c0px\u201c box_shadow_blur=\u201c16px\u201c box_shadow_spread=\u201c-7px\u201c global_colors_info=\u201c{}\u201c src__hover_enabled=\u201coff|hover\u201c src__hover=\u201chttps:\/\/laimbockart.nl\/wp-content\/uploads\/2025\/08\/Willem_A-horse-called-Desire-detai.webp\u201c filter_contrast__hover_enabled=\u201con|hover\u201c filter_contrast__hover=\u201c100%\u201c box_shadow_color__hover_enabled=\u201con|hover\u201c box_shadow_color__hover=\u201c#000000&#8243; box_shadow_blur__hover=\u201c20px\u201c box_shadow_blur__hover_enabled=\u201con|hover\u201c background__hover_enabled=\u201coff|desktop\u201c][\/et_pb_image][et_pb_text _builder_version=\u201c4.27.4&#8243; _module_preset=\u201cdefault\u201c text_font=\u201cOpen Sans|||on|||||\u201c text_text_color=\u201c#1A1A40&#8243; text_font_size=\u201c20px\u201c text_letter_spacing=\u201c2px\u201c text_line_height=\u201c1.2em\u201c custom_margin=\u201c||20px||false|false\u201c custom_padding=\u201c||0px||false|false\u201c global_colors_info=\u201c{}\u201c]<\/p>\n<p>One Stone<\/p>\n<p>[\/et_pb_text][\/et_pb_column][et_pb_column type=\u201c1_4&#8243; _builder_version=\u201c4.27.4&#8243; _module_preset=\u201cdefault\u201c background_enable_image=\u201coff\u201c global_colors_info=\u201c{}\u201c background__hover_enabled=\u201coff|desktop\u201c background_image__hover=\u201chttps:\/\/laimbockart.nl\/wp-content\/uploads\/2025\/08\/Scherm_afbeelding-2025-03-30-om-16.29.46.png\u201c background_enable_image__hover=\u201con\u201c][et_pb_image src=\u201chttps:\/\/laimbockart.nl\/wp-content\/uploads\/2025\/11\/420_Lika-Mutal-from-the-earth-to-the-world.webp\u201c alt=\u201cLika Mutal \u2013 from-the-earth-to-the-world\u201c title_text=\u201cLika Mutal \u2013 from-the-earth-to-the-world\u201c url=\u201chttps:\/\/laimbockart.nl\/de\/kunstwerken\/von-der-erde-zur-welt\/\u201c show_bottom_space=\u201coff\u201c _builder_version=\u201c4.27.4&#8243; _module_preset=\u201cdefault\u201c background_color=\u201c#969696&#8243; width=\u201c100%\u201c max_width=\u201c100%\u201c custom_margin=\u201c||20px||false|false\u201c hover_transition_duration=\u201c500ms\u201c hover_transition_speed_curve=\u201cease-in\u201c box_shadow_style=\u201cpreset1&#8243; box_shadow_vertical=\u201c0px\u201c box_shadow_blur=\u201c16px\u201c box_shadow_spread=\u201c-7px\u201c global_colors_info=\u201c{}\u201c background__hover_enabled=\u201coff|desktop\u201c src__hover_enabled=\u201coff|hover\u201c src__hover=\u201chttps:\/\/laimbockart.nl\/wp-content\/uploads\/2025\/08\/Willem_A-horse-called-Desire-detai.webp\u201c filter_contrast__hover_enabled=\u201con|hover\u201c filter_contrast__hover=\u201c100%\u201c box_shadow_color__hover_enabled=\u201con|hover\u201c box_shadow_color__hover=\u201c#000000&#8243; box_shadow_blur__hover_enabled=\u201con|hover\u201c box_shadow_blur__hover=\u201c20px\u201c][\/et_pb_image][et_pb_text _builder_version=\u201c4.27.4&#8243; _module_preset=\u201cdefault\u201c text_font=\u201cOpen Sans|||on|||||\u201c text_text_color=\u201c#1A1A40&#8243; text_font_size=\u201c20px\u201c text_letter_spacing=\u201c2px\u201c text_line_height=\u201c1.2em\u201c custom_margin=\u201c||20px||false|false\u201c custom_padding=\u201c||0px||false|false\u201c global_colors_info=\u201c{}\u201c]<\/p>\n<p>Von der Erde zur Welt<\/p>\n<p>[\/et_pb_text][\/et_pb_column][\/et_pb_row][et_pb_row column_structure=\u201c1_4,1_4,1_4,1_4&#8243; use_custom_gutter=\u201con\u201c gutter_width=\u201c2&#8243; make_equal=\u201con\u201c _builder_version=\u201c4.27.4&#8243; _module_preset=\u201cdefault\u201c width=\u201c100%\u201c max_width=\u201c100%\u201c custom_margin=\u201c|auto|39px|auto|false|false\u201c custom_padding=\u201c0px||0px||true|false\u201c global_colors_info=\u201c{}\u201c][et_pb_column type=\u201c1_4&#8243; _builder_version=\u201c4.27.4&#8243; _module_preset=\u201cdefault\u201c background_enable_image=\u201coff\u201c global_colors_info=\u201c{}\u201c background__hover_enabled=\u201coff|desktop\u201c background_image__hover=\u201chttps:\/\/laimbockart.nl\/wp-content\/uploads\/2025\/08\/Scherm_afbeelding-2025-03-30-om-16.29.46.png\u201c background_enable_image__hover=\u201con\u201c][et_pb_image src=\u201chttps:\/\/laimbockart.nl\/wp-content\/uploads\/2025\/11\/420_Lika-Mutal-Keeper-of-the-stone.webp\u201c alt=\u201cLika Mutal \u2013 H\u00fcter des Steins\u201c title_text=\u201cLika Mutal \u2013 H\u00fcter des Steins\u201c url=\u201chttps:\/\/laimbockart.nl\/de\/kunstwerken\/hueter-des-steins\/\u201c show_bottom_space=\u201coff\u201c _builder_version=\u201c4.27.4&#8243; _module_preset=\u201cdefault\u201c background_color=\u201c#969696&#8243; width=\u201c100%\u201c max_width=\u201c100%\u201c custom_margin=\u201c||20px||false|false\u201c hover_transition_duration=\u201c500ms\u201c hover_transition_speed_curve=\u201cease-in\u201c box_shadow_style=\u201cpreset1&#8243; box_shadow_vertical=\u201c0px\u201c box_shadow_blur=\u201c16px\u201c box_shadow_spread=\u201c-7px\u201c global_colors_info=\u201c{}\u201c background__hover_enabled=\u201coff|desktop\u201c src__hover_enabled=\u201coff|hover\u201c src__hover=\u201chttps:\/\/laimbockart.nl\/wp-content\/uploads\/2025\/08\/Willem_A-horse-called-Desire-detai.webp\u201c filter_contrast__hover_enabled=\u201con|hover\u201c filter_contrast__hover=\u201c100%\u201c box_shadow_color__hover_enabled=\u201con|hover\u201c box_shadow_color__hover=\u201c#000000&#8243; box_shadow_blur__hover_enabled=\u201con|hover\u201c box_shadow_blur__hover=\u201c20px\u201c][\/et_pb_image][et_pb_text _builder_version=\u201c4.27.4&#8243; _module_preset=\u201cdefault\u201c text_font=\u201cOpen Sans|||on|||||\u201c text_text_color=\u201c#1A1A40&#8243; text_font_size=\u201c20px\u201c text_letter_spacing=\u201c2px\u201c text_line_height=\u201c1.2em\u201c custom_margin=\u201c||20px||false|false\u201c custom_padding=\u201c||0px||false|false\u201c global_colors_info=\u201c{}\u201c]H\u00fcter des Steins[\/et_pb_text][\/et_pb_column][et_pb_column type=\u201c1_4&#8243; _builder_version=\u201c4.27.4&#8243; _module_preset=\u201cdefault\u201c background_enable_image=\u201coff\u201c global_colors_info=\u201c{}\u201c background__hover_enabled=\u201coff|desktop\u201c background_image__hover=\u201chttps:\/\/laimbockart.nl\/wp-content\/uploads\/2025\/08\/Scherm_afbeelding-2025-03-30-om-16.29.46.png\u201c background_enable_image__hover=\u201con\u201c][\/et_pb_column][et_pb_column type=\u201c1_4&#8243; _builder_version=\u201c4.27.4&#8243; _module_preset=\u201cdefault\u201c background_enable_image=\u201coff\u201c global_colors_info=\u201c{}\u201c background__hover_enabled=\u201coff|desktop\u201c background_image__hover=\u201chttps:\/\/laimbockart.nl\/wp-content\/uploads\/2025\/08\/Scherm_afbeelding-2025-03-30-om-16.29.46.png\u201c background_enable_image__hover=\u201con\u201c][\/et_pb_column][et_pb_column type=\u201c1_4&#8243; _builder_version=\u201c4.27.4&#8243; _module_preset=\u201cdefault\u201c background_enable_image=\u201coff\u201c global_colors_info=\u201c{}\u201c background__hover_enabled=\u201coff|desktop\u201c background_image__hover=\u201chttps:\/\/laimbockart.nl\/wp-content\/uploads\/2025\/08\/Scherm_afbeelding-2025-03-30-om-16.29.46.png\u201c background_enable_image__hover=\u201con\u201c][\/et_pb_column][\/et_pb_row][\/et_pb_section]<\/p>\n","protected":false},"excerpt":{"rendered":"<p>Lika MutalBildhauerin Lika Mutal \u2013 Vermeulen wurde 1936 in Geldrop als drittes von zw\u00f6lf Kindern des Kunstmalers Piet Vermeulen und der Pianistin Lia Schlaghecke geboren. Lika wuchs in Bilthoven auf und besuchte das Bonifatius-Kolleg in Utrecht. Von klein auf versp\u00fcrte sie einen starken k\u00fcnstlerischen Drang. Die gro\u00dfe Familie und die damit einhergehende geringe Kontrolle gaben [&hellip;]<\/p>\n","protected":false},"author":1,"featured_media":0,"parent":0,"menu_order":0,"comment_status":"closed","ping_status":"closed","template":"","meta":{"_acf_changed":false,"_et_pb_use_builder":"on","_et_pb_old_content":"","_et_gb_content_width":"","footnotes":""},"class_list":["post-1259","page","type-page","status-publish","hentry"],"acf":[],"_links":{"self":[{"href":"https:\/\/laimbockart.nl\/de\/wp-json\/wp\/v2\/pages\/1259","targetHints":{"allow":["GET"]}}],"collection":[{"href":"https:\/\/laimbockart.nl\/de\/wp-json\/wp\/v2\/pages"}],"about":[{"href":"https:\/\/laimbockart.nl\/de\/wp-json\/wp\/v2\/types\/page"}],"author":[{"embeddable":true,"href":"https:\/\/laimbockart.nl\/de\/wp-json\/wp\/v2\/users\/1"}],"replies":[{"embeddable":true,"href":"https:\/\/laimbockart.nl\/de\/wp-json\/wp\/v2\/comments?post=1259"}],"version-history":[{"count":51,"href":"https:\/\/laimbockart.nl\/de\/wp-json\/wp\/v2\/pages\/1259\/revisions"}],"predecessor-version":[{"id":4824,"href":"https:\/\/laimbockart.nl\/de\/wp-json\/wp\/v2\/pages\/1259\/revisions\/4824"}],"wp:attachment":[{"href":"https:\/\/laimbockart.nl\/de\/wp-json\/wp\/v2\/media?parent=1259"}],"curies":[{"name":"wp","href":"https:\/\/api.w.org\/{rel}","templated":true}]}}