{"id":1253,"date":"2025-10-13T08:29:49","date_gmt":"2025-10-13T08:29:49","guid":{"rendered":"https:\/\/laimbockart.nl\/klaas-brockmeier\/"},"modified":"2026-04-13T13:13:24","modified_gmt":"2026-04-13T13:13:24","slug":"klaas-brockmeier","status":"publish","type":"page","link":"https:\/\/laimbockart.nl\/de\/klaas-brockmeier\/","title":{"rendered":"Klaas &amp; Brockmeier"},"content":{"rendered":"<p>[et_pb_section fb_built=\u201c1&#8243; _builder_version=\u201c4.27.4&#8243; _module_preset=\u201cdefault\u201c custom_margin=\u201c|40px||40px|false|true\u201c custom_padding=\u201c80px|0px|80px|0px|true|true\u201c border_width_bottom=\u201c1px\u201c border_color_bottom=\u201crgba(26,26,64,0.12)\u201c global_colors_info=\u201c{}\u201c][et_pb_row column_structure=\u201c2_5,3_5&#8243; use_custom_gutter=\u201con\u201c gutter_width=\u201c2&#8243; make_equal=\u201con\u201c _builder_version=\u201c4.27.4&#8243; _module_preset=\u201cdefault\u201c background_position=\u201ctop_center\u201c width=\u201c100%\u201c max_width=\u201c100%\u201c custom_padding=\u201c0px||0px||true|false\u201c global_colors_info=\u201c{}\u201c][et_pb_column type=\u201c2_5&#8243; _builder_version=\u201c4.27.4&#8243; _module_preset=\u201cdefault\u201c background_image=\u201chttps:\/\/laimbockart.nl\/wp-content\/uploads\/2025\/10\/960_Klaas-Brockmeier.webp\u201c background_position=\u201ctop_center\u201c global_colors_info=\u201c{}\u201c][et_pb_divider show_divider=\u201coff\u201c _builder_version=\u201c4.27.4&#8243; _module_preset=\u201cdefault\u201c min_height=\u201c300px\u201c global_colors_info=\u201c{}\u201c][\/et_pb_divider][\/et_pb_column][et_pb_column type=\u201c3_5&#8243; _builder_version=\u201c4.27.4&#8243; _module_preset=\u201cdefault\u201c global_colors_info=\u201c{}\u201c][et_pb_text _builder_version=\u201c4.27.4&#8243; _module_preset=\u201cdefault\u201c header_2_font=\u201c|||on|||||\u201c header_2_font_size=\u201c38px\u201c header_2_letter_spacing=\u201c2px\u201c header_2_line_height=\u201c1.2em\u201c custom_margin=\u201c||-8px||false|false\u201c custom_padding=\u201c||0px||false|false\u201c global_colors_info=\u201c{}\u201c text_text_color__hover_enabled=\u201con|hover\u201c text_text_color__hover=\u201c#969696&#8243; header_2_text_color__hover_enabled=\u201coff|desktop\u201c header_2_text_color__hover=\u201c#969696&#8243;]<\/p>\n<h2>Klaas &amp; Brockmeier<\/h2>\n<p>[\/et_pb_text][et_pb_text _builder_version=\u201c4.27.4&#8243; _module_preset=\u201cdefault\u201c text_font=\u201cOpen Sans|||on|||||\u201c text_text_color=\u201c#1A1A40&#8243; text_font_size=\u201c20px\u201c text_letter_spacing=\u201c2px\u201c text_line_height=\u201c1.2em\u201c custom_margin=\u201c||20px||false|false\u201c custom_padding=\u201c||0px||false|false\u201c global_colors_info=\u201c{}\u201c]zwei Stimmen, eine Bildsprache[\/et_pb_text][et_pb_text _builder_version=\u201c4.27.4&#8243; _module_preset=\u201cdefault\u201c text_font_size=\u201c18px\u201c text_line_height=\u201c1.5em\u201c global_colors_info=\u201c{}\u201c]Das K\u00fcnstlerduo Uschi Klaas &amp; Heinrich Brockmeier schafft sowohl gemeinsam als auch einzeln verschiedene Kunstwerke. Klaas malt kraftvolle Leinw\u00e4nde mit groben und feinen Pigmenten, in die sie Texte von Rainer Maria Rilke einarbeitet, was ihrem Werk eine poetische Tiefe verleiht. Brockmeier schafft Skulpturen, in denen Form und Material zu einer stillen, aber ausdrucksstarken Einheit verschmelzen.  <\/p>\n<p>Ihre Kunstwerke sind eine Symbiose aus Malerei und Bildhauerei. Heinrich Brockmeier pr\u00e4pariert die Leinwand so, dass er in einer sp\u00e4teren Phase die Bronzeskulptur am Gem\u00e4lde befestigen kann. Uschi Klaas beginnt mit selbst hergestellter Farbe und groben Pigmenten. Im Zentrum ihrer Arbeit steht das Thema \u201edas Unsagbare sagbar machen\u201c.    Goethe sagte es bereits: \u201eIst Kunst nicht par excellence ein Medium f\u00fcr das, was nicht in Worten ausgedr\u00fcckt werden kann?\u201c<br \/>\nAls zwei eigenst\u00e4ndige K\u00fcnstler mit einer eigenen Handschrift finden sie sich in einer gemeinsamen Bildsprache wieder, die \u00fcberraschend koh\u00e4rent ist und zugleich vielschichtig und lebendig bleibt.<\/p>\n<p>Ihre Zusammenarbeit ist eine Begegnung: Sie arbeiten zusammen und getrennt, und diese Spannung zwischen Autonomie und Verbindung macht ihr Werk so faszinierend. Ihre gemeinsamen Werke tragen die Spuren einer doppelten Signatur \u2013 nicht nur w\u00f6rtlich, sondern sp\u00fcrbar im Zusammenspiel von Kontrolle und Hingabe, zwischen Ratio und Intuition, zwischen m\u00e4nnlicher und weiblicher Energie. <\/p>\n<p>Laimb\u00f6ck Art pr\u00e4sentiert Klaas &amp; Brockmeier exklusiv auf Kunstmessen, wo ihr Werk durch die kraftvolle Kombination zweier K\u00fcnstler auff\u00e4llt. Ihre Werke befinden sich in verschiedenen Museen und Sammlungen in Deutschland, den Niederlanden, Frankreich, der Schweiz und den USA.[\/et_pb_text][\/et_pb_column][\/et_pb_row][\/et_pb_section][et_pb_section fb_built=\u201c1&#8243; _builder_version=\u201c4.27.4&#8243; _module_preset=\u201cdefault\u201c custom_margin=\u201c0px||0px||true|false\u201c custom_padding=\u201c40px|40px|40px|40px|true|true\u201c global_colors_info=\u201c{}\u201c][et_pb_row use_custom_gutter=\u201con\u201c gutter_width=\u201c2&#8243; make_equal=\u201con\u201c _builder_version=\u201c4.27.4&#8243; _module_preset=\u201cdefault\u201c width=\u201c100%\u201c max_width=\u201c100%\u201c custom_margin=\u201c||40px||false|false\u201c custom_padding=\u201c0px||0px||true|false\u201c global_colors_info=\u201c{}\u201c][et_pb_column type=\u201c4_4&#8243; _builder_version=\u201c4.27.4&#8243; _module_preset=\u201cdefault\u201c global_colors_info=\u201c{}\u201c][et_pb_text _builder_version=\u201c4.27.4&#8243; _module_preset=\u201cdefault\u201c header_2_font=\u201c|||on|||||\u201c header_2_font_size=\u201c38px\u201c header_2_line_height=\u201c1.2em\u201c custom_margin=\u201c||-8px||false|false\u201c custom_padding=\u201c||0px||false|false\u201c global_colors_info=\u201c{}\u201c text_text_color__hover_enabled=\u201con|hover\u201c text_text_color__hover=\u201c#969696&#8243; header_2_text_color__hover_enabled=\u201coff|hover\u201c header_2_text_color__hover=\u201c#969696&#8243;]<\/p>\n<h2>Kunstwerke<\/h2>\n<p>[\/et_pb_text][\/et_pb_column][\/et_pb_row][et_pb_row column_structure=\u201c1_4,1_4,1_4,1_4&#8243; use_custom_gutter=\u201con\u201c gutter_width=\u201c2&#8243; make_equal=\u201con\u201c _builder_version=\u201c4.27.5&#8243; _module_preset=\u201cdefault\u201c width=\u201c100%\u201c max_width=\u201c100%\u201c custom_margin=\u201c|auto|39px|auto|false|false\u201c custom_padding=\u201c0px||0px||true|false\u201c global_colors_info=\u201c{}\u201c][et_pb_column type=\u201c1_4&#8243; _builder_version=\u201c4.27.4&#8243; _module_preset=\u201cdefault\u201c background_enable_image=\u201coff\u201c global_colors_info=\u201c{}\u201c background__hover_enabled=\u201coff|desktop\u201c background_image__hover=\u201chttps:\/\/laimbockart.nl\/wp-content\/uploads\/2025\/08\/Scherm_afbeelding-2025-03-30-om-16.29.46.png\u201c background_enable_image__hover=\u201con\u201c][et_pb_image src=\u201chttps:\/\/laimbockart.nl\/wp-content\/uploads\/2025\/12\/Klaas-Brockmeier-Zonder-titel.jpg\u201c alt=\u201cKlaas &amp; Brockmeier \u2013 Ohne Titel\u201c title_text=\u201cKlaas &amp; Brockmeier \u2013 Ohne Titel\u201c url=\u201chttps:\/\/laimbockart.nl\/de\/kunstwerken\/ohne-titel\/\u201c show_bottom_space=\u201coff\u201c _builder_version=\u201c4.27.5&#8243; _module_preset=\u201cdefault\u201c background_color=\u201c#969696&#8243; width=\u201c100%\u201c max_width=\u201c100%\u201c custom_margin=\u201c||20px||false|false\u201c hover_transition_duration=\u201c500ms\u201c hover_transition_speed_curve=\u201cease-in\u201c box_shadow_style=\u201cpreset1&#8243; box_shadow_vertical=\u201c0px\u201c box_shadow_blur=\u201c16px\u201c box_shadow_spread=\u201c-7px\u201c global_colors_info=\u201c{}\u201c src__hover_enabled=\u201coff|hover\u201c src__hover=\u201chttps:\/\/laimbockart.nl\/wp-content\/uploads\/2025\/08\/Willem_A-horse-called-Desire-detai.webp\u201c filter_contrast__hover_enabled=\u201con|hover\u201c filter_contrast__hover=\u201c100%\u201c box_shadow_color__hover_enabled=\u201con|hover\u201c box_shadow_color__hover=\u201c#000000&#8243; box_shadow_blur__hover=\u201c20px\u201c box_shadow_blur__hover_enabled=\u201con|hover\u201c background__hover_enabled=\u201coff|desktop\u201c][\/et_pb_image][et_pb_text _builder_version=\u201c4.27.5&#8243; _module_preset=\u201cdefault\u201c text_font=\u201cOpen Sans|||on|||||\u201c text_text_color=\u201c#1A1A40&#8243; text_font_size=\u201c20px\u201c text_letter_spacing=\u201c2px\u201c text_line_height=\u201c1.2em\u201c custom_margin=\u201c||20px||false|false\u201c custom_padding=\u201c||0px||false|false\u201c global_colors_info=\u201c{}\u201c]<\/p>\n<p>Ohne Titel<\/p>\n<p>[\/et_pb_text][\/et_pb_column][et_pb_column type=\u201c1_4&#8243; _builder_version=\u201c4.27.4&#8243; _module_preset=\u201cdefault\u201c background_enable_image=\u201coff\u201c global_colors_info=\u201c{}\u201c background__hover_enabled=\u201coff|desktop\u201c background_image__hover=\u201chttps:\/\/laimbockart.nl\/wp-content\/uploads\/2025\/08\/Scherm_afbeelding-2025-03-30-om-16.29.46.png\u201c background_enable_image__hover=\u201con\u201c][et_pb_image src=\u201chttps:\/\/laimbockart.nl\/wp-content\/uploads\/2025\/12\/Klaas-Brockmeier-Sonnenmenschen.jpg\u201c alt=\u201cKlaas &amp; Brockmeier \u2013 Sonnenmenschen\u201c title_text=\u201cKlaas &amp; Brockmeier \u2013 Sonnenmenschen\u201c url=\u201chttps:\/\/laimbockart.nl\/de\/kunstwerken\/sonnenmenschen\/\u201c show_bottom_space=\u201coff\u201c _builder_version=\u201c4.27.5&#8243; _module_preset=\u201cdefault\u201c background_color=\u201c#969696&#8243; width=\u201c100%\u201c max_width=\u201c100%\u201c custom_margin=\u201c||20px||false|false\u201c hover_transition_duration=\u201c500ms\u201c hover_transition_speed_curve=\u201cease-in\u201c box_shadow_style=\u201cpreset1&#8243; box_shadow_vertical=\u201c0px\u201c box_shadow_blur=\u201c16px\u201c box_shadow_spread=\u201c-7px\u201c global_colors_info=\u201c{}\u201c src__hover_enabled=\u201coff|hover\u201c src__hover=\u201chttps:\/\/laimbockart.nl\/wp-content\/uploads\/2025\/08\/Willem_A-horse-called-Desire-detai.webp\u201c filter_contrast__hover_enabled=\u201con|hover\u201c filter_contrast__hover=\u201c100%\u201c box_shadow_color__hover_enabled=\u201con|hover\u201c box_shadow_color__hover=\u201c#000000&#8243; box_shadow_blur__hover=\u201c20px\u201c box_shadow_blur__hover_enabled=\u201con|hover\u201c background__hover_enabled=\u201coff|desktop\u201c][\/et_pb_image][et_pb_text _builder_version=\u201c4.27.5&#8243; _module_preset=\u201cdefault\u201c text_font=\u201cOpen Sans|||on|||||\u201c text_text_color=\u201c#1A1A40&#8243; text_font_size=\u201c20px\u201c text_letter_spacing=\u201c2px\u201c text_line_height=\u201c1.2em\u201c custom_margin=\u201c||20px||false|false\u201c custom_padding=\u201c||0px||false|false\u201c global_colors_info=\u201c{}\u201c]<\/p>\n<p>Sonnenmenschen<\/p>\n<p>[\/et_pb_text][\/et_pb_column][et_pb_column type=\u201c1_4&#8243; _builder_version=\u201c4.27.4&#8243; _module_preset=\u201cdefault\u201c background_enable_image=\u201coff\u201c global_colors_info=\u201c{}\u201c background__hover_enabled=\u201coff|desktop\u201c background_image__hover=\u201chttps:\/\/laimbockart.nl\/wp-content\/uploads\/2025\/08\/Scherm_afbeelding-2025-03-30-om-16.29.46.png\u201c background_enable_image__hover=\u201con\u201c][et_pb_image src=\u201chttps:\/\/laimbockart.nl\/wp-content\/uploads\/2025\/10\/420_Klaas-Brockmeier-Santanyi.webp\u201c alt=\u201cKlaas &amp; Brockmeier \u2013 Santanyi\u201c title_text=\u201cKlaas &amp; Brockmeier \u2013 Santanyi\u201c url=\u201chttps:\/\/laimbockart.nl\/de\/kunstwerken\/santanyi\/\u201c show_bottom_space=\u201coff\u201c _builder_version=\u201c4.27.4&#8243; _module_preset=\u201cdefault\u201c background_color=\u201c#969696&#8243; width=\u201c100%\u201c max_width=\u201c100%\u201c custom_margin=\u201c||20px||false|false\u201c hover_transition_duration=\u201c500ms\u201c hover_transition_speed_curve=\u201cease-in\u201c box_shadow_style=\u201cpreset1&#8243; box_shadow_vertical=\u201c0px\u201c box_shadow_blur=\u201c16px\u201c box_shadow_spread=\u201c-7px\u201c global_colors_info=\u201c{}\u201c src__hover_enabled=\u201coff|hover\u201c src__hover=\u201chttps:\/\/laimbockart.nl\/wp-content\/uploads\/2025\/08\/Willem_A-horse-called-Desire-detai.webp\u201c filter_contrast__hover_enabled=\u201con|hover\u201c filter_contrast__hover=\u201c100%\u201c box_shadow_color__hover_enabled=\u201con|hover\u201c box_shadow_color__hover=\u201c#000000&#8243; box_shadow_blur__hover=\u201c20px\u201c box_shadow_blur__hover_enabled=\u201con|hover\u201c background__hover_enabled=\u201coff|desktop\u201c][\/et_pb_image][et_pb_text _builder_version=\u201c4.27.4&#8243; _module_preset=\u201cdefault\u201c text_font=\u201cOpen Sans|||on|||||\u201c text_text_color=\u201c#1A1A40&#8243; text_font_size=\u201c20px\u201c text_letter_spacing=\u201c2px\u201c text_line_height=\u201c1.2em\u201c custom_margin=\u201c||20px||false|false\u201c custom_padding=\u201c||0px||false|false\u201c global_colors_info=\u201c{}\u201c]<\/p>\n<p>Santanyi<\/p>\n<p>[\/et_pb_text][\/et_pb_column][et_pb_column type=\u201c1_4&#8243; _builder_version=\u201c4.27.4&#8243; _module_preset=\u201cdefault\u201c background_enable_image=\u201coff\u201c global_colors_info=\u201c{}\u201c background__hover_enabled=\u201coff|desktop\u201c background_image__hover=\u201chttps:\/\/laimbockart.nl\/wp-content\/uploads\/2025\/08\/Scherm_afbeelding-2025-03-30-om-16.29.46.png\u201c background_enable_image__hover=\u201con\u201c][et_pb_image src=\u201chttps:\/\/laimbockart.nl\/wp-content\/uploads\/2025\/10\/Klaas-Brockmeier-De-Opstap.jpeg\u201c alt=\u201cBrockmeier \u2013 Frau\u201c title_text=\u201cKlaas Brockmeier \u2013 De Opstap\u201c url=\u201chttps:\/\/laimbockart.nl\/de\/kunstwerken\/form\/\u201c show_bottom_space=\u201coff\u201c _builder_version=\u201c4.27.6&#8243; _module_preset=\u201cdefault\u201c background_color=\u201c#969696&#8243; width=\u201c100%\u201c max_width=\u201c100%\u201c custom_margin=\u201c||20px||false|false\u201c hover_transition_duration=\u201c500ms\u201c hover_transition_speed_curve=\u201cease-in\u201c box_shadow_style=\u201cpreset1&#8243; box_shadow_vertical=\u201c0px\u201c box_shadow_blur=\u201c16px\u201c box_shadow_spread=\u201c-7px\u201c global_colors_info=\u201c{}\u201c background__hover_enabled=\u201coff|desktop\u201c src__hover_enabled=\u201coff|hover\u201c src__hover=\u201chttps:\/\/laimbockart.nl\/wp-content\/uploads\/2025\/08\/Willem_A-horse-called-Desire-detai.webp\u201c filter_contrast__hover_enabled=\u201con|hover\u201c filter_contrast__hover=\u201c100%\u201c box_shadow_color__hover_enabled=\u201con|hover\u201c box_shadow_color__hover=\u201c#000000&#8243; box_shadow_blur__hover_enabled=\u201con|hover\u201c box_shadow_blur__hover=\u201c20px\u201c][\/et_pb_image][et_pb_text _builder_version=\u201c4.27.6&#8243; _module_preset=\u201cdefault\u201c text_font=\u201cOpen Sans|||on|||||\u201c text_text_color=\u201c#1A1A40&#8243; text_font_size=\u201c20px\u201c text_letter_spacing=\u201c2px\u201c text_line_height=\u201c1.2em\u201c custom_margin=\u201c||20px||false|false\u201c custom_padding=\u201c||0px||false|false\u201c global_colors_info=\u201c{}\u201c]<\/p>\n<p>Der Einstieg<\/p>\n<p>[\/et_pb_text][\/et_pb_column][\/et_pb_row][et_pb_row column_structure=\u201c1_4,1_4,1_4,1_4&#8243; use_custom_gutter=\u201con\u201c gutter_width=\u201c2&#8243; make_equal=\u201con\u201c _builder_version=\u201c4.27.6&#8243; _module_preset=\u201cdefault\u201c width=\u201c100%\u201c max_width=\u201c100%\u201c custom_margin=\u201c|auto|39px|auto|false|false\u201c custom_padding=\u201c0px||0px||true|false\u201c global_colors_info=\u201c{}\u201c][et_pb_column type=\u201c1_4&#8243; _builder_version=\u201c4.27.4&#8243; _module_preset=\u201cdefault\u201c background_enable_image=\u201coff\u201c global_colors_info=\u201c{}\u201c background__hover_enabled=\u201coff|desktop\u201c background_image__hover=\u201chttps:\/\/laimbockart.nl\/wp-content\/uploads\/2025\/08\/Scherm_afbeelding-2025-03-30-om-16.29.46.png\u201c background_enable_image__hover=\u201con\u201c][et_pb_image src=\u201chttps:\/\/laimbockart.nl\/wp-content\/uploads\/2025\/10\/DSC01370.jpeg\u201c alt=\u201cKlaas &amp; Brockmeier \u2013 Zusammen\u201c title_text=\u201cDSC01370&#8243; url=\u201chttps:\/\/laimbockart.nl\/de\/kunstwerken\/zusammen\/\u201c show_bottom_space=\u201coff\u201c _builder_version=\u201c4.27.6&#8243; _module_preset=\u201cdefault\u201c background_color=\u201c#969696&#8243; width=\u201c100%\u201c max_width=\u201c100%\u201c custom_margin=\u201c||20px||false|false\u201c hover_transition_duration=\u201c500ms\u201c hover_transition_speed_curve=\u201cease-in\u201c box_shadow_style=\u201cpreset1&#8243; box_shadow_vertical=\u201c0px\u201c box_shadow_blur=\u201c16px\u201c box_shadow_spread=\u201c-7px\u201c global_colors_info=\u201c{}\u201c background__hover_enabled=\u201coff|desktop\u201c src__hover_enabled=\u201coff|hover\u201c src__hover=\u201chttps:\/\/laimbockart.nl\/wp-content\/uploads\/2025\/08\/Willem_A-horse-called-Desire-detai.webp\u201c filter_contrast__hover_enabled=\u201con|hover\u201c filter_contrast__hover=\u201c100%\u201c box_shadow_color__hover_enabled=\u201con|hover\u201c box_shadow_color__hover=\u201c#000000&#8243; box_shadow_blur__hover_enabled=\u201con|hover\u201c box_shadow_blur__hover=\u201c20px\u201c][\/et_pb_image][et_pb_text _builder_version=\u201c4.27.6&#8243; _module_preset=\u201cdefault\u201c text_font=\u201cOpen Sans|||on|||||\u201c text_text_color=\u201c#1A1A40&#8243; text_font_size=\u201c20px\u201c text_letter_spacing=\u201c2px\u201c text_line_height=\u201c1.2em\u201c custom_margin=\u201c||20px||false|false\u201c custom_padding=\u201c||0px||false|false\u201c global_colors_info=\u201c{}\u201c]<\/p>\n<p>Der Philosoph<\/p>\n<p>[\/et_pb_text][\/et_pb_column][et_pb_column type=\u201c1_4&#8243; _builder_version=\u201c4.27.4&#8243; _module_preset=\u201cdefault\u201c background_enable_image=\u201coff\u201c global_colors_info=\u201c{}\u201c background__hover_enabled=\u201coff|desktop\u201c background_image__hover=\u201chttps:\/\/laimbockart.nl\/wp-content\/uploads\/2025\/08\/Scherm_afbeelding-2025-03-30-om-16.29.46.png\u201c background_enable_image__hover=\u201con\u201c][et_pb_image src=\u201chttps:\/\/laimbockart.nl\/wp-content\/uploads\/2026\/04\/Klaas-Brockmeier-Upstairs.jpeg\u201c alt=\u201cKlaas &amp; Brockmeier \u2013 Freiheit\u201c title_text=\u201cKlaas Brockmeier \u2013 Upstairs\u201c url=\u201chttps:\/\/laimbockart.nl\/de\/kunstwerken\/freiheit\/\u201c show_bottom_space=\u201coff\u201c _builder_version=\u201c4.27.6&#8243; _module_preset=\u201cdefault\u201c background_color=\u201c#969696&#8243; width=\u201c100%\u201c max_width=\u201c100%\u201c custom_margin=\u201c||20px||false|false\u201c hover_transition_duration=\u201c500ms\u201c hover_transition_speed_curve=\u201cease-in\u201c hover_enabled=\u201c0&#8243; box_shadow_style=\u201cpreset1&#8243; box_shadow_vertical=\u201c0px\u201c box_shadow_blur=\u201c16px\u201c box_shadow_spread=\u201c-7px\u201c global_colors_info=\u201c{}\u201c src__hover_enabled=\u201coff|hover\u201c src__hover=\u201chttps:\/\/laimbockart.nl\/wp-content\/uploads\/2025\/08\/Willem_A-horse-called-Desire-detai.webp\u201c filter_contrast__hover_enabled=\u201con|hover\u201c filter_contrast__hover=\u201c100%\u201c box_shadow_color__hover_enabled=\u201con|hover\u201c box_shadow_color__hover=\u201c#000000&#8243; box_shadow_blur__hover=\u201c20px\u201c box_shadow_blur__hover_enabled=\u201con|hover\u201c background__hover_enabled=\u201coff|desktop\u201c sticky_enabled=\u201c0&#8243;][\/et_pb_image][et_pb_text _builder_version=\u201c4.27.6&#8243; _module_preset=\u201cdefault\u201c text_font=\u201cOpen Sans|||on|||||\u201c text_text_color=\u201c#1A1A40&#8243; text_font_size=\u201c20px\u201c text_letter_spacing=\u201c2px\u201c text_line_height=\u201c1.2em\u201c custom_margin=\u201c||20px||false|false\u201c custom_padding=\u201c||0px||false|false\u201c hover_enabled=\u201c0&#8243; global_colors_info=\u201c{}\u201c sticky_enabled=\u201c0&#8243;]<\/p>\n<p>Upstairs<\/p>\n<p>[\/et_pb_text][\/et_pb_column][et_pb_column type=\u201c1_4&#8243; _builder_version=\u201c4.27.4&#8243; _module_preset=\u201cdefault\u201c background_enable_image=\u201coff\u201c global_colors_info=\u201c{}\u201c background__hover_enabled=\u201coff|desktop\u201c background_image__hover=\u201chttps:\/\/laimbockart.nl\/wp-content\/uploads\/2025\/08\/Scherm_afbeelding-2025-03-30-om-16.29.46.png\u201c background_enable_image__hover=\u201con\u201c][et_pb_image src=\u201chttps:\/\/laimbockart.nl\/wp-content\/uploads\/2025\/10\/klaas-Brockmeier-Bienvenido.jpeg\u201c alt=\u201cKlaas &amp; Brockmeier \u2013 Himmel \u00fcber Dich\u201c title_text=\u201cklaas Brockmeier \u2013 Bienvenido\u201c url=\u201chttps:\/\/laimbockart.nl\/de\/kunstwerken\/himmel-ueber-dich\/\u201c show_bottom_space=\u201coff\u201c _builder_version=\u201c4.27.6&#8243; _module_preset=\u201cdefault\u201c background_color=\u201c#969696&#8243; width=\u201c100%\u201c max_width=\u201c100%\u201c custom_margin=\u201c||20px||false|false\u201c hover_transition_duration=\u201c500ms\u201c hover_transition_speed_curve=\u201cease-in\u201c box_shadow_style=\u201cpreset1&#8243; box_shadow_vertical=\u201c0px\u201c box_shadow_blur=\u201c16px\u201c box_shadow_spread=\u201c-7px\u201c global_colors_info=\u201c{}\u201c src__hover_enabled=\u201coff|hover\u201c src__hover=\u201chttps:\/\/laimbockart.nl\/wp-content\/uploads\/2025\/08\/Willem_A-horse-called-Desire-detai.webp\u201c filter_contrast__hover_enabled=\u201con|hover\u201c filter_contrast__hover=\u201c100%\u201c box_shadow_color__hover_enabled=\u201con|hover\u201c box_shadow_color__hover=\u201c#000000&#8243; box_shadow_blur__hover=\u201c20px\u201c box_shadow_blur__hover_enabled=\u201con|hover\u201c background__hover_enabled=\u201coff|desktop\u201c][\/et_pb_image][et_pb_text _builder_version=\u201c4.27.6&#8243; _module_preset=\u201cdefault\u201c text_font=\u201cOpen Sans|||on|||||\u201c text_text_color=\u201c#1A1A40&#8243; text_font_size=\u201c20px\u201c text_letter_spacing=\u201c2px\u201c text_line_height=\u201c1.2em\u201c custom_margin=\u201c||20px||false|false\u201c custom_padding=\u201c||0px||false|false\u201c global_colors_info=\u201c{}\u201c]<\/p>\n<p>Bienvenido<\/p>\n<p>[\/et_pb_text][\/et_pb_column][et_pb_column type=\u201c1_4&#8243; _builder_version=\u201c4.27.4&#8243; _module_preset=\u201cdefault\u201c background_enable_image=\u201coff\u201c global_colors_info=\u201c{}\u201c background__hover_enabled=\u201coff|desktop\u201c background_image__hover=\u201chttps:\/\/laimbockart.nl\/wp-content\/uploads\/2025\/08\/Scherm_afbeelding-2025-03-30-om-16.29.46.png\u201c background_enable_image__hover=\u201con\u201c][et_pb_image src=\u201chttps:\/\/laimbockart.nl\/wp-content\/uploads\/2026\/04\/Klaas-Brockmeier-Happy-Hour.jpeg\u201c alt=\u201cKlaas &amp; Brockmeier \u2013 Freiheit\u201c title_text=\u201cKlaas Brockmeier \u2013 Happy Hour\u201c url=\u201chttps:\/\/laimbockart.nl\/de\/kunstwerken\/happy-hour\/\u201c show_bottom_space=\u201coff\u201c _builder_version=\u201c4.27.6&#8243; _module_preset=\u201cdefault\u201c background_color=\u201c#969696&#8243; width=\u201c100%\u201c max_width=\u201c100%\u201c custom_margin=\u201c||20px||false|false\u201c hover_transition_duration=\u201c500ms\u201c hover_transition_speed_curve=\u201cease-in\u201c box_shadow_style=\u201cpreset1&#8243; box_shadow_vertical=\u201c0px\u201c box_shadow_blur=\u201c16px\u201c box_shadow_spread=\u201c-7px\u201c global_colors_info=\u201c{}\u201c src__hover_enabled=\u201coff|hover\u201c src__hover=\u201chttps:\/\/laimbockart.nl\/wp-content\/uploads\/2025\/08\/Willem_A-horse-called-Desire-detai.webp\u201c filter_contrast__hover_enabled=\u201con|hover\u201c filter_contrast__hover=\u201c100%\u201c box_shadow_color__hover_enabled=\u201con|hover\u201c box_shadow_color__hover=\u201c#000000&#8243; box_shadow_blur__hover=\u201c20px\u201c box_shadow_blur__hover_enabled=\u201con|hover\u201c background__hover_enabled=\u201coff|desktop\u201c][\/et_pb_image][et_pb_text _builder_version=\u201c4.27.6&#8243; _module_preset=\u201cdefault\u201c text_font=\u201cOpen Sans|||on|||||\u201c text_text_color=\u201c#1A1A40&#8243; text_font_size=\u201c20px\u201c text_letter_spacing=\u201c2px\u201c text_line_height=\u201c1.2em\u201c custom_margin=\u201c||20px||false|false\u201c custom_padding=\u201c||0px||false|false\u201c global_colors_info=\u201c{}\u201c]Happy Hour[\/et_pb_text][\/et_pb_column][\/et_pb_row][\/et_pb_section]<\/p>\n","protected":false},"excerpt":{"rendered":"<p>Klaas &amp; Brockmeierzwei Stimmen, eine BildspracheDas K\u00fcnstlerduo Uschi Klaas &amp; Heinrich Brockmeier schafft sowohl gemeinsam als auch einzeln verschiedene Kunstwerke. Klaas malt kraftvolle Leinw\u00e4nde mit groben und feinen Pigmenten, in die sie Texte von Rainer Maria Rilke einarbeitet, was ihrem Werk eine poetische Tiefe verleiht. Brockmeier schafft Skulpturen, in denen Form und Material zu einer [&hellip;]<\/p>\n","protected":false},"author":1,"featured_media":0,"parent":0,"menu_order":0,"comment_status":"closed","ping_status":"closed","template":"","meta":{"_acf_changed":false,"_et_pb_use_builder":"on","_et_pb_old_content":"","_et_gb_content_width":"","footnotes":""},"class_list":["post-1253","page","type-page","status-publish","hentry"],"acf":[],"_links":{"self":[{"href":"https:\/\/laimbockart.nl\/de\/wp-json\/wp\/v2\/pages\/1253","targetHints":{"allow":["GET"]}}],"collection":[{"href":"https:\/\/laimbockart.nl\/de\/wp-json\/wp\/v2\/pages"}],"about":[{"href":"https:\/\/laimbockart.nl\/de\/wp-json\/wp\/v2\/types\/page"}],"author":[{"embeddable":true,"href":"https:\/\/laimbockart.nl\/de\/wp-json\/wp\/v2\/users\/1"}],"replies":[{"embeddable":true,"href":"https:\/\/laimbockart.nl\/de\/wp-json\/wp\/v2\/comments?post=1253"}],"version-history":[{"count":42,"href":"https:\/\/laimbockart.nl\/de\/wp-json\/wp\/v2\/pages\/1253\/revisions"}],"predecessor-version":[{"id":7411,"href":"https:\/\/laimbockart.nl\/de\/wp-json\/wp\/v2\/pages\/1253\/revisions\/7411"}],"wp:attachment":[{"href":"https:\/\/laimbockart.nl\/de\/wp-json\/wp\/v2\/media?parent=1253"}],"curies":[{"name":"wp","href":"https:\/\/api.w.org\/{rel}","templated":true}]}}